{"id":872,"date":"2023-11-01T16:10:02","date_gmt":"2023-11-01T19:10:02","guid":{"rendered":"https:\/\/portal.uern.br\/faef\/def\/?page_id=872"},"modified":"2025-03-19T16:15:33","modified_gmt":"2025-03-19T19:15:33","slug":"contato","status":"publish","type":"page","link":"https:\/\/portal.uern.br\/faef\/def\/contato\/","title":{"rendered":"CONTATO"},"content":{"rendered":"<p>E-mail e chat: def@uern.br<\/p>\n<p>Endere\u00e7o:<br \/>\nUERN &#8211; Campus Universit\u00e1rio Central<br \/>\nAv. Prof. Ant\u00f4nio Campos, Pres. Costa e Silva, Mossor\u00f3 &#8211; RN, 59610-210<\/p>\n","protected":false},"excerpt":{"rendered":"<p>E-mail e chat: def@uern.br Endere\u00e7o: UERN &#8211; Campus Universit\u00e1rio Central Av. Prof. Ant\u00f4nio Campos, Pres. Costa e Silva, Mossor\u00f3 &#8211; RN, 59610-210<\/p>\n","protected":false},"author":3,"featured_media":0,"parent":0,"menu_order":0,"comment_status":"closed","ping_status":"closed","template":"","meta":{"footnotes":""},"class_list":["post-872","page","type-page","status-publish","hentry"],"_links":{"self":[{"href":"https:\/\/portal.uern.br\/faef\/def\/wp-json\/wp\/v2\/pages\/872","targetHints":{"allow":["GET"]}}],"collection":[{"href":"https:\/\/portal.uern.br\/faef\/def\/wp-json\/wp\/v2\/pages"}],"about":[{"href":"https:\/\/portal.uern.br\/faef\/def\/wp-json\/wp\/v2\/types\/page"}],"author":[{"embeddable":true,"href":"https:\/\/portal.uern.br\/faef\/def\/wp-json\/wp\/v2\/users\/3"}],"replies":[{"embeddable":true,"href":"https:\/\/portal.uern.br\/faef\/def\/wp-json\/wp\/v2\/comments?post=872"}],"version-history":[{"count":5,"href":"https:\/\/portal.uern.br\/faef\/def\/wp-json\/wp\/v2\/pages\/872\/revisions"}],"predecessor-version":[{"id":1158,"href":"https:\/\/portal.uern.br\/faef\/def\/wp-json\/wp\/v2\/pages\/872\/revisions\/1158"}],"wp:attachment":[{"href":"https:\/\/portal.uern.br\/faef\/def\/wp-json\/wp\/v2\/media?parent=872"}],"curies":[{"name":"wp","href":"https:\/\/api.w.org\/{rel}","templated":true}]}}