{"id":839,"date":"2023-11-01T15:59:13","date_gmt":"2023-11-01T18:59:13","guid":{"rendered":"https:\/\/portal.uern.br\/faef\/def\/?page_id=839"},"modified":"2023-11-30T16:38:46","modified_gmt":"2023-11-30T19:38:46","slug":"pibiti","status":"publish","type":"page","link":"https:\/\/portal.uern.br\/faef\/def\/pibiti\/","title":{"rendered":"PIBITI"},"content":{"rendered":"<p>EDITAIS: <a href=\"https:\/\/portal.uern.br\/propeg\/editais-pesquisa\/\">LINK PARA A P\u00c1GINA DA PROPEG<\/a><\/p>\n<p>&nbsp;<\/p>\n<p><strong>T\u00cdTULO DO PROJETO<\/strong><br \/>\n<strong>Desenvolvimento de Um Sistema de Videomonitoramento de C\u00e2meras Subaqu\u00e1ticas Para An\u00e1lise Biomec\u00e2nica de Praticantes de Nata\u00e7\u00e3o.<\/strong><\/p>\n<p>EDITAL PIBITI N\u00ba 003\/2022-PROPEG\/UERN &#8211; EDI\u00c7\u00c3O 2022\/2023<br \/>\nLINK PARA O EDITAL: <a href=\"https:\/\/portal.uern.br\/blog\/resultados-preliminares-dos-programas-pibic-pibiti-e-pibic-em-sao-divulgados\/\">https:\/\/portal.uern.br\/blog\/resultados-preliminares-dos-programas-pibic-pibiti-e-pibic-em-sao-divulgados\/<\/a><\/p>\n<p>PROCESSO<br \/>\nPIBITI<\/p>\n<p>COORDENADOR(A)<br \/>\nAdalberto Veronese da Costa<\/p>\n<p>TITULA\u00c7\u00c3O<br \/>\nDoutor<\/p>\n<p>ID DO PROJETO<br \/>\n4015<\/p>\n<p>CLASS. PARA DISTRIBUI\u00c7\u00c3O DAS BOLSAS<br \/>\n11<\/p>\n<p>BOLSAS<br \/>\n1 Bolsa PIBITI &#8211; CNPQ<\/p>\n","protected":false},"excerpt":{"rendered":"<p>EDITAIS: LINK PARA A P\u00c1GINA DA PROPEG &nbsp; T\u00cdTULO DO PROJETO Desenvolvimento de Um Sistema de Videomonitoramento de C\u00e2meras Subaqu\u00e1ticas Para An\u00e1lise Biomec\u00e2nica de Praticantes de Nata\u00e7\u00e3o. EDITAL PIBITI N\u00ba 003\/2022-PROPEG\/UERN &#8211; EDI\u00c7\u00c3O 2022\/2023 LINK PARA O EDITAL: https:\/\/portal.uern.br\/blog\/resultados-preliminares-dos-programas-pibic-pibiti-e-pibic-em-sao-divulgados\/ PROCESSO PIBITI COORDENADOR(A) Adalberto Veronese da Costa TITULA\u00c7\u00c3O Doutor ID DO PROJETO 4015 CLASS. PARA DISTRIBUI\u00c7\u00c3O [&hellip;]<\/p>\n","protected":false},"author":3,"featured_media":0,"parent":0,"menu_order":0,"comment_status":"closed","ping_status":"closed","template":"","meta":{"footnotes":""},"class_list":["post-839","page","type-page","status-publish","hentry"],"_links":{"self":[{"href":"https:\/\/portal.uern.br\/faef\/def\/wp-json\/wp\/v2\/pages\/839","targetHints":{"allow":["GET"]}}],"collection":[{"href":"https:\/\/portal.uern.br\/faef\/def\/wp-json\/wp\/v2\/pages"}],"about":[{"href":"https:\/\/portal.uern.br\/faef\/def\/wp-json\/wp\/v2\/types\/page"}],"author":[{"embeddable":true,"href":"https:\/\/portal.uern.br\/faef\/def\/wp-json\/wp\/v2\/users\/3"}],"replies":[{"embeddable":true,"href":"https:\/\/portal.uern.br\/faef\/def\/wp-json\/wp\/v2\/comments?post=839"}],"version-history":[{"count":3,"href":"https:\/\/portal.uern.br\/faef\/def\/wp-json\/wp\/v2\/pages\/839\/revisions"}],"predecessor-version":[{"id":993,"href":"https:\/\/portal.uern.br\/faef\/def\/wp-json\/wp\/v2\/pages\/839\/revisions\/993"}],"wp:attachment":[{"href":"https:\/\/portal.uern.br\/faef\/def\/wp-json\/wp\/v2\/media?parent=839"}],"curies":[{"name":"wp","href":"https:\/\/api.w.org\/{rel}","templated":true}]}}