{"id":830,"date":"2023-11-01T15:55:25","date_gmt":"2023-11-01T18:55:25","guid":{"rendered":"https:\/\/portal.uern.br\/faef\/def\/?page_id=830"},"modified":"2023-12-01T10:42:34","modified_gmt":"2023-12-01T13:42:34","slug":"grupos-de-pesquisa","status":"publish","type":"page","link":"https:\/\/portal.uern.br\/faef\/def\/grupos-de-pesquisa\/","title":{"rendered":"Grupos de pesquisa"},"content":{"rendered":"<p>EDITAIS: <a href=\"https:\/\/portal.uern.br\/propeg\/grupos-de-pesquisa\/\">LINK PARA A P\u00c1GINA DA PROPEG<\/a><\/p>\n<p>&nbsp;<\/p>\n<p><strong>NOME DO GRUPO<\/strong><br \/>\n<strong>Cultura Corporal, Educa\u00e7\u00e3o e Desenvolvimento Humano<\/strong><\/p>\n<p>PRIMEIRO L\u00cdDER DO GRUPO<br \/>\nMaria Irany Knackfuss<\/p>\n<p>CAMPUS UNIVERSIT\u00c1RIO<br \/>\nCampus Central<\/p>\n<p>\u00c1REA DE CONHECIMENTO<br \/>\nCi\u00eancias da Vida \u2013 CV<\/p>\n<p>\u00c1REA DE CONCENTRA\u00c7\u00c3O<br \/>\nEduca\u00e7\u00e3o F\u00edsica<\/p>\n<p>STATUS ANTERIOR<br \/>\nConsolidado(2013)<\/p>\n<p>STATUS DA AVALIA\u00c7\u00c3O 2015\/2016<br \/>\nConsolidado<\/p>\n<p>STATUS DA AVALIA\u00c7\u00c3O 2017\/2018<br \/>\n&#8211;<\/p>\n<p>RESULTADO DA AVALIA\u00c7\u00c3O 2018-2020<br \/>\nEM CONSOLIDA\u00c7\u00c3O<\/p>\n","protected":false},"excerpt":{"rendered":"<p>EDITAIS: LINK PARA A P\u00c1GINA DA PROPEG &nbsp; NOME DO GRUPO Cultura Corporal, Educa\u00e7\u00e3o e Desenvolvimento Humano PRIMEIRO L\u00cdDER DO GRUPO Maria Irany Knackfuss CAMPUS UNIVERSIT\u00c1RIO Campus Central \u00c1REA DE CONHECIMENTO Ci\u00eancias da Vida \u2013 CV \u00c1REA DE CONCENTRA\u00c7\u00c3O Educa\u00e7\u00e3o F\u00edsica STATUS ANTERIOR Consolidado(2013) STATUS DA AVALIA\u00c7\u00c3O 2015\/2016 Consolidado STATUS DA AVALIA\u00c7\u00c3O 2017\/2018 &#8211; RESULTADO [&hellip;]<\/p>\n","protected":false},"author":3,"featured_media":0,"parent":0,"menu_order":0,"comment_status":"closed","ping_status":"closed","template":"","meta":{"footnotes":""},"class_list":["post-830","page","type-page","status-publish","hentry"],"_links":{"self":[{"href":"https:\/\/portal.uern.br\/faef\/def\/wp-json\/wp\/v2\/pages\/830","targetHints":{"allow":["GET"]}}],"collection":[{"href":"https:\/\/portal.uern.br\/faef\/def\/wp-json\/wp\/v2\/pages"}],"about":[{"href":"https:\/\/portal.uern.br\/faef\/def\/wp-json\/wp\/v2\/types\/page"}],"author":[{"embeddable":true,"href":"https:\/\/portal.uern.br\/faef\/def\/wp-json\/wp\/v2\/users\/3"}],"replies":[{"embeddable":true,"href":"https:\/\/portal.uern.br\/faef\/def\/wp-json\/wp\/v2\/comments?post=830"}],"version-history":[{"count":5,"href":"https:\/\/portal.uern.br\/faef\/def\/wp-json\/wp\/v2\/pages\/830\/revisions"}],"predecessor-version":[{"id":1001,"href":"https:\/\/portal.uern.br\/faef\/def\/wp-json\/wp\/v2\/pages\/830\/revisions\/1001"}],"wp:attachment":[{"href":"https:\/\/portal.uern.br\/faef\/def\/wp-json\/wp\/v2\/media?parent=830"}],"curies":[{"name":"wp","href":"https:\/\/api.w.org\/{rel}","templated":true}]}}