{"id":812,"date":"2023-11-01T15:48:09","date_gmt":"2023-11-01T18:48:09","guid":{"rendered":"https:\/\/portal.uern.br\/faef\/def\/?page_id=812"},"modified":"2023-11-08T17:40:50","modified_gmt":"2023-11-08T20:40:50","slug":"programas-formativos","status":"publish","type":"page","link":"https:\/\/portal.uern.br\/faef\/def\/programas-formativos\/","title":{"rendered":"Programas Formativos"},"content":{"rendered":"<p><strong>PIM<br \/>\n<\/strong>PROGRAMA INSTITUCIONAL DE MONITORIA (PIM)<br \/>\nO PIM \u00e9 desenvolvido por meio de projeto de monitoria, que consiste em um instrumento acad\u00eamico que contribui para articular a\u00e7\u00f5es de ensino, pesquisa e extens\u00e3o, decorrentes das necessidades formativas reveladas durante o processo de implementa\u00e7\u00e3o do PPC.<\/p>\n<p>EDITAIS &#8211; <a href=\"https:\/\/portal.uern.br\/proeg\/editais\/\">LINK PARA A P\u00c1GINA DA PROEG<\/a><\/p>\n<p><strong>PEG<br \/>\n<\/strong>PROJETOS DE ENSINO DE GRADUA\u00c7\u00c3O (PEG)<br \/>\nO Projeto de Ensino de Gradua\u00e7\u00e3o (PEG) caracteriza-se como um conjunto de atividades acad\u00eamicas vinculadas aos cursos de gradua\u00e7\u00e3o que visa aprimorar a qualidade do processo de ensino-aprendizagem docente e discente da UERN.<strong><br \/>\n<\/strong><\/p>\n<p>EDITAIS &#8211; <a href=\"https:\/\/portal.uern.br\/proeg\/editais\/\">LINK PARA A P\u00c1GINA DA PROEG<\/a><\/p>\n<p><strong>PIBID<br \/>\n<\/strong>PROGRAMA INSTITUCIONAL DE BOLSAS DE INICIA\u00c7\u00c3O \u00c0 DOC\u00caNCIA (PIBID)<br \/>\nO Programa Institucional de Bolsas de Inicia\u00e7\u00e3o \u00e0 Doc\u00eancia (PIBID) faz parte da Pol\u00edtica Nacional de Forma\u00e7\u00e3o de Professores do Minist\u00e9rio da Educa\u00e7\u00e3o (MEC), e visa proporcionar aos discentes dos cursos de licenciatura sua inser\u00e7\u00e3o no cotidiano das escolas p\u00fablicas de educa\u00e7\u00e3o b\u00e1sica.<\/p>\n<p>EDITAIS &#8211; <a href=\"https:\/\/portal.uern.br\/proeg\/editais\/\">LINK PARA A P\u00c1GINA DA PROEG<\/a><\/p>\n<p><strong>RP<br \/>\n<\/strong>PROGRAMA DE RESID\u00caNCIA PEDAG\u00d3GICA (RP)<br \/>\nA Resid\u00eancia Pedag\u00f3gica \u00e9 uma atividade de forma\u00e7\u00e3o realizada por um discente regularmente matriculado em curso de licenciatura e desenvolvida numa escola p\u00fablica de educa\u00e7\u00e3o b\u00e1sica, denominada Escola-Campo.<\/p>\n<p>EDITAIS &#8211; <a href=\"https:\/\/portal.uern.br\/proeg\/editais\/\">LINK PARA A P\u00c1GINA DA PROEG<\/a><\/p>\n<p><strong>PARFOR<br \/>\n<\/strong>PROGRAMA NACIONAL DE FORMA\u00c7\u00c3O DE PROFESSORES DA EDUCA\u00c7\u00c3O B\u00c1SICA (PARFOR)<br \/>\nO Programa Nacional de Forma\u00e7\u00e3o de Professores da Educa\u00e7\u00e3o B\u00e1sica (PARFOR) \u00e9 uma a\u00e7\u00e3o da CAPES que visa contribuir para a adequa\u00e7\u00e3o da forma\u00e7\u00e3o inicial dos professores em servi\u00e7o na rede p\u00fablica de educa\u00e7\u00e3o b\u00e1sica por meio da oferta de cursos de licenciatura correspondentes \u00e0 \u00e1rea em que atuam.<strong><br \/>\n<\/strong><\/p>\n<p>EDITAIS &#8211; <a href=\"https:\/\/portal.uern.br\/proeg\/editais\/\">LINK PARA A P\u00c1GINA DA PROEG<\/a><\/p>\n<p><strong>PET<br \/>\n<\/strong>PROGRAMA DE EDUCA\u00c7\u00c3O TUTORIAL (PET)<br \/>\nO PET \u00e9 desenvolvido por grupos de estudantes, com tutoria de um docente, organizados a partir de forma\u00e7\u00f5es em n\u00edvel de gradua\u00e7\u00e3o nas Institui\u00e7\u00f5es de Ensino Superior do Pa\u00eds orientados pelo princ\u00edpio da indissociabilidade entre ensino, pesquisa e extens\u00e3o e da educa\u00e7\u00e3o tutorial. O grupo PET, uma vez criado, mant\u00e9m suas atividades por tempo indeterminado. No entanto, os seus membros possuem um tempo m\u00e1ximo de v\u00ednculo: ao bolsista de gradua\u00e7\u00e3o \u00e9 permitida a perman\u00eancia at\u00e9 a conclus\u00e3o da sua gradua\u00e7\u00e3o e, ao tutor, por um per\u00edodo de, no m\u00e1ximo, seis anos, desde que obedecidas as normas do Programa.<\/p>\n<p>EDITAIS &#8211; <a href=\"https:\/\/portal.uern.br\/proeg\/editais\/\">LINK PARA A P\u00c1GINA DA PROEG<\/a><\/p>\n<p>&nbsp;<\/p>\n","protected":false},"excerpt":{"rendered":"<p>PIM PROGRAMA INSTITUCIONAL DE MONITORIA (PIM) O PIM \u00e9 desenvolvido por meio de projeto de monitoria, que consiste em um instrumento acad\u00eamico que contribui para articular a\u00e7\u00f5es de ensino, pesquisa e extens\u00e3o, decorrentes das necessidades formativas reveladas durante o processo de implementa\u00e7\u00e3o do PPC. EDITAIS &#8211; LINK PARA A P\u00c1GINA DA PROEG PEG PROJETOS DE [&hellip;]<\/p>\n","protected":false},"author":3,"featured_media":0,"parent":0,"menu_order":0,"comment_status":"closed","ping_status":"closed","template":"","meta":{"footnotes":""},"class_list":["post-812","page","type-page","status-publish","hentry"],"_links":{"self":[{"href":"https:\/\/portal.uern.br\/faef\/def\/wp-json\/wp\/v2\/pages\/812","targetHints":{"allow":["GET"]}}],"collection":[{"href":"https:\/\/portal.uern.br\/faef\/def\/wp-json\/wp\/v2\/pages"}],"about":[{"href":"https:\/\/portal.uern.br\/faef\/def\/wp-json\/wp\/v2\/types\/page"}],"author":[{"embeddable":true,"href":"https:\/\/portal.uern.br\/faef\/def\/wp-json\/wp\/v2\/users\/3"}],"replies":[{"embeddable":true,"href":"https:\/\/portal.uern.br\/faef\/def\/wp-json\/wp\/v2\/comments?post=812"}],"version-history":[{"count":13,"href":"https:\/\/portal.uern.br\/faef\/def\/wp-json\/wp\/v2\/pages\/812\/revisions"}],"predecessor-version":[{"id":918,"href":"https:\/\/portal.uern.br\/faef\/def\/wp-json\/wp\/v2\/pages\/812\/revisions\/918"}],"wp:attachment":[{"href":"https:\/\/portal.uern.br\/faef\/def\/wp-json\/wp\/v2\/media?parent=812"}],"curies":[{"name":"wp","href":"https:\/\/api.w.org\/{rel}","templated":true}]}}