{"id":809,"date":"2023-11-01T15:46:59","date_gmt":"2023-11-01T18:46:59","guid":{"rendered":"https:\/\/portal.uern.br\/faef\/def\/?page_id=809"},"modified":"2025-05-22T14:07:56","modified_gmt":"2025-05-22T17:07:56","slug":"estagio-obrigatorio","status":"publish","type":"page","link":"https:\/\/portal.uern.br\/faef\/def\/estagio-obrigatorio\/","title":{"rendered":"Est\u00e1gio Obrigat\u00f3rio"},"content":{"rendered":"<p>CARTILHA DE ORIENTA\u00c7\u00c3O &#8211; EST\u00c1GIOS OBRIGAT\u00d3RIOS <a href=\"https:\/\/drive.google.com\/file\/d\/1CgtkbHJFOFksaEdifQeFKLrWoTfOlp51\/view?usp=sharing\">LINK DE ACESSO<\/a><\/p>\n","protected":false},"excerpt":{"rendered":"<p>CARTILHA DE ORIENTA\u00c7\u00c3O &#8211; EST\u00c1GIOS OBRIGAT\u00d3RIOS LINK DE ACESSO<\/p>\n","protected":false},"author":3,"featured_media":0,"parent":0,"menu_order":0,"comment_status":"closed","ping_status":"closed","template":"","meta":{"footnotes":""},"class_list":["post-809","page","type-page","status-publish","hentry"],"_links":{"self":[{"href":"https:\/\/portal.uern.br\/faef\/def\/wp-json\/wp\/v2\/pages\/809","targetHints":{"allow":["GET"]}}],"collection":[{"href":"https:\/\/portal.uern.br\/faef\/def\/wp-json\/wp\/v2\/pages"}],"about":[{"href":"https:\/\/portal.uern.br\/faef\/def\/wp-json\/wp\/v2\/types\/page"}],"author":[{"embeddable":true,"href":"https:\/\/portal.uern.br\/faef\/def\/wp-json\/wp\/v2\/users\/3"}],"replies":[{"embeddable":true,"href":"https:\/\/portal.uern.br\/faef\/def\/wp-json\/wp\/v2\/comments?post=809"}],"version-history":[{"count":6,"href":"https:\/\/portal.uern.br\/faef\/def\/wp-json\/wp\/v2\/pages\/809\/revisions"}],"predecessor-version":[{"id":1167,"href":"https:\/\/portal.uern.br\/faef\/def\/wp-json\/wp\/v2\/pages\/809\/revisions\/1167"}],"wp:attachment":[{"href":"https:\/\/portal.uern.br\/faef\/def\/wp-json\/wp\/v2\/media?parent=809"}],"curies":[{"name":"wp","href":"https:\/\/api.w.org\/{rel}","templated":true}]}}