{"id":797,"date":"2023-11-01T15:31:22","date_gmt":"2023-11-01T18:31:22","guid":{"rendered":"https:\/\/portal.uern.br\/faef\/def\/?page_id=797"},"modified":"2025-04-23T17:58:02","modified_gmt":"2025-04-23T20:58:02","slug":"cose","status":"publish","type":"page","link":"https:\/\/portal.uern.br\/faef\/def\/cose\/","title":{"rendered":"COSE"},"content":{"rendered":"<p><strong>COMISS\u00c3O SETORIAL DE AVALIA\u00c7\u00c3O \u2013 COSE<\/strong><\/p>\n<p>PORTARIA: PORTARIA-SEI N\u00ba 382\/2024<br \/>\nDATA DE EXPEDI\u00c7\u00c3O: 24\/07\/2024<br \/>\nVALIDADE: 2 anos (23\/07\/2024 &#8211; 23\/07\/2026)<br \/>\nNOMES DOS INTEGRANTES:<br \/>\nMembro(a): Profa. Danielle de Sousa Bessa dos Santos<br \/>\nMembro(a): Profa. Camila Ursulla Batista Carlos<br \/>\nMembro(a): Sant Clair Pereira de Lima Souza (t\u00e9cnica)<br \/>\nMembro(a): Iuri Jalison Goes de Souza (representante discente)<\/p>\n","protected":false},"excerpt":{"rendered":"<p>COMISS\u00c3O SETORIAL DE AVALIA\u00c7\u00c3O \u2013 COSE PORTARIA: PORTARIA-SEI N\u00ba 382\/2024 DATA DE EXPEDI\u00c7\u00c3O: 24\/07\/2024 VALIDADE: 2 anos (23\/07\/2024 &#8211; 23\/07\/2026) NOMES DOS INTEGRANTES: Membro(a): Profa. Danielle de Sousa Bessa dos Santos Membro(a): Profa. Camila Ursulla Batista Carlos Membro(a): Sant Clair Pereira de Lima Souza (t\u00e9cnica) Membro(a): Iuri Jalison Goes de Souza (representante discente)<\/p>\n","protected":false},"author":3,"featured_media":0,"parent":0,"menu_order":0,"comment_status":"closed","ping_status":"closed","template":"","meta":{"footnotes":""},"class_list":["post-797","page","type-page","status-publish","hentry"],"_links":{"self":[{"href":"https:\/\/portal.uern.br\/faef\/def\/wp-json\/wp\/v2\/pages\/797","targetHints":{"allow":["GET"]}}],"collection":[{"href":"https:\/\/portal.uern.br\/faef\/def\/wp-json\/wp\/v2\/pages"}],"about":[{"href":"https:\/\/portal.uern.br\/faef\/def\/wp-json\/wp\/v2\/types\/page"}],"author":[{"embeddable":true,"href":"https:\/\/portal.uern.br\/faef\/def\/wp-json\/wp\/v2\/users\/3"}],"replies":[{"embeddable":true,"href":"https:\/\/portal.uern.br\/faef\/def\/wp-json\/wp\/v2\/comments?post=797"}],"version-history":[{"count":8,"href":"https:\/\/portal.uern.br\/faef\/def\/wp-json\/wp\/v2\/pages\/797\/revisions"}],"predecessor-version":[{"id":1165,"href":"https:\/\/portal.uern.br\/faef\/def\/wp-json\/wp\/v2\/pages\/797\/revisions\/1165"}],"wp:attachment":[{"href":"https:\/\/portal.uern.br\/faef\/def\/wp-json\/wp\/v2\/media?parent=797"}],"curies":[{"name":"wp","href":"https:\/\/api.w.org\/{rel}","templated":true}]}}