{"id":794,"date":"2023-11-01T15:30:23","date_gmt":"2023-11-01T18:30:23","guid":{"rendered":"https:\/\/portal.uern.br\/faef\/def\/?page_id=794"},"modified":"2025-06-23T15:37:53","modified_gmt":"2025-06-23T18:37:53","slug":"nde","status":"publish","type":"page","link":"https:\/\/portal.uern.br\/faef\/def\/nde\/","title":{"rendered":"NDE"},"content":{"rendered":"<p><strong>N\u00daCLEO DOCENTE ESTRUTURANTE &#8211; NDE<\/strong><\/p>\n<p><strong>EDUCA\u00c7\u00c3O F\u00cdSICA<\/strong><br \/>\nPORTARIA: PORTARIA-SEI N\u00ba 402\/2025, Processo SEI n\u00ba 04410165.000166\/2023-21<br \/>\nDATA DE EXPEDI\u00c7\u00c3O: 23 de junho de 2025<br \/>\nVALIDADE: &#8211;<br \/>\nNOMES DOS INTEGRANTES:<br \/>\nMembro(a) Coordenador(a): Francisco Em\u00edlio Simpl\u00edcio de Souza;<br \/>\nMembro(a) Vice-coordenador(a): Edson Fonseca Pinto;<br \/>\nMembro(a): Adalberto Veronese da Costa (Chefia do Departamento);<br \/>\nMembro(a): Danielle de Sousa Bessa dos Santos (Orienta\u00e7\u00e3o Acad\u00eamica);<br \/>\nMembro(a): Gleidson Mendes Rebou\u00e7as (Orienta\u00e7\u00e3o Acad\u00eamica);<br \/>\nMembro(a): Ivana Alice Teixeira Fonseca (Coordena\u00e7\u00e3o de Est\u00e1gio Obrigat\u00f3rio da Unidade Acad\u00eamica);<br \/>\nMembro(a): Maria Isaura Pl\u00e1cido Soeiro (Coordena\u00e7\u00e3o de Est\u00e1gios Obrigat\u00f3rios de Licenciatura);<br \/>\nMembro(a): Franciso Napole\u00e3o T\u00falio Varela Barca (Coordena\u00e7\u00e3o de Est\u00e1gios Obrigat\u00f3rios de Bacharelado);<br \/>\nMembro(a): Camila Ursulla Batista Carlos (docente do curso);<br \/>\nMembro(a): Hideraldo Bezerra dos Santos (docente do curso);<br \/>\nMembro(a): Marcelo Henrique Alves Ferreira da Silva (docente do curso);<br \/>\nMembro(a): Rafaela Catherine da Silva Cunha de Medeiros (docente do curso);<br \/>\nMembro(a): Maria Irany Knackfuss (docente do curso);<\/p>\n","protected":false},"excerpt":{"rendered":"<p>N\u00daCLEO DOCENTE ESTRUTURANTE &#8211; NDE EDUCA\u00c7\u00c3O F\u00cdSICA PORTARIA: PORTARIA-SEI N\u00ba 402\/2025, Processo SEI n\u00ba 04410165.000166\/2023-21 DATA DE EXPEDI\u00c7\u00c3O: 23 de junho de 2025 VALIDADE: &#8211; NOMES DOS INTEGRANTES: Membro(a) Coordenador(a): Francisco Em\u00edlio Simpl\u00edcio de Souza; Membro(a) Vice-coordenador(a): Edson Fonseca Pinto; Membro(a): Adalberto Veronese da Costa (Chefia do Departamento); Membro(a): Danielle de Sousa Bessa dos Santos [&hellip;]<\/p>\n","protected":false},"author":3,"featured_media":0,"parent":0,"menu_order":0,"comment_status":"closed","ping_status":"closed","template":"","meta":{"footnotes":""},"class_list":["post-794","page","type-page","status-publish","hentry"],"_links":{"self":[{"href":"https:\/\/portal.uern.br\/faef\/def\/wp-json\/wp\/v2\/pages\/794","targetHints":{"allow":["GET"]}}],"collection":[{"href":"https:\/\/portal.uern.br\/faef\/def\/wp-json\/wp\/v2\/pages"}],"about":[{"href":"https:\/\/portal.uern.br\/faef\/def\/wp-json\/wp\/v2\/types\/page"}],"author":[{"embeddable":true,"href":"https:\/\/portal.uern.br\/faef\/def\/wp-json\/wp\/v2\/users\/3"}],"replies":[{"embeddable":true,"href":"https:\/\/portal.uern.br\/faef\/def\/wp-json\/wp\/v2\/comments?post=794"}],"version-history":[{"count":16,"href":"https:\/\/portal.uern.br\/faef\/def\/wp-json\/wp\/v2\/pages\/794\/revisions"}],"predecessor-version":[{"id":1168,"href":"https:\/\/portal.uern.br\/faef\/def\/wp-json\/wp\/v2\/pages\/794\/revisions\/1168"}],"wp:attachment":[{"href":"https:\/\/portal.uern.br\/faef\/def\/wp-json\/wp\/v2\/media?parent=794"}],"curies":[{"name":"wp","href":"https:\/\/api.w.org\/{rel}","templated":true}]}}