{"id":5,"date":"2022-09-22T14:55:24","date_gmt":"2022-09-22T17:55:24","guid":{"rendered":"https:\/\/paisdemossoro.com.br\/wordpress\/faef\/educacao-fisica-licenciatura\/?page_id=5"},"modified":"2025-09-05T13:25:14","modified_gmt":"2025-09-05T16:25:14","slug":"apresentacao","status":"publish","type":"page","link":"https:\/\/portal.uern.br\/faef\/def\/","title":{"rendered":"APRESENTA\u00c7\u00c3O"},"content":{"rendered":"<p><img fetchpriority=\"high\" decoding=\"async\" class=\"alignnone wp-image-1004\" src=\"https:\/\/portal.uern.br\/faef\/def\/wp-content\/uploads\/sites\/4\/2023\/12\/faef-300x149.jpg\" alt=\"\" width=\"591\" height=\"293\" srcset=\"https:\/\/portal.uern.br\/faef\/def\/wp-content\/uploads\/sites\/4\/2023\/12\/faef-300x149.jpg 300w, https:\/\/portal.uern.br\/faef\/def\/wp-content\/uploads\/sites\/4\/2023\/12\/faef-768x380.jpg 768w, https:\/\/portal.uern.br\/faef\/def\/wp-content\/uploads\/sites\/4\/2023\/12\/faef.jpg 927w\" sizes=\"(max-width: 591px) 100vw, 591px\" \/><\/p>\n<p><strong>NOME DO CURSO:<\/strong> CURSO DE EDUCA\u00c7\u00c3O F\u00cdSICA<br \/>\n<strong>UNIDADE:<\/strong> FACULDADE DE EDUCA\u00c7\u00c3O F\u00cdSICA (FAEF)<br \/>\n<strong>C\u00d3DIGO DO E-MEC:<\/strong> 5001603<br \/>\n<strong>GRAU ACAD\u00caMICO:<\/strong> \u00c1REA B\u00c1SICA DE INGRESSO (ABI)<br \/>\n<strong>CURSOS VINCULADOS \u00c0 \u00c1REA B\u00c1SICA DE INGRESSO (ABI):<br \/>\nC\u00f3digo &#8211; Modalidade &#8211; Grau &#8211; Curso<br \/>\n<\/strong>3563 &#8211; Presencial &#8211; Licenciatura &#8211; EDUCA\u00c7\u00c3O F\u00cdSICA<br \/>\n1215159 &#8211; Presencial &#8211; Bacharelado &#8211; EDUCA\u00c7\u00c3O F\u00cdSICA<br \/>\n<strong>MODALIDADE:<\/strong> PRESENCIAL<br \/>\n<strong>CARGA HOR\u00c1RIA TOTAL DO CURSO:<\/strong> 3815H<br \/>\n<strong>TURNO:<\/strong> INTEGRAL<br \/>\n<strong>TEMPO M\u00c9DIO DE INTEGRALIZA\u00c7\u00c3O:<\/strong> 04 (QUATRO) ANOS<br \/>\n<strong>TEMPO M\u00c1XIMO DE INTEGRALIZA\u00c7\u00c3O: <\/strong>07 (SETE) ANOS<br \/>\n<strong>RECONHECIMENTO\/ RENOVA\u00c7\u00c3O DE RECONHECIMENTO:\u00a0<\/strong><br \/>\n<strong>E-MAIL:<\/strong> def@uern.br<br \/>\n<strong>REDES SOCIAIS:<\/strong><br \/>\n<strong>CHEFE DO DEPARTAMENTO:<\/strong> PROF. DR. FRANCISCO NAPOLE\u00c3O TULIO VARELA BARCA<strong><br \/>\nSUBCHEFE DO DEPARTAMENTO:<\/strong> &#8211;<br \/>\n<strong>OBJETIVOS:<\/strong> O CURSO DE GRADUA\u00c7\u00c3O EM EDUCA\u00c7\u00c3O F\u00cdSICA DA UERN OBJETIVA FORMAR, QUALIFICAR E HABILITAR PROFISSIONAIS PARA ATUAREM COMO DOCENTES NA SOCIALIZA\u00c7\u00c3O DO CONHECIMENTO CIENT\u00cdFICO DA MOTRICIDADE OU MOVIMENTO HUMANO, DA CULTURA DO MOVIMENTO CORPORAL, COM FOCO NAS DIFERENTES FORMAS E MODALIDADES DO EXERC\u00cdCIO F\u00cdSICO, DA GIN\u00c1STICA, DO JOGO, DO ESPORTE, DAS LUTAS E DA DAN\u00c7A, VISANDO ATENDER \u00c0S NECESSIDADES SOCIAIS NO CAMPO DA EDUCA\u00c7\u00c3O E DA FORMA\u00c7\u00c3O, DA SA\u00daDE, DA CULTURA, DO ALTO RENDIMENTO ESPORTIVO E DO LAZER.<br \/>\n<strong>ESTRUTURA CURRICULAR: <\/strong><a href=\"https:\/\/portal.uern.br\/faef\/def\/estrutura-curricular\/\">LINK PARA ESTRUTURA CURRICULAR<\/a><\/p>\n","protected":false},"excerpt":{"rendered":"<p>NOME DO CURSO: CURSO DE EDUCA\u00c7\u00c3O F\u00cdSICA UNIDADE: FACULDADE DE EDUCA\u00c7\u00c3O F\u00cdSICA (FAEF) C\u00d3DIGO DO E-MEC: 5001603 GRAU ACAD\u00caMICO: \u00c1REA B\u00c1SICA DE INGRESSO (ABI) CURSOS VINCULADOS \u00c0 \u00c1REA B\u00c1SICA DE INGRESSO (ABI): C\u00f3digo &#8211; Modalidade &#8211; Grau &#8211; Curso 3563 &#8211; Presencial &#8211; Licenciatura &#8211; EDUCA\u00c7\u00c3O F\u00cdSICA 1215159 &#8211; Presencial &#8211; Bacharelado &#8211; EDUCA\u00c7\u00c3O F\u00cdSICA [&hellip;]<\/p>\n","protected":false},"author":1,"featured_media":0,"parent":0,"menu_order":0,"comment_status":"closed","ping_status":"closed","template":"","meta":{"footnotes":""},"class_list":["post-5","page","type-page","status-publish","hentry"],"_links":{"self":[{"href":"https:\/\/portal.uern.br\/faef\/def\/wp-json\/wp\/v2\/pages\/5","targetHints":{"allow":["GET"]}}],"collection":[{"href":"https:\/\/portal.uern.br\/faef\/def\/wp-json\/wp\/v2\/pages"}],"about":[{"href":"https:\/\/portal.uern.br\/faef\/def\/wp-json\/wp\/v2\/types\/page"}],"author":[{"embeddable":true,"href":"https:\/\/portal.uern.br\/faef\/def\/wp-json\/wp\/v2\/users\/1"}],"replies":[{"embeddable":true,"href":"https:\/\/portal.uern.br\/faef\/def\/wp-json\/wp\/v2\/comments?post=5"}],"version-history":[{"count":14,"href":"https:\/\/portal.uern.br\/faef\/def\/wp-json\/wp\/v2\/pages\/5\/revisions"}],"predecessor-version":[{"id":1172,"href":"https:\/\/portal.uern.br\/faef\/def\/wp-json\/wp\/v2\/pages\/5\/revisions\/1172"}],"wp:attachment":[{"href":"https:\/\/portal.uern.br\/faef\/def\/wp-json\/wp\/v2\/media?parent=5"}],"curies":[{"name":"wp","href":"https:\/\/api.w.org\/{rel}","templated":true}]}}