{"id":405,"date":"2022-09-20T15:22:20","date_gmt":"2022-09-20T18:22:20","guid":{"rendered":"https:\/\/paisdemossoro.com.br\/wordpress\/fad\/?page_id=405"},"modified":"2022-09-20T15:22:20","modified_gmt":"2022-09-20T18:22:20","slug":"programa-institucional-de-monitoria-pim","status":"publish","type":"page","link":"https:\/\/portal.uern.br\/fad\/programa-institucional-de-monitoria-pim\/","title":{"rendered":"Programa Institucional de Monitoria &#8211; PIM"},"content":{"rendered":"<h5>Documentos Gerais<\/h5>\n<ul>\n<li><a href=\"http:\/\/beta.apps.uern.br\/wordpress\/fad\/wp-content\/uploads\/2022\/09\/5056formula\u00a1rio_de_apresentaa\u00a7ao_de_projeto_de_monitoria.pdf\">Formul\u00e1rio para Apresenta\u00e7\u00e3o de Projeto de Monitoria &#8211; 04\/12\/2020<\/a><\/li>\n<li><a href=\"http:\/\/beta.apps.uern.br\/wordpress\/fad\/wp-content\/uploads\/2022\/09\/5056relatario_final.pdf\">Modelo de Relat\u00f3rio Final (Discente)<\/a> &#8211; 04\/12\/2020<\/li>\n<\/ul>\n<h5>Semestre 2022.2<\/h5>\n<ul>\n<li><a href=\"http:\/\/beta.apps.uern.br\/wordpress\/fad\/wp-content\/uploads\/2022\/09\/5056pim_2022.2_resultado_selecao_de_discentes_13.09.2022.pdf\">Edital<\/a> &#8211; Edital n\u00b0 004\/2022 &#8211; PIM &#8211; Resultado &#8211; 13\/09\/2022<\/li>\n<li><a href=\"http:\/\/beta.apps.uern.br\/wordpress\/fad\/wp-content\/uploads\/2022\/09\/5056pim_2022.2_edital_de_abertura_31.08.2022.pdf\">Edital<\/a> &#8211; Edital n\u00b0 002\/2022 \u2013DED\/FAD\/UERN<\/li>\n<li><a href=\"http:\/\/beta.apps.uern.br\/wordpress\/fad\/wp-content\/uploads\/2022\/09\/5056anexo_1_31.08.2022.pdf\">Edital<\/a> &#8211; Edital n\u00b0 002\/2022 \u2013Anexo I<\/li>\n<li><a href=\"http:\/\/beta.apps.uern.br\/wordpress\/fad\/wp-content\/uploads\/2022\/09\/4478anexo_2_pim_2022_31.08.2022.pdf\">Edital<\/a> &#8211; Edital n\u00b0 002\/2022 \u2013Anexo II<\/li>\n<\/ul>\n<p>&nbsp;<\/p>\n<h5>Semestre 2022.1<\/h5>\n<p><a href=\"http:\/\/beta.apps.uern.br\/wordpress\/fad\/wp-content\/uploads\/2022\/09\/5056edital_042.2022_proeg_homologaa\u00a7ao_final_dos_projetos_pim_2022.1_09.05.pdf\">EDITAL 042\/2022\u00a0<\/a>\u2013 PROEG\/UERN &#8211; Resultado Final &#8211; 09\/05\/2022<\/p>\n<ul>\n<li><a href=\"http:\/\/beta.apps.uern.br\/wordpress\/fad\/wp-content\/uploads\/2022\/09\/5056edital_033.2022_proeg_homologaa\u00a7ao_parcial_2022.1_20.04.22_home.pdf\">resultado parcial da homologa\u00e7\u00e3o dos projetos PIM<\/a><\/li>\n<li><a href=\"http:\/\/beta.apps.uern.br\/wordpress\/fad\/wp-content\/uploads\/2022\/09\/5056pim_2022.1_edital_n._002_2022_publicar_03.04.2022.pdf\">Prorroga\u00e7\u00e3o de Prazo 04\/04 meio-dia -PIM &#8211; 2022.1<\/a><\/li>\n<li><a href=\"http:\/\/beta.apps.uern.br\/wordpress\/fad\/wp-content\/uploads\/2022\/09\/5056anexo_i_edital_na_001.2022.1_ded_fad_retificado_29.03.2022.pdf\">Projetos de Monitoria PIM Retificado &#8211; 2022.1<\/a><\/li>\n<li><a href=\"http:\/\/beta.apps.uern.br\/wordpress\/fad\/wp-content\/uploads\/2022\/09\/5056calendario_universita\u00a1rio_2021.2_aprovado_consepe.pdf\">Calend\u00e1rio Universit\u00e1rio<\/a> &#8211; 2021.2<\/li>\n<li><a href=\"http:\/\/beta.apps.uern.br\/wordpress\/fad\/wp-content\/uploads\/2022\/09\/5056resolucao_n._052_2020_consepe_regulamentacao_do_pim.pdf\">Resolu\u00e7\u00e3o<\/a> &#8211; RESOLU\u00c7\u00c3O N.\u00ba 052\/2020 &#8211; CONSEPE<\/li>\n<li><a href=\"http:\/\/beta.apps.uern.br\/wordpress\/fad\/wp-content\/uploads\/2022\/09\/5056edital_016.2022_proeg_pim_2022.1_16.03_2022.pdf\">Edital<\/a> &#8211; PROEG &#8211; 16\/2022<\/li>\n<li><a href=\"http:\/\/beta.apps.uern.br\/wordpress\/fad\/wp-content\/uploads\/2022\/09\/5056anexo_vi_aE_registro_de_frequasncia_do_monitor_edital_016.2022_proeg.pdf\">Anexo VI<\/a> &#8211; Registro de Frequ\u00eancia<\/li>\n<li><a href=\"http:\/\/beta.apps.uern.br\/wordpress\/fad\/wp-content\/uploads\/2022\/09\/5056anexo_v_aE_relatario_final_edital_016.2022_proeg.pdf\">Anexo V<\/a> &#8211; Relat\u00f3rio<\/li>\n<li><a href=\"http:\/\/beta.apps.uern.br\/wordpress\/fad\/wp-content\/uploads\/2022\/09\/5056publicar_na_pagina_16.03.2022_fad_ded.pdf\">Anexo IV<\/a> &#8211; Formul\u00e1rio &#8211; Apresenta\u00e7\u00e3o<\/li>\n<li><a href=\"http:\/\/beta.apps.uern.br\/wordpress\/fad\/wp-content\/uploads\/2022\/09\/5056anexo_iii_aE_informacoes_e_documentos_pessoais_do_monitor_edital_016.2022_proeg.pdf\">Anexo III<\/a> &#8211; Informa\u00e7\u00f5es e Documentos<\/li>\n<li><a href=\"http:\/\/beta.apps.uern.br\/wordpress\/fad\/wp-content\/uploads\/2022\/09\/5056anexo_ii_aE_termo_de_compromisso_edital_016_2022_proeg_nao_remunerado_16.03.pdf\">Anexo II<\/a> &#8211; Termo de Compromisso &#8211; N\u00e3o Remunerado<\/li>\n<li><a href=\"http:\/\/beta.apps.uern.br\/wordpress\/fad\/wp-content\/uploads\/2022\/09\/5056anexo_ii_ficha_inscria\u00a7ao_pim_2022.1_edital_n._001_2022_ded_fad_uern_16.03.pdf\">Anexo II<\/a> &#8211; Ficha Inscri\u00e7\u00e3o PIM 2022.1<\/li>\n<li><a href=\"http:\/\/beta.apps.uern.br\/wordpress\/fad\/wp-content\/uploads\/2022\/09\/5056anexo_i__termo_de_compromisso_do_monitor_remunerado_edital_16_2022_proeg.pdf\">Anexo I &#8211;<\/a> Termo do Compromisso<\/li>\n<li><a href=\"http:\/\/beta.apps.uern.br\/wordpress\/fad\/wp-content\/uploads\/2022\/09\/5056pim_2022.1_edital_de_abertura_n._001_2022_16.03.2022_fad.pdf\">Edital\u00a0\u00a0n\u00b0 001\/2022<\/a> \u2013DED\/FAD\/UERN (RETIFICADO- n\u00b0 001\/2022)<\/li>\n<\/ul>\n<p>&nbsp;<\/p>\n<h5>Semestre 2021.2<\/h5>\n<ul>\n<li><a href=\"http:\/\/beta.apps.uern.br\/wordpress\/fad\/wp-content\/uploads\/2022\/09\/505613_10_2021._errata_na\u00b0_01_ao_edital_na\u00b0_002_2021_ded_fad_resutado_final_do_pim_2021.2.pdf\">Retifica\u00e7\u00e3o do Resultado Final<\/a> &#8211; 13\/10\/2021<\/li>\n<li><a href=\"http:\/\/beta.apps.uern.br\/wordpress\/fad\/wp-content\/uploads\/2022\/09\/505608_10_2021._resultado_final.pdf\">Resultado Final<\/a> &#8211; 08\/10\/2021<\/li>\n<li><a href=\"http:\/\/beta.apps.uern.br\/wordpress\/fad\/wp-content\/uploads\/2022\/09\/505627_09_2021._anexo_i.pdf\">Anexo I<\/a> &#8211; 27\/09\/2021<\/li>\n<li><a href=\"http:\/\/beta.apps.uern.br\/wordpress\/fad\/wp-content\/uploads\/2022\/09\/505621_09_2021._ficha_de_inscria\u00a7ao_do_aluno_para_edia\u00a7ao_pim2021.2.pdf\">Ficha de Inscri\u00e7\u00e3o<\/a> &#8211; 21\/09\/2021<\/li>\n<li><a href=\"http:\/\/beta.apps.uern.br\/wordpress\/fad\/wp-content\/uploads\/2022\/09\/5056edital_pim_n._001_2021.2_ded_fad_uern_retificado.docx.pdf\">Edital DED Retificado<\/a> &#8211; 21\/09\/2021<\/li>\n<li><a href=\"http:\/\/beta.apps.uern.br\/wordpress\/fad\/wp-content\/uploads\/2022\/09\/5056edital_111.2021_proeg_aditivo_ao_edital_106.2021_pim_2021.2.pdf\">Edital PROEG Retificado<\/a> &#8211; 21\/09\/2021<\/li>\n<li><a href=\"http:\/\/beta.apps.uern.br\/wordpress\/fad\/wp-content\/uploads\/2022\/09\/505614_09_2021edital_pim_n._001_2021.2_ded_fad_uern.pdf\">Edital de Abertura DED<\/a> &#8211; 14\/09\/2021<\/li>\n<li><a href=\"http:\/\/beta.apps.uern.br\/wordpress\/fad\/wp-content\/uploads\/2022\/09\/505614_09_2021edital_106.2021_proeg_pim_2021.2.pdf\">Edital PROEG &#8211;<\/a> 14\/09\/2021<\/li>\n<\/ul>\n<h5>\n<p>Semestre 2021.1<\/h5>\n<ul>\n<li><a href=\"http:\/\/beta.apps.uern.br\/wordpress\/fad\/wp-content\/uploads\/2022\/09\/5056ok.___edital_002_2021_ded_resutado__final_do_pim_2021.1_publicaa\u00a7ao.pdf\">Resultado Final<\/a> &#8211; 15\/06\/2021<\/li>\n<li><a href=\"http:\/\/beta.apps.uern.br\/wordpress\/fad\/wp-content\/uploads\/2022\/09\/5056edital_001_2021_abertura_pim_2021.1_ded_publicaa\u2021a\u0192o_1.pdf\">Edital de Abertura &#8211; DED<\/a> &#8211; 27\/05\/2021<\/li>\n<li><a href=\"http:\/\/beta.apps.uern.br\/wordpress\/fad\/wp-content\/uploads\/2022\/09\/5056ficha_inscria\u00a7ao_2021_1_pim.pdf\">Ficha de Inscri\u00e7\u00e3o<\/a> &#8211; 25\/05\/2021<\/li>\n<li><a href=\"http:\/\/beta.apps.uern.br\/wordpress\/fad\/wp-content\/uploads\/2022\/09\/5056pim_edital_2021.1.pdf\">Anexo<\/a> &#8211; 12\/05\/2021<\/li>\n<li><a href=\"http:\/\/beta.apps.uern.br\/wordpress\/fad\/wp-content\/uploads\/2022\/09\/5056enviando_por_email_edital_035.2021_proeg_aditivo_ao_edital_029.2021_pim_2021.pdf\">Aditivo ao Edital<\/a> &#8211; 06\/05\/2021<\/li>\n<li><a href=\"http:\/\/beta.apps.uern.br\/wordpress\/fad\/wp-content\/uploads\/2022\/09\/5056edital_029.2021_pim_proeg.pdf\">Edital &#8211; PROEG<\/a> &#8211; 22\/04\/2021<\/li>\n<li><a href=\"http:\/\/beta.apps.uern.br\/wordpress\/fad\/wp-content\/uploads\/2022\/09\/5056resolua\u00a7ao_52.2020_aprova_as_normas_do_pim.pdf\">Resolu\u00e7\u00e3o 52\/2020<\/a> &#8211; 06\/05\/2021<\/li>\n<\/ul>\n<h5>\nSemestre 2020.2<\/h5>\n<ul>\n<li><a href=\"http:\/\/beta.apps.uern.br\/wordpress\/fad\/wp-content\/uploads\/2022\/09\/5056registro_de_frequasncia_do_monitor.pdf\">Registro de Frequ\u00eancia do Monitor<\/a> &#8211; 04\/12\/2020<\/li>\n<li><a href=\"http:\/\/beta.apps.uern.br\/wordpress\/fad\/wp-content\/uploads\/2022\/09\/5056termo_de_compromisso_de_monitor_nao_remunerado.pdf\">Termo de Compromisso do Monitor N\u00e3o Remunerado<\/a> &#8211; 04\/12\/2020<\/li>\n<li><a href=\"http:\/\/beta.apps.uern.br\/wordpress\/fad\/wp-content\/uploads\/2022\/09\/5056termo_de_compromisso_do_monitor_remunerado.pdf\">Termo de Compromisso do Monitor Remunerado<\/a> &#8211; 04\/12\/2020<\/li>\n<li><a href=\"http:\/\/beta.apps.uern.br\/wordpress\/fad\/wp-content\/uploads\/2022\/09\/5056informaa\u00a7a\u00b5es_e_documentos_pessoais_do_monitor.pdf\">Informa\u00e7\u00f5es e Documentos Pessoais do Monitor<\/a> &#8211; 04\/12\/2020<\/li>\n<li><a href=\"http:\/\/beta.apps.uern.br\/wordpress\/fad\/wp-content\/uploads\/2022\/09\/5056ficha_inscria\u00a7ao_pim_2020_2.pdf\">Ficha de Inscri\u00e7\u00e3o<\/a> &#8211; 26\/11\/2020<\/li>\n<li><a href=\"http:\/\/beta.apps.uern.br\/wordpress\/fad\/wp-content\/uploads\/2022\/09\/5056anexo_i_edital_010_2020_ded_projetos_pim_2020_21.pdf\">Anexo I<\/a> &#8211; Lista de Disciplinas &#8211; 23\/11\/2020<\/li>\n<li><a href=\"http:\/\/beta.apps.uern.br\/wordpress\/fad\/wp-content\/uploads\/2022\/09\/5056edital_010_2020_abertura_pim_2020.2_ded_retificado.pdf\">Edital de Abertura &#8211; DED<\/a> &#8211; 17\/11\/2020<\/li>\n<li><a href=\"http:\/\/beta.apps.uern.br\/wordpress\/fad\/wp-content\/uploads\/2022\/09\/5056edital_093.2020_proeg_processo_seletivo_pim_2020.2.pdf\">Edital de Abertura &#8211; PROEG<\/a> &#8211; 10\/11\/2020<\/li>\n<li><a href=\"http:\/\/beta.apps.uern.br\/wordpress\/fad\/wp-content\/uploads\/2022\/09\/5056resolua\u00a7ao_52.2020_aprova_as_normas_do_pim-1.pdf\">Resolu\u00e7\u00e3o 52\/2020 &#8211; Aprova Normas do PIM<\/a><\/li>\n<\/ul>\n<h5>Semestre 2020.1<\/h5>\n<ul>\n<li><a href=\"http:\/\/beta.apps.uern.br\/wordpress\/fad\/wp-content\/uploads\/2022\/09\/5056edital_004__abertura_pim_2020.1ded.pdf\">Edital de Abertura<\/a><\/li>\n<li><a href=\"http:\/\/beta.apps.uern.br\/wordpress\/fad\/wp-content\/uploads\/2022\/09\/5056anexo_i__projetos_pim_2020.1.pdf\">Anexo I<\/a> &#8211; Disciplinas Ofertadas<\/li>\n<li><a href=\"http:\/\/beta.apps.uern.br\/wordpress\/fad\/wp-content\/uploads\/2022\/09\/5056anexo_ii_cronograma_de_entrevistas.pdf\">Anexo II<\/a> &#8211; Cronograma de Entrevistas<\/li>\n<li><a href=\"http:\/\/beta.apps.uern.br\/wordpress\/fad\/wp-content\/uploads\/2022\/09\/5056edital_001_resultado_final_pim__2020.1_ded.pdf\">Resultado Final<\/a><\/li>\n<\/ul>\n<h5>\n<p>Semestre 2019.2<\/h5>\n<ul>\n<li><a href=\"http:\/\/beta.apps.uern.br\/wordpress\/fad\/wp-content\/uploads\/2022\/09\/5056edital_002_abertura_pim_2019.2__ded1.pdf\">Edital de Abertura<\/a><\/li>\n<li><a href=\"http:\/\/beta.apps.uern.br\/wordpress\/fad\/wp-content\/uploads\/2022\/09\/5056novo_anexo_i__projetos_pim_2019.2.pdf\">Anexo 01<\/a><\/li>\n<\/ul>\n<h5><\/h5>\n<h5>Semestre 2019.1<\/h5>\n<ul>\n<li><a href=\"http:\/\/beta.apps.uern.br\/wordpress\/fad\/wp-content\/uploads\/2022\/09\/50561111edital_001_abertura_pim_2019.1ded.pdf\">Edital de Abertura<\/a><\/li>\n<li><a href=\"http:\/\/beta.apps.uern.br\/wordpress\/fad\/wp-content\/uploads\/2022\/09\/5056edital_002_entrevistas_pim__2019.1_ded.pdf\">Resultado das Entrevistas<\/a><\/li>\n<li><a href=\"http:\/\/beta.apps.uern.br\/wordpress\/fad\/wp-content\/uploads\/2022\/09\/5056edital_003_resultado_preliminar_pim__2019.1_ded.pdf\">Resultado Preliminar<\/a><\/li>\n<li><a href=\"http:\/\/beta.apps.uern.br\/wordpress\/fad\/wp-content\/uploads\/2022\/09\/5056edital_004_resultado_final_pim__2019.1_ded.pdf\">Resultado Final<\/a><\/li>\n<\/ul>\n","protected":false},"excerpt":{"rendered":"<p>Documentos Gerais Formul\u00e1rio para Apresenta\u00e7\u00e3o de Projeto de Monitoria &#8211; 04\/12\/2020 Modelo de Relat\u00f3rio Final (Discente) &#8211; 04\/12\/2020 Semestre 2022.2 Edital &#8211; Edital n\u00b0 004\/2022 &#8211; PIM &#8211; Resultado &#8211; 13\/09\/2022 Edital &#8211; Edital n\u00b0 002\/2022 \u2013DED\/FAD\/UERN Edital &#8211; Edital n\u00b0 002\/2022 \u2013Anexo I Edital &#8211; Edital n\u00b0 002\/2022 \u2013Anexo II &nbsp; Semestre 2022.1 EDITAL [&hellip;]<\/p>\n","protected":false},"author":1,"featured_media":0,"parent":0,"menu_order":0,"comment_status":"closed","ping_status":"closed","template":"","meta":{"footnotes":""},"class_list":["post-405","page","type-page","status-publish","hentry"],"_links":{"self":[{"href":"https:\/\/portal.uern.br\/fad\/wp-json\/wp\/v2\/pages\/405","targetHints":{"allow":["GET"]}}],"collection":[{"href":"https:\/\/portal.uern.br\/fad\/wp-json\/wp\/v2\/pages"}],"about":[{"href":"https:\/\/portal.uern.br\/fad\/wp-json\/wp\/v2\/types\/page"}],"author":[{"embeddable":true,"href":"https:\/\/portal.uern.br\/fad\/wp-json\/wp\/v2\/users\/1"}],"replies":[{"embeddable":true,"href":"https:\/\/portal.uern.br\/fad\/wp-json\/wp\/v2\/comments?post=405"}],"version-history":[{"count":2,"href":"https:\/\/portal.uern.br\/fad\/wp-json\/wp\/v2\/pages\/405\/revisions"}],"predecessor-version":[{"id":462,"href":"https:\/\/portal.uern.br\/fad\/wp-json\/wp\/v2\/pages\/405\/revisions\/462"}],"wp:attachment":[{"href":"https:\/\/portal.uern.br\/fad\/wp-json\/wp\/v2\/media?parent=405"}],"curies":[{"name":"wp","href":"https:\/\/api.w.org\/{rel}","templated":true}]}}