{"id":388,"date":"2022-09-20T14:59:30","date_gmt":"2022-09-20T17:59:30","guid":{"rendered":"https:\/\/paisdemossoro.com.br\/wordpress\/fad\/?page_id=388"},"modified":"2026-01-30T09:56:40","modified_gmt":"2026-01-30T12:56:40","slug":"horarios-de-aula","status":"publish","type":"page","link":"https:\/\/portal.uern.br\/fad\/horarios-de-aula\/","title":{"rendered":"Hor\u00e1rios de Aula"},"content":{"rendered":"<p><a href=\"https:\/\/portal.uern.br\/fad\/wp-content\/uploads\/2026\/01\/Horario-2026.1-Departamento-de-Direito-Versao-Final-1.pdf\">Hor\u00e1rio 2026.1 &#8211; 30.01.2026<\/a><\/p>\n<p><a href=\"https:\/\/portal.uern.br\/fad\/wp-content\/uploads\/2025\/10\/2025.2-Horario-de-aulas-DED-FAD.pdf\">Hor\u00e1rio 2025.2<\/a><\/p>\n<p><a href=\"https:\/\/portal.uern.br\/fad\/wp-content\/uploads\/2025\/10\/2025.1-Horario-de-aulas-DED-FAD-Pagina.pdf\">Hor\u00e1rio 2025.1<\/a><\/p>\n<p><a href=\"https:\/\/portal.uern.br\/fad\/wp-content\/uploads\/2024\/07\/Horario-de-2024.2-Versao-Final-24.05.2024-2024.2-29.07.2024.pdf\">Hor\u00e1rio 2024.2<\/a><\/p>\n<p><a href=\"https:\/\/portal.uern.br\/fad\/wp-content\/uploads\/2024\/04\/HORARIO-2024.1-Pagina-14.04.2024.pdf\">Hor\u00e1rio 2024.1<\/a><\/p>\n<p><a href=\"https:\/\/portal.uern.br\/fad\/wp-content\/uploads\/2023\/07\/HORARIO-de-Aulas-2023.2-dia-26.07.2023.pdf\">Hor\u00e1rio 2023.2<\/a> &#8211; 26\/07\/2023<\/p>\n<p><a href=\"https:\/\/portal.uern.br\/fad\/wp-content\/uploads\/2023\/09\/HORARIO-2023.1-corrigido.pdf\">Hor\u00e1rio 2023.1<\/a><\/p>\n<p><a href=\"https:\/\/portal.uern.br\/fad\/wp-content\/uploads\/2022\/09\/3527proposta__horario_2022.2_atualizado_08.09.2022_pagina_fad.pdf\">Hor\u00e1rio 2022.2\u00a0<\/a>&#8211; 01\/09\/2022<\/p>\n<p>&nbsp;<\/p>\n","protected":false},"excerpt":{"rendered":"<p>Hor\u00e1rio 2026.1 &#8211; 30.01.2026 Hor\u00e1rio 2025.2 Hor\u00e1rio 2025.1 Hor\u00e1rio 2024.2 Hor\u00e1rio 2024.1 Hor\u00e1rio 2023.2 &#8211; 26\/07\/2023 Hor\u00e1rio 2023.1 Hor\u00e1rio 2022.2\u00a0&#8211; 01\/09\/2022 &nbsp;<\/p>\n","protected":false},"author":1,"featured_media":0,"parent":0,"menu_order":0,"comment_status":"closed","ping_status":"closed","template":"","meta":{"footnotes":""},"class_list":["post-388","page","type-page","status-publish","hentry"],"_links":{"self":[{"href":"https:\/\/portal.uern.br\/fad\/wp-json\/wp\/v2\/pages\/388","targetHints":{"allow":["GET"]}}],"collection":[{"href":"https:\/\/portal.uern.br\/fad\/wp-json\/wp\/v2\/pages"}],"about":[{"href":"https:\/\/portal.uern.br\/fad\/wp-json\/wp\/v2\/types\/page"}],"author":[{"embeddable":true,"href":"https:\/\/portal.uern.br\/fad\/wp-json\/wp\/v2\/users\/1"}],"replies":[{"embeddable":true,"href":"https:\/\/portal.uern.br\/fad\/wp-json\/wp\/v2\/comments?post=388"}],"version-history":[{"count":32,"href":"https:\/\/portal.uern.br\/fad\/wp-json\/wp\/v2\/pages\/388\/revisions"}],"predecessor-version":[{"id":1838,"href":"https:\/\/portal.uern.br\/fad\/wp-json\/wp\/v2\/pages\/388\/revisions\/1838"}],"wp:attachment":[{"href":"https:\/\/portal.uern.br\/fad\/wp-json\/wp\/v2\/media?parent=388"}],"curies":[{"name":"wp","href":"https:\/\/api.w.org\/{rel}","templated":true}]}}