{"id":364,"date":"2022-09-20T14:54:02","date_gmt":"2022-09-20T17:54:02","guid":{"rendered":"https:\/\/paisdemossoro.com.br\/wordpress\/fad\/?page_id=364"},"modified":"2022-09-20T14:54:02","modified_gmt":"2022-09-20T17:54:02","slug":"nucleo-de-projetos","status":"publish","type":"page","link":"https:\/\/portal.uern.br\/fad\/nucleo-de-projetos\/","title":{"rendered":"N\u00facleo de Projetos"},"content":{"rendered":"<p><strong>PROJETOS DA FAD &#8211; 2021.1<\/strong><\/p>\n<p><a href=\"http:\/\/beta.apps.uern.br\/wordpress\/fad\/wp-content\/uploads\/2022\/09\/502728_07_2021._projetos_de_extensao_fad_2021.1.pdf\">Projetos de Extens\u00e3o<\/a><\/p>\n<p><a href=\"http:\/\/beta.apps.uern.br\/wordpress\/fad\/wp-content\/uploads\/2022\/09\/502716_08_2021._projetos_de_pesquisa_de_fluxo_conta_nuo_e_externos.pdf\">Projetos de Pesquisa<\/a><\/p>\n<p><a href=\"http:\/\/beta.apps.uern.br\/wordpress\/fad\/wp-content\/uploads\/2022\/09\/502716_08_2021._projetos_de_pesquisa_pibic.pdf\">Projetos de Inicia\u00e7\u00e3o Cient\u00edfica &#8211; PIBIC<\/a><\/p>\n<p>&nbsp;<\/p>\n<p><strong>PROJETOS DA FAD &#8211; 2020.2<\/strong><\/p>\n<p><a href=\"http:\/\/beta.apps.uern.br\/wordpress\/fad\/wp-content\/uploads\/2022\/09\/4051projetos_de_extensao_fad_2020.2._atualizado_em_19_de_fevereiro_de_2021.pdf\">Projetos de Extens\u00e3o<\/a><\/p>\n<p><a href=\"http:\/\/beta.apps.uern.br\/wordpress\/fad\/wp-content\/uploads\/2022\/09\/5027projeto_de_ensino._fad._2020.2.pdf\">Projetos de Ensino<\/a><\/p>\n<p><a href=\"http:\/\/beta.apps.uern.br\/wordpress\/fad\/wp-content\/uploads\/2022\/09\/5027pibic_fad_2020.2.pdf\">Projetos de Inicia\u00e7\u00e3o Cient\u00edfica &#8211; PIBIC<\/a><\/p>\n<p>&nbsp;<\/p>\n<p><strong>PROJETOS DA FAD &#8211; 2020.1<\/strong><\/p>\n<p><a href=\"http:\/\/beta.apps.uern.br\/wordpress\/fad\/wp-content\/uploads\/2022\/09\/5027projetos_de_pesquisa._fad._2020.1.pdf\">Projetos de Pesquisa<\/a><\/p>\n<p><a href=\"http:\/\/beta.apps.uern.br\/wordpress\/fad\/wp-content\/uploads\/2022\/09\/5027projetos_de_extensao_da_fad._2020.pdf\">Projetos de Extens\u00e3o<\/a><\/p>\n<p><a href=\"http:\/\/beta.apps.uern.br\/wordpress\/fad\/wp-content\/uploads\/2022\/09\/5027projeto_de_ensino._fad._2020.1.pdf\">Projetos de Ensino<\/a><\/p>\n<p><a href=\"http:\/\/beta.apps.uern.br\/wordpress\/fad\/wp-content\/uploads\/2022\/09\/5027aapibics._2020.1._fad.pdf\">Projetos de Inicia\u00e7\u00e3o Cient\u00edfica &#8211; PIBIC<\/a><\/p>\n<p>&nbsp;<\/p>\n<p><strong>PROJETOS DA FAD &#8211; 2019.2<\/strong><\/p>\n<p><a href=\"http:\/\/beta.apps.uern.br\/wordpress\/fad\/wp-content\/uploads\/2022\/09\/50272019.2_projetos_de_pesquisa_da_faculdade_de_direito.pdf\">Projetos de Pesquisa<\/a><\/p>\n<p><a href=\"http:\/\/beta.apps.uern.br\/wordpress\/fad\/wp-content\/uploads\/2022\/09\/5027projetos_de_extensao._fad._2019.2.dotx_.pdf\">Projetos de Extens\u00e3o<\/a><\/p>\n<p><a href=\"http:\/\/beta.apps.uern.br\/wordpress\/fad\/wp-content\/uploads\/2022\/09\/5027pibic_fad_2019.2.pdf\">Projetos de Inicia\u00e7\u00e3o Cient\u00edfica &#8211; PIBIC<\/a><\/p>\n<p>&nbsp;<\/p>\n<p><strong>PROJETOS DA FAD &#8211; 2019.1<\/strong><\/p>\n<p><a href=\"http:\/\/beta.apps.uern.br\/wordpress\/fad\/wp-content\/uploads\/2022\/09\/5027projetos_de_ensino_fad_2019.1.pdf\">Projetos de Ensino<\/a><\/p>\n<p><a href=\"http:\/\/beta.apps.uern.br\/wordpress\/fad\/wp-content\/uploads\/2022\/09\/5027projetos_de_pesquisa._fad._2019.1.pdf\">Projetos de Pesquisa<\/a><\/p>\n<p><a href=\"http:\/\/beta.apps.uern.br\/wordpress\/fad\/wp-content\/uploads\/2022\/09\/5027projetos_de_extensao._fad._2019.1.pdf\">Projetos de Extens\u00e3o<\/a><\/p>\n<p><a href=\"http:\/\/beta.apps.uern.br\/wordpress\/fad\/wp-content\/uploads\/2022\/09\/5027pibic_fad_2019.1.pdf\">Projetos de Inicia\u00e7\u00e3o Cient\u00edfica &#8211; PIBIC<\/a><\/p>\n<p>&nbsp;<\/p>\n<p><strong>PROJETOS DA FAD &#8211; 2018.2<\/strong><\/p>\n<p><a href=\"http:\/\/beta.apps.uern.br\/wordpress\/fad\/wp-content\/uploads\/2022\/09\/5027projeto_de_ensino._fad._2018.2.pdf\">Projetos de Ensino<\/a><\/p>\n<p><a href=\"http:\/\/beta.apps.uern.br\/wordpress\/fad\/wp-content\/uploads\/2022\/09\/5027projetos_de_pesquisa._fad._2018.2_atualizado.pdf\">Projetos de Pesquisa<\/a><\/p>\n<p><a href=\"http:\/\/beta.apps.uern.br\/wordpress\/fad\/wp-content\/uploads\/2022\/09\/5027projetos_de_extensao._fad._2018.2.pdf\">Projetos de Extens\u00e3o<\/a><\/p>\n<p><a href=\"http:\/\/beta.apps.uern.br\/wordpress\/fad\/wp-content\/uploads\/2022\/09\/5027programa_institucional_de_iniciaa\u00a7ao_cienta_fica_pibic._fad.pdf\">Projetos de Inicia\u00e7\u00e3o Cient\u00edfica &#8211; PIBIC<\/a><\/p>\n","protected":false},"excerpt":{"rendered":"<p>PROJETOS DA FAD &#8211; 2021.1 Projetos de Extens\u00e3o Projetos de Pesquisa Projetos de Inicia\u00e7\u00e3o Cient\u00edfica &#8211; PIBIC &nbsp; PROJETOS DA FAD &#8211; 2020.2 Projetos de Extens\u00e3o Projetos de Ensino Projetos de Inicia\u00e7\u00e3o Cient\u00edfica &#8211; PIBIC &nbsp; PROJETOS DA FAD &#8211; 2020.1 Projetos de Pesquisa Projetos de Extens\u00e3o Projetos de Ensino Projetos de Inicia\u00e7\u00e3o Cient\u00edfica &#8211; [&hellip;]<\/p>\n","protected":false},"author":1,"featured_media":0,"parent":0,"menu_order":0,"comment_status":"closed","ping_status":"closed","template":"","meta":{"footnotes":""},"class_list":["post-364","page","type-page","status-publish","hentry"],"_links":{"self":[{"href":"https:\/\/portal.uern.br\/fad\/wp-json\/wp\/v2\/pages\/364","targetHints":{"allow":["GET"]}}],"collection":[{"href":"https:\/\/portal.uern.br\/fad\/wp-json\/wp\/v2\/pages"}],"about":[{"href":"https:\/\/portal.uern.br\/fad\/wp-json\/wp\/v2\/types\/page"}],"author":[{"embeddable":true,"href":"https:\/\/portal.uern.br\/fad\/wp-json\/wp\/v2\/users\/1"}],"replies":[{"embeddable":true,"href":"https:\/\/portal.uern.br\/fad\/wp-json\/wp\/v2\/comments?post=364"}],"version-history":[{"count":2,"href":"https:\/\/portal.uern.br\/fad\/wp-json\/wp\/v2\/pages\/364\/revisions"}],"predecessor-version":[{"id":387,"href":"https:\/\/portal.uern.br\/fad\/wp-json\/wp\/v2\/pages\/364\/revisions\/387"}],"wp:attachment":[{"href":"https:\/\/portal.uern.br\/fad\/wp-json\/wp\/v2\/media?parent=364"}],"curies":[{"name":"wp","href":"https:\/\/api.w.org\/{rel}","templated":true}]}}