{"id":361,"date":"2022-09-20T14:45:52","date_gmt":"2022-09-20T17:45:52","guid":{"rendered":"https:\/\/paisdemossoro.com.br\/wordpress\/fad\/?page_id=361"},"modified":"2022-09-20T14:45:52","modified_gmt":"2022-09-20T17:45:52","slug":"especializacao-em-direito-publico","status":"publish","type":"page","link":"https:\/\/portal.uern.br\/fad\/especializacao-em-direito-publico\/","title":{"rendered":"Especializa\u00e7\u00e3o em Direito P\u00fablico"},"content":{"rendered":"<h5>\u00a0\u00a0\u00a0\u00a0\u00a0\u00a0\u00a0 Documentos do Curso de Especializa\u00e7\u00e3o em Direito P\u00fablico<\/h5>\n<p>&nbsp;<\/p>\n<p>Sexta- feira, 6 de Julho de 2018<\/p>\n<p><a href=\"http:\/\/beta.apps.uern.br\/wordpress\/fad\/wp-content\/uploads\/2022\/09\/3764cronograma_especializaa\u00a7ao_direito_pablico.pdf\">Cronograma de aulas da Especializa\u00e7\u00e3o em Direito P\u00fablico &#8211; Atualizado<\/a><\/p>\n<p>Segunda-feira, 5 de Junho de 2017<\/p>\n<p>COMUNICADO prorroga\u00e7\u00e3o do per\u00edodo de matr\u00edculas<\/p>\n<p>Ter\u00e7a-feira, 9 de Maio de 2017<\/p>\n<p>Resultado final &#8211; Servidores aprovados para a P\u00f3s em Direito P\u00fablico (Mossor\u00f3)<\/p>\n<p>Ter\u00e7a-feira, 4 de Abril de 2017<\/p>\n<p>Resultado &#8211; Servidores convocados para entrevista (Mossor\u00f3).pdf<\/p>\n<p>Sexta-feira, 24 de Mar\u00e7o de 2017<\/p>\n<p>COMUNICADO adiamento do resultado da 2\u00aa etapa do curso<\/p>\n<p>Quarta-feira, 22 de Mar\u00e7o de 2017<\/p>\n<p>COMUNICADO adiamento do resultado da 2\u00aa\u00aa etapa do curso<\/p>\n<p>Quarta-feira, 8 de Mar\u00e7o de 2017<\/p>\n<p>Resultado 3\u00aa Chamada &#8211; Servidores habilitados pra avalia\u00e7\u00e3o presencial (Mossor\u00f3)<br \/>\nTer\u00e7a-feira, 17 de Janeiro de 2017<\/p>\n<p>CRONOGRAMA 2017 | Curso de Especializa\u00e7\u00e3o em Direito P\u00fablico &#8211; Mossor\u00f3<\/p>\n<p>Sexta-feira, 14 de Outubro de 2016<\/p>\n<p>COMUNICADO adia o curso para 2017<\/p>\n<p>Sexta-feira, 7 de Outubro de 2016<\/p>\n<p>Resultado 2\u00aa fase &#8211; Servidores habilitados para entrevista (Mossor\u00f3).pdf<\/p>\n<p>Quinta-feira, 29 de Setembro de 2016<\/p>\n<p>Resultado 2\u00aa Chamada &#8211; Servidores habilitados pra avalia\u00e7\u00e3o presencial (Mossor\u00f3)<\/p>\n<p>Quinta-feira, 1 de Setembro de 2016<\/p>\n<p>COMUNICADO altera prazo de inscri\u00e7\u00e3o Especializa\u00e7\u00e3o em Direito P\u00fablico (Mossor\u00f3)<\/p>\n<p>Quinta-feira, 1 de Setembro de 2016<\/p>\n<p>Resultado 1\u00aa fase &#8211; Servidores habilitados para avalia\u00e7\u00e3o presencial (Mossor\u00f3)<\/p>\n<p>Quinta-feira, 1 de Setembro de 2016<\/p>\n<p>Anexo IV &#8211; Autoriza\u00e7\u00e3o Desconto em Folha para Especializa\u00e7\u00e3o em Direito P\u00fablico<\/p>\n<p>Quinta-feira, 1 de Setembro de 2016<\/p>\n<p>Anexo III &#8211; Autoriza\u00e7\u00e3o Chefia para Curso de Especializa\u00e7\u00e3o em Direito P\u00fablico<\/p>\n<p>Quinta-feira, 1 de Setembro de 2016<\/p>\n<p>Anexo II &#8211; Termo de Compromisso para Curso de Especializa\u00e7\u00e3o em Direito P\u00fablico<\/p>\n<p>Quinta-feira, 1 de Setembro de 2016<\/p>\n<p>Edital N\u00ba003\/2016 &#8211; Especializa\u00e7\u00e3o em Direito P\u00fablico &#8211; turmas Natal Mossor\u00f3.pdf<\/p>\n","protected":false},"excerpt":{"rendered":"<p>\u00a0\u00a0\u00a0\u00a0\u00a0\u00a0\u00a0 Documentos do Curso de Especializa\u00e7\u00e3o em Direito P\u00fablico &nbsp; Sexta- feira, 6 de Julho de 2018 Cronograma de aulas da Especializa\u00e7\u00e3o em Direito P\u00fablico &#8211; Atualizado Segunda-feira, 5 de Junho de 2017 COMUNICADO prorroga\u00e7\u00e3o do per\u00edodo de matr\u00edculas Ter\u00e7a-feira, 9 de Maio de 2017 Resultado final &#8211; Servidores aprovados para a P\u00f3s em Direito [&hellip;]<\/p>\n","protected":false},"author":1,"featured_media":0,"parent":0,"menu_order":0,"comment_status":"closed","ping_status":"closed","template":"","meta":{"footnotes":""},"class_list":["post-361","page","type-page","status-publish","hentry"],"_links":{"self":[{"href":"https:\/\/portal.uern.br\/fad\/wp-json\/wp\/v2\/pages\/361","targetHints":{"allow":["GET"]}}],"collection":[{"href":"https:\/\/portal.uern.br\/fad\/wp-json\/wp\/v2\/pages"}],"about":[{"href":"https:\/\/portal.uern.br\/fad\/wp-json\/wp\/v2\/types\/page"}],"author":[{"embeddable":true,"href":"https:\/\/portal.uern.br\/fad\/wp-json\/wp\/v2\/users\/1"}],"replies":[{"embeddable":true,"href":"https:\/\/portal.uern.br\/fad\/wp-json\/wp\/v2\/comments?post=361"}],"version-history":[{"count":1,"href":"https:\/\/portal.uern.br\/fad\/wp-json\/wp\/v2\/pages\/361\/revisions"}],"predecessor-version":[{"id":363,"href":"https:\/\/portal.uern.br\/fad\/wp-json\/wp\/v2\/pages\/361\/revisions\/363"}],"wp:attachment":[{"href":"https:\/\/portal.uern.br\/fad\/wp-json\/wp\/v2\/media?parent=361"}],"curies":[{"name":"wp","href":"https:\/\/api.w.org\/{rel}","templated":true}]}}