{"id":350,"date":"2022-09-20T14:39:15","date_gmt":"2022-09-20T17:39:15","guid":{"rendered":"https:\/\/paisdemossoro.com.br\/wordpress\/fad\/?page_id=350"},"modified":"2022-09-20T14:39:15","modified_gmt":"2022-09-20T17:39:15","slug":"especializacao-em-direitos-humanos","status":"publish","type":"page","link":"https:\/\/portal.uern.br\/fad\/especializacao-em-direitos-humanos\/","title":{"rendered":"Especializa\u00e7\u00e3o em Direitos Humanos"},"content":{"rendered":"<h5>Especializa\u00e7\u00e3o em Direitos Humanos &#8211; 2020<\/h5>\n<ul>\n<li><a href=\"http:\/\/beta.apps.uern.br\/wordpress\/fad\/wp-content\/uploads\/2022\/09\/3051regimento_esp._direitos_humanos_2020.pdf\">Regimento do Curso<\/a><\/li>\n<li><a href=\"http:\/\/beta.apps.uern.br\/wordpress\/fad\/wp-content\/uploads\/2022\/09\/3051edital_001.2020_cedh.fad_.uern_abertura_inscria\u00a7a\u00b5es_esp._direitos_humanos.pdf\">Edital de Abertura<\/a><\/li>\n<li><a href=\"http:\/\/beta.apps.uern.br\/wordpress\/fad\/wp-content\/uploads\/2022\/09\/3051edital_03.2020_cedh_resultado_dispensa_entrevista_e_convoca_matra_culas.pdf\">Resultado, dispensa de entrevista e convoca\u00e7\u00e3o para matr\u00edculas\u00a0<\/a><\/li>\n<li><a href=\"http:\/\/beta.apps.uern.br\/wordpress\/fad\/wp-content\/uploads\/2022\/09\/3051edital_reingresso_2020.pdf\">Divulga Chamada para Reingresso &#8211; 08\/09\/2020<\/a><\/li>\n<li><a href=\"http:\/\/beta.apps.uern.br\/wordpress\/fad\/wp-content\/uploads\/2022\/09\/3051edital_005.pdf\">Informa a exist\u00eancia de vagas iniciais remanescentes &#8211; 08\/09\/2020<\/a><\/li>\n<\/ul>\n<p>&nbsp;<\/p>\n<h5>Faculdade de Direito divulga sele\u00e7\u00e3o para o Curso da Especializa\u00e7\u00e3o em Direitos Humanos &#8211; 2016<\/h5>\n<p>A coordena\u00e7\u00e3o do Curso da Especializa\u00e7\u00e3o em Direitos Humanos da Faculdade de Direito (FAD\/UERN) publica edital do processo seletivo para o preenchimento de vagas da 4\u00aa Edi\u00e7\u00e3o do Curso de Especializa\u00e7\u00e3o em Direitos Humanos.<\/p>\n<p>A Especializa\u00e7\u00e3o visa permitir a forma\u00e7\u00e3o complementar de agentes atuantes na \u00e1rea dos Direitos Humanos, possibilitando o aprofundamento e a fundamenta\u00e7\u00e3o cient\u00edfica sobre a tem\u00e1tica.<\/p>\n<p>S\u00e3o ofertadas 35 vagas. As inscri\u00e7\u00f5es dever\u00e3o ser efetuadas pessoalmente pelo interessado ou por procurador devidamente constitu\u00eddo por procura\u00e7\u00e3o particular (com firma reconhecida), nos dias \u00fateis do per\u00edodo de 24 a 28 de outubro de 2016, nos hor\u00e1rios de 8h \u00e0s 10h30 e das 19h \u00e0s 21h30, na Sala do Departamento de Direito (DED), situada da Faculdade de Direito (FAD),\u00a0Campus\u00a0Central.<\/p>\n<p><strong>Veja:\u00a0<\/strong><a href=\"http:\/\/beta.apps.uern.br\/wordpress\/fad\/wp-content\/uploads\/2022\/09\/EditalAberturaInscricoesEspecDireitosHumanos.pdf\">EDITAL<\/a><\/p>\n<p><a href=\"http:\/\/beta.apps.uern.br\/wordpress\/fad\/wp-content\/uploads\/2022\/09\/2701anexo_i_requerimento_de_inscria\u00a7ao_1.pdf\">Anexo I &#8211; Requerimento de Inscri\u00e7\u00e3o<\/a><\/p>\n<p><a href=\"http:\/\/beta.apps.uern.br\/wordpress\/fad\/wp-content\/uploads\/2022\/09\/2701anexo_ii_ficha_para_selea\u00a7ao.pdf\">Anexo II &#8211; Ficha para Sele\u00e7\u00e3o<\/a><\/p>\n<p><a href=\"http:\/\/beta.apps.uern.br\/wordpress\/fad\/wp-content\/uploads\/2022\/09\/2701anexo_iii_formula\u00a1rio_de_matra_cula.pdf\">Anexo III &#8211; Formul\u00e1rio de Matr\u00edcula<\/a><\/p>\n<p><strong>Mais informa\u00e7\u00f5es:<\/strong><br \/>\nTel. (84) 3315-2207, e-mail: ded@uern.br ou ded.uern@gmail.com<\/p>\n","protected":false},"excerpt":{"rendered":"<p>Especializa\u00e7\u00e3o em Direitos Humanos &#8211; 2020 Regimento do Curso Edital de Abertura Resultado, dispensa de entrevista e convoca\u00e7\u00e3o para matr\u00edculas\u00a0 Divulga Chamada para Reingresso &#8211; 08\/09\/2020 Informa a exist\u00eancia de vagas iniciais remanescentes &#8211; 08\/09\/2020 &nbsp; Faculdade de Direito divulga sele\u00e7\u00e3o para o Curso da Especializa\u00e7\u00e3o em Direitos Humanos &#8211; 2016 A coordena\u00e7\u00e3o do Curso [&hellip;]<\/p>\n","protected":false},"author":1,"featured_media":0,"parent":0,"menu_order":0,"comment_status":"closed","ping_status":"closed","template":"","meta":{"footnotes":""},"class_list":["post-350","page","type-page","status-publish","hentry"],"_links":{"self":[{"href":"https:\/\/portal.uern.br\/fad\/wp-json\/wp\/v2\/pages\/350","targetHints":{"allow":["GET"]}}],"collection":[{"href":"https:\/\/portal.uern.br\/fad\/wp-json\/wp\/v2\/pages"}],"about":[{"href":"https:\/\/portal.uern.br\/fad\/wp-json\/wp\/v2\/types\/page"}],"author":[{"embeddable":true,"href":"https:\/\/portal.uern.br\/fad\/wp-json\/wp\/v2\/users\/1"}],"replies":[{"embeddable":true,"href":"https:\/\/portal.uern.br\/fad\/wp-json\/wp\/v2\/comments?post=350"}],"version-history":[{"count":1,"href":"https:\/\/portal.uern.br\/fad\/wp-json\/wp\/v2\/pages\/350\/revisions"}],"predecessor-version":[{"id":360,"href":"https:\/\/portal.uern.br\/fad\/wp-json\/wp\/v2\/pages\/350\/revisions\/360"}],"wp:attachment":[{"href":"https:\/\/portal.uern.br\/fad\/wp-json\/wp\/v2\/media?parent=350"}],"curies":[{"name":"wp","href":"https:\/\/api.w.org\/{rel}","templated":true}]}}