{"id":328,"date":"2022-09-20T14:27:56","date_gmt":"2022-09-20T17:27:56","guid":{"rendered":"https:\/\/paisdemossoro.com.br\/wordpress\/fad\/?page_id=328"},"modified":"2023-08-14T17:44:27","modified_gmt":"2023-08-14T20:44:27","slug":"coordenacao-de-monografia","status":"publish","type":"page","link":"https:\/\/portal.uern.br\/fad\/coordenacao-de-monografia\/","title":{"rendered":"Coordena\u00e7\u00e3o de Monografia"},"content":{"rendered":"<p>O Trabalho de Curso, componente curricular obrigat\u00f3rio, objetiva demonstrar o grau de habilita\u00e7\u00e3o adquirido e o aprofundamento tem\u00e1tico alcan\u00e7ado, o aprimoramento da capacidade de interpreta\u00e7\u00e3o e cr\u00edtica, bem como habilidade de proceder a uma correta investiga\u00e7\u00e3o de uma tem\u00e1tica.<\/p>\n<p>Consiste em pesquisa individual orientada, relatada sob forma de monografia, defendida perante banca examinadora, conforme previs\u00e3o do Regulamento do Curso.<br \/>\nA matr\u00edcula na disciplina Trabalho de Curso, ofertada no 9\u00ba per\u00edodo est\u00e1 pr\u00e9-condicionada \u00e0 aprova\u00e7\u00e3o na disciplina de Metodologia Cient\u00edfica, ofertada no 1\u00ba per\u00edodo e do cumprimento de, pelo menos, cinquenta por cento da carga hor\u00e1ria total do curso, tendo por objetivo conduzir os\/as Alunos\/as \u00e0 elabora\u00e7\u00e3o do projeto monogr\u00e1fico.<\/p>\n<h5>Semestre 2023.1<\/h5>\n<p>Cronograma de Defesa de Monografia 2023.1<\/p>\n","protected":false},"excerpt":{"rendered":"<p>O Trabalho de Curso, componente curricular obrigat\u00f3rio, objetiva demonstrar o grau de habilita\u00e7\u00e3o adquirido e o aprofundamento tem\u00e1tico alcan\u00e7ado, o aprimoramento da capacidade de interpreta\u00e7\u00e3o e cr\u00edtica, bem como habilidade de proceder a uma correta investiga\u00e7\u00e3o de uma tem\u00e1tica. Consiste em pesquisa individual orientada, relatada sob forma de monografia, defendida perante banca examinadora, conforme previs\u00e3o [&hellip;]<\/p>\n","protected":false},"author":1,"featured_media":0,"parent":0,"menu_order":0,"comment_status":"closed","ping_status":"closed","template":"","meta":{"footnotes":""},"class_list":["post-328","page","type-page","status-publish","hentry"],"_links":{"self":[{"href":"https:\/\/portal.uern.br\/fad\/wp-json\/wp\/v2\/pages\/328","targetHints":{"allow":["GET"]}}],"collection":[{"href":"https:\/\/portal.uern.br\/fad\/wp-json\/wp\/v2\/pages"}],"about":[{"href":"https:\/\/portal.uern.br\/fad\/wp-json\/wp\/v2\/types\/page"}],"author":[{"embeddable":true,"href":"https:\/\/portal.uern.br\/fad\/wp-json\/wp\/v2\/users\/1"}],"replies":[{"embeddable":true,"href":"https:\/\/portal.uern.br\/fad\/wp-json\/wp\/v2\/comments?post=328"}],"version-history":[{"count":7,"href":"https:\/\/portal.uern.br\/fad\/wp-json\/wp\/v2\/pages\/328\/revisions"}],"predecessor-version":[{"id":1373,"href":"https:\/\/portal.uern.br\/fad\/wp-json\/wp\/v2\/pages\/328\/revisions\/1373"}],"wp:attachment":[{"href":"https:\/\/portal.uern.br\/fad\/wp-json\/wp\/v2\/media?parent=328"}],"curies":[{"name":"wp","href":"https:\/\/api.w.org\/{rel}","templated":true}]}}