{"id":299,"date":"2022-09-19T11:14:20","date_gmt":"2022-09-19T14:14:20","guid":{"rendered":"https:\/\/paisdemossoro.com.br\/wordpress\/fad\/?page_id=299"},"modified":"2022-09-19T11:14:20","modified_gmt":"2022-09-19T14:14:20","slug":"nucleo-de-pratica-juridica","status":"publish","type":"page","link":"https:\/\/portal.uern.br\/fad\/nucleo-de-pratica-juridica\/","title":{"rendered":"N\u00facleo de Pr\u00e1tica Jur\u00eddica"},"content":{"rendered":"","protected":false},"excerpt":{"rendered":"","protected":false},"author":1,"featured_media":0,"parent":0,"menu_order":0,"comment_status":"closed","ping_status":"closed","template":"","meta":{"footnotes":""},"class_list":["post-299","page","type-page","status-publish","hentry"],"_links":{"self":[{"href":"https:\/\/portal.uern.br\/fad\/wp-json\/wp\/v2\/pages\/299","targetHints":{"allow":["GET"]}}],"collection":[{"href":"https:\/\/portal.uern.br\/fad\/wp-json\/wp\/v2\/pages"}],"about":[{"href":"https:\/\/portal.uern.br\/fad\/wp-json\/wp\/v2\/types\/page"}],"author":[{"embeddable":true,"href":"https:\/\/portal.uern.br\/fad\/wp-json\/wp\/v2\/users\/1"}],"replies":[{"embeddable":true,"href":"https:\/\/portal.uern.br\/fad\/wp-json\/wp\/v2\/comments?post=299"}],"version-history":[{"count":1,"href":"https:\/\/portal.uern.br\/fad\/wp-json\/wp\/v2\/pages\/299\/revisions"}],"predecessor-version":[{"id":300,"href":"https:\/\/portal.uern.br\/fad\/wp-json\/wp\/v2\/pages\/299\/revisions\/300"}],"wp:attachment":[{"href":"https:\/\/portal.uern.br\/fad\/wp-json\/wp\/v2\/media?parent=299"}],"curies":[{"name":"wp","href":"https:\/\/api.w.org\/{rel}","templated":true}]}}