{"id":294,"date":"2022-09-19T11:13:36","date_gmt":"2022-09-19T14:13:36","guid":{"rendered":"https:\/\/paisdemossoro.com.br\/wordpress\/fad\/?page_id=294"},"modified":"2022-09-19T11:13:36","modified_gmt":"2022-09-19T14:13:36","slug":"carb","status":"publish","type":"page","link":"https:\/\/portal.uern.br\/fad\/carb\/","title":{"rendered":"CARB"},"content":{"rendered":"<h5>Assist\u00eancia e Direitos do Estudante<\/h5>\n<p>A UERN, atrav\u00e9s do Departamento de Assuntos Estudantis (DAE), disp\u00f5e de diversos programas de incentivos a vida estudantil, que servem de apoio \u00e0s atividades desempenhadas por todos os discentes que utilizam os servi\u00e7os desta universidade.<\/p>\n<p>\u00c9 observado tamb\u00e9m pelo DAE os direitos relativos ao v\u00ednculo com a UERN, onde os estudantes possuem respaldo em resolu\u00e7\u00f5es e leis que buscam atender suas necessidades, amparando-os durante sua viv\u00eancia na universidade.<\/p>\n<p>Para maiores informa\u00e7\u00f5es e\/ou detalhamentos acerca destes assuntos acesse o portal do DAE\u00a0http:\/\/www.di.uern.br\/dae\/<\/p>\n<h5>Movimento Estudantil<\/h5>\n<p>Uma parte importante da vida acad\u00eamica dos alunos s\u00e3o as entidades estudantis presentes na universidade. Essas organizam atividades acad\u00eamicas extra-curriculares como debates, discuss\u00f5es, palestras, semanas tem\u00e1ticas, recep\u00e7\u00e3o de calouros e realiza\u00e7\u00e3o de projetos de extens\u00e3o; encaminhamento, mobiliza\u00e7\u00e3o e organiza\u00e7\u00e3o de reivindica\u00e7\u00f5es e a\u00e7\u00f5es pol\u00edticas dos estudantes; media\u00e7\u00e3o de negocia\u00e7\u00f5es e conflitos individuais e coletivos entre estudantes e a faculdade; realiza\u00e7\u00e3o de atividades culturais como feiras de livros, festivais diversos, entre outros.<\/p>\n<p>Abaixo, encontra-se uma rela\u00e7\u00e3o constando informa\u00e7\u00f5es do Diret\u00f3rio Central dos Estudantes (DCE) da UERN e do Centro Acad\u00eamico (CA) do curso de Direito, com seus respectivos membros e contatos de e-mail e telefone.<\/p>\n<h5>Diret\u00f3rio Central dos Estudantes (DCE)<\/h5>\n<p><strong>E-mail:<\/strong>\u00a0dceuern@hotmail.com<\/p>\n<h5>Centro Acad\u00eamico do Curso de Direito<\/h5>\n<p><strong>Diretor de Coordena\u00e7\u00e3o Geral<\/strong><\/p>\n<ul>\n<li>Henrique Carlos de Brito<\/li>\n<\/ul>\n<p>&nbsp;<\/p>\n<p><strong>Secret\u00e1ria Geral<\/strong><\/p>\n<ul>\n<li>\u00a0Gabriela Oliveira Farias<\/li>\n<\/ul>\n<p>&nbsp;<\/p>\n<p><strong>Secret\u00e1ria Geral\u00a0Adjunta<\/strong><\/p>\n<ul>\n<li>Vanessa Fernandes Monteiro<\/li>\n<\/ul>\n<p>&nbsp;<\/p>\n<p><strong>Diretora de Assuntos Jur\u00eddicos<\/strong><\/p>\n<ul>\n<li>Louise Rochelly Almeida e Moura<\/li>\n<\/ul>\n<p>&nbsp;<\/p>\n<p><strong>Diretora de Assuntos Jur\u00eddicos Adjunta<\/strong><\/p>\n<ul>\n<li>Let\u00edcia Albuquerque da Silva<\/li>\n<\/ul>\n<p>&nbsp;<\/p>\n<p><strong>Diretora de Cultura<\/strong><\/p>\n<ul>\n<li>Anne Louine Faheina Agra<\/li>\n<\/ul>\n<p>&nbsp;<\/p>\n<p><strong>Diretora de Cultura Adjunta<\/strong><\/p>\n<ul>\n<li>Danielle Ferreira Nunes<\/li>\n<\/ul>\n<p>&nbsp;<\/p>\n<p><strong>Diretora de Ensino, Pesquisa e Extens\u00e3o<\/strong><\/p>\n<ul>\n<li>Nathalia Maria Xavier Costa<\/li>\n<\/ul>\n<p>&nbsp;<\/p>\n<p><strong>Diretor de Ensino, Pesquisa e Extens\u00e3o Adjunto<\/strong><\/p>\n<ul>\n<li>Valdenis Rufino Ferreira<\/li>\n<\/ul>\n<p>&nbsp;<\/p>\n<p><strong>Diretor de Marketing\u00a0\u00a0\u00a0\u00a0\u00a0<\/strong><\/p>\n<ul>\n<li>Caique Jos\u00e9 de Souza Freitas<\/li>\n<\/ul>\n<p>&nbsp;<\/p>\n<p><strong>Diretora de Marketing Adjunta<\/strong><\/p>\n<ul>\n<li>Heloisa Beatriz Rabelo Holanda<\/li>\n<\/ul>\n<p>&nbsp;<\/p>\n<p><strong>Diretora de Finan\u00e7as<\/strong><\/p>\n<ul>\n<li>Gabriela Cinthia de Oliveira Paiva<\/li>\n<\/ul>\n<p>&nbsp;<\/p>\n<p><strong>Diretora de Finan\u00e7as Adjunta<\/strong><\/p>\n<ul>\n<li>Isabelle Nascimento da Silva Ara\u00fajo<\/li>\n<\/ul>\n<p>&nbsp;<\/p>\n<p><strong>Diretora de Infraestrutura e Acessibilidade<\/strong><\/p>\n<ul>\n<li>Let\u00edcia Santiago Farias<\/li>\n<\/ul>\n<p>&nbsp;<\/p>\n<p><strong>Diretora de Infraestrutura e Acessibilidade Adjunta<\/strong><\/p>\n<ul>\n<li>\u00a0Ana Clara Machado Ferreira Dias<\/li>\n<\/ul>\n<p>Avalia\u00e7\u00e3o Institucional<br \/>\nA avalia\u00e7\u00e3o institucional \u00e9 uma atividade realizada a cada quatro anos pela Assessoria de Avalia\u00e7\u00e3o Institucional.<\/p>\n<p>Mais informa\u00e7\u00f5es acesse:<\/p>\n<h5>\n<p>Lista de Distribui\u00e7\u00e3o<\/h5>\n<p>Os alunos da Faculdade de Direito que t\u00eam interesse em receber informa\u00e7\u00f5es via e-mail podem cadastrar-se na lista de distribui\u00e7\u00e3o enviando e-mail para\u00a0alunos.fad-subscribe@uern.br, caso desejem deixar de participar da lista \u00e9 s\u00f3 enviar e-mail para\u00a0alunos.fad-unsubscribe@uern.br\u00a0.<\/p>\n<h5>\n<p>Est\u00e1gio n\u00e3o obrigat\u00f3rio<\/h5>\n<p>Os est\u00e1gios n\u00e3o obrigat\u00f3rios precisam de um professor orientador para assinatura do conv\u00eanio, segue abaixo a distribui\u00e7\u00e3o dos professores para o semestre 2016.<\/p>\n<p><a href=\"http:\/\/beta.apps.uern.br\/wordpress\/fad\/wp-content\/uploads\/2022\/09\/2742estagio_nao_obrigatorio.pdf\">Quadro-Est\u00e1gio n\u00e3o obrigat\u00f3rio<\/a><\/p>\n<h5>\n<p>Apresenta\u00e7\u00e3o do Curso de Direito<\/h5>\n<p>Segue link com uma breve apresenta\u00e7\u00e3o do curso de direito.<\/p>\n<p><a href=\"https:\/\/prezi.com\/imzy-yqgok-2\/universidade-do-estado-do-rio-grande-do-norte\/?utm_campaign=share&amp;utm_medium=copyr\">Slides online<\/a><\/p>\n","protected":false},"excerpt":{"rendered":"<p>Assist\u00eancia e Direitos do Estudante A UERN, atrav\u00e9s do Departamento de Assuntos Estudantis (DAE), disp\u00f5e de diversos programas de incentivos a vida estudantil, que servem de apoio \u00e0s atividades desempenhadas por todos os discentes que utilizam os servi\u00e7os desta universidade. \u00c9 observado tamb\u00e9m pelo DAE os direitos relativos ao v\u00ednculo com a UERN, onde os [&hellip;]<\/p>\n","protected":false},"author":1,"featured_media":0,"parent":0,"menu_order":0,"comment_status":"closed","ping_status":"closed","template":"","meta":{"footnotes":""},"class_list":["post-294","page","type-page","status-publish","hentry"],"_links":{"self":[{"href":"https:\/\/portal.uern.br\/fad\/wp-json\/wp\/v2\/pages\/294","targetHints":{"allow":["GET"]}}],"collection":[{"href":"https:\/\/portal.uern.br\/fad\/wp-json\/wp\/v2\/pages"}],"about":[{"href":"https:\/\/portal.uern.br\/fad\/wp-json\/wp\/v2\/types\/page"}],"author":[{"embeddable":true,"href":"https:\/\/portal.uern.br\/fad\/wp-json\/wp\/v2\/users\/1"}],"replies":[{"embeddable":true,"href":"https:\/\/portal.uern.br\/fad\/wp-json\/wp\/v2\/comments?post=294"}],"version-history":[{"count":3,"href":"https:\/\/portal.uern.br\/fad\/wp-json\/wp\/v2\/pages\/294\/revisions"}],"predecessor-version":[{"id":298,"href":"https:\/\/portal.uern.br\/fad\/wp-json\/wp\/v2\/pages\/294\/revisions\/298"}],"wp:attachment":[{"href":"https:\/\/portal.uern.br\/fad\/wp-json\/wp\/v2\/media?parent=294"}],"curies":[{"name":"wp","href":"https:\/\/api.w.org\/{rel}","templated":true}]}}