{"id":292,"date":"2022-09-19T11:08:03","date_gmt":"2022-09-19T14:08:03","guid":{"rendered":"https:\/\/paisdemossoro.com.br\/wordpress\/fad\/?page_id=292"},"modified":"2025-08-18T17:09:51","modified_gmt":"2025-08-18T20:09:51","slug":"requerimentos","status":"publish","type":"page","link":"https:\/\/portal.uern.br\/fad\/requerimentos\/","title":{"rendered":"Requerimentos"},"content":{"rendered":"<p>&nbsp;<\/p>\n<ul style=\"list-style-type: circle\">\n<li><a href=\"https:\/\/portal.uern.br\/fad\/wp-content\/uploads\/2025\/08\/Requerimento-segunda-chamada-encaminhar-aluno-2025.2-Pagina-FAD.pdf\"><span style=\"font-family: 'times new roman', times, serif;font-size: 12pt\">Requerimento de Segunda Chamada &#8211; PDF<\/span><\/a><\/li>\n<li><span style=\"font-family: 'times new roman', times, serif;font-size: 12pt\"><a href=\"https:\/\/portal.uern.br\/fad\/wp-content\/uploads\/2025\/08\/Requerimento-segunda-chamada-encaminhar-aluno-2025.2-Pagina-FAD.docx\">Requerimento de Segunda Chamada &#8211; Word<\/a><\/span><\/li>\n<li><span style=\"font-family: 'times new roman', times, serif;font-size: 12pt\">Encaminhar requerimento preenchido e assinado ao e-mail: fad@uern.br<\/span><\/li>\n<\/ul>\n<p>&nbsp;<\/p>\n<p><span style=\"font-family: 'times new roman', times, serif;font-size: 12pt\"><a href=\"https:\/\/portal.uern.br\/regimento-geral\/\">Regimento Geral\u00a0da UERN<\/a><\/span><\/p>\n<p><span style=\"font-family: 'times new roman', times, serif;font-size: 12pt\">Aprovado pela Resolu\u00e7\u00e3o N.\u00ba 01\/2022 &#8211; Consuni, de 8 de fevereiro de 2022, e publicado no Jouern do dia 11 de fevereiro de 2022:<\/span><\/p>\n<p style=\"text-align: center\"><span style=\"font-family: 'times new roman', times, serif;font-size: 12pt\">Subse\u00e7\u00e3o V<\/span><\/p>\n<p style=\"text-align: center\"><span style=\"font-family: 'times new roman', times, serif;font-size: 12pt\">Da Avalia\u00e7\u00e3o do Rendimento Acad\u00eamico<\/span><\/p>\n<p><span style=\"font-family: 'times new roman', times, serif;font-size: 12pt\">(&#8230;)<\/span><\/p>\n<p><span style=\"font-family: 'times new roman', times, serif;font-size: 12pt\">Art. 141. O(A) discente que faltar ou deixar de realizar qualquer uma das avalia\u00e7\u00f5es poder\u00e1 solicitar, no prazo de dois dias \u00fateis, na secretaria do departamento que oferta o componente curricular, a oportunidade de realiz\u00e1-la em segunda chamada.<\/span><\/p>\n<p><span style=\"font-family: 'times new roman', times, serif;font-size: 12pt\">\u00a71\u00ba O requerimento dever\u00e1 ser justificado, cabendo ao(\u00e0) professor(a) do componente emitir decis\u00e3o.<\/span><\/p>\n<p><span style=\"font-family: 'times new roman', times, serif;font-size: 12pt\">\u00a7 2\u00ba Caso a decis\u00e3o seja favor\u00e1vel, o(a) professor(a) j\u00e1 dever\u00e1, no prazo m\u00e1ximo de cinco dias \u00fateis, informar a data de realiza\u00e7\u00e3o da segunda chamada, que poder\u00e1 ocorrer em at\u00e9 15 dias \u00fateis.<\/span><\/p>\n<p><span style=\"font-family: 'times new roman', times, serif;font-size: 12pt\">\u00a7 3\u00ba Caso a decis\u00e3o seja desfavor\u00e1vel, o(a) discente poder\u00e1 interpor recurso ao Colegiado do Departamento, no prazo de cinco dias \u00fateis.<\/span><\/p>\n<p><span style=\"font-family: 'times new roman', times, serif;font-size: 12pt\">(&#8230;)<\/span><\/p>\n<p>&nbsp;<\/p>\n","protected":false},"excerpt":{"rendered":"<p>&nbsp; Requerimento de Segunda Chamada &#8211; PDF Requerimento de Segunda Chamada &#8211; Word Encaminhar requerimento preenchido e assinado ao e-mail: fad@uern.br &nbsp; Regimento Geral\u00a0da UERN Aprovado pela Resolu\u00e7\u00e3o N.\u00ba 01\/2022 &#8211; Consuni, de 8 de fevereiro de 2022, e publicado no Jouern do dia 11 de fevereiro de 2022: Subse\u00e7\u00e3o V Da Avalia\u00e7\u00e3o do Rendimento [&hellip;]<\/p>\n","protected":false},"author":1,"featured_media":0,"parent":0,"menu_order":0,"comment_status":"closed","ping_status":"closed","template":"","meta":{"footnotes":""},"class_list":["post-292","page","type-page","status-publish","hentry"],"_links":{"self":[{"href":"https:\/\/portal.uern.br\/fad\/wp-json\/wp\/v2\/pages\/292","targetHints":{"allow":["GET"]}}],"collection":[{"href":"https:\/\/portal.uern.br\/fad\/wp-json\/wp\/v2\/pages"}],"about":[{"href":"https:\/\/portal.uern.br\/fad\/wp-json\/wp\/v2\/types\/page"}],"author":[{"embeddable":true,"href":"https:\/\/portal.uern.br\/fad\/wp-json\/wp\/v2\/users\/1"}],"replies":[{"embeddable":true,"href":"https:\/\/portal.uern.br\/fad\/wp-json\/wp\/v2\/comments?post=292"}],"version-history":[{"count":32,"href":"https:\/\/portal.uern.br\/fad\/wp-json\/wp\/v2\/pages\/292\/revisions"}],"predecessor-version":[{"id":1726,"href":"https:\/\/portal.uern.br\/fad\/wp-json\/wp\/v2\/pages\/292\/revisions\/1726"}],"wp:attachment":[{"href":"https:\/\/portal.uern.br\/fad\/wp-json\/wp\/v2\/media?parent=292"}],"curies":[{"name":"wp","href":"https:\/\/api.w.org\/{rel}","templated":true}]}}