{"id":255,"date":"2022-09-19T10:52:03","date_gmt":"2022-09-19T13:52:03","guid":{"rendered":"https:\/\/paisdemossoro.com.br\/wordpress\/fad\/?page_id=255"},"modified":"2022-09-19T10:52:03","modified_gmt":"2022-09-19T13:52:03","slug":"orientacao-academica","status":"publish","type":"page","link":"https:\/\/portal.uern.br\/fad\/orientacao-academica\/","title":{"rendered":"Orienta\u00e7\u00e3o Acad\u00eamica"},"content":{"rendered":"<p><strong>Semestre 2021.1<\/strong><\/p>\n<ul>\n<li><a href=\"http:\/\/beta.apps.uern.br\/wordpress\/fad\/wp-content\/uploads\/2022\/09\/613008_11_2021_resultado_final.pdf\">Resultado Final<\/a> &#8211; 08\/11\/2021<\/li>\n<li><a href=\"http:\/\/beta.apps.uern.br\/wordpress\/fad\/wp-content\/uploads\/2022\/09\/6130horas_complementares.pdf\">Resultado Preliminar<\/a> &#8211; 04\/11\/2021<\/li>\n<li><a href=\"http:\/\/beta.apps.uern.br\/wordpress\/fad\/wp-content\/uploads\/2022\/09\/613005_10_2021._edital_n.a_005_2021_orientaci\u00a7ai\u0192o_acadei\u201amica_atividades_complementares_semestre_2021.1_retificaci\u00a7ai\u0192o_comassinaturas.pdf\">Aditivo ao Edital de Abertura<\/a> &#8211; 05\/10\/2021<\/li>\n<li><a href=\"http:\/\/beta.apps.uern.br\/wordpress\/fad\/wp-content\/uploads\/2022\/09\/613001_10_2021._orientaa\u00a7ao_acadamica._depa\u00b3sito_de_documento..pdf\">Edital de abertura do processo de apresenta\u00e7\u00e3o e dep\u00f3sito de documentos para comprova\u00e7\u00e3o do cumprimento das Atividades Complementares<\/a> &#8211; 01\/10\/2021<\/li>\n<\/ul>\n<p>&nbsp;<\/p>\n<p><strong>Semestre 2020.2<\/strong><\/p>\n<ul>\n<li><a href=\"http:\/\/beta.apps.uern.br\/wordpress\/fad\/wp-content\/uploads\/2022\/09\/6130resultado_final._07_06_2021.pdf\">Edital 03\/2021 &#8211; Resultado Final do processo de apresenta\u00e7\u00e3o e dep\u00f3sito de documentos para comprova\u00e7\u00e3o do cumprimento das horas referentes \u00e0s Atividades Complementares<\/a> &#8211; 07-06-2021<\/li>\n<li><a href=\"http:\/\/beta.apps.uern.br\/wordpress\/fad\/wp-content\/uploads\/2022\/09\/613004_06_21edital_resultado_preliminar._orientacao_acadamica.pdf\">Edital 02\/2021 &#8211; Resultado preliminar das valida\u00e7\u00f5es efetuadas e delig\u00eancias solicitadas para comprova\u00e7\u00e3o\/finaliza\u00e7\u00e3o do cumprimento das atividades complementares<\/a> &#8211; 01\/06\/2021<\/li>\n<li><a href=\"http:\/\/beta.apps.uern.br\/wordpress\/fad\/wp-content\/uploads\/2022\/09\/6130orientaa\u00a7ao_acadamica_08_04_2021.pdf\">Edital 01\/2021<\/a> &#8211; 08\/04\/2021<\/li>\n<\/ul>\n<p>&nbsp;<\/p>\n<p><strong>Semestre 2020.1<\/strong><\/p>\n<ul>\n<li><a href=\"http:\/\/beta.apps.uern.br\/wordpress\/fad\/wp-content\/uploads\/2022\/09\/6130enviando_por_email_edital_n.a_004_2020_orientacao_academica_atividades_complementares_resultadofinal_manha_e_noite_parapublicaci\u00a7ai\u0192o.pdf\">Resultado Final<\/a> &#8211; 18\/12\/2020<\/li>\n<li><a href=\"http:\/\/beta.apps.uern.br\/wordpress\/fad\/wp-content\/uploads\/2022\/09\/6130edital_n.a_003_2020_orientaa\u00a7ao_acadamica.pdf\">Resultado Preliminar<\/a> &#8211; 16\/12\/2020<\/li>\n<li><a href=\"http:\/\/beta.apps.uern.br\/wordpress\/fad\/wp-content\/uploads\/2022\/09\/6130retificaa\u00a7ao._edital_0022020._atividades_complementares.pdf\">Edital 002\/2020<\/a> &#8211; Retifica\u00e7\u00e3o do Edital 001\/2020 &#8211; 03\/12\/2020<\/li>\n<li><a href=\"http:\/\/beta.apps.uern.br\/wordpress\/fad\/wp-content\/uploads\/2022\/09\/6130edital._orientaa\u00a7ao_acadamica..pdf\">Edital 001\/2020<\/a> &#8211; 27\/11\/2020<\/li>\n<li><a href=\"http:\/\/beta.apps.uern.br\/wordpress\/fad\/wp-content\/uploads\/2022\/09\/6130anexo._orientaa\u00a7ao_acadamica..pdf\">Anexo<\/a> &#8211; Requerimento &#8211; 27\/11\/2020<\/li>\n<\/ul>\n","protected":false},"excerpt":{"rendered":"<p>Semestre 2021.1 Resultado Final &#8211; 08\/11\/2021 Resultado Preliminar &#8211; 04\/11\/2021 Aditivo ao Edital de Abertura &#8211; 05\/10\/2021 Edital de abertura do processo de apresenta\u00e7\u00e3o e dep\u00f3sito de documentos para comprova\u00e7\u00e3o do cumprimento das Atividades Complementares &#8211; 01\/10\/2021 &nbsp; Semestre 2020.2 Edital 03\/2021 &#8211; Resultado Final do processo de apresenta\u00e7\u00e3o e dep\u00f3sito de documentos para comprova\u00e7\u00e3o [&hellip;]<\/p>\n","protected":false},"author":1,"featured_media":0,"parent":0,"menu_order":0,"comment_status":"closed","ping_status":"closed","template":"","meta":{"footnotes":""},"class_list":["post-255","page","type-page","status-publish","hentry"],"_links":{"self":[{"href":"https:\/\/portal.uern.br\/fad\/wp-json\/wp\/v2\/pages\/255","targetHints":{"allow":["GET"]}}],"collection":[{"href":"https:\/\/portal.uern.br\/fad\/wp-json\/wp\/v2\/pages"}],"about":[{"href":"https:\/\/portal.uern.br\/fad\/wp-json\/wp\/v2\/types\/page"}],"author":[{"embeddable":true,"href":"https:\/\/portal.uern.br\/fad\/wp-json\/wp\/v2\/users\/1"}],"replies":[{"embeddable":true,"href":"https:\/\/portal.uern.br\/fad\/wp-json\/wp\/v2\/comments?post=255"}],"version-history":[{"count":2,"href":"https:\/\/portal.uern.br\/fad\/wp-json\/wp\/v2\/pages\/255\/revisions"}],"predecessor-version":[{"id":269,"href":"https:\/\/portal.uern.br\/fad\/wp-json\/wp\/v2\/pages\/255\/revisions\/269"}],"wp:attachment":[{"href":"https:\/\/portal.uern.br\/fad\/wp-json\/wp\/v2\/media?parent=255"}],"curies":[{"name":"wp","href":"https:\/\/api.w.org\/{rel}","templated":true}]}}