{"id":244,"date":"2022-09-19T10:45:44","date_gmt":"2022-09-19T13:45:44","guid":{"rendered":"https:\/\/paisdemossoro.com.br\/wordpress\/fad\/?page_id=244"},"modified":"2022-09-19T10:45:44","modified_gmt":"2022-09-19T13:45:44","slug":"revista-lampiar","status":"publish","type":"page","link":"https:\/\/portal.uern.br\/fad\/revista-lampiar\/","title":{"rendered":"Revista Lampiar"},"content":{"rendered":"<p><strong>Editais &#8211; 2022<\/strong><\/p>\n<ul>\n<li><a href=\"http:\/\/beta.apps.uern.br\/wordpress\/fad\/wp-content\/uploads\/2022\/09\/6215resultado_final_prosel_lampiar_2022.pdf\">Edital<\/a> &#8211; Resultado Final<\/li>\n<li><a href=\"http:\/\/beta.apps.uern.br\/wordpress\/fad\/wp-content\/uploads\/2022\/09\/6215errata_prosel_lampiar_2022._oito_de_seis.pdf\">Edital &#8211; N\u00b0 02\/2022<\/a> &#8211; Errata ao Edital n\u00ba 02\/2022 &#8211; Projeto de Extens\u00e3o Lampiar<\/li>\n<li><a href=\"http:\/\/beta.apps.uern.br\/wordpress\/fad\/wp-content\/uploads\/2022\/09\/6215edital_prosel_lampiar_2022_seis_de_junho.pdf\">Edital &#8211; N\u00b0 02\/2022<\/a> &#8211; Sele\u00e7\u00e3o de Novos Membros &#8211; Projeto de Extens\u00e3o Lampiar<\/li>\n<li><a href=\"http:\/\/beta.apps.uern.br\/wordpress\/fad\/wp-content\/uploads\/2022\/09\/6215resultado_parcial_lampiar_25.04.2025.docx.pdf\">Edital &#8211;<\/a> Resultado Parcial &#8211; 25\/04\/2022<\/li>\n<li><a href=\"http:\/\/beta.apps.uern.br\/wordpress\/fad\/wp-content\/uploads\/2022\/09\/6215entrevistas_revista_lampiar_18.04.2022.docx.pdf\">Edital<\/a> &#8211; entrevistas &#8211; 18\/04\/2022<\/li>\n<li><a href=\"http:\/\/beta.apps.uern.br\/wordpress\/fad\/wp-content\/uploads\/2022\/09\/6215edital_de_bolsas_proex_lampiar_04.04.2022.docx.pdf\">EDITAL N\u00ba 01\/2022<\/a> &#8211; Projeto de Extens\u00e3o &#8211; Bolsas &#8211; 04\/04\/2022<\/li>\n<\/ul>\n<h5>Edital de Submiss\u00e3o de Trabalhos Cient\u00edficos e Art\u00edsticos\u00a0&#8211; 03\/11\/2021<\/h5>\n<p><strong>Sele\u00e7\u00e3o de Discentes &#8211; 2020.2 e 2021.1<\/strong><\/p>\n<ul>\n<li><a href=\"http:\/\/beta.apps.uern.br\/wordpress\/fad\/wp-content\/uploads\/2022\/09\/6215resultado_final._revista_lampiar.pdf\">Resultado Final<\/a> &#8211; 15\/03\/2021<\/li>\n<li><a href=\"http:\/\/beta.apps.uern.br\/wordpress\/fad\/wp-content\/uploads\/2022\/09\/6215aditivo_ao_edital_01_2021.pdf\">Aditivo ao Edital 01\/2021<\/a> &#8211; 23\/02\/2021<\/li>\n<li><a href=\"http:\/\/beta.apps.uern.br\/wordpress\/fad\/wp-content\/uploads\/2022\/09\/6215edital_processo_seletivo_lampiar_versao_final.pdf\">Edital 01\/2021<\/a> &#8211; 18\/02\/2021<\/li>\n<\/ul>\n","protected":false},"excerpt":{"rendered":"<p>Editais &#8211; 2022 Edital &#8211; Resultado Final Edital &#8211; N\u00b0 02\/2022 &#8211; Errata ao Edital n\u00ba 02\/2022 &#8211; Projeto de Extens\u00e3o Lampiar Edital &#8211; N\u00b0 02\/2022 &#8211; Sele\u00e7\u00e3o de Novos Membros &#8211; Projeto de Extens\u00e3o Lampiar Edital &#8211; Resultado Parcial &#8211; 25\/04\/2022 Edital &#8211; entrevistas &#8211; 18\/04\/2022 EDITAL N\u00ba 01\/2022 &#8211; Projeto de Extens\u00e3o &#8211; [&hellip;]<\/p>\n","protected":false},"author":1,"featured_media":0,"parent":0,"menu_order":0,"comment_status":"closed","ping_status":"closed","template":"","meta":{"footnotes":""},"class_list":["post-244","page","type-page","status-publish","hentry"],"_links":{"self":[{"href":"https:\/\/portal.uern.br\/fad\/wp-json\/wp\/v2\/pages\/244","targetHints":{"allow":["GET"]}}],"collection":[{"href":"https:\/\/portal.uern.br\/fad\/wp-json\/wp\/v2\/pages"}],"about":[{"href":"https:\/\/portal.uern.br\/fad\/wp-json\/wp\/v2\/types\/page"}],"author":[{"embeddable":true,"href":"https:\/\/portal.uern.br\/fad\/wp-json\/wp\/v2\/users\/1"}],"replies":[{"embeddable":true,"href":"https:\/\/portal.uern.br\/fad\/wp-json\/wp\/v2\/comments?post=244"}],"version-history":[{"count":1,"href":"https:\/\/portal.uern.br\/fad\/wp-json\/wp\/v2\/pages\/244\/revisions"}],"predecessor-version":[{"id":254,"href":"https:\/\/portal.uern.br\/fad\/wp-json\/wp\/v2\/pages\/244\/revisions\/254"}],"wp:attachment":[{"href":"https:\/\/portal.uern.br\/fad\/wp-json\/wp\/v2\/media?parent=244"}],"curies":[{"name":"wp","href":"https:\/\/api.w.org\/{rel}","templated":true}]}}