{"id":242,"date":"2022-09-19T10:41:12","date_gmt":"2022-09-19T13:41:12","guid":{"rendered":"https:\/\/paisdemossoro.com.br\/wordpress\/fad\/?page_id=242"},"modified":"2023-07-26T07:40:08","modified_gmt":"2023-07-26T10:40:08","slug":"publicacoes","status":"publish","type":"page","link":"https:\/\/portal.uern.br\/fad\/publicacoes\/","title":{"rendered":"Publica\u00e7\u00f5es"},"content":{"rendered":"<p>ESTADO E SOCIEDADE: POTENCIALIDADES E LIMITES NA CONCRETIZA\u00c7\u00c3O DE DIREITOS<br \/>\nOrganizadores:<\/p>\n<p>Jailson Alves Nogueira<\/p>\n<p>Edmar Eduardo de Moura Vieira<\/p>\n<p>Lauro Gurgel de Brito<\/p>\n<p>ISBN: 978-85-7621-382-6<\/p>\n<p>Ano: 2022<\/p>\n<p>Editora: Edi\u00e7\u00f5es UERN<\/p>\n<p><a href=\"https:\/\/portal.uern.br\/fad\/wp-content\/uploads\/2023\/07\/4011ebook_fad-Estado-e-Sociedade-Livro-22.09.22.pdf\">Vers\u00e3o em PDF<\/a><\/p>\n<p>&nbsp;<\/p>\n<p><strong>DIREITOS HUMANOS: ANTIGOS E NOVOS DEBATES<\/strong><\/p>\n<p><strong>Organizadores<\/strong><\/p>\n<p>Lauro Gurgel de Brito<\/p>\n<p>Jailson Alves Nogueira<\/p>\n<p><img fetchpriority=\"high\" decoding=\"async\" class=\"alignnone size-medium wp-image-1320\" src=\"https:\/\/portal.uern.br\/fad\/wp-content\/uploads\/2023\/07\/Direito-Humanos-antigos-e-novos-debates-172x300.png\" alt=\"\" width=\"172\" height=\"300\" srcset=\"https:\/\/portal.uern.br\/fad\/wp-content\/uploads\/2023\/07\/Direito-Humanos-antigos-e-novos-debates-172x300.png 172w, https:\/\/portal.uern.br\/fad\/wp-content\/uploads\/2023\/07\/Direito-Humanos-antigos-e-novos-debates-586x1024.png 586w, https:\/\/portal.uern.br\/fad\/wp-content\/uploads\/2023\/07\/Direito-Humanos-antigos-e-novos-debates-768x1342.png 768w, https:\/\/portal.uern.br\/fad\/wp-content\/uploads\/2023\/07\/Direito-Humanos-antigos-e-novos-debates-879x1536.png 879w, https:\/\/portal.uern.br\/fad\/wp-content\/uploads\/2023\/07\/Direito-Humanos-antigos-e-novos-debates-1172x2048.png 1172w, https:\/\/portal.uern.br\/fad\/wp-content\/uploads\/2023\/07\/Direito-Humanos-antigos-e-novos-debates.png 1778w\" sizes=\"(max-width: 172px) 100vw, 172px\" \/><\/p>\n<p><strong>ISBN:\u00a0<\/strong>978-85-7621-288-1<\/p>\n<p><strong>Ano:<\/strong>\u00a02021<\/p>\n<p><strong>Editora:<\/strong>\u00a0Edi\u00e7\u00f5es UERN<\/p>\n<p><a href=\"https:\/\/portal.uern.br\/fad\/wp-content\/uploads\/2023\/07\/4011e_book_Direitos-Humanos-Livro.pdf\">Vers\u00e3o em PDF<\/a><\/p>\n<p>&nbsp;<\/p>\n<p>DIREITO E M\u00cdDIA: QUEST\u00d5ES SOBRE LIBERDADE DE EXPRESS\u00c3O<\/p>\n<p>Organizadoras(es)<\/p>\n<p>Veruska Sayonara de G\u00f3is<\/p>\n<p>Jos\u00e9 Ricardo da Silveira<\/p>\n<p>Rosimeiry Flor\u00eancio de Queiroz Rodrigues<\/p>\n<p>Lamuel Rodrigues da Silva<\/p>\n<p>Jailson Alves Nogueira<\/p>\n<p><img decoding=\"async\" class=\"alignnone size-medium wp-image-1289\" src=\"https:\/\/portal.uern.br\/fad\/wp-content\/uploads\/2023\/07\/livro-DIREITO-E-MIDIA-198x300.jpg\" alt=\"\" width=\"198\" height=\"300\" srcset=\"https:\/\/portal.uern.br\/fad\/wp-content\/uploads\/2023\/07\/livro-DIREITO-E-MIDIA-198x300.jpg 198w, https:\/\/portal.uern.br\/fad\/wp-content\/uploads\/2023\/07\/livro-DIREITO-E-MIDIA-675x1024.jpg 675w, https:\/\/portal.uern.br\/fad\/wp-content\/uploads\/2023\/07\/livro-DIREITO-E-MIDIA-768x1165.jpg 768w, https:\/\/portal.uern.br\/fad\/wp-content\/uploads\/2023\/07\/livro-DIREITO-E-MIDIA.jpg 844w\" sizes=\"(max-width: 198px) 100vw, 198px\" \/><\/p>\n<p>ISBN: 975-65-88660-73-7<\/p>\n<p>Ano: 2021<\/p>\n<p>Editora: Edi\u00e7\u00f5es UERN<\/p>\n<p><a href=\"https:\/\/portal.uern.br\/fad\/wp-content\/uploads\/2023\/07\/Livro-401127e-book_direito_e_madia_atualizado.pdf\">Vers\u00e3o em PDF<\/a><\/p>\n<p>&nbsp;<\/p>\n<p>REGULA\u00c7\u00c3O DEMOCR\u00c1TICA: PRINC\u00cdPIOS CONSTITUCIONAIS, REGIME JUR\u00cdDICO-ADMINISTRATIVO E PARTICIPA\u00c7\u00c3O POPULAR<\/p>\n<p>Organizadora<\/p>\n<p>Andr\u00e9a Maria Pedrosa Silva Jales<\/p>\n<p><img decoding=\"async\" class=\"alignnone size-medium wp-image-1285\" src=\"https:\/\/portal.uern.br\/fad\/wp-content\/uploads\/2023\/07\/livro-REGULACAO-DEMOCRaTICA-195x300.jpg\" alt=\"\" width=\"195\" height=\"300\" srcset=\"https:\/\/portal.uern.br\/fad\/wp-content\/uploads\/2023\/07\/livro-REGULACAO-DEMOCRaTICA-195x300.jpg 195w, https:\/\/portal.uern.br\/fad\/wp-content\/uploads\/2023\/07\/livro-REGULACAO-DEMOCRaTICA.jpg 650w\" sizes=\"(max-width: 195px) 100vw, 195px\" \/><\/p>\n<p>ISBN: 978-65-990277-5-8<\/p>\n<p>Ano: 2020<\/p>\n<p>Editora: Edi\u00e7\u00f5es UERN<\/p>\n<p><a href=\"https:\/\/portal.uern.br\/fad\/wp-content\/uploads\/2023\/07\/Livro-REGULACAO-DEMOCRaTICA-versao-em-PDF.pdf\">Vers\u00e3o em PDF<\/a><\/p>\n<p>&nbsp;<\/p>\n<p>DIREITOS HUMANOS, DEMOCRACIA E CONSTITUCIONALISMO: NO\u00c7\u00d5ES CENTRAIS, APORIAS E REGRA CONTRAMAJORIT\u00c1RIA<\/p>\n<p>Organizadora<\/p>\n<p>Fernanda Abreu de Oliveira<\/p>\n<p><img loading=\"lazy\" decoding=\"async\" class=\"alignnone size-medium wp-image-1279\" src=\"https:\/\/portal.uern.br\/fad\/wp-content\/uploads\/2023\/07\/Livro-DIREITOS-HUMANOS-DEMOCRACIA-E-CONSTITUCIONALISMO-160x300.jpg\" alt=\"\" width=\"160\" height=\"300\" srcset=\"https:\/\/portal.uern.br\/fad\/wp-content\/uploads\/2023\/07\/Livro-DIREITOS-HUMANOS-DEMOCRACIA-E-CONSTITUCIONALISMO-160x300.jpg 160w, https:\/\/portal.uern.br\/fad\/wp-content\/uploads\/2023\/07\/Livro-DIREITOS-HUMANOS-DEMOCRACIA-E-CONSTITUCIONALISMO-547x1024.jpg 547w, https:\/\/portal.uern.br\/fad\/wp-content\/uploads\/2023\/07\/Livro-DIREITOS-HUMANOS-DEMOCRACIA-E-CONSTITUCIONALISMO.jpg 684w\" sizes=\"(max-width: 160px) 100vw, 160px\" \/><\/p>\n<p>ISBN: 978-65-991344-3-2<\/p>\n<p>Ano: 2020<\/p>\n<p>Editora: Edi\u00e7\u00f5es UERN<\/p>\n<p><a href=\"https:\/\/portal.uern.br\/fad\/wp-content\/uploads\/2023\/07\/4011direitos_humanos_democracia_e_constitucionalismo_e_book_fernanda_abreu.pdf\">Vers\u00e3o em PDF<\/a><\/p>\n<p>&nbsp;<\/p>\n<p>ESTADO, DEMOCRACIAS E INCLUS\u00c3O SOCIAL<\/p>\n<p>&nbsp;<\/p>\n<p><img loading=\"lazy\" decoding=\"async\" class=\"size-medium wp-image-1274 alignleft\" src=\"https:\/\/portal.uern.br\/fad\/wp-content\/uploads\/2023\/07\/ESTADO-DEMOCRACIAS-E-INCLUSAO-SOCIAL-livro-21.07.2023-300x300.jpg\" alt=\"\" width=\"300\" height=\"300\" srcset=\"https:\/\/portal.uern.br\/fad\/wp-content\/uploads\/2023\/07\/ESTADO-DEMOCRACIAS-E-INCLUSAO-SOCIAL-livro-21.07.2023-300x300.jpg 300w, https:\/\/portal.uern.br\/fad\/wp-content\/uploads\/2023\/07\/ESTADO-DEMOCRACIAS-E-INCLUSAO-SOCIAL-livro-21.07.2023-1024x1024.jpg 1024w, https:\/\/portal.uern.br\/fad\/wp-content\/uploads\/2023\/07\/ESTADO-DEMOCRACIAS-E-INCLUSAO-SOCIAL-livro-21.07.2023-150x150.jpg 150w, https:\/\/portal.uern.br\/fad\/wp-content\/uploads\/2023\/07\/ESTADO-DEMOCRACIAS-E-INCLUSAO-SOCIAL-livro-21.07.2023-768x768.jpg 768w, https:\/\/portal.uern.br\/fad\/wp-content\/uploads\/2023\/07\/ESTADO-DEMOCRACIAS-E-INCLUSAO-SOCIAL-livro-21.07.2023.jpg 1280w\" sizes=\"(max-width: 300px) 100vw, 300px\" \/><\/p>\n<p>TEMAS DE DIREITO P\u00daBLICO<\/p>\n<p>Organizadores<\/p>\n<p>Lauro Gurgel de Brito<\/p>\n<p>Jailson Alves Nogueira<\/p>\n<p>Inessa da Mota Linhares Vasconcelos<\/p>\n<p>Humberto Henrique Costa Fernandes do R\u00eago<\/p>\n<p>ISBN: 978-85-7621253-9<\/p>\n<p>Ano: 2019<\/p>\n<p>Editora: Edi\u00e7\u00f5es UERN<\/p>\n<p><a href=\"https:\/\/portal.uern.br\/fad\/wp-content\/uploads\/2023\/07\/4011e_book._fad._finalizado._direito_pablico.pdf\">Vers\u00e3o em PDF<\/a><\/p>\n<p>&nbsp;<\/p>\n<p>PENSANDO EM FAM\u00cdLIA: UMA VIS\u00c3O COMTEMPOR\u00c2NEA DO DIREITO DAS FAM\u00cdLIAS E DAS SUCESS\u00d5ES<\/p>\n<p>Organizadora<\/p>\n<p>Ana M\u00f4nica Anselmo de Amorim<\/p>\n<p>ISBN: 978-85-7621-166-2<\/p>\n<p>Ano: 2017<\/p>\n<p>Editora: Edi\u00e7\u00f5es UERN<\/p>\n<p><a href=\"https:\/\/portal.uern.br\/fad\/wp-content\/uploads\/2023\/07\/4011-pensando-em-fama_lia_sem_paginas_brancas_livro_pronto_ebook.pdf\">Vers\u00e3o em PDF<\/a><\/p>\n<p>COLET\u00c2NEA DE DIREITOS HUMANOS E FUNDAMENTAIS<\/p>\n<p>Organizadores<\/p>\n<p>Jos\u00e9 Herval Sampaio J\u00fanior<\/p>\n<p>Lauro Gurgel de Brito<\/p>\n<p>Marcus Thullius Leite Fernandes dos Santos<\/p>\n<p>Ramon Rebou\u00e7as Nolasco de Oliveira<\/p>\n<p>ISBN: 978-85-7621-143-3<\/p>\n<p>Ano: 2016<\/p>\n<p>Editora: Edi\u00e7\u00f5es UERN<\/p>\n<p><a href=\"https:\/\/portal.uern.br\/fad\/wp-content\/uploads\/2023\/07\/4011-book-coleta\u00a2nea-de-direitos-humanos-e-fundamentais-versao-final.pdf\">Vers\u00e3o em PDF<\/a><\/p>\n","protected":false},"excerpt":{"rendered":"<p>ESTADO E SOCIEDADE: POTENCIALIDADES E LIMITES NA CONCRETIZA\u00c7\u00c3O DE DIREITOS Organizadores: Jailson Alves Nogueira Edmar Eduardo de Moura Vieira Lauro Gurgel de Brito ISBN: 978-85-7621-382-6 Ano: 2022 Editora: Edi\u00e7\u00f5es UERN Vers\u00e3o em PDF &nbsp; DIREITOS HUMANOS: ANTIGOS E NOVOS DEBATES Organizadores Lauro Gurgel de Brito Jailson Alves Nogueira ISBN:\u00a0978-85-7621-288-1 Ano:\u00a02021 Editora:\u00a0Edi\u00e7\u00f5es UERN Vers\u00e3o em PDF [&hellip;]<\/p>\n","protected":false},"author":1,"featured_media":0,"parent":0,"menu_order":0,"comment_status":"closed","ping_status":"closed","template":"","meta":{"footnotes":""},"class_list":["post-242","page","type-page","status-publish","hentry"],"_links":{"self":[{"href":"https:\/\/portal.uern.br\/fad\/wp-json\/wp\/v2\/pages\/242","targetHints":{"allow":["GET"]}}],"collection":[{"href":"https:\/\/portal.uern.br\/fad\/wp-json\/wp\/v2\/pages"}],"about":[{"href":"https:\/\/portal.uern.br\/fad\/wp-json\/wp\/v2\/types\/page"}],"author":[{"embeddable":true,"href":"https:\/\/portal.uern.br\/fad\/wp-json\/wp\/v2\/users\/1"}],"replies":[{"embeddable":true,"href":"https:\/\/portal.uern.br\/fad\/wp-json\/wp\/v2\/comments?post=242"}],"version-history":[{"count":26,"href":"https:\/\/portal.uern.br\/fad\/wp-json\/wp\/v2\/pages\/242\/revisions"}],"predecessor-version":[{"id":1324,"href":"https:\/\/portal.uern.br\/fad\/wp-json\/wp\/v2\/pages\/242\/revisions\/1324"}],"wp:attachment":[{"href":"https:\/\/portal.uern.br\/fad\/wp-json\/wp\/v2\/media?parent=242"}],"curies":[{"name":"wp","href":"https:\/\/api.w.org\/{rel}","templated":true}]}}