{"id":217,"date":"2022-09-19T09:33:26","date_gmt":"2022-09-19T12:33:26","guid":{"rendered":"https:\/\/paisdemossoro.com.br\/wordpress\/fad\/?page_id=217"},"modified":"2025-08-18T17:31:41","modified_gmt":"2025-08-18T20:31:41","slug":"departamento-de-direito","status":"publish","type":"page","link":"https:\/\/portal.uern.br\/fad\/departamento-de-direito\/","title":{"rendered":"Departamento de Direito"},"content":{"rendered":"<ul>\n<li>Curso de Direito (bacharelado \u2013 Matutino e Noturno)<\/li>\n<\/ul>\n<p>&nbsp;<\/p>\n<p>Contatos:<\/p>\n<p>Email: ded@uern.br<\/p>\n<p>Fone: (84) 3315-2207<\/p>\n<p><strong>Chefe de Departamento<\/strong><\/p>\n<p>Professora Doutora Ana M\u00f4nica Anselmo de Amorim<\/p>\n<p><strong>Secret\u00e1ria<\/strong><\/p>\n<p>Carla Jeane Holanda de Castro<\/p>\n<p><strong>T\u00e9cnicos Administrativos<\/strong><\/p>\n<p>Carla Jeane Holanda de Castro<\/p>\n<p>Hugo Victor Moreno da Silva<\/p>\n<p>&nbsp;<\/p>\n<p>&nbsp;<\/p>\n","protected":false},"excerpt":{"rendered":"<p>Curso de Direito (bacharelado \u2013 Matutino e Noturno) &nbsp; Contatos: Email: ded@uern.br Fone: (84) 3315-2207 Chefe de Departamento Professora Doutora Ana M\u00f4nica Anselmo de Amorim Secret\u00e1ria Carla Jeane Holanda de Castro T\u00e9cnicos Administrativos Carla Jeane Holanda de Castro Hugo Victor Moreno da Silva &nbsp; &nbsp;<\/p>\n","protected":false},"author":1,"featured_media":0,"parent":0,"menu_order":0,"comment_status":"closed","ping_status":"closed","template":"","meta":{"footnotes":""},"class_list":["post-217","page","type-page","status-publish","hentry"],"_links":{"self":[{"href":"https:\/\/portal.uern.br\/fad\/wp-json\/wp\/v2\/pages\/217","targetHints":{"allow":["GET"]}}],"collection":[{"href":"https:\/\/portal.uern.br\/fad\/wp-json\/wp\/v2\/pages"}],"about":[{"href":"https:\/\/portal.uern.br\/fad\/wp-json\/wp\/v2\/types\/page"}],"author":[{"embeddable":true,"href":"https:\/\/portal.uern.br\/fad\/wp-json\/wp\/v2\/users\/1"}],"replies":[{"embeddable":true,"href":"https:\/\/portal.uern.br\/fad\/wp-json\/wp\/v2\/comments?post=217"}],"version-history":[{"count":12,"href":"https:\/\/portal.uern.br\/fad\/wp-json\/wp\/v2\/pages\/217\/revisions"}],"predecessor-version":[{"id":1730,"href":"https:\/\/portal.uern.br\/fad\/wp-json\/wp\/v2\/pages\/217\/revisions\/1730"}],"wp:attachment":[{"href":"https:\/\/portal.uern.br\/fad\/wp-json\/wp\/v2\/media?parent=217"}],"curies":[{"name":"wp","href":"https:\/\/api.w.org\/{rel}","templated":true}]}}