{"id":213,"date":"2022-09-19T09:31:23","date_gmt":"2022-09-19T12:31:23","guid":{"rendered":"https:\/\/paisdemossoro.com.br\/wordpress\/fad\/?page_id=213"},"modified":"2025-08-18T20:42:21","modified_gmt":"2025-08-18T23:42:21","slug":"gestao","status":"publish","type":"page","link":"https:\/\/portal.uern.br\/fad\/gestao\/","title":{"rendered":"Gest\u00e3o"},"content":{"rendered":"<p><strong>Diretora\u00a0<\/strong><\/p>\n<p>Professora Doutora Inessa da Mota Linhares Vasconcelos<\/p>\n<p><strong>Vice-Diretora<\/strong><\/p>\n<p>Professora Mestra Elissandra Barbosa Fernandes Filgueira<\/p>\n<p><strong>Secret\u00e1rio<\/strong><\/p>\n<p>Jos\u00e9 Vanderl\u00facio Holanda Fernandes<\/p>\n<p><strong>T\u00e9cnicos Administrativos<\/strong><\/p>\n<p>Jos\u00e9 Vanderl\u00facio Holanda Fernandes<\/p>\n<p>Matheus Torquato Barreto-<\/p>\n<p><strong>Contatos<\/strong><\/p>\n<p>E-mail:\u00a0fad@uern.br<\/p>\n<p>Fone: (84) 3315-2209<\/p>\n<p><strong>Localiza\u00e7\u00e3o<\/strong><\/p>\n<p><a href=\"https:\/\/www.google.com.br\/maps\/place\/Faculdade+de+Direito\/@-5.2059273,-37.3242929,15z\/data=!4m8!1m2!2m1!1sfaculdade+de+direito+uern!3m4!1s0x7ba07758669b879:0xd55145276b5c210e!8m2!3d-5.2059273!4d-37.3155382\">Clique aqui para visualizar no mapa!<\/a><\/p>\n","protected":false},"excerpt":{"rendered":"<p>Diretora\u00a0 Professora Doutora Inessa da Mota Linhares Vasconcelos Vice-Diretora Professora Mestra Elissandra Barbosa Fernandes Filgueira Secret\u00e1rio Jos\u00e9 Vanderl\u00facio Holanda Fernandes T\u00e9cnicos Administrativos Jos\u00e9 Vanderl\u00facio Holanda Fernandes Matheus Torquato Barreto- Contatos E-mail:\u00a0fad@uern.br Fone: (84) 3315-2209 Localiza\u00e7\u00e3o Clique aqui para visualizar no mapa!<\/p>\n","protected":false},"author":1,"featured_media":0,"parent":0,"menu_order":0,"comment_status":"closed","ping_status":"closed","template":"","meta":{"footnotes":""},"class_list":["post-213","page","type-page","status-publish","hentry"],"_links":{"self":[{"href":"https:\/\/portal.uern.br\/fad\/wp-json\/wp\/v2\/pages\/213","targetHints":{"allow":["GET"]}}],"collection":[{"href":"https:\/\/portal.uern.br\/fad\/wp-json\/wp\/v2\/pages"}],"about":[{"href":"https:\/\/portal.uern.br\/fad\/wp-json\/wp\/v2\/types\/page"}],"author":[{"embeddable":true,"href":"https:\/\/portal.uern.br\/fad\/wp-json\/wp\/v2\/users\/1"}],"replies":[{"embeddable":true,"href":"https:\/\/portal.uern.br\/fad\/wp-json\/wp\/v2\/comments?post=213"}],"version-history":[{"count":8,"href":"https:\/\/portal.uern.br\/fad\/wp-json\/wp\/v2\/pages\/213\/revisions"}],"predecessor-version":[{"id":1741,"href":"https:\/\/portal.uern.br\/fad\/wp-json\/wp\/v2\/pages\/213\/revisions\/1741"}],"wp:attachment":[{"href":"https:\/\/portal.uern.br\/fad\/wp-json\/wp\/v2\/media?parent=213"}],"curies":[{"name":"wp","href":"https:\/\/api.w.org\/{rel}","templated":true}]}}