{"id":196,"date":"2022-06-09T15:46:55","date_gmt":"2022-06-09T18:46:55","guid":{"rendered":"https:\/\/paisdemossoro.com.br\/wordpress\/fad\/?page_id=196"},"modified":"2023-06-13T15:33:22","modified_gmt":"2023-06-13T18:33:22","slug":"home","status":"publish","type":"page","link":"https:\/\/portal.uern.br\/fad\/","title":{"rendered":"Home"},"content":{"rendered":"\t\t<div data-elementor-type=\"wp-page\" data-elementor-id=\"196\" class=\"elementor elementor-196\" data-elementor-post-type=\"page\">\n\t\t\t\t\t\t<section class=\"elementor-section elementor-top-section elementor-element elementor-element-d8ca851 elementor-section-full_width elementor-section-height-default elementor-section-height-default\" data-id=\"d8ca851\" data-element_type=\"section\">\n\t\t\t\t\t\t<div class=\"elementor-container elementor-column-gap-default\">\n\t\t\t\t\t<div class=\"elementor-column elementor-col-100 elementor-top-column elementor-element elementor-element-6803206\" data-id=\"6803206\" data-element_type=\"column\">\n\t\t\t<div class=\"elementor-widget-wrap elementor-element-populated\">\n\t\t\t\t\t\t<div class=\"elementor-element elementor-element-8a2946d elementor-widget elementor-widget-image\" data-id=\"8a2946d\" data-element_type=\"widget\" data-widget_type=\"image.default\">\n\t\t\t\t<div class=\"elementor-widget-container\">\n\t\t\t\t\t\t\t\t\t\t\t\t\t\t\t<img fetchpriority=\"high\" decoding=\"async\" width=\"1920\" height=\"550\" src=\"https:\/\/portal.uern.br\/fad\/wp-content\/uploads\/2023\/06\/fad__.jpg\" class=\"attachment-full size-full wp-image-1171\" alt=\"\" srcset=\"https:\/\/portal.uern.br\/fad\/wp-content\/uploads\/2023\/06\/fad__.jpg 1920w, https:\/\/portal.uern.br\/fad\/wp-content\/uploads\/2023\/06\/fad__-300x86.jpg 300w, https:\/\/portal.uern.br\/fad\/wp-content\/uploads\/2023\/06\/fad__-1024x293.jpg 1024w, https:\/\/portal.uern.br\/fad\/wp-content\/uploads\/2023\/06\/fad__-768x220.jpg 768w, https:\/\/portal.uern.br\/fad\/wp-content\/uploads\/2023\/06\/fad__-1536x440.jpg 1536w\" sizes=\"(max-width: 1920px) 100vw, 1920px\" \/>\t\t\t\t\t\t\t\t\t\t\t\t\t\t\t<\/div>\n\t\t\t\t<\/div>\n\t\t\t\t\t<\/div>\n\t\t<\/div>\n\t\t\t\t\t<\/div>\n\t\t<\/section>\n\t\t\t\t<section class=\"elementor-section elementor-top-section elementor-element elementor-element-6e5fbc8 elementor-reverse-mobile elementor-section-height-min-height elementor-section-items-stretch elementor-section-boxed elementor-section-height-default\" data-id=\"6e5fbc8\" data-element_type=\"section\" data-settings=\"{&quot;background_background&quot;:&quot;classic&quot;}\">\n\t\t\t\t\t\t<div class=\"elementor-container elementor-column-gap-default\">\n\t\t\t\t\t<div class=\"elementor-column elementor-col-50 elementor-top-column elementor-element elementor-element-002cb1c elementor-hidden-mobile\" data-id=\"002cb1c\" data-element_type=\"column\" data-settings=\"{&quot;background_background&quot;:&quot;classic&quot;}\">\n\t\t\t<div class=\"elementor-widget-wrap elementor-element-populated\">\n\t\t\t\t\t\t<div class=\"elementor-element elementor-element-7e25782 elementor-nav-menu__text-align-aside elementor-widget elementor-widget-nav-menu\" data-id=\"7e25782\" data-element_type=\"widget\" data-settings=\"{&quot;layout&quot;:&quot;dropdown&quot;,&quot;submenu_icon&quot;:{&quot;value&quot;:&quot;&lt;i class=\\&quot;fas fa-caret-down\\&quot; aria-hidden=\\&quot;true\\&quot;&gt;&lt;\\\/i&gt;&quot;,&quot;library&quot;:&quot;fa-solid&quot;}}\" data-widget_type=\"nav-menu.default\">\n\t\t\t\t<div class=\"elementor-widget-container\">\n\t\t\t\t\t\t\t\t<nav class=\"elementor-nav-menu--dropdown elementor-nav-menu__container\" aria-hidden=\"true\">\n\t\t\t\t<ul id=\"menu-2-7e25782\" class=\"elementor-nav-menu\"><li class=\"menu-item menu-item-type-post_type menu-item-object-page menu-item-home menu-item-758\"><a href=\"https:\/\/portal.uern.br\/fad\/\" class=\"elementor-item\" tabindex=\"-1\">HOME<\/a><\/li>\n<li class=\"menu-item menu-item-type-post_type menu-item-object-page menu-item-1172\"><a href=\"https:\/\/portal.uern.br\/fad\/apresentacao\/\" class=\"elementor-item\" tabindex=\"-1\">Apresenta\u00e7\u00e3o<\/a><\/li>\n<li class=\"menu-item menu-item-type-post_type menu-item-object-page menu-item-766\"><a href=\"https:\/\/portal.uern.br\/fad\/departamento-de-direito\/\" class=\"elementor-item\" tabindex=\"-1\">Departamento de Direito<\/a><\/li>\n<li class=\"menu-item menu-item-type-post_type menu-item-object-page menu-item-768\"><a href=\"https:\/\/portal.uern.br\/fad\/docentes\/\" class=\"elementor-item\" tabindex=\"-1\">Docentes<\/a><\/li>\n<li class=\"menu-item menu-item-type-post_type menu-item-object-page menu-item-778\"><a href=\"https:\/\/portal.uern.br\/fad\/iii-semana-juridica\/\" class=\"elementor-item\" tabindex=\"-1\">III Semana Jur\u00eddica<\/a><\/li>\n<li class=\"menu-item menu-item-type-post_type menu-item-object-page menu-item-789\"><a href=\"https:\/\/portal.uern.br\/fad\/revista-lampiar\/\" class=\"elementor-item\" tabindex=\"-1\">Revista Lampiar<\/a><\/li>\n<li class=\"menu-item menu-item-type-post_type menu-item-object-page menu-item-775\"><a href=\"https:\/\/portal.uern.br\/fad\/eventos\/\" class=\"elementor-item\" tabindex=\"-1\">Eventos<\/a><\/li>\n<li class=\"menu-item menu-item-type-post_type menu-item-object-page menu-item-782\"><a href=\"https:\/\/portal.uern.br\/fad\/orientacao-academica\/\" class=\"elementor-item\" tabindex=\"-1\">Orienta\u00e7\u00e3o Acad\u00eamica<\/a><\/li>\n<li class=\"menu-item menu-item-type-post_type menu-item-object-page menu-item-759\"><a href=\"https:\/\/portal.uern.br\/fad\/alunos-possiveis-concluintes\/\" class=\"elementor-item\" tabindex=\"-1\">Alunos Poss\u00edveis Concluintes<\/a><\/li>\n<li class=\"menu-item menu-item-type-post_type menu-item-object-page menu-item-787\"><a href=\"https:\/\/portal.uern.br\/fad\/relacao-de-alunos-aptos-a-colarem-grau\/\" class=\"elementor-item\" tabindex=\"-1\">Rela\u00e7\u00e3o de Alunos Aptos a Colarem Grau<\/a><\/li>\n<li class=\"menu-item menu-item-type-post_type menu-item-object-page menu-item-762\"><a href=\"https:\/\/portal.uern.br\/fad\/certificados\/\" class=\"elementor-item\" tabindex=\"-1\">Certificados<\/a><\/li>\n<li class=\"menu-item menu-item-type-post_type menu-item-object-page menu-item-764\"><a href=\"https:\/\/portal.uern.br\/fad\/coordenacao-de-monografia\/\" class=\"elementor-item\" tabindex=\"-1\">Coordena\u00e7\u00e3o de Monografia<\/a><\/li>\n<li class=\"menu-item menu-item-type-post_type menu-item-object-page menu-item-774\"><a href=\"https:\/\/portal.uern.br\/fad\/estagio\/\" class=\"elementor-item\" tabindex=\"-1\">Est\u00e1gio<\/a><\/li>\n<li class=\"menu-item menu-item-type-post_type menu-item-object-page menu-item-769\"><a href=\"https:\/\/portal.uern.br\/fad\/documentos\/\" class=\"elementor-item\" tabindex=\"-1\">Documentos<\/a><\/li>\n<li class=\"menu-item menu-item-type-post_type menu-item-object-page menu-item-771\"><a href=\"https:\/\/portal.uern.br\/fad\/editais\/\" class=\"elementor-item\" tabindex=\"-1\">Editais<\/a><\/li>\n<li class=\"menu-item menu-item-type-post_type menu-item-object-page menu-item-784\"><a href=\"https:\/\/portal.uern.br\/fad\/programa-institucional-de-monitoria-pim\/\" class=\"elementor-item\" tabindex=\"-1\">Programa Institucional de Monitoria \u2013 PIM<\/a><\/li>\n<li class=\"menu-item menu-item-type-post_type menu-item-object-page menu-item-773\"><a href=\"https:\/\/portal.uern.br\/fad\/especializacao-em-direitos-humanos\/\" class=\"elementor-item\" tabindex=\"-1\">Especializa\u00e7\u00e3o em Direitos Humanos<\/a><\/li>\n<li class=\"menu-item menu-item-type-post_type menu-item-object-page menu-item-772\"><a href=\"https:\/\/portal.uern.br\/fad\/especializacao-em-direito-publico\/\" class=\"elementor-item\" tabindex=\"-1\">Especializa\u00e7\u00e3o em Direito P\u00fablico<\/a><\/li>\n<li class=\"menu-item menu-item-type-post_type menu-item-object-page menu-item-761\"><a href=\"https:\/\/portal.uern.br\/fad\/carb\/\" class=\"elementor-item\" tabindex=\"-1\">CARB<\/a><\/li>\n<li class=\"menu-item menu-item-type-post_type menu-item-object-page menu-item-777\"><a href=\"https:\/\/portal.uern.br\/fad\/horarios-de-aula\/\" class=\"elementor-item\" tabindex=\"-1\">Hor\u00e1rios de Aula<\/a><\/li>\n<li class=\"menu-item menu-item-type-post_type menu-item-object-page menu-item-779\"><a href=\"https:\/\/portal.uern.br\/fad\/nucleo-de-pratica-juridica\/\" class=\"elementor-item\" tabindex=\"-1\">N\u00facleo de Pr\u00e1tica Jur\u00eddica<\/a><\/li>\n<li class=\"menu-item menu-item-type-post_type menu-item-object-page menu-item-780\"><a href=\"https:\/\/portal.uern.br\/fad\/nucleo-de-projetos\/\" class=\"elementor-item\" tabindex=\"-1\">N\u00facleo de Projetos<\/a><\/li>\n<li class=\"menu-item menu-item-type-custom menu-item-object-custom menu-item-has-children menu-item-791\"><a href=\"#\" class=\"elementor-item elementor-item-anchor\" tabindex=\"-1\">Projetos de Extens\u00e3o<\/a>\n<ul class=\"sub-menu elementor-nav-menu--dropdown\">\n\t<li class=\"menu-item menu-item-type-post_type menu-item-object-page menu-item-785\"><a href=\"https:\/\/portal.uern.br\/fad\/projeto-socializando-o-direito\/\" class=\"elementor-sub-item\" tabindex=\"-1\">Projeto Socializando o Direito<\/a><\/li>\n<\/ul>\n<\/li>\n<li class=\"menu-item menu-item-type-post_type menu-item-object-page menu-item-765\"><a href=\"https:\/\/portal.uern.br\/fad\/corpo-docente\/\" class=\"elementor-item\" tabindex=\"-1\">Corpo Docente<\/a><\/li>\n<li class=\"menu-item menu-item-type-post_type menu-item-object-page menu-item-767\"><a href=\"https:\/\/portal.uern.br\/fad\/discentes\/\" class=\"elementor-item\" tabindex=\"-1\">Discentes<\/a><\/li>\n<li class=\"menu-item menu-item-type-post_type menu-item-object-page menu-item-776\"><a href=\"https:\/\/portal.uern.br\/fad\/gestao\/\" class=\"elementor-item\" tabindex=\"-1\">Gest\u00e3o<\/a><\/li>\n<li class=\"menu-item menu-item-type-post_type menu-item-object-page menu-item-781\"><a href=\"https:\/\/portal.uern.br\/fad\/organograma\/\" class=\"elementor-item\" tabindex=\"-1\">Organograma<\/a><\/li>\n<li class=\"menu-item menu-item-type-post_type menu-item-object-page menu-item-786\"><a href=\"https:\/\/portal.uern.br\/fad\/publicacoes\/\" class=\"elementor-item\" tabindex=\"-1\">Publica\u00e7\u00f5es<\/a><\/li>\n<li class=\"menu-item menu-item-type-post_type menu-item-object-page menu-item-788\"><a href=\"https:\/\/portal.uern.br\/fad\/requerimentos\/\" class=\"elementor-item\" tabindex=\"-1\">Requerimentos<\/a><\/li>\n<li class=\"menu-item menu-item-type-post_type menu-item-object-page menu-item-763\"><a href=\"https:\/\/portal.uern.br\/fad\/contato\/\" class=\"elementor-item\" tabindex=\"-1\">Contato<\/a><\/li>\n<\/ul>\t\t\t<\/nav>\n\t\t\t\t\t\t<\/div>\n\t\t\t\t<\/div>\n\t\t\t\t\t<\/div>\n\t\t<\/div>\n\t\t\t\t<div class=\"elementor-column elementor-col-50 elementor-top-column elementor-element elementor-element-7f23b60\" data-id=\"7f23b60\" data-element_type=\"column\" data-settings=\"{&quot;background_background&quot;:&quot;classic&quot;}\">\n\t\t\t<div class=\"elementor-widget-wrap elementor-element-populated\">\n\t\t\t\t\t\t<div class=\"elementor-element elementor-element-05daf37 elementor-grid-1 elementor-posts--thumbnail-left elementor-grid-tablet-2 elementor-grid-mobile-1 elementor-widget elementor-widget-posts\" data-id=\"05daf37\" data-element_type=\"widget\" data-settings=\"{&quot;classic_columns&quot;:&quot;1&quot;,&quot;classic_columns_tablet&quot;:&quot;2&quot;,&quot;classic_columns_mobile&quot;:&quot;1&quot;,&quot;classic_row_gap&quot;:{&quot;unit&quot;:&quot;px&quot;,&quot;size&quot;:35,&quot;sizes&quot;:[]},&quot;classic_row_gap_tablet&quot;:{&quot;unit&quot;:&quot;px&quot;,&quot;size&quot;:&quot;&quot;,&quot;sizes&quot;:[]},&quot;classic_row_gap_mobile&quot;:{&quot;unit&quot;:&quot;px&quot;,&quot;size&quot;:&quot;&quot;,&quot;sizes&quot;:[]}}\" data-widget_type=\"posts.classic\">\n\t\t\t\t<div class=\"elementor-widget-container\">\n\t\t\t\t\t\t\t<div class=\"elementor-posts-container elementor-posts elementor-posts--skin-classic elementor-grid\" role=\"list\">\n\t\t\t\t<article class=\"elementor-post elementor-grid-item post-1177 destaques_ type-destaques_ status-publish has-post-thumbnail hentry nivel_do_destaque_-destaque-topo\" role=\"listitem\">\n\t\t\t\t<a class=\"elementor-post__thumbnail__link\" href=\"https:\/\/portal.uern.br\/fad\/destaques_\/selo-oab-recomenda-e-entregue-a-fad\/\" tabindex=\"-1\" >\n\t\t\t<div class=\"elementor-post__thumbnail\"><img decoding=\"async\" width=\"768\" height=\"576\" src=\"https:\/\/portal.uern.br\/fad\/wp-content\/uploads\/2022\/06\/Entrega-do-Selo-Oab-Recomenda-768x576.jpeg\" class=\"attachment-medium_large size-medium_large wp-image-194\" alt=\"\" srcset=\"https:\/\/portal.uern.br\/fad\/wp-content\/uploads\/2022\/06\/Entrega-do-Selo-Oab-Recomenda-768x576.jpeg 768w, https:\/\/portal.uern.br\/fad\/wp-content\/uploads\/2022\/06\/Entrega-do-Selo-Oab-Recomenda-300x225.jpeg 300w, https:\/\/portal.uern.br\/fad\/wp-content\/uploads\/2022\/06\/Entrega-do-Selo-Oab-Recomenda-1024x768.jpeg 1024w, https:\/\/portal.uern.br\/fad\/wp-content\/uploads\/2022\/06\/Entrega-do-Selo-Oab-Recomenda.jpeg 1280w\" sizes=\"(max-width: 768px) 100vw, 768px\" \/><\/div>\n\t\t<\/a>\n\t\t\t\t<div class=\"elementor-post__text\">\n\t\t\t\t<h3 class=\"elementor-post__title\">\n\t\t\t<a href=\"https:\/\/portal.uern.br\/fad\/destaques_\/selo-oab-recomenda-e-entregue-a-fad\/\" >\n\t\t\t\tSelo OAB Recomenda \u00e9 entregue \u00e0 FAD\t\t\t<\/a>\n\t\t<\/h3>\n\t\t\t\t<div class=\"elementor-post__meta-data\">\n\t\t\t\t\t<span class=\"elementor-post-date\">\n\t\t\t1 de abril de 2022\t\t<\/span>\n\t\t\t\t<\/div>\n\t\t\t\t<div class=\"elementor-post__excerpt\">\n\t\t\t<p>Em solenidade realizada na manh\u00e3 desta sexta-feira, 1\u00ba, foi entregue \u00e0 Faculdade de Direito (FAD) da Universidade do Estado do Rio Grande do Norte (Uern), o Selo OAB Recomenda. Os cursos de Direito do Campus Central, em Mossor\u00f3, e do Campus Avan\u00e7ado de Natal, receberam a honraria, respectivamente, pela quarta<\/p>\n\t\t<\/div>\n\t\t\t\t<\/div>\n\t\t\t\t<\/article>\n\t\t\t\t<\/div>\n\t\t\n\t\t\t\t\t\t<\/div>\n\t\t\t\t<\/div>\n\t\t\t\t\t<\/div>\n\t\t<\/div>\n\t\t\t\t\t<\/div>\n\t\t<\/section>\n\t\t\t\t<\/div>\n\t\t","protected":false},"excerpt":{"rendered":"","protected":false},"author":1,"featured_media":0,"parent":0,"menu_order":0,"comment_status":"closed","ping_status":"closed","template":"","meta":{"footnotes":""},"class_list":["post-196","page","type-page","status-publish","hentry"],"_links":{"self":[{"href":"https:\/\/portal.uern.br\/fad\/wp-json\/wp\/v2\/pages\/196","targetHints":{"allow":["GET"]}}],"collection":[{"href":"https:\/\/portal.uern.br\/fad\/wp-json\/wp\/v2\/pages"}],"about":[{"href":"https:\/\/portal.uern.br\/fad\/wp-json\/wp\/v2\/types\/page"}],"author":[{"embeddable":true,"href":"https:\/\/portal.uern.br\/fad\/wp-json\/wp\/v2\/users\/1"}],"replies":[{"embeddable":true,"href":"https:\/\/portal.uern.br\/fad\/wp-json\/wp\/v2\/comments?post=196"}],"version-history":[{"count":37,"href":"https:\/\/portal.uern.br\/fad\/wp-json\/wp\/v2\/pages\/196\/revisions"}],"predecessor-version":[{"id":1180,"href":"https:\/\/portal.uern.br\/fad\/wp-json\/wp\/v2\/pages\/196\/revisions\/1180"}],"wp:attachment":[{"href":"https:\/\/portal.uern.br\/fad\/wp-json\/wp\/v2\/media?parent=196"}],"curies":[{"name":"wp","href":"https:\/\/api.w.org\/{rel}","templated":true}]}}