{"id":201,"date":"2022-06-09T14:44:55","date_gmt":"2022-06-09T17:44:55","guid":{"rendered":"https:\/\/paisdemossoro.com.br\/wordpress\/facs\/?page_id=201"},"modified":"2023-06-13T15:59:07","modified_gmt":"2023-06-13T18:59:07","slug":"home","status":"publish","type":"page","link":"https:\/\/portal.uern.br\/facs\/","title":{"rendered":"Home"},"content":{"rendered":"\t\t<div data-elementor-type=\"wp-page\" data-elementor-id=\"201\" class=\"elementor elementor-201\" data-elementor-post-type=\"page\">\n\t\t\t\t\t\t<section class=\"elementor-section elementor-top-section elementor-element elementor-element-d01e71b elementor-section-full_width elementor-section-height-default elementor-section-height-default\" data-id=\"d01e71b\" data-element_type=\"section\">\n\t\t\t\t\t\t<div class=\"elementor-container elementor-column-gap-default\">\n\t\t\t\t\t<div class=\"elementor-column elementor-col-100 elementor-top-column elementor-element elementor-element-8e3733e\" data-id=\"8e3733e\" data-element_type=\"column\">\n\t\t\t<div class=\"elementor-widget-wrap elementor-element-populated\">\n\t\t\t\t\t\t<div class=\"elementor-element elementor-element-033ac09 elementor-widget elementor-widget-image\" data-id=\"033ac09\" data-element_type=\"widget\" data-widget_type=\"image.default\">\n\t\t\t\t<div class=\"elementor-widget-container\">\n\t\t\t\t\t\t\t\t\t\t\t\t\t\t\t<img fetchpriority=\"high\" decoding=\"async\" width=\"1920\" height=\"550\" src=\"https:\/\/portal.uern.br\/facs\/wp-content\/uploads\/2023\/06\/facs__.jpg\" class=\"attachment-full size-full wp-image-764\" alt=\"\" srcset=\"https:\/\/portal.uern.br\/facs\/wp-content\/uploads\/2023\/06\/facs__.jpg 1920w, https:\/\/portal.uern.br\/facs\/wp-content\/uploads\/2023\/06\/facs__-300x86.jpg 300w, https:\/\/portal.uern.br\/facs\/wp-content\/uploads\/2023\/06\/facs__-1024x293.jpg 1024w, https:\/\/portal.uern.br\/facs\/wp-content\/uploads\/2023\/06\/facs__-768x220.jpg 768w, https:\/\/portal.uern.br\/facs\/wp-content\/uploads\/2023\/06\/facs__-1536x440.jpg 1536w\" sizes=\"(max-width: 1920px) 100vw, 1920px\" \/>\t\t\t\t\t\t\t\t\t\t\t\t\t\t\t<\/div>\n\t\t\t\t<\/div>\n\t\t\t\t\t<\/div>\n\t\t<\/div>\n\t\t\t\t\t<\/div>\n\t\t<\/section>\n\t\t\t\t<section class=\"elementor-section elementor-top-section elementor-element elementor-element-b33a44f elementor-reverse-mobile elementor-section-height-min-height elementor-section-items-stretch elementor-section-boxed elementor-section-height-default\" data-id=\"b33a44f\" data-element_type=\"section\" data-settings=\"{&quot;background_background&quot;:&quot;classic&quot;}\">\n\t\t\t\t\t\t<div class=\"elementor-container elementor-column-gap-default\">\n\t\t\t\t\t<div class=\"elementor-column elementor-col-50 elementor-top-column elementor-element elementor-element-3ea416d elementor-hidden-mobile\" data-id=\"3ea416d\" data-element_type=\"column\" data-settings=\"{&quot;background_background&quot;:&quot;classic&quot;}\">\n\t\t\t<div class=\"elementor-widget-wrap elementor-element-populated\">\n\t\t\t\t\t\t<div class=\"elementor-element elementor-element-82bc141 elementor-nav-menu__text-align-aside elementor-widget elementor-widget-nav-menu\" data-id=\"82bc141\" data-element_type=\"widget\" data-settings=\"{&quot;layout&quot;:&quot;dropdown&quot;,&quot;submenu_icon&quot;:{&quot;value&quot;:&quot;&lt;i class=\\&quot;fas fa-caret-down\\&quot; aria-hidden=\\&quot;true\\&quot;&gt;&lt;\\\/i&gt;&quot;,&quot;library&quot;:&quot;fa-solid&quot;}}\" data-widget_type=\"nav-menu.default\">\n\t\t\t\t<div class=\"elementor-widget-container\">\n\t\t\t\t\t\t\t\t<nav class=\"elementor-nav-menu--dropdown elementor-nav-menu__container\" aria-hidden=\"true\">\n\t\t\t\t<ul id=\"menu-2-82bc141\" class=\"elementor-nav-menu\"><li class=\"menu-item menu-item-type-post_type menu-item-object-page menu-item-home menu-item-399\"><a href=\"https:\/\/portal.uern.br\/facs\/\" class=\"elementor-item\" tabindex=\"-1\">HOME<\/a><\/li>\n<li class=\"menu-item menu-item-type-post_type menu-item-object-page menu-item-769\"><a href=\"https:\/\/portal.uern.br\/facs\/apresentacao\/\" class=\"elementor-item\" tabindex=\"-1\">Apresenta\u00e7\u00e3o<\/a><\/li>\n<li class=\"menu-item menu-item-type-custom menu-item-object-custom menu-item-150\"><a href=\"https:\/\/portal.uern.br\/facs\/gestao\/\" class=\"elementor-item\" tabindex=\"-1\">Gest\u00e3o<\/a><\/li>\n<li class=\"menu-item menu-item-type-custom menu-item-object-custom menu-item-155\"><a href=\"#\" class=\"elementor-item elementor-item-anchor\" tabindex=\"-1\">Eventos<\/a><\/li>\n<li class=\"menu-item menu-item-type-custom menu-item-object-custom menu-item-has-children menu-item-169\"><a href=\"https:\/\/portal.uern.br\/facs\/documentos\/\" class=\"elementor-item\" tabindex=\"-1\">Documentos<\/a>\n<ul class=\"sub-menu elementor-nav-menu--dropdown\">\n\t<li class=\"menu-item menu-item-type-custom menu-item-object-custom menu-item-171\"><a href=\"#\" class=\"elementor-sub-item elementor-item-anchor\" tabindex=\"-1\">Legisla\u00e7\u00e3o<\/a><\/li>\n\t<li class=\"menu-item menu-item-type-custom menu-item-object-custom menu-item-172\"><a href=\"#\" class=\"elementor-sub-item elementor-item-anchor\" tabindex=\"-1\">Formul\u00e1rios<\/a><\/li>\n\t<li class=\"menu-item menu-item-type-post_type menu-item-object-page menu-item-940\"><a href=\"https:\/\/portal.uern.br\/facs\/projeto-pedagogico-de-curso\/\" class=\"elementor-sub-item\" tabindex=\"-1\">Projeto Pedag\u00f3gico de Curso<\/a><\/li>\n<\/ul>\n<\/li>\n<li class=\"menu-item menu-item-type-custom menu-item-object-custom menu-item-170\"><a href=\"http:\/\/portal.uern.br\/facs\/editais\" class=\"elementor-item\" tabindex=\"-1\">Editais<\/a><\/li>\n<li class=\"menu-item menu-item-type-custom menu-item-object-custom menu-item-174\"><a href=\"#\" class=\"elementor-item elementor-item-anchor\" tabindex=\"-1\">Contatos<\/a><\/li>\n<li class=\"menu-item menu-item-type-post_type menu-item-object-page menu-item-937\"><a href=\"https:\/\/portal.uern.br\/facs\/corpo-docente\/\" title=\" https:\/\/portal.uern.br\/facs\/corpo-docente\/\" class=\"elementor-item\" tabindex=\"-1\">Corpo Docente<\/a><\/li>\n<li class=\"menu-item menu-item-type-post_type menu-item-object-page menu-item-has-children menu-item-954\"><a href=\"https:\/\/portal.uern.br\/facs\/laboratorios\/\" class=\"elementor-item\" tabindex=\"-1\">Laborat\u00f3rios<\/a>\n<ul class=\"sub-menu elementor-nav-menu--dropdown\">\n\t<li class=\"menu-item menu-item-type-post_type menu-item-object-page menu-item-953\"><a target=\"_blank\" href=\"https:\/\/portal.uern.br\/facs\/biomol\/\" class=\"elementor-sub-item\" tabindex=\"-1\">Laborat\u00f3rio de Bioqu\u00edmica e Biologia Molecular \u2013 BIOMOL<\/a><\/li>\n\t<li class=\"menu-item menu-item-type-post_type menu-item-object-page menu-item-978\"><a target=\"_blank\" href=\"https:\/\/portal.uern.br\/facs\/labneuro\/\" class=\"elementor-sub-item\" tabindex=\"-1\">Laborat\u00f3rio de Neurologia Experimental \u2013 LABNEURO<\/a><\/li>\n\t<li class=\"menu-item menu-item-type-post_type menu-item-object-page menu-item-977\"><a target=\"_blank\" href=\"https:\/\/portal.uern.br\/facs\/laboratorio-de-parasitologia-medica-labpam\/\" class=\"elementor-sub-item\" tabindex=\"-1\">Laborat\u00f3rio de Parasitologia M\u00e9dica \u2013 LABPAM<\/a><\/li>\n<\/ul>\n<\/li>\n<li class=\"menu-item menu-item-type-post_type menu-item-object-page menu-item-957\"><a href=\"https:\/\/portal.uern.br\/facs\/programas-de-residencia-medica\/\" class=\"elementor-item\" tabindex=\"-1\">Programas de Resid\u00eancia M\u00e9dica<\/a><\/li>\n<li class=\"menu-item menu-item-type-post_type menu-item-object-page menu-item-958\"><a href=\"https:\/\/portal.uern.br\/facs\/pos-graduacao-stricto-sensu\/\" class=\"elementor-item\" tabindex=\"-1\">Programas de P\u00f3s-Gradua\u00e7\u00e3o Stricto Sensu<\/a><\/li>\n<\/ul>\t\t\t<\/nav>\n\t\t\t\t\t\t<\/div>\n\t\t\t\t<\/div>\n\t\t\t\t\t<\/div>\n\t\t<\/div>\n\t\t\t\t<div class=\"elementor-column elementor-col-50 elementor-top-column elementor-element elementor-element-7e25898\" data-id=\"7e25898\" data-element_type=\"column\" data-settings=\"{&quot;background_background&quot;:&quot;classic&quot;}\">\n\t\t\t<div class=\"elementor-widget-wrap elementor-element-populated\">\n\t\t\t\t\t\t<div class=\"elementor-element elementor-element-5b9953c elementor-grid-1 elementor-posts--thumbnail-left elementor-grid-tablet-2 elementor-grid-mobile-1 elementor-widget elementor-widget-posts\" data-id=\"5b9953c\" data-element_type=\"widget\" data-settings=\"{&quot;classic_columns&quot;:&quot;1&quot;,&quot;classic_columns_tablet&quot;:&quot;2&quot;,&quot;classic_columns_mobile&quot;:&quot;1&quot;,&quot;classic_row_gap&quot;:{&quot;unit&quot;:&quot;px&quot;,&quot;size&quot;:35,&quot;sizes&quot;:[]},&quot;classic_row_gap_tablet&quot;:{&quot;unit&quot;:&quot;px&quot;,&quot;size&quot;:&quot;&quot;,&quot;sizes&quot;:[]},&quot;classic_row_gap_mobile&quot;:{&quot;unit&quot;:&quot;px&quot;,&quot;size&quot;:&quot;&quot;,&quot;sizes&quot;:[]}}\" data-widget_type=\"posts.classic\">\n\t\t\t\t<div class=\"elementor-widget-container\">\n\t\t\t\t\t\t\t<div class=\"elementor-posts-container elementor-posts elementor-posts--skin-classic elementor-grid\" role=\"list\">\n\t\t\t\t<article class=\"elementor-post elementor-grid-item post-768 destaques_ type-destaques_ status-publish has-post-thumbnail hentry nivel_do_destaque_-destaque-topo\" role=\"listitem\">\n\t\t\t\t<a class=\"elementor-post__thumbnail__link\" href=\"https:\/\/portal.uern.br\/facs\/destaques_\/uern-busca-alternativas-para-melhorar-acesso-aos-ambulatorios-da-facs\/\" tabindex=\"-1\" >\n\t\t\t<div class=\"elementor-post__thumbnail\"><img decoding=\"async\" width=\"768\" height=\"432\" src=\"https:\/\/portal.uern.br\/facs\/wp-content\/uploads\/2022\/06\/Reuniao-ambulatorios-da-Facs-768x432.jpg\" class=\"attachment-medium_large size-medium_large wp-image-199\" alt=\"\" srcset=\"https:\/\/portal.uern.br\/facs\/wp-content\/uploads\/2022\/06\/Reuniao-ambulatorios-da-Facs-768x432.jpg 768w, https:\/\/portal.uern.br\/facs\/wp-content\/uploads\/2022\/06\/Reuniao-ambulatorios-da-Facs-300x169.jpg 300w, https:\/\/portal.uern.br\/facs\/wp-content\/uploads\/2022\/06\/Reuniao-ambulatorios-da-Facs-1024x576.jpg 1024w, https:\/\/portal.uern.br\/facs\/wp-content\/uploads\/2022\/06\/Reuniao-ambulatorios-da-Facs-1536x865.jpg 1536w, https:\/\/portal.uern.br\/facs\/wp-content\/uploads\/2022\/06\/Reuniao-ambulatorios-da-Facs-2048x1153.jpg 2048w\" sizes=\"(max-width: 768px) 100vw, 768px\" \/><\/div>\n\t\t<\/a>\n\t\t\t\t<div class=\"elementor-post__text\">\n\t\t\t\t<h3 class=\"elementor-post__title\">\n\t\t\t<a href=\"https:\/\/portal.uern.br\/facs\/destaques_\/uern-busca-alternativas-para-melhorar-acesso-aos-ambulatorios-da-facs\/\" >\n\t\t\t\tUern busca alternativas para melhorar acesso aos ambulat\u00f3rios da Facs\t\t\t<\/a>\n\t\t<\/h3>\n\t\t\t\t<div class=\"elementor-post__meta-data\">\n\t\t\t\t\t<span class=\"elementor-post-date\">\n\t\t\t25 de abril de 2022\t\t<\/span>\n\t\t\t\t<\/div>\n\t\t\t\t<div class=\"elementor-post__excerpt\">\n\t\t\t<p>A Universidade do Estado do Rio Grande do Norte (Uern) busca alternativas junto \u00e0 Prefeitura de Mossor\u00f3 para melhorar o acesso aos ambulat\u00f3rios que funcionam na Faculdade de Ci\u00eancias da Sa\u00fade (Facs). O assunto foi discutido na tarde desta segunda-feira (25), durante reuni\u00e3o entre a reitora Cic\u00edlia Maia e o<\/p>\n\t\t<\/div>\n\t\t\t\t<\/div>\n\t\t\t\t<\/article>\n\t\t\t\t<\/div>\n\t\t\n\t\t\t\t\t\t<\/div>\n\t\t\t\t<\/div>\n\t\t\t\t\t<\/div>\n\t\t<\/div>\n\t\t\t\t\t<\/div>\n\t\t<\/section>\n\t\t\t\t<\/div>\n\t\t","protected":false},"excerpt":{"rendered":"","protected":false},"author":1,"featured_media":0,"parent":0,"menu_order":0,"comment_status":"closed","ping_status":"closed","template":"","meta":{"footnotes":""},"class_list":["post-201","page","type-page","status-publish","hentry"],"_links":{"self":[{"href":"https:\/\/portal.uern.br\/facs\/wp-json\/wp\/v2\/pages\/201","targetHints":{"allow":["GET"]}}],"collection":[{"href":"https:\/\/portal.uern.br\/facs\/wp-json\/wp\/v2\/pages"}],"about":[{"href":"https:\/\/portal.uern.br\/facs\/wp-json\/wp\/v2\/types\/page"}],"author":[{"embeddable":true,"href":"https:\/\/portal.uern.br\/facs\/wp-json\/wp\/v2\/users\/1"}],"replies":[{"embeddable":true,"href":"https:\/\/portal.uern.br\/facs\/wp-json\/wp\/v2\/comments?post=201"}],"version-history":[{"count":34,"href":"https:\/\/portal.uern.br\/facs\/wp-json\/wp\/v2\/pages\/201\/revisions"}],"predecessor-version":[{"id":767,"href":"https:\/\/portal.uern.br\/facs\/wp-json\/wp\/v2\/pages\/201\/revisions\/767"}],"wp:attachment":[{"href":"https:\/\/portal.uern.br\/facs\/wp-json\/wp\/v2\/media?parent=201"}],"curies":[{"name":"wp","href":"https:\/\/api.w.org\/{rel}","templated":true}]}}