{"id":273,"date":"2022-09-14T08:55:18","date_gmt":"2022-09-14T11:55:18","guid":{"rendered":"https:\/\/paisdemossoro.com.br\/wordpress\/facem\/?page_id=273"},"modified":"2025-06-27T07:37:07","modified_gmt":"2025-06-27T10:37:07","slug":"departamentos-e-cursos","status":"publish","type":"page","link":"https:\/\/portal.uern.br\/facem\/departamentos-e-cursos\/","title":{"rendered":"Departamentos e Cursos"},"content":{"rendered":"<p><strong>Departamentos e Cursos<\/strong><\/p>\n<p>&nbsp;<\/p>\n<p>Faculdade de Ci\u00eancias Econ\u00f4micas\u00a0possui atualmente cinco\u00a0Departamentos Acad\u00eamicos, os quais ofertam seis cursos de gradua\u00e7\u00e3o, dois de p\u00f3s-gradua\u00e7\u00e3o (Strictu sensu) e dois de p\u00f3s-gradua\u00e7\u00e3o (lato sensu). Logo abaixo est\u00e3o descritos os departamentos\u00a0e seus respectivos cursos de gradua\u00e7\u00e3o e p\u00f3s-gradua\u00e7\u00e3o, com links direcionados \u00e0s suas p\u00e1ginas de origem, para maiores informa\u00e7\u00f5es.<\/p>\n<hr \/>\n<h5><span style=\"color: #0000ff\"><strong><span style=\"font-size: 12pt\">Departamento de Administra\u00e7\u00e3o<\/span><\/strong><\/span><\/h5>\n<ul>\n<li><a href=\"https:\/\/portal.uern.br\/facem\/administracao\/\">Curso de Administra\u00e7\u00e3o (Bacharelado, noturno)<\/a><\/li>\n<li>Especializa\u00e7\u00e3o em\u00a0Desenvolvimento Rural e Agricultura Familiar<\/li>\n<\/ul>\n<p>&nbsp;<\/p>\n<p><strong>Hor\u00e1rios de atendimento presencial:\u00a0<\/strong><\/p>\n<p>07h \u00e0s 13h \/ 16h \u00e0s 22h (de segunda a sexta-feira);<\/p>\n<p><strong>Localiza\u00e7\u00e3o:<\/strong><\/p>\n<p>Faculdade de Ci\u00eancias Econ\u00f4micas &#8211; campus central &#8211; UERN &#8211; Mossor\u00f3-RN.<\/p>\n<p><strong>Contatos:<\/strong><\/p>\n<p><strong>E-mail:<\/strong> dad@uern.br \/ <strong>Fone:<\/strong>\u00a0(84) 3315-2201<\/p>\n<hr \/>\n<h5><span style=\"color: #0000ff\"><strong><span style=\"font-size: 12pt\">Departamento de Ci\u00eancias Cont\u00e1beis<\/span><\/strong><\/span><\/h5>\n<ul>\n<li><a href=\"https:\/\/portal.uern.br\/facem\/ciencias-contabeis\/\">Curso de Ci\u00eancias Cont\u00e1beis (Bacharelado, matutino e noturno)<\/a><\/li>\n<li>Especializa\u00e7\u00e3o em Auditoria Cont\u00e1bil<\/li>\n<\/ul>\n<p>&nbsp;<\/p>\n<p><strong>Hor\u00e1rios de atendimento presencial:<\/strong><\/p>\n<p>07h \u00e0s 13h \/ 16h \u00e0s 22h (de Segunda a Sexta-feira);<\/p>\n<p><strong>Localiza\u00e7\u00e3o:<\/strong><\/p>\n<p>Faculdade de Ci\u00eancias Econ\u00f4micas &#8211; campus central &#8211; UERN &#8211; Mossor\u00f3-RN.<\/p>\n<p><strong>Contatos<\/strong><\/p>\n<p><strong>E-mail:<\/strong> dcc@uern.br \/ <strong>Fone:\u00a0<\/strong>(84) 3315-2202<\/p>\n<hr \/>\n<h5><span style=\"color: #0000ff\"><strong><span style=\"font-size: 12pt\">Departamento de Economia<\/span><\/strong><\/span><\/h5>\n<ul>\n<li><a href=\"https:\/\/portal.uern.br\/facem\/ciencias-economicas\/\">Curso de Ci\u00eancias Econ\u00f4micas (Bacharelado, matutino e noturno)<\/a><\/li>\n<li><a href=\"https:\/\/sigaa.uern.br\/sigaa\/public\/programa\/portal.jsf?lc=pt_BR&amp;id=1055\">P\u00f3s-gradua\u00e7\u00e3o &#8211;\u00a0 Mestrado em Economia.<\/a><\/li>\n<\/ul>\n<p>&nbsp;<\/p>\n<p><strong>Hor\u00e1rios de atendimento presencial:<\/strong><\/p>\n<p>07h \u00e0s 13h \/ 16h \u00e0s 22h (de Segunda a Sexta-feira);<\/p>\n<p><strong>Localiza\u00e7\u00e3o:<\/strong><\/p>\n<p>Faculdade de Ci\u00eancias Econ\u00f4micas &#8211; campus central &#8211; UERN &#8211; Mossor\u00f3-RN.<\/p>\n<p><strong>Contatos:<\/strong><\/p>\n<p><strong>E-mail:<\/strong> dec@uern.br \/ <strong>Fone:\u00a0<\/strong>(84) 3315-2200<\/p>\n<hr \/>\n<h5><span style=\"font-size: 12pt;color: #0000ff\"><strong>Departamento de\u00a0Gest\u00e3o Ambiental<\/strong><\/span><\/h5>\n<ul>\n<li><a href=\"https:\/\/portal.uern.br\/facem\/gestao-ambiental\/\">Curso de Gest\u00e3o Ambiental (Bacharelado, matutino)<\/a><\/li>\n<li><a href=\"https:\/\/sigaa.uern.br\/sigaa\/public\/programa\/portal.jsf?lc=pt_BR&amp;id=1056\">P\u00f3s-Gradua\u00e7\u00e3o &#8211; Mestrado em Geografia<\/a><\/li>\n<li><a href=\"https:\/\/portal.uern.br\/facem\/agroecologia\/\">Curso de Gradua\u00e7\u00e3o Tecnol\u00f3gica em Agroecologia<\/a><\/li>\n<\/ul>\n<p>&nbsp;<\/p>\n<p><strong>Hor\u00e1rio de atendimento presencial:\u00a0<\/strong><\/p>\n<p>07h \u00e0s 13h de Segunda a Sexta-feira.<\/p>\n<p><strong>Localiza\u00e7\u00e3o:<\/strong><\/p>\n<p>Faculdade de Ci\u00eancias Econ\u00f4micas &#8211; campus central &#8211; UERN &#8211; Mossor\u00f3-RN.<\/p>\n<p><strong>Contatos:<\/strong><\/p>\n<p><strong>E-mail:<\/strong> dga@uern.br \/ <strong>Fone:<\/strong>\u00a0(84) 3315-2094<\/p>\n<hr \/>\n<h5><span style=\"color: #0000ff\"><strong><span style=\"font-size: 12pt\">Departamento de Turismo<\/span><\/strong><\/span><\/h5>\n<ul>\n<li><a href=\"https:\/\/portal.uern.br\/facem\/turismo\/\">Curso de Turismo (Bacharelado, matutino)<\/a><\/li>\n<\/ul>\n<p>&nbsp;<\/p>\n<p><strong>Hor\u00e1rios de atendimento presencial<\/strong>:<\/p>\n<p>07h \u00e0s 13h \/ 16h \u00e0s 22h (de Segunda a Sexta-feira);<\/p>\n<p><strong>Localiza\u00e7\u00e3o:<\/strong><\/p>\n<p>Faculdade de Ci\u00eancias Econ\u00f4micas &#8211; campus central &#8211; UERN &#8211; Mossor\u00f3-RN.<\/p>\n<p><strong>Contatos:<\/strong><\/p>\n<p><strong>E-mail:\u00a0<\/strong>detur@uern.br \/ <strong>Fone:<\/strong>\u00a0(84) 3315-2093<\/p>\n","protected":false},"excerpt":{"rendered":"<p>Departamentos e Cursos &nbsp; Faculdade de Ci\u00eancias Econ\u00f4micas\u00a0possui atualmente cinco\u00a0Departamentos Acad\u00eamicos, os quais ofertam seis cursos de gradua\u00e7\u00e3o, dois de p\u00f3s-gradua\u00e7\u00e3o (Strictu sensu) e dois de p\u00f3s-gradua\u00e7\u00e3o (lato sensu). Logo abaixo est\u00e3o descritos os departamentos\u00a0e seus respectivos cursos de gradua\u00e7\u00e3o e p\u00f3s-gradua\u00e7\u00e3o, com links direcionados \u00e0s suas p\u00e1ginas de origem, para maiores informa\u00e7\u00f5es. Departamento de [&hellip;]<\/p>\n","protected":false},"author":1,"featured_media":0,"parent":0,"menu_order":0,"comment_status":"closed","ping_status":"closed","template":"","meta":{"footnotes":""},"class_list":["post-273","page","type-page","status-publish","hentry"],"_links":{"self":[{"href":"https:\/\/portal.uern.br\/facem\/wp-json\/wp\/v2\/pages\/273","targetHints":{"allow":["GET"]}}],"collection":[{"href":"https:\/\/portal.uern.br\/facem\/wp-json\/wp\/v2\/pages"}],"about":[{"href":"https:\/\/portal.uern.br\/facem\/wp-json\/wp\/v2\/types\/page"}],"author":[{"embeddable":true,"href":"https:\/\/portal.uern.br\/facem\/wp-json\/wp\/v2\/users\/1"}],"replies":[{"embeddable":true,"href":"https:\/\/portal.uern.br\/facem\/wp-json\/wp\/v2\/comments?post=273"}],"version-history":[{"count":21,"href":"https:\/\/portal.uern.br\/facem\/wp-json\/wp\/v2\/pages\/273\/revisions"}],"predecessor-version":[{"id":1339,"href":"https:\/\/portal.uern.br\/facem\/wp-json\/wp\/v2\/pages\/273\/revisions\/1339"}],"wp:attachment":[{"href":"https:\/\/portal.uern.br\/facem\/wp-json\/wp\/v2\/media?parent=273"}],"curies":[{"name":"wp","href":"https:\/\/api.w.org\/{rel}","templated":true}]}}