{"id":262,"date":"2022-09-14T08:42:13","date_gmt":"2022-09-14T11:42:13","guid":{"rendered":"https:\/\/paisdemossoro.com.br\/wordpress\/facem\/?page_id=262"},"modified":"2025-05-28T19:24:46","modified_gmt":"2025-05-28T22:24:46","slug":"apresentacao","status":"publish","type":"page","link":"https:\/\/portal.uern.br\/facem\/apresentacao\/","title":{"rendered":"Apresenta\u00e7\u00e3o"},"content":{"rendered":"<p><strong>Apresenta\u00e7\u00e3o<\/strong><\/p>\n<p>A Faculdade de Ci\u00eancias Econ\u00f4micas de Mossor\u00f3 \u00e9 a mais antiga faculdade da Universidade do Estado do Rio Grande do Norte (UERN), e sua cria\u00e7\u00e3o e trajet\u00f3ria se confunde com a hist\u00f3ria da pr\u00f3pria Universidade.\u00a0A origem e hist\u00f3ria da FACEM\u00a0\u00e9 anterior \u00e0 pr\u00f3pria UERN, tendo sido institu\u00edda por meio da Resolu\u00e7\u00e3o n.\u00ba 01\/43 de 18 de agosto de 1943, por iniciativa da Sociedade Uni\u00e3o Caixeiral, esta a mantenedora da Escola T\u00e9cnica de Com\u00e9rcio Uni\u00e3o Caixeiral.<\/p>\n<p>A FACEM representou o marco inicial do sonho de alguns idealistas de dotar Mossor\u00f3 de uma institui\u00e7\u00e3o de ensino superior, um grupo da Uni\u00e3o Caixeiral que somou\u2013se a Uni\u00e3o Universit\u00e1ria Mossoroense, entidade fundada em 9 de julho de 1955, composta por universit\u00e1rios de Mossor\u00f3 que estudavam em outras cidades e em outros estados. A entidade foi inicialmente presidida pelo advogado e professor mossoroense Jo\u00e3o Batista Cascudo Rodrigues, o qual veio a ser o primeiro reitor da Universidade Regional do Rio Grande do Norte (URRN).<\/p>\n<p>Como resultado dessas iniciativas surgiu, com a Lei Municipal n.\u00ba 41\/63 de 5 de dezembro de 1963, a Funda\u00e7\u00e3o para o Desenvolvimento da Ci\u00eancia e da T\u00e9cnica (FUNCITEC) que, em 1968, foi transformada em Funda\u00e7\u00e3o Universidade Regional do Rio Grande do norte (FURRN). Depois da transforma\u00e7\u00e3o da FUNCITEC em FURRN, o ent\u00e3o governador do Rio Grande do Norte Monsenhor Walfredo Gurgel autorizou o seu funcionamento como Institui\u00e7\u00e3o de Ensino Superior (IES), atrav\u00e9s do Decreto Estadual n.\u00ba 5.025, de 14 de novembro de 1968.<\/p>\n<p>Integravam, inicialmente a URRN, nos termos da Lei n.\u00ba 20\/68, a Faculdade de Ci\u00eancias Econ\u00f4micas de Mossor\u00f3, al\u00e9m da Faculdade de Servi\u00e7o Social de Mossor\u00f3, a Faculdade de Filosofia, Ci\u00eancias e Letras de Mossor\u00f3 e a Escola Superior de Enfermagem de Mossor\u00f3.<\/p>\n<p>A FACEM \u00e9 atualmente uma das maiores e mais complexas faculdades da UERN, tendo sua estrutura constitu\u00edda por cinco Departamentos Acad\u00eamicos onde funcionam seis cursos: Administra\u00e7\u00e3o (noturno), Ci\u00eancias Cont\u00e1beis (matutino e noturno), Ci\u00eancias Econ\u00f4micas (matutino e noturno), Gest\u00e3o Ambiental (matutino), Curso de Gradua\u00e7\u00e3o Tecnol\u00f3gica em Agroecologia (vinculado ao Departamento de Gest\u00e3o Ambiental) e Turismo (matutino).<\/p>\n<p>Com rela\u00e7\u00e3o a capacidade de pessoal, os n\u00fameros da FACEM em 2024 revelam um corpo docente de 71 (setenta e Um) professores, sendo 14 (quatorze) de Administra\u00e7\u00e3o, 17 (dezessete) de Ci\u00eancias Cont\u00e1beis, 19 (dezenove) de Economia, 12 (doze) de Gest\u00e3o Ambiental e Gradua\u00e7\u00e3o Tecnol\u00f3gica em Agroecologia, e (09) nove de Turismo. Quanto ao apoio administrativo a Faculdade conta com um total de 13 (treze) t\u00e9cnicos administrativos, sendo 12 (doze) deles distribu\u00eddos pelos cinco departamentos e um lotado na Dire\u00e7\u00e3o da Unidade.<\/p>\n<p>&nbsp;<\/p>\n","protected":false},"excerpt":{"rendered":"<p>Apresenta\u00e7\u00e3o A Faculdade de Ci\u00eancias Econ\u00f4micas de Mossor\u00f3 \u00e9 a mais antiga faculdade da Universidade do Estado do Rio Grande do Norte (UERN), e sua cria\u00e7\u00e3o e trajet\u00f3ria se confunde com a hist\u00f3ria da pr\u00f3pria Universidade.\u00a0A origem e hist\u00f3ria da FACEM\u00a0\u00e9 anterior \u00e0 pr\u00f3pria UERN, tendo sido institu\u00edda por meio da Resolu\u00e7\u00e3o n.\u00ba 01\/43 de [&hellip;]<\/p>\n","protected":false},"author":1,"featured_media":0,"parent":0,"menu_order":0,"comment_status":"closed","ping_status":"closed","template":"","meta":{"footnotes":""},"class_list":["post-262","page","type-page","status-publish","hentry"],"_links":{"self":[{"href":"https:\/\/portal.uern.br\/facem\/wp-json\/wp\/v2\/pages\/262","targetHints":{"allow":["GET"]}}],"collection":[{"href":"https:\/\/portal.uern.br\/facem\/wp-json\/wp\/v2\/pages"}],"about":[{"href":"https:\/\/portal.uern.br\/facem\/wp-json\/wp\/v2\/types\/page"}],"author":[{"embeddable":true,"href":"https:\/\/portal.uern.br\/facem\/wp-json\/wp\/v2\/users\/1"}],"replies":[{"embeddable":true,"href":"https:\/\/portal.uern.br\/facem\/wp-json\/wp\/v2\/comments?post=262"}],"version-history":[{"count":11,"href":"https:\/\/portal.uern.br\/facem\/wp-json\/wp\/v2\/pages\/262\/revisions"}],"predecessor-version":[{"id":1300,"href":"https:\/\/portal.uern.br\/facem\/wp-json\/wp\/v2\/pages\/262\/revisions\/1300"}],"wp:attachment":[{"href":"https:\/\/portal.uern.br\/facem\/wp-json\/wp\/v2\/media?parent=262"}],"curies":[{"name":"wp","href":"https:\/\/api.w.org\/{rel}","templated":true}]}}