{"id":889,"date":"2023-10-26T11:11:36","date_gmt":"2023-10-26T14:11:36","guid":{"rendered":"https:\/\/portal.uern.br\/facem\/turismo\/?page_id=889"},"modified":"2023-10-27T11:49:32","modified_gmt":"2023-10-27T14:49:32","slug":"projetos-de-pesquisa","status":"publish","type":"page","link":"https:\/\/portal.uern.br\/facem\/turismo\/projetos-de-pesquisa\/","title":{"rendered":"Projetos de Pesquisa"},"content":{"rendered":"<p><strong>PROJETO DE PESQUISA DESENVOLVIDO EM 2019\/2020<\/strong><\/p>\n<ul>\n<li>Criminalidade, Seguran\u00e7a P\u00fablica e Viol\u00eancia Urbana Em Destinos Tur\u00edsticos: Um Estudo Bibliogr\u00e1fico Acerca da Produ\u00e7\u00e3o Acad\u00eamica Brasileira (<a href=\"https:\/\/www.uern.br\/controledepaginas\/propeg-iniciacao-cientifica-pibic\/arquivos\/15952019_2020_memorando_circular_011_2019_resultado_final.pdf\" target=\"_blank\" rel=\"noopener\">CLIQUE AQUI<\/a>)<\/li>\n<\/ul>\n<p><strong>PROJETO DE PESQUISA DESENVOLVIDO EM 2020\/2021<\/strong><\/p>\n<ul>\n<li>TURISMO EM TEMPOS DE COVID-19: Um Panorama do Rio Grande do Norte (<a href=\"http:\/\/portal.uern.br\/blog\/uern-elabora-estudo-sobre-comportamento-do-setor-do-turismo-no-rn-na-pandemia\/\" target=\"_blank\" rel=\"noopener\">CLIQUE AQUI<\/a>)<\/li>\n<\/ul>\n<p><strong>PROJETO DE PESQUISA DESENVOLVIDO EM 2021\/2022<\/strong><\/p>\n<ul>\n<li>A Din\u00e2mica do Turismo Potiguar No Contexto da Pandemia da Covid19. (<a href=\"https:\/\/www.uern.br\/controledepaginas\/propeg-iniciacao-cientifica-pibic\/arquivos\/15952021_2022_edital_018_2021_propeg_uern_resultado_final.pdf\" target=\"_blank\" rel=\"noopener\">CLIQUE AQUI<\/a>)<\/li>\n<li>Cinema e Narrativas Ideol\u00f3gicas: Clich\u00eas e Estere\u00f3tipos Sobre O Brasil No Filme \u201cturistas\u201d, de John Stockwell\u00a0 (<a href=\"https:\/\/www.uern.br\/controledepaginas\/propeg-iniciacao-cientifica-pibic\/arquivos\/15952021_2022_edital_018_2021_propeg_uern_resultado_final.pdf\" target=\"_blank\" rel=\"noopener\">CLIQUE AQUI<\/a>)<\/li>\n<\/ul>\n<p><strong>PROJETO DE PESQUISA DESENVOLVIDO EM 2022\/2023<\/strong><\/p>\n<ul>\n<li>Governan\u00e7a Tur\u00edstica Na Perspectiva do Desenvolvimento Regional do Polo Costa Branca\/rn\/brasil. (<a href=\"https:\/\/www.uern.br\/controledepaginas\/propeg-iniciacao-cientifica-pibic\/arquivos\/15952022_2023_edital_na_022.2022_divulga_resultado_final_pibic_pibiti_e_pibic_em.pdf\" target=\"_blank\" rel=\"noopener\">CLIQUE AQUI<\/a>)<\/li>\n<li>Cinema, Estigma e Ideologia: Perspectivas N\u00e3o Autorizadas Sobre O Brasil Nos Curtas-metragens Al\u00f4 Amigos: Aquarela (1942) e Voc\u00ea J\u00e1 Foi \u00c0 Bahia? (1944) (<a href=\"https:\/\/www.uern.br\/controledepaginas\/propeg-iniciacao-cientifica-pibic\/arquivos\/15952022_2023_edital_na_022.2022_divulga_resultado_final_pibic_pibiti_e_pibic_em.pdf\" target=\"_blank\" rel=\"noopener\">CLIQUE AQUI<\/a>)<\/li>\n<\/ul>\n<p><strong>PROJETO DE PESQUISA DESENVOLVIDO EM 2023\/2024<\/strong><\/p>\n<ul>\n<li>Governan\u00e7a Tur\u00edstica Na Perspectiva do Desenvolvimento Regional do Polo Costa Branca\/rn\/brasil. (<a href=\"https:\/\/portal.uern.br\/propeg\/wp-content\/uploads\/2023\/07\/RESULTADO-FINAL-PIBIC-23.24.pdf\" target=\"_blank\" rel=\"noopener\">CLIQUE AQUI<\/a>)<\/li>\n<li>Turismo, Mercado de Trabalho e Desigualdades de G\u00eanero: Discutindo O Capital Er\u00f3tico Em Meios de Hospedagem Na Cidade de Mossor\u00f3\/rn (<a href=\"https:\/\/portal.uern.br\/propeg\/wp-content\/uploads\/2023\/07\/RESULTADO-FINAL-PIBIC-23.24.pdf\" target=\"_blank\" rel=\"noopener\">CLIQUE AQUI<\/a>)<\/li>\n<\/ul>\n<p>&nbsp;<\/p>\n<p><strong>PROJETOS DE PESQUISA<\/strong><\/p>\n<p><a href=\"https:\/\/www.uern.br\/controledepaginas\/depto-turismo-grupos-pesquisa\/arquivos\/0425pesquisas_realizadas_pelo_detur.pdf\" target=\"_blank\" rel=\"noopener\">PROJETOS DE PESQUISA DESENVOLVIDOS PELO DETUR<\/a><\/p>\n","protected":false},"excerpt":{"rendered":"<p>PROJETO DE PESQUISA DESENVOLVIDO EM 2019\/2020 Criminalidade, Seguran\u00e7a P\u00fablica e Viol\u00eancia Urbana Em Destinos Tur\u00edsticos: Um Estudo Bibliogr\u00e1fico Acerca da Produ\u00e7\u00e3o Acad\u00eamica Brasileira (CLIQUE AQUI) PROJETO DE PESQUISA DESENVOLVIDO EM 2020\/2021 TURISMO EM TEMPOS DE COVID-19: Um Panorama do Rio Grande do Norte (CLIQUE AQUI) PROJETO DE PESQUISA DESENVOLVIDO EM 2021\/2022 A Din\u00e2mica do Turismo [&hellip;]<\/p>\n","protected":false},"author":2,"featured_media":0,"parent":0,"menu_order":0,"comment_status":"closed","ping_status":"closed","template":"","meta":{"footnotes":""},"class_list":["post-889","page","type-page","status-publish","hentry"],"_links":{"self":[{"href":"https:\/\/portal.uern.br\/facem\/turismo\/wp-json\/wp\/v2\/pages\/889","targetHints":{"allow":["GET"]}}],"collection":[{"href":"https:\/\/portal.uern.br\/facem\/turismo\/wp-json\/wp\/v2\/pages"}],"about":[{"href":"https:\/\/portal.uern.br\/facem\/turismo\/wp-json\/wp\/v2\/types\/page"}],"author":[{"embeddable":true,"href":"https:\/\/portal.uern.br\/facem\/turismo\/wp-json\/wp\/v2\/users\/2"}],"replies":[{"embeddable":true,"href":"https:\/\/portal.uern.br\/facem\/turismo\/wp-json\/wp\/v2\/comments?post=889"}],"version-history":[{"count":2,"href":"https:\/\/portal.uern.br\/facem\/turismo\/wp-json\/wp\/v2\/pages\/889\/revisions"}],"predecessor-version":[{"id":907,"href":"https:\/\/portal.uern.br\/facem\/turismo\/wp-json\/wp\/v2\/pages\/889\/revisions\/907"}],"wp:attachment":[{"href":"https:\/\/portal.uern.br\/facem\/turismo\/wp-json\/wp\/v2\/media?parent=889"}],"curies":[{"name":"wp","href":"https:\/\/api.w.org\/{rel}","templated":true}]}}