{"id":855,"date":"2023-10-24T11:41:50","date_gmt":"2023-10-24T14:41:50","guid":{"rendered":"https:\/\/portal.uern.br\/facem\/turismo\/?page_id=855"},"modified":"2025-05-22T10:09:06","modified_gmt":"2025-05-22T13:09:06","slug":"programas-formativos-pim","status":"publish","type":"page","link":"https:\/\/portal.uern.br\/facem\/turismo\/programas-formativos-pim\/","title":{"rendered":"Programas Formativos (PIM)"},"content":{"rendered":"<p><strong><img fetchpriority=\"high\" decoding=\"async\" class=\"aligncenter\" src=\"https:\/\/www.uern.br\/controledepaginas\/depto-turismo-programas-formativos\/imagens\/1337programas_normativos.jpg\" alt=\"\" width=\"576\" height=\"251\" \/><\/strong><\/p>\n<hr \/>\n<p><strong>Programa Institucional de Monitoria &#8211; PIM<\/strong><\/p>\n<p>O DETUR vem colocando em pr\u00e1tica o trip\u00e9 ensino, pesquisa e extens\u00e3o, pois consegue assimilar as demandas sociais e incorpor\u00e1-las em seus curr\u00edculos e a\u00e7\u00f5es. No \u00e2mbito do ensino desenvolve aulas de campo e Programa Institucional de Monitoria (PIM).<\/p>\n<p>O Programa Institucional de Monitoria contempla atividades de car\u00e1ter did\u00e1tico-pedag\u00f3gico, desenvolvidas pelos alunos da gradua\u00e7\u00e3o e orientadas por professores, que contribuem para a forma\u00e7\u00e3o acad\u00eamica do estudante. \u00c9 comum ser disponibilizado em edital dois tipos de monitoria: remunerada e n\u00e3o remunerada. O DETUR oferta por semestre uma vaga remunerada.<\/p>\n<p>Este programa tem como objetivo melhorar os indicadores de ensino-aprendizagem no \u00e2mbito escolar, proporcionar condi\u00e7\u00f5es de perman\u00eancia e de sucesso dos alunos no processo ensino-aprendizagem e contribuir para o envolvimento dos alunos nas atividades de doc\u00eancia, de pesquisa e de extens\u00e3o.<\/p>\n<p>O DETUR tem o entendimento que o Programa propicia uma aprendizagem hol\u00edstica aos alunos dos cursos de gradua\u00e7\u00e3o, visando o aperfei\u00e7oamento do seu processo de forma\u00e7\u00e3o e a melhoria da qualidade do ensino.<\/p>\n<p>Para a fun\u00e7\u00e3o de monitoria s\u00e3o escolhidos alunos que, no \u00e2mbito das disciplinas j\u00e1 cursadas, demonstram capacidade para o desempenho das seguintes atividades:<\/p>\n<ul>\n<li>Auxiliar os professores em tarefas pass\u00edveis de serem executadas por estudantes que j\u00e1 tenham cursado as respectivas disciplinas;<\/li>\n<li>Auxiliar os alunos, orientando-os em trabalhos de laborat\u00f3rio, de pesquisa bibliogr\u00e1fica, de campo e outros compat\u00edveis com o seu n\u00edvel de conhecimento e experi\u00eancia das disciplinas;<\/li>\n<li>Assegurar maior relacionamento entre professor e alunos, visando ao aprimoramento do apoio pedag\u00f3gico ao estudante.<\/li>\n<\/ul>\n<p>Outra pr\u00e1tica recorrente \u00e9 a utiliza\u00e7\u00e3o de aulas de campo como estrat\u00e9gias did\u00e1ticas que visam complementar e enriquecer os conte\u00fados te\u00f3ricos trabalhados em sala de aula.<\/p>\n<p><strong>DOCUMENTOS (formul\u00e1rios, termos de compromisso)<\/strong><\/p>\n<ul>\n<li><a href=\"https:\/\/www.uern.br\/controledepaginas\/depto-turismo-programas-formativos\/arquivos\/1337formula%C2%A1rio_projeto_pim.pdf\" target=\"_blank\" rel=\"noopener\">FORMUL\u00c1RIO PROJETO PIM<\/a><\/li>\n<li><a href=\"https:\/\/www.uern.br\/controledepaginas\/depto-turismo-programas-formativos\/arquivos\/1337formula%C2%A1rio_relata%C2%B3riofinal_pim.pdf\" target=\"_blank\" rel=\"noopener\">FORMUL\u00c1RIO RELAT\u00d3RIO FINAL PIM<\/a><\/li>\n<li><a href=\"https:\/\/www.uern.br\/controledepaginas\/depto-turismo-programas-formativos\/arquivos\/1337termo_remunerado_pim.pdf\" target=\"_blank\" rel=\"noopener\">TERMO DE COMPROMISSO DO ALUNO REMUNERADO<\/a><\/li>\n<li><a href=\"https:\/\/www.uern.br\/controledepaginas\/depto-turismo-programas-formativos\/arquivos\/1337termo_na%C2%A3o_remunerado_pim.pdf\" target=\"_blank\" rel=\"noopener\">TERMO DE COMPROMISSO DO ALUNO N\u00c3O REMUNERADO<\/a><\/li>\n<li><a href=\"https:\/\/www.uern.br\/controledepaginas\/depto-turismo-programas-formativos\/arquivos\/1337registro_de_frequa%C5%A1ncia_do_monitor.pdf\" target=\"_blank\" rel=\"noopener\">REGISTRO DE FREQU\u00caNCIA DO MONITOR<\/a><\/li>\n<\/ul>\n<p><strong>EDITAIS E RESULTADOS (\u00daLTIMOS 3 SEMESTRES)<\/strong><\/p>\n<ul>\n<li><a href=\"https:\/\/portal.uern.br\/facem\/detur\/wp-content\/uploads\/sites\/11\/2024\/09\/EDITAL-DE-ABERTURA-PIM-2024.2_TURISMO-E-SOCIEDADE.pdf\" target=\"_blank\" rel=\"noopener\">EDITAL 2024.2 &#8211; Turismo e Sociedade<\/a><\/li>\n<li><a href=\"https:\/\/portal.uern.br\/facem\/detur\/wp-content\/uploads\/sites\/11\/2024\/09\/EDITAL-N\u00b0-002_2024.2_RESULTADO-PIM.pdf\" target=\"_blank\" rel=\"noopener\">RESULTADO EDITAL 2024.2 &#8211; Turismo e Sociedade<\/a><\/li>\n<li><a href=\"https:\/\/portal.uern.br\/facem\/detur\/wp-content\/uploads\/sites\/11\/2024\/09\/EDITAL-DE-ABERTURA-PIM_N\u00b0-03_2024_TGT.pdf\" target=\"_blank\" rel=\"noopener\">EDITAL 2025.1 &#8211; TGT<\/a><\/li>\n<li><a href=\"https:\/\/portal.uern.br\/facem\/detur\/wp-content\/uploads\/sites\/11\/2024\/09\/Resultado-PIM-2025.1.pdf\" target=\"_blank\" rel=\"noopener\">RESULTADO EDITAL 2025.1 &#8211; TGT<\/a><\/li>\n<li><a href=\"https:\/\/portal.uern.br\/facem\/detur\/wp-content\/uploads\/sites\/11\/2025\/05\/EDITAL-DE-ABERTURA-PIM_N\u00b0-01_2025_Gestao-de-Eventos.pdf\" target=\"_blank\" rel=\"noopener\">EDITAL 2025.2 &#8211; Gest\u00e3o de Eventos<\/a><\/li>\n<li><a href=\"https:\/\/portal.uern.br\/facem\/detur\/wp-content\/uploads\/sites\/11\/2025\/05\/EDITAL-N\u00b0-02_2025_RESULTADO-PIM.pdf\" target=\"_blank\" rel=\"noopener\">RESULTADO EDITAL 2025.2 &#8211; Gest\u00e3o de Eventos<\/a><\/li>\n<\/ul>\n","protected":false},"excerpt":{"rendered":"<p>Programa Institucional de Monitoria &#8211; PIM O DETUR vem colocando em pr\u00e1tica o trip\u00e9 ensino, pesquisa e extens\u00e3o, pois consegue assimilar as demandas sociais e incorpor\u00e1-las em seus curr\u00edculos e a\u00e7\u00f5es. No \u00e2mbito do ensino desenvolve aulas de campo e Programa Institucional de Monitoria (PIM). O Programa Institucional de Monitoria contempla atividades de car\u00e1ter did\u00e1tico-pedag\u00f3gico, [&hellip;]<\/p>\n","protected":false},"author":2,"featured_media":0,"parent":0,"menu_order":0,"comment_status":"closed","ping_status":"closed","template":"","meta":{"footnotes":""},"class_list":["post-855","page","type-page","status-publish","hentry"],"_links":{"self":[{"href":"https:\/\/portal.uern.br\/facem\/turismo\/wp-json\/wp\/v2\/pages\/855","targetHints":{"allow":["GET"]}}],"collection":[{"href":"https:\/\/portal.uern.br\/facem\/turismo\/wp-json\/wp\/v2\/pages"}],"about":[{"href":"https:\/\/portal.uern.br\/facem\/turismo\/wp-json\/wp\/v2\/types\/page"}],"author":[{"embeddable":true,"href":"https:\/\/portal.uern.br\/facem\/turismo\/wp-json\/wp\/v2\/users\/2"}],"replies":[{"embeddable":true,"href":"https:\/\/portal.uern.br\/facem\/turismo\/wp-json\/wp\/v2\/comments?post=855"}],"version-history":[{"count":10,"href":"https:\/\/portal.uern.br\/facem\/turismo\/wp-json\/wp\/v2\/pages\/855\/revisions"}],"predecessor-version":[{"id":1057,"href":"https:\/\/portal.uern.br\/facem\/turismo\/wp-json\/wp\/v2\/pages\/855\/revisions\/1057"}],"wp:attachment":[{"href":"https:\/\/portal.uern.br\/facem\/turismo\/wp-json\/wp\/v2\/media?parent=855"}],"curies":[{"name":"wp","href":"https:\/\/api.w.org\/{rel}","templated":true}]}}