{"id":853,"date":"2023-10-24T11:41:10","date_gmt":"2023-10-24T14:41:10","guid":{"rendered":"https:\/\/portal.uern.br\/facem\/turismo\/?page_id=853"},"modified":"2025-05-23T08:12:20","modified_gmt":"2025-05-23T11:12:20","slug":"estagio-obrigatorio","status":"publish","type":"page","link":"https:\/\/portal.uern.br\/facem\/turismo\/estagio-obrigatorio\/","title":{"rendered":"Est\u00e1gio Obrigat\u00f3rio"},"content":{"rendered":"<p><strong>Empresas conveniadas com a UERN para est\u00e1gio obrigat\u00f3rio<\/strong> (<a href=\"https:\/\/portal.uern.br\/proeg\/convenios-vigentes-para-fins-de-estagio-curricular-supervisionado\/\">Conv\u00eanios Vigentes<\/a>)<\/p>\n<hr \/>\n<p><strong>DOCUMENTOS DE EST\u00c1GIO OBRIGAT\u00d3RIO DO ALUNO<\/strong><\/p>\n<p>a) Formul\u00e1rio de Solicita\u00e7\u00e3o de TCE (<a href=\"https:\/\/portal.uern.br\/facem\/detur\/wp-content\/uploads\/sites\/11\/2025\/05\/FORMULARIO-TCE.pdf\" target=\"_blank\" rel=\"noopener\">BAIXE AQUI<\/a>)<\/p>\n<p>b) Resolu\u00e7\u00e3o N\u00b0 19\/2023 &#8211; CONSEPE (<a href=\"https:\/\/portal.uern.br\/facem\/detur\/wp-content\/uploads\/sites\/11\/2023\/08\/Resolucao-No-19-2023-CONSEPE-Regulamenta-Estagio-Curricular-Supervisionado-Obrigatorio-Cursos-Bacharelado-Uern-e-revoga-Resolucao-no-05-2015.pdf\" target=\"_blank\" rel=\"noopener\">BAIXE AQUI<\/a>)<\/p>\n<p>c) Plano de est\u00e1gio I &#8211; DISPONIBILIZADO PELO PROFESSOR<\/p>\n<p>d) Avalia\u00e7\u00e3o do est\u00e1gio &#8211; aluno (<a href=\"https:\/\/www.uern.br\/controledepaginas\/depto-turismo-campo-estagio\/arquivos\/1335estagio_aval_discente.pdf\" target=\"_blank\" rel=\"noopener\">BAIXE AQUI<\/a>)<\/p>\n<p>e) Avalia\u00e7\u00e3o do est\u00e1gio pelo supervisor da empresa (<a href=\"https:\/\/www.uern.br\/controledepaginas\/depto-turismo-campo-estagio\/arquivos\/1335estagio_avaliaa%E2%80%A1a%C6%92o_emp.pdf\" target=\"_blank\" rel=\"noopener\">BAIXE AQUI<\/a>)<\/p>\n<p>f) Relat\u00f3rio final de est\u00e1gio I (<a href=\"https:\/\/www.uern.br\/controledepaginas\/depto-turismo-campo-estagio\/arquivos\/1335relata%C2%B3rio_final_de_estagio_i.pdf\" target=\"_blank\" rel=\"noopener\">BAIXE AQUI<\/a>)<\/p>\n<p>g) Frequ\u00eancia das orienta\u00e7\u00f5es de est\u00e1gio (<a href=\"https:\/\/www.uern.br\/controledepaginas\/depto-turismo-campo-estagio\/arquivos\/1335controle_frequancia_de_orientaa%C2%A7a%C2%A3o_prof.pdf\" target=\"_blank\" rel=\"noopener\">BAIXE AQUI<\/a>)<\/p>\n<p>h) Di\u00e1rio de campo (<a href=\"https:\/\/www.uern.br\/controledepaginas\/depto-turismo-campo-estagio\/arquivos\/1335diario_de_campo.pdf\" target=\"_blank\" rel=\"noopener\">BAIXE AQUI<\/a>)<\/p>\n<p>i) Folha de ponto (<a href=\"https:\/\/www.uern.br\/controledepaginas\/depto-turismo-campo-estagio\/arquivos\/1335controle_frequencia_esta%C2%A1gio.pdf\">BAIXE AQUI<\/a>)<\/p>\n","protected":false},"excerpt":{"rendered":"<p>Empresas conveniadas com a UERN para est\u00e1gio obrigat\u00f3rio (Conv\u00eanios Vigentes) DOCUMENTOS DE EST\u00c1GIO OBRIGAT\u00d3RIO DO ALUNO a) Formul\u00e1rio de Solicita\u00e7\u00e3o de TCE (BAIXE AQUI) b) Resolu\u00e7\u00e3o N\u00b0 19\/2023 &#8211; CONSEPE (BAIXE AQUI) c) Plano de est\u00e1gio I &#8211; DISPONIBILIZADO PELO PROFESSOR d) Avalia\u00e7\u00e3o do est\u00e1gio &#8211; aluno (BAIXE AQUI) e) Avalia\u00e7\u00e3o do est\u00e1gio pelo supervisor [&hellip;]<\/p>\n","protected":false},"author":2,"featured_media":0,"parent":0,"menu_order":0,"comment_status":"closed","ping_status":"closed","template":"","meta":{"footnotes":""},"class_list":["post-853","page","type-page","status-publish","hentry"],"_links":{"self":[{"href":"https:\/\/portal.uern.br\/facem\/turismo\/wp-json\/wp\/v2\/pages\/853","targetHints":{"allow":["GET"]}}],"collection":[{"href":"https:\/\/portal.uern.br\/facem\/turismo\/wp-json\/wp\/v2\/pages"}],"about":[{"href":"https:\/\/portal.uern.br\/facem\/turismo\/wp-json\/wp\/v2\/types\/page"}],"author":[{"embeddable":true,"href":"https:\/\/portal.uern.br\/facem\/turismo\/wp-json\/wp\/v2\/users\/2"}],"replies":[{"embeddable":true,"href":"https:\/\/portal.uern.br\/facem\/turismo\/wp-json\/wp\/v2\/comments?post=853"}],"version-history":[{"count":5,"href":"https:\/\/portal.uern.br\/facem\/turismo\/wp-json\/wp\/v2\/pages\/853\/revisions"}],"predecessor-version":[{"id":1068,"href":"https:\/\/portal.uern.br\/facem\/turismo\/wp-json\/wp\/v2\/pages\/853\/revisions\/1068"}],"wp:attachment":[{"href":"https:\/\/portal.uern.br\/facem\/turismo\/wp-json\/wp\/v2\/media?parent=853"}],"curies":[{"name":"wp","href":"https:\/\/api.w.org\/{rel}","templated":true}]}}