{"id":845,"date":"2023-10-24T11:30:50","date_gmt":"2023-10-24T14:30:50","guid":{"rendered":"https:\/\/portal.uern.br\/facem\/turismo\/?page_id=845"},"modified":"2023-10-24T11:39:50","modified_gmt":"2023-10-24T14:39:50","slug":"projeto-pedagogico-do-curso-ppc","status":"publish","type":"page","link":"https:\/\/portal.uern.br\/facem\/turismo\/projeto-pedagogico-do-curso-ppc\/","title":{"rendered":"Projeto Pedag\u00f3gico do Curso &#8211; PPC"},"content":{"rendered":"<p><span style=\"color: #000000\"><strong>Projetos Pedag\u00f3gicos<\/strong><\/span><\/p>\n<ul>\n<li><a href=\"https:\/\/www.uern.br\/controledepaginas\/proeg-projetos-pedagogicos\/arquivos\/4225ppc_atualizando_2018_versa%C6%92o_final_(2).pdf\">Projeto Pedag\u00f3gico 2010 (Atualizado em 2018)<\/a><\/li>\n<li><a href=\"https:\/\/www.uern.br\/controledepaginas\/proeg-projetos-pedagogicos-central\/arquivos\/4226ppc_turismo_campus_central_2023.pdf\">Projeto Pedag\u00f3gico 2023<\/a>\u00a0<a href=\"https:\/\/www.uern.br\/controledepaginas\/proeg-projetos-pedagogicos-central\/arquivos\/4226ppc_turismo_campus_central_2023__(alterado_em_dezembro_de_2022).pdf\">(Alterado em Dezembro de 2022)<\/a><\/li>\n<li>Baixar o PPC diretamente da p\u00e1gina da PROEG (<a href=\"https:\/\/portal.uern.br\/proeg\/projetos-pedagogicos\/campus-central\/\">Clique aqui<\/a>)<\/li>\n<\/ul>\n<p>&nbsp;<\/p>\n<p><span style=\"color: #000000\"><strong>Objetivo do Curso:<\/strong><\/span><\/p>\n<p>Formar profissionais aptos a planejar e gerir a atividade tur\u00edstica, tanto na esfera p\u00fablica como na esfera privada e no terceiro setor, embasados nos princ\u00edpios de sustentabilidade, inova\u00e7\u00e3o e \u00e9tica<\/p>\n<p><span style=\"color: #000000\"><strong>Perfil do Formando:<\/strong><\/span><\/p>\n<p>Profissionais capazes e aptos a ter uma compreens\u00e3o das quest\u00f5es cient\u00edficas, t\u00e9cnicas, sociais, econ\u00f4micas e culturais que se configuram na atividade tur\u00edstica, bem como habilitados para o planejamento e gest\u00e3o dos v\u00e1rios segmentos de atua\u00e7\u00e3o do mercado tur\u00edstico, tanto do setor p\u00fablico, do setor privado, bem como do terceiro setor, estando assim preparados para o desenvolvimento do turismo com \u00eanfase no local, al\u00e9m de poderem atuar tamb\u00e9m na \u00e1rea da doc\u00eancia e pesquisa.<\/p>\n<p><span style=\"color: #000000\"><strong>Campo de Atua\u00e7\u00e3o:<\/strong><\/span><\/p>\n<p>O egresso do curso de turismo pode atuar em alguns segmentos, dentre os quais podemos citar:<br \/>\n\u25cf Consultoria tur\u00edstica;<br \/>\n\u25cf Meios de hospedagem;<br \/>\n\u25cf Espa\u00e7os de lazer e entretenimento;<br \/>\n\u25cf Agenciamento de viagens;<br \/>\n\u25cf Transportadoras tur\u00edsticas;<br \/>\n\u25cf Eventos;<br \/>\n\u25cf Alimentos e bebidas;<br \/>\n\u25cf Marketing tur\u00edstico;<br \/>\n\u25cf Planejamento e gest\u00e3o de unidades de conserva\u00e7\u00e3o;<br \/>\n\u25cf Planejamento e organiza\u00e7\u00e3o do turismo em empresas, \u00f3rg\u00e3os p\u00fablicos e terceiro setor;<br \/>\n\u25cf Institui\u00e7\u00f5es de forma\u00e7\u00e3o acad\u00eamica e de treinamento de recursos humanos.<\/p>\n<p><span style=\"color: #000000\"><strong>Compet\u00eancias e habilidades do profissional formado:<\/strong><\/span><\/p>\n<p>Com base nas Diretrizes Nacionais do Curso de Gradua\u00e7\u00e3o em Turismo, aprovadas pela Resolu\u00e7\u00e3o N\u00ba 13, de 24 de novembro de 2006, os egressos do Curso de Turismo estar\u00e3o aptos a apresentar as seguintes compet\u00eancias e habilidades:<br \/>\na) Compreender as pol\u00edticas nacionais e regionais de turismo;<br \/>\nb) Aplicar a metodologia do planejamento em planos, programas e projetos;<br \/>\nc) Planejar e operacionalizar de forma respons\u00e1vel o invent\u00e1rio tur\u00edstico para detectar \u00e1reas novas e emergentes de neg\u00f3cios;<br \/>\nd) Compreender aspectos normativos que se referem \u00e0 pr\u00e1tica da atividade tur\u00edstica;<br \/>\ne) Planejar, executar e gerir projetos e programas estrat\u00e9gicos em empreendimentos tur\u00edsticos;<br \/>\nf) Selecionar, interpretar e avaliar informa\u00e7\u00f5es, sejam elas: geogr\u00e1ficas, pol\u00edticas, hist\u00f3ricas, culturais, de entretenimento, entre outras, considerando a complexidade do mundo globalizado;<br \/>\ng) Identificar, analisar e avaliar os reflexos provocados pela atividade tur\u00edstica em espa\u00e7os e comunidades;<br \/>\nh) Dominar m\u00e9todos e t\u00e9cnicas relacionados ao estudo dos diferentes mercados tur\u00edsticos, identificando os priorit\u00e1rios, inclusive para efeito de oferta adequada a cada perfil de turista;<br \/>\ni) Aplicar a metodologia cient\u00edfica no desenvolvimento de estudos e pesquisas b\u00e1sicas e aplicadas;<br \/>\nj) Planejar e ministrar cursos e treinamentos nos v\u00e1rios segmentos do mercado tur\u00edstico;<br \/>\nk) Atuar em equipes interdisciplinares e multidisciplinares, com flexibilidade e adaptabilidade diante de desafios organizacionais;<br \/>\nl) Interagir criativamente face aos diferentes contextos da sociedade;<br \/>\nm) Desenvolver habilidades com os recursos tecnol\u00f3gicos necess\u00e1rios para o desempenho da profiss\u00e3o;<br \/>\nn) Despertar a capacidade de comunica\u00e7\u00e3o interpessoal e rela\u00e7\u00f5es humanas, com base nos princ\u00edpios \u00e9ticos;<br \/>\no) Perceber a necessidade constante de aperfei\u00e7oamento profissional acompanhando a evolu\u00e7\u00e3o cient\u00edfica e tecnol\u00f3gica;<br \/>\np) Desenvolver valores e atitudes de preserva\u00e7\u00e3o, valoriza\u00e7\u00e3o e sustentabilidade do meio ambiente e seus recursos naturais<\/p>\n","protected":false},"excerpt":{"rendered":"<p>Projetos Pedag\u00f3gicos Projeto Pedag\u00f3gico 2010 (Atualizado em 2018) Projeto Pedag\u00f3gico 2023\u00a0(Alterado em Dezembro de 2022) Baixar o PPC diretamente da p\u00e1gina da PROEG (Clique aqui) &nbsp; Objetivo do Curso: Formar profissionais aptos a planejar e gerir a atividade tur\u00edstica, tanto na esfera p\u00fablica como na esfera privada e no terceiro setor, embasados nos princ\u00edpios de [&hellip;]<\/p>\n","protected":false},"author":2,"featured_media":0,"parent":0,"menu_order":0,"comment_status":"closed","ping_status":"closed","template":"","meta":{"footnotes":""},"class_list":["post-845","page","type-page","status-publish","hentry"],"_links":{"self":[{"href":"https:\/\/portal.uern.br\/facem\/turismo\/wp-json\/wp\/v2\/pages\/845","targetHints":{"allow":["GET"]}}],"collection":[{"href":"https:\/\/portal.uern.br\/facem\/turismo\/wp-json\/wp\/v2\/pages"}],"about":[{"href":"https:\/\/portal.uern.br\/facem\/turismo\/wp-json\/wp\/v2\/types\/page"}],"author":[{"embeddable":true,"href":"https:\/\/portal.uern.br\/facem\/turismo\/wp-json\/wp\/v2\/users\/2"}],"replies":[{"embeddable":true,"href":"https:\/\/portal.uern.br\/facem\/turismo\/wp-json\/wp\/v2\/comments?post=845"}],"version-history":[{"count":3,"href":"https:\/\/portal.uern.br\/facem\/turismo\/wp-json\/wp\/v2\/pages\/845\/revisions"}],"predecessor-version":[{"id":848,"href":"https:\/\/portal.uern.br\/facem\/turismo\/wp-json\/wp\/v2\/pages\/845\/revisions\/848"}],"wp:attachment":[{"href":"https:\/\/portal.uern.br\/facem\/turismo\/wp-json\/wp\/v2\/media?parent=845"}],"curies":[{"name":"wp","href":"https:\/\/api.w.org\/{rel}","templated":true}]}}