{"id":658,"date":"2023-07-28T10:21:54","date_gmt":"2023-07-28T13:21:54","guid":{"rendered":"https:\/\/portal.uern.br\/facem\/turismo\/?page_id=658"},"modified":"2023-07-28T10:21:54","modified_gmt":"2023-07-28T13:21:54","slug":"atividades-complementares","status":"publish","type":"page","link":"https:\/\/portal.uern.br\/facem\/turismo\/atividades-complementares\/","title":{"rendered":"Atividades Complementares"},"content":{"rendered":"<p><span style=\"font-size: 12pt\">As atividades complementares s\u00e3o pr\u00e1ticas acad\u00eamicas apresentadas sob m\u00faltiplos formatos, tendo em vista essencialmente:<\/span><br \/>\n<span style=\"font-size: 12pt\">I. Complementar o curr\u00edculo pedag\u00f3gico vigente;<\/span><br \/>\n<span style=\"font-size: 12pt\">II. Ampliar os horizontes do conhecimento, bem como de sua pr\u00e1tica para al\u00e9m da sala de aula;<\/span><br \/>\n<span style=\"font-size: 12pt\">III. Favorecer o relacionamento entre grupos e a conviv\u00eancia com as diferen\u00e7as sociais;<\/span><br \/>\n<span style=\"font-size: 12pt\">IV. Estimular a iniciativa por parte dos alunos.<\/span><\/p>\n<p>&nbsp;<\/p>\n<p><span style=\"font-size: 12pt\">Seguem, abaixo, as rela\u00e7\u00f5es de equival\u00eancias das atividades complementares referentes \u00e0s matrizes vigentes:<\/span><\/p>\n<p><span style=\"font-size: 12pt\"><strong>RELA\u00c7\u00c3O DE EQUIVAL\u00caNCIA DAS ATIVIDADES COMPLEMENTARES &#8211; Matriz 2008.2 <\/strong>(<a href=\"https:\/\/www.uern.br\/controledepaginas\/depto-turismo-cursos-graduacao\/arquivos\/0422planilha_de_atividades_complementares.pdf\" target=\"_blank\" rel=\"noopener\">ACESSE AQUI<\/a>)<\/span><\/p>\n<p><span style=\"font-size: 12pt\"><strong>RELA\u00c7\u00c3O DE EQUIVAL\u00caNCIA DAS ATIVIDADES COMPLEMENTARES &#8211; Matriz 2023.1 <\/strong>(<a href=\"https:\/\/portal.uern.br\/facem\/detur\/wp-content\/uploads\/sites\/11\/2023\/07\/TABELA-ATIVIDADES-COMPLEMENTARES-2023.1.pdf\" target=\"_blank\" rel=\"noopener\">ACESSE AQUI<\/a>)<\/span><\/p>\n","protected":false},"excerpt":{"rendered":"<p>As atividades complementares s\u00e3o pr\u00e1ticas acad\u00eamicas apresentadas sob m\u00faltiplos formatos, tendo em vista essencialmente: I. Complementar o curr\u00edculo pedag\u00f3gico vigente; II. Ampliar os horizontes do conhecimento, bem como de sua pr\u00e1tica para al\u00e9m da sala de aula; III. Favorecer o relacionamento entre grupos e a conviv\u00eancia com as diferen\u00e7as sociais; IV. Estimular a iniciativa por [&hellip;]<\/p>\n","protected":false},"author":2,"featured_media":0,"parent":0,"menu_order":0,"comment_status":"closed","ping_status":"closed","template":"","meta":{"footnotes":""},"class_list":["post-658","page","type-page","status-publish","hentry"],"_links":{"self":[{"href":"https:\/\/portal.uern.br\/facem\/turismo\/wp-json\/wp\/v2\/pages\/658","targetHints":{"allow":["GET"]}}],"collection":[{"href":"https:\/\/portal.uern.br\/facem\/turismo\/wp-json\/wp\/v2\/pages"}],"about":[{"href":"https:\/\/portal.uern.br\/facem\/turismo\/wp-json\/wp\/v2\/types\/page"}],"author":[{"embeddable":true,"href":"https:\/\/portal.uern.br\/facem\/turismo\/wp-json\/wp\/v2\/users\/2"}],"replies":[{"embeddable":true,"href":"https:\/\/portal.uern.br\/facem\/turismo\/wp-json\/wp\/v2\/comments?post=658"}],"version-history":[{"count":1,"href":"https:\/\/portal.uern.br\/facem\/turismo\/wp-json\/wp\/v2\/pages\/658\/revisions"}],"predecessor-version":[{"id":659,"href":"https:\/\/portal.uern.br\/facem\/turismo\/wp-json\/wp\/v2\/pages\/658\/revisions\/659"}],"wp:attachment":[{"href":"https:\/\/portal.uern.br\/facem\/turismo\/wp-json\/wp\/v2\/media?parent=658"}],"curies":[{"name":"wp","href":"https:\/\/api.w.org\/{rel}","templated":true}]}}