{"id":653,"date":"2023-07-28T10:14:28","date_gmt":"2023-07-28T13:14:28","guid":{"rendered":"https:\/\/portal.uern.br\/facem\/turismo\/?page_id=653"},"modified":"2025-05-22T10:19:16","modified_gmt":"2025-05-22T13:19:16","slug":"egressos","status":"publish","type":"page","link":"https:\/\/portal.uern.br\/facem\/turismo\/egressos\/","title":{"rendered":"Egressos"},"content":{"rendered":"<p><strong>ACOMPANHAMENTO DOS EGRESSOS<\/strong><\/p>\n<p>O Curso de Turismo do Campus Central da Universidade do Estado do Rio Grande do Norte est\u00e1 completando, efetivamente, 16 anos de exist\u00eancia.\u00a0 Criado em 08 de agosto de 2008, em 2024 contabiliza, portanto, um total de 16 entradas. No ano de 2024 formou a sua vig\u00e9sima quarta turma (turmas formadas por semestres), totalizando um n\u00famero de 154 diplomados.<\/p>\n<p>Para acompanhar os egressos da UERN, a universidade disponibilizou um formul\u00e1rio que consta no link abaixo:<\/p>\n<p><a href=\"https:\/\/docs.google.com\/forms\/d\/e\/1FAIpQLSfJYePQ_RGF1tAoBBmwtExYwuAocA9vaNBx7GqEynMalWPtjw\/viewform\" target=\"_blank\" rel=\"noopener\">FORMUL\u00c1RIO DE COMPANHAMENTO DE EGRESSOS<\/a><\/p>\n<p>Tal instrumento foi pensado para fazer o acompanhamento cont\u00ednuo e ininterrupto de como est\u00e1 o egresso de turismo da UERN\/Mossor\u00f3.<\/p>\n<p>Conhe\u00e7a, tamb\u00e9m, o portal do egresso da nossa universidade atrav\u00e9z do link:\u00a0<a href=\"http:\/\/portal.uern.br\/egressos\/\">PORTAL DO EGRESSO<\/a><\/p>\n","protected":false},"excerpt":{"rendered":"<p>ACOMPANHAMENTO DOS EGRESSOS O Curso de Turismo do Campus Central da Universidade do Estado do Rio Grande do Norte est\u00e1 completando, efetivamente, 16 anos de exist\u00eancia.\u00a0 Criado em 08 de agosto de 2008, em 2024 contabiliza, portanto, um total de 16 entradas. No ano de 2024 formou a sua vig\u00e9sima quarta turma (turmas formadas por [&hellip;]<\/p>\n","protected":false},"author":2,"featured_media":0,"parent":0,"menu_order":0,"comment_status":"closed","ping_status":"closed","template":"","meta":{"footnotes":""},"class_list":["post-653","page","type-page","status-publish","hentry"],"_links":{"self":[{"href":"https:\/\/portal.uern.br\/facem\/turismo\/wp-json\/wp\/v2\/pages\/653","targetHints":{"allow":["GET"]}}],"collection":[{"href":"https:\/\/portal.uern.br\/facem\/turismo\/wp-json\/wp\/v2\/pages"}],"about":[{"href":"https:\/\/portal.uern.br\/facem\/turismo\/wp-json\/wp\/v2\/types\/page"}],"author":[{"embeddable":true,"href":"https:\/\/portal.uern.br\/facem\/turismo\/wp-json\/wp\/v2\/users\/2"}],"replies":[{"embeddable":true,"href":"https:\/\/portal.uern.br\/facem\/turismo\/wp-json\/wp\/v2\/comments?post=653"}],"version-history":[{"count":3,"href":"https:\/\/portal.uern.br\/facem\/turismo\/wp-json\/wp\/v2\/pages\/653\/revisions"}],"predecessor-version":[{"id":1061,"href":"https:\/\/portal.uern.br\/facem\/turismo\/wp-json\/wp\/v2\/pages\/653\/revisions\/1061"}],"wp:attachment":[{"href":"https:\/\/portal.uern.br\/facem\/turismo\/wp-json\/wp\/v2\/media?parent=653"}],"curies":[{"name":"wp","href":"https:\/\/api.w.org\/{rel}","templated":true}]}}