{"id":1062,"date":"2025-05-22T11:14:22","date_gmt":"2025-05-22T14:14:22","guid":{"rendered":"https:\/\/portal.uern.br\/facem\/turismo\/?page_id=1062"},"modified":"2025-05-23T08:11:54","modified_gmt":"2025-05-23T11:11:54","slug":"requerimentos","status":"publish","type":"page","link":"https:\/\/portal.uern.br\/facem\/turismo\/requerimentos\/","title":{"rendered":"Requerimentos"},"content":{"rendered":"<ul>\n<li><a href=\"https:\/\/portal.uern.br\/facem\/detur\/wp-content\/uploads\/sites\/11\/2025\/05\/REQUERIMENTO-SEGUNDA-CHAMADA.pdf\" target=\"_blank\" rel=\"noopener\">Requerimento de Segunda Chamada<\/a><\/li>\n<li><a href=\"https:\/\/portal.uern.br\/facem\/detur\/wp-content\/uploads\/sites\/11\/2025\/05\/Requerimento-de-aproveitamento-de-estudos-realizado-na-UERN.pdf\" target=\"_blank\" rel=\"noopener\">Requerimento de Aproveitamento de Estudos Realizados na UERN<\/a><\/li>\n<li><a href=\"https:\/\/portal.uern.br\/facem\/detur\/wp-content\/uploads\/sites\/11\/2025\/05\/Requerimento-de-aproveitamento-de-estudos-realizado-em-outra-instituicao.pdf\" target=\"_blank\" rel=\"noopener\">Requerimento de Aproveitamento de Estudos Realizados em Outra Institui\u00e7\u00e3o de Ensino Superior<\/a><\/li>\n<li><a href=\"https:\/\/portal.uern.br\/facem\/detur\/wp-content\/uploads\/sites\/11\/2025\/05\/Requerimento-de-regime-domiciliar.pdf\" target=\"_blank\" rel=\"noopener\">Requerimento de Exerc\u00edcio de Regime Domiciliar<\/a><\/li>\n<li><a href=\"https:\/\/portal.uern.br\/facem\/detur\/wp-content\/uploads\/sites\/11\/2025\/05\/Solicitacao-de-matricula.pdf\" target=\"_blank\" rel=\"noopener\">Requerimento de Solicita\u00e7\u00e3o de Matr\u00edcula Fora de Prazo<\/a><\/li>\n<li><a href=\"https:\/\/portal.uern.br\/facem\/detur\/wp-content\/uploads\/sites\/11\/2025\/05\/Requerimento-mudanca-de-matriz.pdf\" target=\"_blank\" rel=\"noopener\">Requerimento de Mudan\u00e7a de Matriz Curricular<\/a><\/li>\n<li><a href=\"https:\/\/portal.uern.br\/facem\/detur\/wp-content\/uploads\/sites\/11\/2025\/05\/Requerimento-de-disciplina-especial.odt\" target=\"_blank\" rel=\"noopener\">Requerimento de Disciplinas Especiais<\/a><\/li>\n<li><a href=\"https:\/\/portal.uern.br\/facem\/detur\/wp-content\/uploads\/sites\/11\/2025\/05\/Requerimento-revisao-de-nota.pdf\" target=\"_blank\" rel=\"noopener\">Requerimento de Revis\u00e3o de Nota<\/a><\/li>\n<\/ul>\n","protected":false},"excerpt":{"rendered":"<p>Requerimento de Segunda Chamada Requerimento de Aproveitamento de Estudos Realizados na UERN Requerimento de Aproveitamento de Estudos Realizados em Outra Institui\u00e7\u00e3o de Ensino Superior Requerimento de Exerc\u00edcio de Regime Domiciliar Requerimento de Solicita\u00e7\u00e3o de Matr\u00edcula Fora de Prazo Requerimento de Mudan\u00e7a de Matriz Curricular Requerimento de Disciplinas Especiais Requerimento de Revis\u00e3o de Nota<\/p>\n","protected":false},"author":2,"featured_media":0,"parent":0,"menu_order":0,"comment_status":"closed","ping_status":"closed","template":"","meta":{"footnotes":""},"class_list":["post-1062","page","type-page","status-publish","hentry"],"_links":{"self":[{"href":"https:\/\/portal.uern.br\/facem\/turismo\/wp-json\/wp\/v2\/pages\/1062","targetHints":{"allow":["GET"]}}],"collection":[{"href":"https:\/\/portal.uern.br\/facem\/turismo\/wp-json\/wp\/v2\/pages"}],"about":[{"href":"https:\/\/portal.uern.br\/facem\/turismo\/wp-json\/wp\/v2\/types\/page"}],"author":[{"embeddable":true,"href":"https:\/\/portal.uern.br\/facem\/turismo\/wp-json\/wp\/v2\/users\/2"}],"replies":[{"embeddable":true,"href":"https:\/\/portal.uern.br\/facem\/turismo\/wp-json\/wp\/v2\/comments?post=1062"}],"version-history":[{"count":4,"href":"https:\/\/portal.uern.br\/facem\/turismo\/wp-json\/wp\/v2\/pages\/1062\/revisions"}],"predecessor-version":[{"id":1067,"href":"https:\/\/portal.uern.br\/facem\/turismo\/wp-json\/wp\/v2\/pages\/1062\/revisions\/1067"}],"wp:attachment":[{"href":"https:\/\/portal.uern.br\/facem\/turismo\/wp-json\/wp\/v2\/media?parent=1062"}],"curies":[{"name":"wp","href":"https:\/\/api.w.org\/{rel}","templated":true}]}}