{"id":881,"date":"2023-10-24T08:30:12","date_gmt":"2023-10-24T11:30:12","guid":{"rendered":"https:\/\/portal.uern.br\/facem\/gestao-ambiental\/?page_id=881"},"modified":"2024-09-04T11:02:49","modified_gmt":"2024-09-04T14:02:49","slug":"contato","status":"publish","type":"page","link":"https:\/\/portal.uern.br\/facem\/gestao-ambiental\/contato\/","title":{"rendered":"Contato"},"content":{"rendered":"<p>Secretaria do Departamento de Gest\u00e3o Ambiental<\/p>\n<p>Campus Universit\u00e1rio Central, BR 110, KM 48<\/p>\n<p>Rua Professor Ant\u00f4nio Campos, Costa e Silva, 59610-090 &#8211; Mossor\u00f3\/RN<\/p>\n<p>Email:\u00a0<strong>dga@uern.br<\/strong><\/p>\n<p><a href=\"https:\/\/www.instagram.com\/dgauern\/?fbclid=IwY2xjawFFRbVleHRuA2FlbQIxMAABHaCVUcplPitoI6vcHogGDig5n9N4UVLhqKxzD9ZvIZVP_jQUFMF3aiRDlA_aem_OAktta5zC_aonkhlDnSoYw\"><img decoding=\"async\" class=\"wp-image-1034 alignnone\" src=\"https:\/\/portal.uern.br\/facem\/gestao-ambiental\/wp-content\/uploads\/sites\/5\/2024\/02\/instagram-1.jpg\" alt=\"\" width=\"39\" height=\"39\" srcset=\"https:\/\/portal.uern.br\/facem\/gestao-ambiental\/wp-content\/uploads\/sites\/5\/2024\/02\/instagram-1.jpg 225w, https:\/\/portal.uern.br\/facem\/gestao-ambiental\/wp-content\/uploads\/sites\/5\/2024\/02\/instagram-1-150x150.jpg 150w\" sizes=\"(max-width: 39px) 100vw, 39px\" \/><\/a> @dgauern<\/p>\n<p><a href=\"https:\/\/www.facebook.com\/gestaoambientalUERN\"><strong><em><img decoding=\"async\" class=\"alignnone wp-image-1479\" src=\"https:\/\/portal.uern.br\/facem\/gestao-ambiental\/wp-content\/uploads\/sites\/5\/2024\/09\/facebook.png\" alt=\"\" width=\"51\" height=\"51\" srcset=\"https:\/\/portal.uern.br\/facem\/gestao-ambiental\/wp-content\/uploads\/sites\/5\/2024\/09\/facebook.png 225w, https:\/\/portal.uern.br\/facem\/gestao-ambiental\/wp-content\/uploads\/sites\/5\/2024\/09\/facebook-150x150.png 150w\" sizes=\"(max-width: 51px) 100vw, 51px\" \/> \u00a0<\/em><\/strong><\/a>@gestaoambientalUERN<\/p>\n","protected":false},"excerpt":{"rendered":"<p>Secretaria do Departamento de Gest\u00e3o Ambiental Campus Universit\u00e1rio Central, BR 110, KM 48 Rua Professor Ant\u00f4nio Campos, Costa e Silva, 59610-090 &#8211; Mossor\u00f3\/RN Email:\u00a0dga@uern.br @dgauern \u00a0@gestaoambientalUERN<\/p>\n","protected":false},"author":4,"featured_media":0,"parent":0,"menu_order":0,"comment_status":"closed","ping_status":"closed","template":"","meta":{"footnotes":""},"class_list":["post-881","page","type-page","status-publish","hentry"],"_links":{"self":[{"href":"https:\/\/portal.uern.br\/facem\/gestao-ambiental\/wp-json\/wp\/v2\/pages\/881","targetHints":{"allow":["GET"]}}],"collection":[{"href":"https:\/\/portal.uern.br\/facem\/gestao-ambiental\/wp-json\/wp\/v2\/pages"}],"about":[{"href":"https:\/\/portal.uern.br\/facem\/gestao-ambiental\/wp-json\/wp\/v2\/types\/page"}],"author":[{"embeddable":true,"href":"https:\/\/portal.uern.br\/facem\/gestao-ambiental\/wp-json\/wp\/v2\/users\/4"}],"replies":[{"embeddable":true,"href":"https:\/\/portal.uern.br\/facem\/gestao-ambiental\/wp-json\/wp\/v2\/comments?post=881"}],"version-history":[{"count":14,"href":"https:\/\/portal.uern.br\/facem\/gestao-ambiental\/wp-json\/wp\/v2\/pages\/881\/revisions"}],"predecessor-version":[{"id":1484,"href":"https:\/\/portal.uern.br\/facem\/gestao-ambiental\/wp-json\/wp\/v2\/pages\/881\/revisions\/1484"}],"wp:attachment":[{"href":"https:\/\/portal.uern.br\/facem\/gestao-ambiental\/wp-json\/wp\/v2\/media?parent=881"}],"curies":[{"name":"wp","href":"https:\/\/api.w.org\/{rel}","templated":true}]}}