{"id":866,"date":"2023-10-24T08:27:01","date_gmt":"2023-10-24T11:27:01","guid":{"rendered":"https:\/\/portal.uern.br\/facem\/gestao-ambiental\/?page_id=866"},"modified":"2024-02-23T12:11:19","modified_gmt":"2024-02-23T15:11:19","slug":"grupos-de-pesquisa","status":"publish","type":"page","link":"https:\/\/portal.uern.br\/facem\/gestao-ambiental\/grupos-de-pesquisa\/","title":{"rendered":"Grupos de Pesquisa"},"content":{"rendered":"<p><img fetchpriority=\"high\" decoding=\"async\" class=\"wp-image-1024 aligncenter\" src=\"https:\/\/portal.uern.br\/facem\/gestao-ambiental\/wp-content\/uploads\/sites\/5\/2024\/02\/gega-1-300x38.png\" alt=\"\" width=\"704\" height=\"89\" srcset=\"https:\/\/portal.uern.br\/facem\/gestao-ambiental\/wp-content\/uploads\/sites\/5\/2024\/02\/gega-1-300x38.png 300w, https:\/\/portal.uern.br\/facem\/gestao-ambiental\/wp-content\/uploads\/sites\/5\/2024\/02\/gega-1-1024x128.png 1024w, https:\/\/portal.uern.br\/facem\/gestao-ambiental\/wp-content\/uploads\/sites\/5\/2024\/02\/gega-1-768x96.png 768w, https:\/\/portal.uern.br\/facem\/gestao-ambiental\/wp-content\/uploads\/sites\/5\/2024\/02\/gega-1.png 1340w\" sizes=\"(max-width: 704px) 100vw, 704px\" \/><\/p>\n<p>&nbsp;<\/p>\n<p><strong>L\u00edder do Grupo:<\/strong>\u00a0Prof. Dr. Rodrigo Guimar\u00e3es de Carvalho (e-mail para contato:\u00a0<a href=\"mailto:rodrigo.ufc@gmail.com\" target=\"_blank\" rel=\"noopener\">rodrigo.ufc@gmail.com<\/a>)<\/p>\n<p><strong>Vice L\u00edder do Grupo:<\/strong>\u00a0Prof\u00aa. Dr\u00aa. Welka Preston Leite Batista da Costa Alves (e-mail para contato: welkapreston@uern.br)<\/p>\n<p>&nbsp;<\/p>\n<p>Este grupo \u00e9 fruto do esfor\u00e7o coletivo de professores e alunos do Curso de Gest\u00e3o Ambiental por meio do debate e da pesquisa sobre a tem\u00e1tica socioambiental. Diversos trabalhos t\u00eam resultado desse esfor\u00e7o conjunto &#8211; artigos cient\u00edficos, livros, monografias, disserta\u00e7\u00f5es e teses. Alunos da gradua\u00e7\u00e3o e da p\u00f3s-gradua\u00e7\u00e3o sob a orienta\u00e7\u00e3o de professores que fazem parte do GEGA t\u00eam buscado desenvolver e aprofundar seus estudos e pesquisas com a tem\u00e1tica socioambiental, envolvendo diversas metodologias de pesquisa. Tem sobressa\u00eddo neste sentido o estudo de problem\u00e1ticas que contemplam a vulnerabilidade e os riscos socioambientais, rela\u00e7\u00e3o sociedade-ambiente no espa\u00e7o urbano e rural, a espacializa\u00e7\u00e3o da viol\u00eancia, educa\u00e7\u00e3o ambiental, res\u00edduos s\u00f3lidos, clima, atividades tur\u00edsticas, recursos h\u00eddricos, gest\u00e3o costeira e unidades protegidas. Estudos estes situados no Rio Grande do Norte.<\/p>\n<p>&nbsp;<\/p>\n<p><strong>Linhas de Pesquisa<\/strong><\/p>\n<p>1 \u2013 Gest\u00e3o e Monitoramento Ambiental<\/p>\n<p>2 \u2013 Sociedade, Ambiente e Desenvolvimento<\/p>\n","protected":false},"excerpt":{"rendered":"<p>&nbsp; L\u00edder do Grupo:\u00a0Prof. Dr. Rodrigo Guimar\u00e3es de Carvalho (e-mail para contato:\u00a0rodrigo.ufc@gmail.com) Vice L\u00edder do Grupo:\u00a0Prof\u00aa. Dr\u00aa. Welka Preston Leite Batista da Costa Alves (e-mail para contato: welkapreston@uern.br) &nbsp; Este grupo \u00e9 fruto do esfor\u00e7o coletivo de professores e alunos do Curso de Gest\u00e3o Ambiental por meio do debate e da pesquisa sobre a tem\u00e1tica [&hellip;]<\/p>\n","protected":false},"author":4,"featured_media":0,"parent":0,"menu_order":0,"comment_status":"closed","ping_status":"closed","template":"","meta":{"footnotes":""},"class_list":["post-866","page","type-page","status-publish","hentry"],"_links":{"self":[{"href":"https:\/\/portal.uern.br\/facem\/gestao-ambiental\/wp-json\/wp\/v2\/pages\/866","targetHints":{"allow":["GET"]}}],"collection":[{"href":"https:\/\/portal.uern.br\/facem\/gestao-ambiental\/wp-json\/wp\/v2\/pages"}],"about":[{"href":"https:\/\/portal.uern.br\/facem\/gestao-ambiental\/wp-json\/wp\/v2\/types\/page"}],"author":[{"embeddable":true,"href":"https:\/\/portal.uern.br\/facem\/gestao-ambiental\/wp-json\/wp\/v2\/users\/4"}],"replies":[{"embeddable":true,"href":"https:\/\/portal.uern.br\/facem\/gestao-ambiental\/wp-json\/wp\/v2\/comments?post=866"}],"version-history":[{"count":6,"href":"https:\/\/portal.uern.br\/facem\/gestao-ambiental\/wp-json\/wp\/v2\/pages\/866\/revisions"}],"predecessor-version":[{"id":1008,"href":"https:\/\/portal.uern.br\/facem\/gestao-ambiental\/wp-json\/wp\/v2\/pages\/866\/revisions\/1008"}],"wp:attachment":[{"href":"https:\/\/portal.uern.br\/facem\/gestao-ambiental\/wp-json\/wp\/v2\/media?parent=866"}],"curies":[{"name":"wp","href":"https:\/\/api.w.org\/{rel}","templated":true}]}}