{"id":858,"date":"2023-10-24T08:09:07","date_gmt":"2023-10-24T11:09:07","guid":{"rendered":"https:\/\/portal.uern.br\/facem\/gestao-ambiental\/?page_id=858"},"modified":"2024-08-13T14:18:21","modified_gmt":"2024-08-13T17:18:21","slug":"extensao","status":"publish","type":"page","link":"https:\/\/portal.uern.br\/facem\/gestao-ambiental\/extensao\/","title":{"rendered":"Extens\u00e3o"},"content":{"rendered":"<p><span style=\"font-family: georgia, palatino, serif;font-size: 12pt\"><strong>Prof. Dr. Alfredo Marcelo Grigio<\/strong><\/span><\/p>\n<div class=\"layout-cell layout-cell-3 text-align-right\">\n<div class=\"layout-cell layout-cell-3 text-align-right\">\n<div class=\"layout-cell-pad-5 text-align-right\"><span style=\"font-family: georgia, palatino, serif;font-size: 12pt\">2022 &#8211; Atual: Projeto Plantando o Futuro &#8211; Apoio a Fruticultura Nativa (Coordenador).<\/span><\/div>\n<div><\/div>\n<div><span style=\"font-family: georgia, palatino, serif;font-size: 12pt\">2020 &#8211; Atual: PROGRAMA DE FORTALECIMENTO INSTITUCIONAL DA GEST\u00c3O AMBIENTAL E TERRITORIAL NO \u00c2MBITO DO INSTITUTO DE DESENVOLVIMENTO SUSTENT\u00c1VEL E MEIO AMBIENTE DO RIO GRANDE DO NORTE &#8211; IDEMA (Integrante).<\/span><\/div>\n<div><\/div>\n<div><span style=\"font-family: georgia, palatino, serif;font-size: 12pt\">2017 &#8211; 2019: Projeto Educa\u00e7\u00e3o para Sa\u00fade e Seguran\u00e7a Alimentar: implanta\u00e7\u00e3o de hortas org\u00e2nicas em Mossor\u00f3 (RN) (Integrante).<\/span><\/div>\n<\/div>\n<div class=\"layout-cell layout-cell-3 text-align-right\">\n<div class=\"layout-cell-pad-5 text-align-right\"><\/div>\n<\/div>\n<div class=\"layout-cell layout-cell-9\">\n<div class=\"layout-cell-pad-5\"><span style=\"font-family: georgia, palatino, serif;font-size: 12pt\"><strong>Prof\u00aa Dr\u00aa Anne Katherine de Holanda Bezerra Rosado<\/strong><\/span><\/div>\n<\/div>\n<\/div>\n<p><span style=\"font-size: 12pt;font-family: georgia, palatino, serif\">2020: Semana do Meio Ambiente do Curso de Gest\u00e3o Ambiental da UERN -2020: A (in)sustentabilidade socioambiental em tempo de pandemia (2020) (Integrante).<\/span><\/p>\n<p><span style=\"font-size: 12pt;font-family: georgia, palatino, serif\">20<span style=\"color: #000000\">20:\u00a0 Informativo DGA-Uern \u00e0 comunidade (2020) <span style=\"color: #000000\"> (Integrante).<\/span><\/span><\/span><\/p>\n<p class=\"western\" lang=\"pt-BR\" align=\"justify\"><span style=\"color: #000000;font-size: 12pt;font-family: georgia, palatino, serif\">2021 \u2013 Atual: Programa Gente do Campo (Integrante).<\/span><\/p>\n<p><span style=\"font-family: georgia, palatino, serif;font-size: 12pt\"><strong>Prof\u00aa Dr\u00aa Gabriela Cemirames de Souza Gurgel\u00a0<\/strong><\/span><\/p>\n<p class=\"western\" lang=\"pt-BR\" align=\"justify\"><span style=\"color: #000000;font-family: georgia, palatino, serif;font-size: 12pt\">2021 \u2013 Atual: As potenciais rela\u00e7\u00f5es entre o meio ambiente e a qualidade de vida no contexto de surgimento da COVID 19: a import\u00e2ncia da discuss\u00e3o dentro da escola e na comunidade (Coordenadora).<\/span><\/p>\n<div class=\"layout-cell layout-cell-3 text-align-right\">\n<div class=\"layout-cell-pad-5 text-align-right\"><span style=\"font-family: georgia, palatino, serif;font-size: 12pt;color: #000000\">2021 &#8211; Atual: VII CONgest ? Congresso de Economia &amp; Gest\u00e3o (Coordenador)<\/span><\/div>\n<\/div>\n<div class=\"layout-cell layout-cell-3 text-align-right\">\n<div><\/div>\n<div class=\"layout-cell-pad-5 text-align-right\"><span style=\"font-family: georgia, palatino, serif;font-size: 12pt;color: #000000\">2020 &#8211; 2021: A divulga\u00e7\u00e3o de pr\u00e1ticas sustent\u00e1veis: uma contribui\u00e7\u00e3o na busca pelo desenvolvimento humano e pela qualidade de vida (Coordenador).<\/span><\/div>\n<\/div>\n<div class=\"layout-cell layout-cell-3 text-align-right\">\n<div class=\"layout-cell-pad-5 text-align-right\"><\/div>\n<\/div>\n<div class=\"layout-cell layout-cell-3 text-align-right\">\n<div class=\"layout-cell-pad-5 text-align-right\"><span style=\"font-family: georgia, palatino, serif;font-size: 12pt;color: #000000\">2020 &#8211; 2021: Turismo, PAISAGEM, Poesia e Prosa: uma proposta para discutir e refletir quest\u00f5es socioambientais e culturais, a partir da constru\u00e7\u00e3o de jardim de Turismo e a\u00e7\u00f5es em escolas p\u00fablicas de Mossor\u00f3 ? (Integrante).<\/span><\/div>\n<div><\/div>\n<\/div>\n<div class=\"layout-cell layout-cell-3 text-align-right\">\n<div class=\"layout-cell-pad-5 text-align-right\"><span style=\"font-family: georgia, palatino, serif;font-size: 12pt\"><span style=\"color: #000000\">2020 &#8211; 2020: Conhecer para combater: produ\u00e7\u00e3o de conte\u00fados sobre a rela\u00e7\u00e3<\/span>o ambiente-sociedade e a pandemia da Covid-19 (Integrante).<\/span><\/div>\n<div><\/div>\n<\/div>\n<p><span style=\"font-family: georgia, palatino, serif;font-size: 12pt\"><strong>Prof\u00aa Dr\u00aa M\u00e1rcia Regina Farias da Silva<\/strong><\/span><\/p>\n<p><span style=\"font-family: georgia, palatino, serif;font-size: 12pt\">2022 \u2013 2024: Projeto Plantando o Futuro \u2013 Apoio a fruticultura nativa (Coordenadora).<\/span><\/p>\n<p><span style=\"font-family: georgia, palatino, serif;font-size: 12pt\">2022 \u2013 2023: Espa\u00e7o verde nas escolas como via para sensibiliza\u00e7\u00e3o ambiental e uma vida mais sustent\u00e1vel (Integrante).<\/span><\/p>\n<p><span style=\"font-family: georgia, palatino, serif;font-size: 12pt\">2022 &#8211; 2023: Turismo, PAISAGEM, Poesia e Prosa: uma proposta para discutir quest\u00f5es socioambientais a partir da constru\u00e7\u00e3o de jardim de Turismo e a\u00e7\u00f5es em escolas p\u00fablicas de Mossor\u00f3 (Integrante).<\/span><\/p>\n<p><span style=\"font-family: georgia, palatino, serif;font-size: 12pt\">2021 &#8211; 2022: As potenciais rela\u00e7\u00f5es entre o meio ambiente e a qualidade de vida no contexto de surgimento da Covid 19: a import\u00e2ncia da discuss\u00e3o dentro da escola e na comunidade (Integrante).<\/span><\/p>\n<p><span style=\"font-family: georgia, palatino, serif;font-size: 12pt\">2021 \u2013 Atual: Programa Gente do Campo (Integrante).<\/span><\/p>\n<p><span style=\"font-family: georgia, palatino, serif;font-size: 12pt\"><strong>Prof\u00aa Dr\u00aa Maria Bet\u00e2nia Ribeiro Torres<\/strong><\/span><\/p>\n<div class=\"layout-cell layout-cell-3 text-align-right\">\n<div class=\"layout-cell-pad-5 text-align-right\"><span style=\"font-size: 12pt;font-family: georgia, palatino, serif;color: #000000\">2020: Semana do Meio Ambiente do Curso de Gest\u00e3o Ambiental da UERN -2020: A (in)sustentabilidade socioambiental em tempo de pandemia (2020)2019 &#8211; 2020: Turismo, PAISAGEM, poesia e prosa: uma proposta para discutir quest\u00f5es ambientais e socioculturais, a partir da constru\u00e7\u00e3o do jardim de turismo (Integrante).<\/span><\/div>\n<\/div>\n<div class=\"layout-cell layout-cell-3 text-align-right\">\n<div class=\"layout-cell-pad-5 text-align-right\"><\/div>\n<\/div>\n<div class=\"layout-cell layout-cell-9\">\n<div class=\"layout-cell-pad-5\"><span style=\"font-size: 12pt;font-family: georgia, palatino, serif;color: #000000\">2018 &#8211; 2018: Educa\u00e7\u00e3o Ambiental e Arte em Papel (Coordenadora)<\/span><\/div>\n<\/div>\n<div class=\"layout-cell layout-cell-3 text-align-right\"><\/div>\n<div class=\"layout-cell layout-cell-9\">\n<div class=\"layout-cell-pad-5\"><span style=\"font-family: georgia, palatino, serif;font-size: 12pt\"><strong>Prof. Me. Raimundo Nonato do Vale Neto<\/strong><\/span><\/div>\n<\/div>\n<p><span style=\"font-family: georgia, palatino, serif;font-size: 12pt\">2020: Semana do Meio Ambiente do Curso de Gest\u00e3o Ambiental da UERN -2020: A (in)sustentabilidade socioambiental em tempo de pandemia (2020)<\/span><\/p>\n<p><span style=\"font-family: georgia, palatino, serif;font-size: 12pt\"><strong>Prof. Dr. Rodrigo Guimar\u00e3es de Carvalho<\/strong><\/span><\/p>\n<p lang=\"pt-PT\" style=\"text-align: left\" align=\"center\"><span style=\"font-size: 12pt;color: #000000;font-family: georgia, palatino, serif\">2022 &#8211; Atual:\u00a0Projeto Plantando o Futuro<\/span><\/p>\n<p lang=\"pt-PT\" style=\"text-align: left\" align=\"center\"><span style=\"font-size: 12pt;color: #000000;font-family: georgia, palatino, serif\">2021 &#8211; Atual: Observat\u00f3rio de Gest\u00e3o de Praias do Nordeste<\/span><\/p>\n<p lang=\"pt-PT\" style=\"text-align: left\" align=\"center\"><span style=\"font-size: 12pt;color: #000000;font-family: georgia, palatino, serif\">2021 &#8211; Atual:\u00a0Programa Gente do Campo<\/span><\/p>\n<div class=\"layout-cell layout-cell-3 text-align-right\">\n<div class=\"layout-cell-pad-5 text-align-right\"><span style=\"font-size: 12pt;color: #000000;font-family: georgia, palatino, serif\">2020 &#8211; 2021: Fortalecimento institucional da pesca artesanal no contexto do territ\u00f3rio da Reserva de Desenvolvimento Sustent\u00e1vel Estadual Ponta do Tubar\u00e3o \/ RN (Coordenador)<\/span><\/div>\n<\/div>\n<div class=\"layout-cell layout-cell-3 text-align-right\">\n<div><\/div>\n<div class=\"layout-cell-pad-5 text-align-right\"><span style=\"font-size: 12pt;color: #000000;font-family: georgia, palatino, serif\">2019 &#8211; 2020: Conserva\u00e7\u00e3o da natureza e gera\u00e7\u00e3o de renda local: fomentando o ecoturismo nas trilhas aqu\u00e1ticas da Reserva de Desenvolvimento Sustent\u00e1vel Estadual Ponta do Tubar\u00e3o &#8211; RN (Coordenador).<\/span><\/div>\n<\/div>\n<div class=\"layout-cell layout-cell-3 text-align-right\">\n<div class=\"layout-cell-pad-5 text-align-right\"><\/div>\n<\/div>\n<div class=\"layout-cell layout-cell-3 text-align-right\">\n<div class=\"layout-cell-pad-5 text-align-right\"><span style=\"font-size: 12pt;color: #000000;font-family: georgia, palatino, serif\">2019 &#8211; Atual: Programa de apoio ao Comit\u00ea da Bacia do Rio Apodi-Mossor\u00f3 (Coordenador).<\/span><\/div>\n<\/div>\n<div class=\"layout-cell layout-cell-3 text-align-right\">\n<div class=\"layout-cell-pad-5 text-align-right\"><\/div>\n<\/div>\n<div class=\"layout-cell layout-cell-9\">\n<div class=\"layout-cell-pad-5\"><span style=\"font-size: 12pt;color: #000000;font-family: georgia, palatino, serif\">2018 &#8211; 2022: Projeto Recursos Naturais (Integrante).<\/span><\/div>\n<\/div>\n<p><span style=\"font-family: georgia, palatino, serif;font-size: 12pt\"><strong>Prof. Dr. Roseano Medeiros da Silva<\/strong><\/span><\/p>\n<p class=\"western\" lang=\"pt-BR\" align=\"justify\"><span style=\"color: #000000;font-size: 12pt;font-family: georgia, palatino, serif\">2022 \u2013 Atual Cadastro Ambiental Rural (CAR) para pequenas propriedades rurais de Mossor\u00f3 Coordenador<\/span><\/p>\n<p class=\"western\" lang=\"pt-BR\" align=\"justify\"><span style=\"color: #000000;font-size: 12pt;font-family: georgia, palatino, serif\">2021 \u2013 2022 Produ\u00e7\u00e3o de mudas para arboriza\u00e7\u00e3o da UERN e canteiros da cidade de Mossor\u00f3-RN.Integrante<\/span><\/p>\n<p class=\"western\" lang=\"pt-BR\" align=\"justify\"><span style=\"color: #000000;font-size: 12pt;font-family: georgia, palatino, serif\">2021 \u2013 2022 Apicultura: Manejo e sustentabilidade no semi\u00e1rido potiguar. Integrante<\/span><\/p>\n<p class=\"western\" lang=\"pt-BR\" align=\"justify\"><span style=\"color: #000000;font-size: 12pt;font-family: georgia, palatino, serif\">2021 \u2013 Atual Programa Gente do Campo (Integrante)<\/span><\/p>\n<p class=\"western\" lang=\"pt-BR\" align=\"justify\"><span style=\"color: #000000;font-size: 12pt;font-family: georgia, palatino, serif\">2020 \u2013 2022 O isolamento durante o Covid19 e as quest\u00e3o socioambientais na cidade de Mossor\u00f3<\/span><\/p>\n<p><span style=\"font-family: georgia, palatino, serif;font-size: 12pt\"><strong>Prof\u00aa Dr\u00aa Welka Preston Leite Batista da Costa<\/strong><\/span><\/p>\n<p lang=\"pt-PT\" align=\"justify\"><span style=\"font-family: georgia, palatino, serif;font-size: 12pt\">2022 \u2013 2023: Projeto Plantando o Futuro Apoio a fruticultura nativa (Integrante).<\/span><\/p>\n<p lang=\"pt-PT\" align=\"justify\"><span style=\"font-family: georgia, palatino, serif;font-size: 12pt\">2021 \u2013 2022: Produ\u00e7\u00e3o de Mudas para Arboriza\u00e7\u00e3o da UERN e Canteiros da Cidade de Mossor\u00f3-RN (Coordenadora).<\/span><\/p>\n<p lang=\"pt-PT\" align=\"justify\"><span style=\"font-family: georgia, palatino, serif;font-size: 12pt\">2021 \u2013 Atual: Apicultura: Manejo e sustentabilidade no semi\u00e1rido potiguar (integrante).<\/span><\/p>\n<p><span style=\"font-family: georgia, palatino, serif;font-size: 12pt\"><strong>Prof. Dr. Wendson Dantas de Ara\u00fajo Medeiros<\/strong><\/span><\/p>\n<p><span style=\"font-family: georgia, palatino, serif;font-size: 12pt\">2020: Pol\u00edticas ambientais e a participa\u00e7\u00e3o social no Brasil (2020) (Integrante).<\/span><\/p>\n<p><span style=\"font-family: georgia, palatino, serif;font-size: 12pt\">2020: Semana do Meio Ambiente do Curso de Gest\u00e3o Ambiental da UERN -2020: A (in)sustentabilidade socioambiental em tempo de pandemia (2020) (Integrante).<\/span><\/p>\n<div class=\"layout-cell layout-cell-3 text-align-right\">\n<div class=\"layout-cell-pad-5 text-align-right\"><span style=\"font-family: georgia, palatino, serif;font-size: 12pt\">2022 &#8211; Atual: Programa Gente do Campo (Integrante).<\/span><\/div>\n<\/div>\n","protected":false},"excerpt":{"rendered":"<p>Prof. Dr. Alfredo Marcelo Grigio 2022 &#8211; Atual: Projeto Plantando o Futuro &#8211; Apoio a Fruticultura Nativa (Coordenador). 2020 &#8211; Atual: PROGRAMA DE FORTALECIMENTO INSTITUCIONAL DA GEST\u00c3O AMBIENTAL E TERRITORIAL NO \u00c2MBITO DO INSTITUTO DE DESENVOLVIMENTO SUSTENT\u00c1VEL E MEIO AMBIENTE DO RIO GRANDE DO NORTE &#8211; IDEMA (Integrante). 2017 &#8211; 2019: Projeto Educa\u00e7\u00e3o para Sa\u00fade [&hellip;]<\/p>\n","protected":false},"author":4,"featured_media":0,"parent":0,"menu_order":0,"comment_status":"closed","ping_status":"closed","template":"","meta":{"footnotes":""},"class_list":["post-858","page","type-page","status-publish","hentry"],"_links":{"self":[{"href":"https:\/\/portal.uern.br\/facem\/gestao-ambiental\/wp-json\/wp\/v2\/pages\/858","targetHints":{"allow":["GET"]}}],"collection":[{"href":"https:\/\/portal.uern.br\/facem\/gestao-ambiental\/wp-json\/wp\/v2\/pages"}],"about":[{"href":"https:\/\/portal.uern.br\/facem\/gestao-ambiental\/wp-json\/wp\/v2\/types\/page"}],"author":[{"embeddable":true,"href":"https:\/\/portal.uern.br\/facem\/gestao-ambiental\/wp-json\/wp\/v2\/users\/4"}],"replies":[{"embeddable":true,"href":"https:\/\/portal.uern.br\/facem\/gestao-ambiental\/wp-json\/wp\/v2\/comments?post=858"}],"version-history":[{"count":26,"href":"https:\/\/portal.uern.br\/facem\/gestao-ambiental\/wp-json\/wp\/v2\/pages\/858\/revisions"}],"predecessor-version":[{"id":1274,"href":"https:\/\/portal.uern.br\/facem\/gestao-ambiental\/wp-json\/wp\/v2\/pages\/858\/revisions\/1274"}],"wp:attachment":[{"href":"https:\/\/portal.uern.br\/facem\/gestao-ambiental\/wp-json\/wp\/v2\/media?parent=858"}],"curies":[{"name":"wp","href":"https:\/\/api.w.org\/{rel}","templated":true}]}}