{"id":856,"date":"2023-10-24T08:08:49","date_gmt":"2023-10-24T11:08:49","guid":{"rendered":"https:\/\/portal.uern.br\/facem\/gestao-ambiental\/?page_id=856"},"modified":"2024-08-26T09:51:38","modified_gmt":"2024-08-26T12:51:38","slug":"pibic","status":"publish","type":"page","link":"https:\/\/portal.uern.br\/facem\/gestao-ambiental\/pibic\/","title":{"rendered":"PROGRAMA INSTITUCIONAL DE INICIA\u00c7\u00c3O CIENT\u00cdFICA -PIBIC"},"content":{"rendered":"<p style=\"text-align: center\" align=\"justify\"><b>EDI\u00c7\u00c3O: 2023 \u2013 2024<\/b><\/p>\n<table style=\"border-collapse: collapse;width: 100%;height: 139px\">\n<tbody>\n<tr style=\"height: 19px\">\n<td style=\"width: 359.391px;height: 19px;text-align: center\"><strong>COORDENADOR(A)<\/strong><\/td>\n<td style=\"width: 151.547px;height: 19px;text-align: center\"><strong>TITULA\u00c7\u00c3O<\/strong><\/td>\n<td style=\"width: 858.062px;height: 19px;text-align: center\"><strong>T\u00cdTULO DO PROJETO<\/strong><\/td>\n<\/tr>\n<tr style=\"height: 24px\">\n<td style=\"width: 359.391px;height: 24px\"><span style=\"text-align: justify\">Anne Katherine de Holanda Bezerra Rosado<\/span><\/td>\n<td style=\"width: 151.547px;height: 24px\"><span style=\"text-align: justify\">Doutora<\/span><\/td>\n<td style=\"width: 858.062px;height: 24px;text-align: left\"><span style=\"text-align: justify\">Organiza\u00e7\u00e3o Espacial, Suporte \u00c0 Gest\u00e3o Ambiental e Territorial Gerados Atrav\u00e9s de Drone: Uma Imagem Atual do Campus Central da UERN.<\/span><\/td>\n<\/tr>\n<tr style=\"height: 24px\">\n<td style=\"width: 359.391px;height: 24px\"><span style=\"text-align: justify\">Alfredo Marcelo Grigio<\/span><\/td>\n<td style=\"width: 151.547px;height: 24px\"><span style=\"text-align: justify\">Doutor<\/span><\/td>\n<td style=\"width: 858.062px;height: 24px\"><span style=\"text-align: justify\">Gest\u00e3o de Riscos, Vulnerabilidades Socioambientais, Sustentabilidade e Capacidade Adaptativa Clim\u00e1tica Em Munic\u00edpios do Semi\u00e1rido do Nordeste<\/span><\/td>\n<\/tr>\n<tr style=\"height: 24px\">\n<td style=\"width: 359.391px;height: 24px\"><span style=\"text-align: justify\">Gabriela Cem\u00edrames de Sousa Gurgel\u00a0<\/span><\/td>\n<td style=\"width: 151.547px;height: 24px\"><span style=\"text-align: justify\">Doutora<\/span><\/td>\n<td style=\"width: 858.062px;height: 24px\"><span style=\"text-align: justify\">Sistema Participativo de Garantia: Diagn\u00f3stico dos Grupos de Produ\u00e7\u00e3o Org\u00e2nica do Spg Xique Xique de Comercializa\u00e7\u00e3o e Economia Solid\u00e1ria<\/span><\/td>\n<\/tr>\n<tr style=\"height: 24px\">\n<td style=\"width: 359.391px;height: 24px\"><span style=\"text-align: justify\">M\u00e1rcia Regina Farias da Silva\u00a0<\/span><\/td>\n<td style=\"width: 151.547px;height: 24px\"><span style=\"text-align: justify\">Doutora<\/span><\/td>\n<td style=\"width: 858.062px;height: 24px\"><span style=\"text-align: justify\">An\u00e1lise da Percep\u00e7\u00e3o Ambiental dos Moradores de MAcau, Rio Grande do Norte, Em Rela\u00e7\u00e3o As Mudan\u00e7as CLim\u00e1ticas.<\/span><\/td>\n<\/tr>\n<tr style=\"height: 24px\">\n<td style=\"width: 359.391px;height: 24px\"><span style=\"text-align: justify\">Rodrigo Guimar\u00e3es de Carvalho<\/span><\/td>\n<td style=\"width: 151.547px;height: 24px\"><span style=\"text-align: justify\">Doutor\u00a0<\/span><\/td>\n<td style=\"width: 858.062px;height: 24px\"><span style=\"text-align: justify\">Energia Renov\u00e1vel e Descarboniza\u00e7\u00e3o Na Am\u00e9rica do Sul: Caminhos e Desafios Que Conectam O Setor<\/span><\/td>\n<\/tr>\n<tr>\n<td style=\"width: 359.391px\">Roseano Medeiros da Silva<span style=\"text-align: justify\"><br \/>\n<\/span><\/td>\n<td style=\"width: 151.547px\"><span style=\"text-align: justify\">Doutor\u00a0<\/span><\/td>\n<td style=\"width: 858.062px\">Uso das Ferramentas de Geoprocessamento Aplicado Ao Cadastro Ambiental Rural (car) e A Gest\u00e3o Ambienta<span style=\"text-align: justify\"><br \/>\n<\/span><\/td>\n<\/tr>\n<tr>\n<td style=\"width: 359.391px\">Welka Preston Leite Batista da Costa Alves<span style=\"text-align: justify\"><br \/>\n<\/span><\/td>\n<td style=\"width: 151.547px\"><span style=\"text-align: justify\">Doutora<\/span><\/td>\n<td style=\"width: 858.062px\">Monitoramento dos Impactos Ambientais do Uso e Ocupa\u00e7\u00e3o do Solo Sobre A Qualidade da \u00c1gua No Trecho Urbano do Rio Mossor\u00f3.<span style=\"text-align: justify\"><br \/>\n<\/span><\/td>\n<\/tr>\n<tr>\n<td style=\"width: 359.391px\">Wendson Dantas de Ara\u00fajo Medeiros\u00a0<span style=\"text-align: justify\"><br \/>\n<\/span><\/td>\n<td style=\"width: 151.547px\"><span style=\"text-align: justify\">Doutor\u00a0<\/span><\/td>\n<td style=\"width: 858.062px\">An\u00e1lise de Riscos Ambientais No Litoral da Costa Branca<span style=\"text-align: justify\"><br \/>\n<\/span><\/td>\n<\/tr>\n<\/tbody>\n<\/table>\n<p style=\"text-align: center\" align=\"justify\"><b>EDI\u00c7\u00c3O: 2022 &#8211; 2023 <\/b><\/p>\n<table style=\"border-collapse: collapse;width: 100%;height: 518px\">\n<tbody>\n<tr style=\"height: 19px\">\n<td style=\"width: 26.2992%;height: 19px;text-align: center\"><strong>COORDENADOR(A)<\/strong><\/td>\n<td style=\"width: 11.2158%;height: 19px;text-align: center\"><strong>TITULA\u00c7\u00c3O<\/strong><\/td>\n<td style=\"width: 62.4849%;height: 19px;text-align: center\"><strong>T\u00cdTULO DO PROJETO<\/strong><\/td>\n<\/tr>\n<tr style=\"height: 43px\">\n<td style=\"width: 26.2992%;height: 43px\"><span style=\"text-align: justify\">Anne katherine de Holanda Bezerrra Rosado<\/span><\/td>\n<td style=\"width: 11.2158%;height: 43px\"><span style=\"text-align: justify\">Doutora<\/span><\/td>\n<td style=\"width: 62.4849%;height: 43px\"><span style=\"text-align: justify\">Vant; Ferramentas Para O Invent\u00e1rio Florestal do Parque Maur\u00edcio de Oliveira.<\/span><\/td>\n<\/tr>\n<tr style=\"height: 48px\">\n<td style=\"width: 26.2992%;height: 48px\"><span style=\"text-align: justify\">Alfredo Marcelo Grigio<\/span><\/td>\n<td style=\"width: 11.2158%;height: 48px\"><span style=\"text-align: justify\">Doutor<\/span><\/td>\n<td style=\"width: 62.4849%;height: 48px\"><span style=\"text-align: justify\">Socioambientais, Sustentabilidade e Capacidade Adaptativa Clim\u00e1tica Em Munic\u00edpios do Semi\u00e1rido do Nordeste.<\/span><\/td>\n<\/tr>\n<tr style=\"height: 48px\">\n<td style=\"width: 26.2992%;height: 48px\"><span style=\"text-align: justify\">Gabriela Cem\u00edrames de Sousa Gurgel<\/span><\/td>\n<td style=\"width: 11.2158%;height: 48px\"><span style=\"text-align: justify\">Doutora<\/span><\/td>\n<td style=\"width: 62.4849%;height: 48px\"><span style=\"text-align: justify\">Mapeamento e Diagn\u00f3stico das Licen\u00e7as Ambientais de Atividades Agropecu\u00e1rias No Munic\u00edpio de Apodi.<\/span><\/td>\n<\/tr>\n<tr style=\"height: 72px\">\n<td style=\"width: 26.2992%;height: 72px\"><span style=\"text-align: justify\">Maria Betania Ribeiro Torres<\/span><\/td>\n<td style=\"width: 11.2158%;height: 72px\"><span style=\"text-align: justify\">Doutora<\/span><\/td>\n<td style=\"width: 62.4849%;height: 72px\"><span style=\"text-align: justify\">\u00a0Impactos da Pandemia da Covid-19 Na Agricultura Familiar de Base Agroecol\u00f3gica No Munic\u00edpio de Mossor\u00f3\/rn: Desafios e Alternativas.<\/span><\/td>\n<\/tr>\n<tr style=\"height: 72px\">\n<td style=\"width: 26.2992%;height: 72px\"><span style=\"text-align: justify\">M\u00e1rcia Regina Farias da Silva<\/span><\/td>\n<td style=\"width: 11.2158%;height: 72px\"><span style=\"text-align: justify\">Doutora<\/span><\/td>\n<td style=\"width: 62.4849%;height: 72px\"><span style=\"text-align: justify\">Problemas Socioambientais e A Percep\u00e7\u00e3o da Popula\u00e7\u00e3o de Ipangua\u00e7u (rn), Acerca dos Efeitos das Mudan\u00e7as Clim\u00e1ticas: Um Olhar A Partir da Agenda 2030.<\/span><\/td>\n<\/tr>\n<tr style=\"height: 72px\">\n<td style=\"width: 26.2992%;height: 72px\"><span style=\"text-align: justify\">Rodrigo Guimar\u00e3es de Carvalho<\/span><\/td>\n<td style=\"width: 11.2158%;height: 72px\"><span style=\"text-align: justify\">Doutor\u00a0<\/span><\/td>\n<td style=\"width: 62.4849%;height: 72px\"><span style=\"text-align: justify\">A Import\u00e2ncia das \u00c1reas Verdes Urbanas Na Promo\u00e7\u00e3o de Servi\u00e7os Ecossist\u00eamicos No Contexto da Pandemia Covid 19 Em Cidades da Regi\u00e3o do Nordeste Brasileiro.<\/span><\/td>\n<\/tr>\n<tr style=\"height: 48px\">\n<td style=\"width: 26.2992%;height: 48px\"><span style=\"text-align: justify\">Roseano Medeiros da Silva\u00a0<\/span><\/td>\n<td style=\"width: 11.2158%;height: 48px\"><span style=\"text-align: justify\">Doutor<\/span><\/td>\n<td style=\"width: 62.4849%;height: 48px\"><span style=\"text-align: justify\">Res\u00edduos S\u00f3lidos Org\u00e2nicos Produzidos Na Feira da Central de Abastecimento (cobal) Em Mossor\u00f3, RN.<\/span><\/td>\n<\/tr>\n<tr style=\"height: 72px\">\n<td style=\"width: 26.2992%;height: 72px\"><span style=\"text-align: justify\">Welka Preston Leite Batista da Costa\u00a0<\/span><\/td>\n<td style=\"width: 11.2158%;height: 72px\"><span style=\"text-align: justify\">Doutor a<\/span><\/td>\n<td style=\"width: 62.4849%;height: 72px\"><span style=\"text-align: justify\">Utiliza\u00e7\u00e3o do Sensoriamento Remoto Para Monitoramento dos Impactos Ambientais de Polui\u00e7\u00e3o, Degrada\u00e7\u00e3o E\/ou Desertifica\u00e7\u00e3o Sobre O Rio Mossor\u00f3.<\/span><\/td>\n<\/tr>\n<tr style=\"height: 24px\">\n<td style=\"width: 26.2992%;height: 24px\"><span style=\"text-align: justify\">Wendson Dantas de Ara\u00fajo Medeiros\u00a0<\/span><\/td>\n<td style=\"width: 11.2158%;height: 24px\"><span style=\"text-align: justify\">Doutor<\/span><\/td>\n<td style=\"width: 62.4849%;height: 24px\"><span style=\"text-align: justify\">An\u00e1lise de Riscos Ambientais No Litoral da Costa Branca.<\/span><\/td>\n<\/tr>\n<\/tbody>\n<\/table>\n<p style=\"text-align: center\" align=\"justify\"><strong>EDI\u00c7\u00c3O 2021 &#8211; 2022<\/strong><\/p>\n<table style=\"border-collapse: collapse;width: 100%;height: 187px\">\n<tbody>\n<tr style=\"height: 19px\">\n<td style=\"width: 26.2509%;height: 19px;text-align: center\"><strong>COORDENADOR(A)<\/strong><\/td>\n<td style=\"width: 11.24%;height: 19px;text-align: center\"><strong>TITULA\u00c7\u00c3O<\/strong><\/td>\n<td style=\"width: 62.4365%;height: 19px;text-align: center\"><strong>T\u00cdTULO DO PROJETO<\/strong><\/td>\n<\/tr>\n<tr style=\"height: 24px\">\n<td style=\"width: 26.2509%;height: 24px\"><span style=\"text-align: justify\">Alfredo Marcelo Grigio<\/span><\/td>\n<td style=\"width: 11.24%;height: 24px\"><span style=\"text-align: justify\">Doutor<\/span><\/td>\n<td style=\"width: 62.4365%;height: 24px\"><span style=\"text-align: justify\">Gest\u00e3o de Riscos, Vulnerabilidades Socioambientais, Sustentabilidade e Capacidade Adaptativa Clim\u00e1tica Em Munic\u00edpios do Semi\u00e1rido do Nordeste. <\/span><\/td>\n<\/tr>\n<tr style=\"height: 24px\">\n<td style=\"width: 26.2509%;height: 24px\"><span style=\"text-align: justify\">M\u00e1rcia Regina Farias da Silva\u00a0<\/span><\/td>\n<td style=\"width: 11.24%;height: 24px\"><span style=\"text-align: justify\">Doutora<\/span><\/td>\n<td style=\"width: 62.4365%;height: 24px\">Os Efeitos das Mudan\u00e7as Clim\u00e1ticas No Semi\u00e1rido do Nordeste Brasileiro: Um Estudo Sobre A Percep\u00e7\u00e3o da Popula\u00e7\u00e3o do Munic\u00edpio de Assu (RN).<\/td>\n<\/tr>\n<tr style=\"height: 24px\">\n<td style=\"width: 26.2509%;height: 24px\"><span style=\"text-align: justify\">Rodrigo Guimar\u00e3es de Carvalho<\/span><\/td>\n<td style=\"width: 11.24%;height: 24px\"><span style=\"text-align: justify\">Doutor\u00a0<\/span><\/td>\n<td style=\"width: 62.4365%;height: 24px\">An\u00e1lise Socioambiental da Implanta\u00e7\u00e3o de Parques E\u00f3licos No Nordeste: Perspectivas para a Sustentabilidade da Gera\u00e7\u00e3o de Energia Renov\u00e1vel no Brasil.<\/td>\n<\/tr>\n<tr style=\"height: 24px\">\n<td style=\"width: 26.2509%;height: 24px\">Roseano Medeiros da Silva<span style=\"text-align: justify\"><br \/>\n<\/span><\/td>\n<td style=\"width: 11.24%;height: 24px\"><span style=\"text-align: justify\">Doutor\u00a0<\/span><\/td>\n<td style=\"width: 62.4365%;height: 24px\"><span style=\"text-align: justify\">Percep\u00e7\u00e3o de Risco do Uso de Inseticidas Dom\u00e9sticos.<\/span><\/td>\n<\/tr>\n<tr style=\"height: 48px\">\n<td style=\"width: 26.2509%;height: 48px\">Welka Preston Leite Batista da Costa Alves<span style=\"text-align: justify\"><br \/>\n<\/span><\/td>\n<td style=\"width: 11.24%;height: 48px\"><span style=\"text-align: justify\">Doutora<\/span><\/td>\n<td style=\"width: 62.4365%;height: 48px\">Utiliza\u00e7\u00e3o do Sensoriamento Remoto Para Monitoramento dos Impactos Ambientais de Polui\u00e7\u00e3o, Desmatamento e Processos de Desertifica\u00e7\u00e3o Sobre O Rio Mossor\u00f3 .<span style=\"text-align: justify\"><br \/>\n<\/span><\/td>\n<\/tr>\n<tr style=\"height: 24px\">\n<td style=\"width: 26.2509%;height: 24px\">Wendson Dantas de Ara\u00fajo Medeiros\u00a0<span style=\"text-align: justify\"><br \/>\n<\/span><\/td>\n<td style=\"width: 11.24%;height: 24px\"><span style=\"text-align: justify\">Doutor\u00a0<\/span><\/td>\n<td style=\"width: 62.4365%;height: 24px\"><span style=\"text-align: justify\">An\u00e1lise de Riscos Ambientais No Litoral da Costa Branca.<\/span><\/td>\n<\/tr>\n<\/tbody>\n<\/table>\n","protected":false},"excerpt":{"rendered":"<p>EDI\u00c7\u00c3O: 2023 \u2013 2024 COORDENADOR(A) TITULA\u00c7\u00c3O T\u00cdTULO DO PROJETO Anne Katherine de Holanda Bezerra Rosado Doutora Organiza\u00e7\u00e3o Espacial, Suporte \u00c0 Gest\u00e3o Ambiental e Territorial Gerados Atrav\u00e9s de Drone: Uma Imagem Atual do Campus Central da UERN. Alfredo Marcelo Grigio Doutor Gest\u00e3o de Riscos, Vulnerabilidades Socioambientais, Sustentabilidade e Capacidade Adaptativa Clim\u00e1tica Em Munic\u00edpios do Semi\u00e1rido do [&hellip;]<\/p>\n","protected":false},"author":4,"featured_media":0,"parent":0,"menu_order":0,"comment_status":"closed","ping_status":"closed","template":"","meta":{"footnotes":""},"class_list":["post-856","page","type-page","status-publish","hentry"],"_links":{"self":[{"href":"https:\/\/portal.uern.br\/facem\/gestao-ambiental\/wp-json\/wp\/v2\/pages\/856","targetHints":{"allow":["GET"]}}],"collection":[{"href":"https:\/\/portal.uern.br\/facem\/gestao-ambiental\/wp-json\/wp\/v2\/pages"}],"about":[{"href":"https:\/\/portal.uern.br\/facem\/gestao-ambiental\/wp-json\/wp\/v2\/types\/page"}],"author":[{"embeddable":true,"href":"https:\/\/portal.uern.br\/facem\/gestao-ambiental\/wp-json\/wp\/v2\/users\/4"}],"replies":[{"embeddable":true,"href":"https:\/\/portal.uern.br\/facem\/gestao-ambiental\/wp-json\/wp\/v2\/comments?post=856"}],"version-history":[{"count":9,"href":"https:\/\/portal.uern.br\/facem\/gestao-ambiental\/wp-json\/wp\/v2\/pages\/856\/revisions"}],"predecessor-version":[{"id":1443,"href":"https:\/\/portal.uern.br\/facem\/gestao-ambiental\/wp-json\/wp\/v2\/pages\/856\/revisions\/1443"}],"wp:attachment":[{"href":"https:\/\/portal.uern.br\/facem\/gestao-ambiental\/wp-json\/wp\/v2\/media?parent=856"}],"curies":[{"name":"wp","href":"https:\/\/api.w.org\/{rel}","templated":true}]}}