{"id":814,"date":"2023-10-20T12:13:07","date_gmt":"2023-10-20T15:13:07","guid":{"rendered":"https:\/\/portal.uern.br\/facem\/gestao-ambiental\/?page_id=814"},"modified":"2025-06-27T10:59:05","modified_gmt":"2025-06-27T13:59:05","slug":"laboratorios","status":"publish","type":"page","link":"https:\/\/portal.uern.br\/facem\/gestao-ambiental\/laboratorios\/","title":{"rendered":"Laborat\u00f3rios"},"content":{"rendered":"<p><strong>1) Laborat\u00f3rio Interdisciplinar de Estudos e Pesquisa em Sociedade, Ambiente e Educa\u00e7\u00e3o \u2013 LABEA<\/strong><\/p>\n<p>Coordenadora: Prof\u00aa. Dr\u00aa. Maria Bet\u00e2nia Ribeiro Torres \u2013 e-mail:\u00a0betaniatorres@uern.br<\/p>\n<p>Criado em 2013, a partir da necessidade de um espa\u00e7o de identidade da Educa\u00e7\u00e3o Ambiental dentro do Departamento de Gest\u00e3o Ambiental\/FACEM. Esta necessidade estava alicer\u00e7ada nos projetos de pesquisa e extens\u00e3o na tem\u00e1tica da Educa\u00e7\u00e3o Ambiental e das disciplinas concernentes \u00e0 \u00e1rea tem\u00e1tica. Mais recentemente, foi visto que a rela\u00e7\u00e3o sociedade, educa\u00e7\u00e3o e ambiente caberia mais na nomenclatura do LABEA devido \u00e0 sua abrang\u00eancia no desenvolvimento de suas atividades cient\u00edficas.<\/p>\n<p><strong>Regimento<\/strong><a href=\"https:\/\/www.uern.br\/controledepaginas\/propeg-pesquisa-institucionalizacao-laboratorios\/arquivos\/4200resolua%C2%A7a%C2%A3o_46_2019_labea.pdf\" target=\"_blank\" rel=\"noopener\"><img decoding=\"async\" src=\"https:\/\/www.uern.br\/controledepaginas\/laboratorios\/imagens\/5888documento.png\" alt=\"\" width=\"24\" height=\"25\" \/><\/a><\/p>\n<p><a href=\"https:\/\/www.instagram.com\/labea.uern?utm_source=ig_web_button_share_sheet&amp;igsh=ZDNlZDc0MzIxNw==\"><img decoding=\"async\" class=\"alignnone wp-image-1034\" src=\"https:\/\/portal.uern.br\/facem\/gestao-ambiental\/wp-content\/uploads\/sites\/5\/2024\/02\/instagram-1.jpg\" alt=\"\" width=\"39\" height=\"39\" srcset=\"https:\/\/portal.uern.br\/facem\/gestao-ambiental\/wp-content\/uploads\/sites\/5\/2024\/02\/instagram-1.jpg 225w, https:\/\/portal.uern.br\/facem\/gestao-ambiental\/wp-content\/uploads\/sites\/5\/2024\/02\/instagram-1-150x150.jpg 150w\" sizes=\"(max-width: 39px) 100vw, 39px\" \/><\/a><\/p>\n<p>&nbsp;<\/p>\n<p><strong>2) Laborat\u00f3rio de Tecnologias Sociais e Conviv\u00eancia com o Semi\u00e1rido \u2013 LABTEC-SEMI\u00c1RIDO<\/strong><\/p>\n<p>Coordenador: Prof. Dr. Alexandre de Oliveira Lima \u2013 e-mail: alexandrelima@uern.br<\/p>\n<p><strong>\u00a0<\/strong>O Laborat\u00f3rio de Tecnologias Sociais para Conviv\u00eancia com o Semi\u00e1rido (LABTECsemi\u00e1rido) tem como prop\u00f3sito central constituir-se num espa\u00e7o destinado a realiza\u00e7\u00e3o de estudos e pesquisas relacionados a implanta\u00e7\u00e3o e avalia\u00e7\u00e3o de tecnologias sociais para conviv\u00eancia com o Semi\u00e1rido e Constru\u00e7\u00e3o da Agroecologia. Nesse contexto, o LABTECsemi\u00e1rido tem os seguintes objetivos: Estreitar rela\u00e7\u00f5es com institui\u00e7\u00f5es p\u00fablicas, empresas e ONG\u00b4S com atua\u00e7\u00e3o na regi\u00e3o e que trabalhem com essa tem\u00e1tica do semi\u00e1rido e do bioma caatinga; fortalecer a tem\u00e1tica da conviv\u00eancia com semi\u00e1rido e da Agroecologia na UERN, e com isso, constituir-se num espa\u00e7o para aprendizado institucional sobre tecnologias ambientais sustent\u00e1veis para o semi\u00e1rido; captar fundos para realiza\u00e7\u00e3o de pesquisas sobre a tem\u00e1tica da conviv\u00eancia; construir parceria com institui\u00e7\u00f5es p\u00fablicas, com reconhecida compet\u00eancia na \u00e1rea da pesquisa sobre tecnologias sociais para conviv\u00eancia com o semi\u00e1rido.<\/p>\n<p><strong>Regimento<\/strong><img decoding=\"async\" src=\"https:\/\/www.uern.br\/controledepaginas\/laboratorios\/imagens\/5888documento.png\" alt=\"\" width=\"24\" height=\"25\" \/><\/p>\n<p>&nbsp;<\/p>\n<p><strong>3) Laborat\u00f3rio de Ecologia Aplicada \u2013 LEA<\/strong><\/p>\n<p>Coordenadora: Prof\u00aa. Dr\u00aa. M\u00e1rcia Regina Farias da Silva \u2013 e-mail:\u00a0marciaregina@uern.br<\/p>\n<p><strong>\u00a0<\/strong><strong>\u00a0<\/strong>Criado com o objetivo de desenvolver programas e projetos relativos \u00e0 ecologia aplicada, sobretudo, em tem\u00e1ticas como: planejamento e gest\u00e3o de recursos naturais, gest\u00e3o de res\u00edduos s\u00f3lidos, vulnerabilidade socioambiental, bem como estudos que relacionem a interface: ambiente-sociedade (popula\u00e7\u00f5es tradicionais, biodiversidade, etno-conhecimento, seguran\u00e7a alimentar, educa\u00e7\u00e3o ambiental, turismo rural e de base comunit\u00e1ria, sustentabilidade socioambiental) e pol\u00edticas p\u00fablicas ambientais.<\/p>\n<p><strong>Regimento<\/strong><a href=\"https:\/\/drive.google.com\/file\/d\/1cEw-G3lZ06DMpZxnv9hEe0CihZ6axnl7\/view?usp=sharing\"><img decoding=\"async\" src=\"https:\/\/www.uern.br\/controledepaginas\/laboratorios\/imagens\/5888documento.png\" alt=\"\" width=\"24\" height=\"25\" \/><\/a><\/p>\n<p><a href=\"https:\/\/www.instagram.com\/lablea2013?utm_source=ig_web_button_share_sheet&amp;igsh=ZDNlZDc0MzIxNw==\"><img decoding=\"async\" class=\"alignnone wp-image-1034\" src=\"https:\/\/portal.uern.br\/facem\/gestao-ambiental\/wp-content\/uploads\/sites\/5\/2024\/02\/instagram-1.jpg\" alt=\"\" width=\"39\" height=\"39\" srcset=\"https:\/\/portal.uern.br\/facem\/gestao-ambiental\/wp-content\/uploads\/sites\/5\/2024\/02\/instagram-1.jpg 225w, https:\/\/portal.uern.br\/facem\/gestao-ambiental\/wp-content\/uploads\/sites\/5\/2024\/02\/instagram-1-150x150.jpg 150w\" sizes=\"(max-width: 39px) 100vw, 39px\" \/><\/a><\/p>\n<p>&nbsp;<\/p>\n<p><strong>4) Laborat\u00f3rio de Estudos Costeiros e \u00c1reas Protegidas \u2013 LECAP<\/strong><\/p>\n<p>Coordenador: Prof. Dr. Rodrigo Guimar\u00e3es de Carvalho \u2013 e-mail:\u00a0rodrigocarvalho@uern.br<\/p>\n<p><strong>\u00a0<\/strong>O LECAP foi criado para atender a um conjunto de projetos de pesquisa e extens\u00e3o direcionados \u00e0 an\u00e1lise ambiental integrada de ambientes de exce\u00e7\u00e3o, vulner\u00e1veis e com perfil para a preserva\u00e7\u00e3o e\/ou uso sustent\u00e1vel. Apesar de o foco dos estudos e servi\u00e7os se concentrar no ambiente litor\u00e2neo, o LECAP tamb\u00e9m atua com pesquisas e projetos de extens\u00e3o voltados \u00e0 cria\u00e7\u00e3o e gest\u00e3o de unidades de conserva\u00e7\u00e3o no Bioma Caatinga e em ambientes serranos.<\/p>\n<p><strong>Regimento<\/strong><a href=\"https:\/\/drive.google.com\/file\/d\/1H3JTmD62VXZdEjGynn1vFDnlcCWZ3uRw\/view?usp=sharing\"><img decoding=\"async\" src=\"https:\/\/www.uern.br\/controledepaginas\/laboratorios\/imagens\/5888documento.png\" alt=\"\" width=\"24\" height=\"25\" \/><\/a><\/p>\n<p><a href=\"https:\/\/www.instagram.com\/lecap.uern?utm_source=ig_web_button_share_sheet&amp;igsh=ZDNlZDc0MzIxNw==\"><img decoding=\"async\" class=\"alignnone wp-image-1034\" src=\"https:\/\/portal.uern.br\/facem\/gestao-ambiental\/wp-content\/uploads\/sites\/5\/2024\/02\/instagram-1.jpg\" alt=\"\" width=\"39\" height=\"39\" srcset=\"https:\/\/portal.uern.br\/facem\/gestao-ambiental\/wp-content\/uploads\/sites\/5\/2024\/02\/instagram-1.jpg 225w, https:\/\/portal.uern.br\/facem\/gestao-ambiental\/wp-content\/uploads\/sites\/5\/2024\/02\/instagram-1-150x150.jpg 150w\" sizes=\"(max-width: 39px) 100vw, 39px\" \/><\/a><\/p>\n<p>&nbsp;<\/p>\n<p><strong>5) Laborat\u00f3rio de N\u00facleo de Estudos Socioambientais e Territoriais \u2013 NESAT<\/strong><\/p>\n<p>Coordenador: Prof. Dr. Alfredo Marcelo Grigio\u00a0 \u2013 e-mail: alfredogrigio@uern.br<\/p>\n<p><strong>\u00a0<\/strong>O NESAT nasce com o objetivo de desenvolver estudos e pesquisas que possam contribuir para a observa\u00e7\u00e3o permanente das transforma\u00e7\u00f5es no \u00e2mbito das sociedades modernas e de como isso incide no Rio Grande do Norte, em particular no munic\u00edpio de Mossor\u00f3 e regi\u00e3o. Ele \u00e9 fruto da institucionaliza\u00e7\u00e3o de uma parceria entre o N\u00facleo Avan\u00e7ado de Pol\u00edticas P\u00fablicas (NAPP\/UFRN) e a Rede Observat\u00f3rio das Metr\u00f3poles.<\/p>\n<p><strong>Regimento<\/strong><a href=\"https:\/\/drive.google.com\/file\/d\/1tSwUD-ltyRF2-liFL3UCpIwcc4164XEt\/view?usp=sharing\"><img decoding=\"async\" src=\"https:\/\/www.uern.br\/controledepaginas\/laboratorios\/imagens\/5888documento.png\" alt=\"\" width=\"24\" height=\"25\" \/><\/a><\/p>\n<p><a href=\"https:\/\/www.instagram.com\/nesat.uern?utm_source=ig_web_button_share_sheet&amp;igsh=ZDNlZDc0MzIxNw==\"><img decoding=\"async\" class=\"alignnone wp-image-1034\" src=\"https:\/\/portal.uern.br\/facem\/gestao-ambiental\/wp-content\/uploads\/sites\/5\/2024\/02\/instagram-1.jpg\" alt=\"\" width=\"39\" height=\"39\" srcset=\"https:\/\/portal.uern.br\/facem\/gestao-ambiental\/wp-content\/uploads\/sites\/5\/2024\/02\/instagram-1.jpg 225w, https:\/\/portal.uern.br\/facem\/gestao-ambiental\/wp-content\/uploads\/sites\/5\/2024\/02\/instagram-1-150x150.jpg 150w\" sizes=\"(max-width: 39px) 100vw, 39px\" \/><\/a><\/p>\n<p>&nbsp;<\/p>\n<p><strong>6) Laborat\u00f3rio de Estudos em Gest\u00e3o Ambiental Aplicada &#8211; LEGAP<\/strong><\/p>\n<p>Coordenador: Prof. Dr. Roseano Medeiros da Silva &#8211; email: roseanomedeiros@uern.br<\/p>\n<p>O Laborat\u00f3rio de Estudos em Gest\u00e3o Ambiental Aplicada &#8211; LEGAP \u00e9 formado por uma equipe de de professores pesquisadores, bolsistas e alunos em geral de cursos de gradua\u00e7\u00e3o em Gest\u00e3o Ambiental. As principais atribui\u00e7\u00f5es do grupo envolvido nesse projeto ser\u00e1 referente \u00e0 extens\u00e3o, produ\u00e7\u00e3o acad\u00eamico-cient\u00edfica de trabalhos relacionados ao planejamento e desenvolvimento da agroecologia local e regional, na perspectiva socioambiental. Este laborat\u00f3rio representa a possibilidade de preencher uma lacuna existente entre as comunidades rurais e empresas privadas, para aplica\u00e7\u00e3o de metodologias em gest\u00e3o ambiental de qualidade e nesse sentido, incentivar a participa\u00e7\u00e3o de professores e alunos em cursos, exposi\u00e7\u00f5es e palestras para a comunidade, viabilizando atividades extra-curriculares relacionadas ao trip\u00e9 Ensino, Pesquisa e Extens\u00e3o.<\/p>\n<p><strong>Regimento<\/strong><a href=\"https:\/\/drive.google.com\/file\/d\/19sQXEdjA88iAgblvzHyqoibOr7cWp819\/view?usp=sharing\"><img decoding=\"async\" src=\"https:\/\/www.uern.br\/controledepaginas\/laboratorios\/imagens\/5888documento.png\" alt=\"\" width=\"24\" height=\"25\" \/><\/a><\/p>\n<p>&nbsp;<\/p>\n","protected":false},"excerpt":{"rendered":"<p>1) Laborat\u00f3rio Interdisciplinar de Estudos e Pesquisa em Sociedade, Ambiente e Educa\u00e7\u00e3o \u2013 LABEA Coordenadora: Prof\u00aa. Dr\u00aa. Maria Bet\u00e2nia Ribeiro Torres \u2013 e-mail:\u00a0betaniatorres@uern.br Criado em 2013, a partir da necessidade de um espa\u00e7o de identidade da Educa\u00e7\u00e3o Ambiental dentro do Departamento de Gest\u00e3o Ambiental\/FACEM. Esta necessidade estava alicer\u00e7ada nos projetos de pesquisa e extens\u00e3o na [&hellip;]<\/p>\n","protected":false},"author":4,"featured_media":0,"parent":0,"menu_order":0,"comment_status":"closed","ping_status":"closed","template":"","meta":{"footnotes":""},"class_list":["post-814","page","type-page","status-publish","hentry"],"_links":{"self":[{"href":"https:\/\/portal.uern.br\/facem\/gestao-ambiental\/wp-json\/wp\/v2\/pages\/814","targetHints":{"allow":["GET"]}}],"collection":[{"href":"https:\/\/portal.uern.br\/facem\/gestao-ambiental\/wp-json\/wp\/v2\/pages"}],"about":[{"href":"https:\/\/portal.uern.br\/facem\/gestao-ambiental\/wp-json\/wp\/v2\/types\/page"}],"author":[{"embeddable":true,"href":"https:\/\/portal.uern.br\/facem\/gestao-ambiental\/wp-json\/wp\/v2\/users\/4"}],"replies":[{"embeddable":true,"href":"https:\/\/portal.uern.br\/facem\/gestao-ambiental\/wp-json\/wp\/v2\/comments?post=814"}],"version-history":[{"count":12,"href":"https:\/\/portal.uern.br\/facem\/gestao-ambiental\/wp-json\/wp\/v2\/pages\/814\/revisions"}],"predecessor-version":[{"id":1509,"href":"https:\/\/portal.uern.br\/facem\/gestao-ambiental\/wp-json\/wp\/v2\/pages\/814\/revisions\/1509"}],"wp:attachment":[{"href":"https:\/\/portal.uern.br\/facem\/gestao-ambiental\/wp-json\/wp\/v2\/media?parent=814"}],"curies":[{"name":"wp","href":"https:\/\/api.w.org\/{rel}","templated":true}]}}