{"id":812,"date":"2023-10-20T12:12:25","date_gmt":"2023-10-20T15:12:25","guid":{"rendered":"https:\/\/portal.uern.br\/facem\/gestao-ambiental\/?page_id=812"},"modified":"2023-11-27T11:13:15","modified_gmt":"2023-11-27T14:13:15","slug":"estagio-obrigatorio-2","status":"publish","type":"page","link":"https:\/\/portal.uern.br\/facem\/gestao-ambiental\/estagio-obrigatorio-2\/","title":{"rendered":"Est\u00e1gio Obrigat\u00f3rio"},"content":{"rendered":"<p>O Est\u00e1gio Curricular Supervisionado em Gest\u00e3o Ambiental \u00e9 de car\u00e1ter obrigat\u00f3rio, sendo indispens\u00e1vel \u00e0 integraliza\u00e7\u00e3o curricular e atende ao disposto na Lei Federal 11.788\/2008 e \u00e0 Resolu\u00e7\u00e3o N\u00ba 19\/2023 do Conselho Superior de Ensino, Pesquisa e Extens\u00e3o-CONSEPE, quando no Artigo 2\u00ba, diz que: O Est\u00e1gio Curricular Supervisionado Obrigat\u00f3rio dos cursos de gradua\u00e7\u00e3o, grau acad\u00eamico Bacharelado, da Universidade do Estado do Rio Grande do Norte (Uern) \u00e9 concebido como um campo de conhecimento te\u00f3rico-pr\u00e1tico, e interdisciplinar que possibilita ao educando aproxima\u00e7\u00e3o, reflex\u00e3o, intera\u00e7\u00e3o e atua\u00e7\u00e3o no contexto social, \u00e9tico, pol\u00edtico, tecnol\u00f3gico e cultural, no qual o trabalho est\u00e1 inserido, configurando-se, assim, como espa\u00e7o de converg\u00eancia dos conhecimentos emp\u00edricos, cient\u00edficos e tecnol\u00f3gicos pertinentes a cada \u00e1rea de forma\u00e7\u00e3o.<\/p>\n<p>Os Est\u00e1gios Supervisionados em Gest\u00e3o Ambiental I e II poder\u00e3o ser realizados em entidades voltadas para a \u00e1rea de Gest\u00e3o Ambiental e afins, podendo ser de direito p\u00fablico ou privado, exigindo-se, para tanto, a celebra\u00e7\u00e3o de conv\u00eanio entre as partes. Conforme a Resolu\u00e7\u00e3o N\u00ba 19\/2023: Art. 7\u00ba Enquadram-se na condi\u00e7\u00e3o de entidade concedente:<\/p>\n<ul>\n<li>Empresas p\u00fablicas e privadas do setor de produ\u00e7\u00e3o;<\/li>\n<li>Empresas p\u00fablicas e privadas do setor de servi\u00e7os;<\/li>\n<li>Escolas p\u00fablicas ou privadas;<\/li>\n<li>Institui\u00e7\u00f5es p\u00fablicas de assist\u00eancia social;<\/li>\n<li>A rede de servi\u00e7os do Sistema \u00danico de Sa\u00fade \u2013 SUS, em seus diversos n\u00edveis de complexidade;<\/li>\n<li>As Institui\u00e7\u00f5es privadas de assist\u00eancia \u00e0 sa\u00fade;<\/li>\n<li>\u00d3rg\u00e3os da administra\u00e7\u00e3o direta, e indireta nas esferas municipal, estadual e federal;<\/li>\n<li>Escrit\u00f3rios de profissionais liberais;<\/li>\n<li>Entidades do terceiro setor;<\/li>\n<li>Qualquer setor da pr\u00f3pria UERN (Pr\u00f3-Reitorias, Unidades, Campi Avan\u00e7ados, Departamentos Acad\u00eamicos, ou administrativos).<\/li>\n<\/ul>\n<p>O processo de avalia\u00e7\u00e3o de aprendizagem ser\u00e1 efetuado mediante a frequ\u00eancia, orienta\u00e7\u00e3o e o aproveitamento das atividades desenvolvidas durante a dura\u00e7\u00e3o do est\u00e1gio, em conformidade com o regulamento do curso e as normas da UERN. Para tanto alguns mecanismos de avalia\u00e7\u00e3o s\u00e3o previstos, dentre eles, o Plano de Est\u00e1gio, o Relat\u00f3rio Final de Est\u00e1gio Curricular Supervisionado e a participa\u00e7\u00e3o e apresenta\u00e7\u00e3o no Semin\u00e1rio Coletivo de Viv\u00eancias em Gest\u00e3o Ambiental.<\/p>\n<p><strong>DOCUMENTOS IMPORTANTES:<\/strong><\/p>\n<table style=\"height: 119px;width: 69.4708%;border-collapse: collapse\" cellspacing=\"0\">\n<tbody>\n<tr style=\"height: 24px\">\n<td style=\"width: 60.1493%;height: 24px\">LEI N\u00b0 11.778\/2008 &#8211; EST\u00c1GIO<\/td>\n<td style=\"width: 25.1773%;height: 24px\"><a href=\"https:\/\/drive.google.com\/file\/d\/16sFeH6uVn9Hi2cUhG8ApepsFwMgajggO\/view?usp=sharing\"><img decoding=\"async\" class=\"\" src=\"https:\/\/www.uern.br\/controledepaginas\/gestaoambiental-documentos\/imagens\/5934baixe_aqui_1.png\" width=\"112\" height=\"38\" \/><\/a><\/td>\n<\/tr>\n<tr style=\"height: 13px\">\n<td style=\"width: 60.1493%;height: 13px\">REGULAMENTA\u00c7\u00c3O DE EST\u00c1GIO CURRICULAR &#8211; RESOLU\u00c7\u00c3O 19\/2023 &#8211; CONSEPE<\/td>\n<td style=\"width: 25.1773%;height: 13px\"><a href=\"https:\/\/drive.google.com\/file\/d\/1hsSvKDupR-1qBqLNsTHo2pLueKFY9GyP\/view?usp=sharing\"><img decoding=\"async\" class=\"\" src=\"https:\/\/www.uern.br\/controledepaginas\/gestaoambiental-documentos\/imagens\/5934baixe_aqui_1.png\" width=\"112\" height=\"38\" \/><\/a><\/td>\n<\/tr>\n<tr style=\"height: 24px\">\n<td style=\"width: 60.1493%;height: 24px\">FORMUL\u00c1RIO PARA CONFEC\u00c7\u00c3O DO TERMO DE COMPROMISSO DE EST\u00c1GIO<\/td>\n<td style=\"width: 25.1773%;height: 24px\"><img decoding=\"async\" class=\"\" src=\"https:\/\/www.uern.br\/controledepaginas\/gestaoambiental-documentos\/imagens\/5934baixe_aqui_1.png\" width=\"112\" height=\"38\" \/><\/td>\n<\/tr>\n<tr style=\"height: 24px\">\n<td style=\"width: 60.1493%;height: 24px\">MODELO DE PLANO DE EST\u00c1GIO<\/td>\n<td style=\"width: 25.1773%;height: 24px\"><img decoding=\"async\" class=\"\" src=\"https:\/\/www.uern.br\/controledepaginas\/gestaoambiental-documentos\/imagens\/5934baixe_aqui_1.png\" width=\"112\" height=\"38\" \/><\/td>\n<\/tr>\n<tr style=\"height: 24px\">\n<td style=\"width: 60.1493%;height: 24px\">MODELO DE RELAT\u00d3RIO DE EST\u00c1GIO<\/td>\n<td style=\"width: 25.1773%;height: 24px\"><img decoding=\"async\" class=\"\" src=\"https:\/\/www.uern.br\/controledepaginas\/gestaoambiental-documentos\/imagens\/5934baixe_aqui_1.png\" width=\"112\" height=\"38\" \/><\/td>\n<\/tr>\n<tr style=\"height: 10px\">\n<td style=\"width: 60.1493%;height: 10px\">FOLHA DE FREQU\u00caNCIA DE EST\u00c1GIO<\/td>\n<td style=\"width: 25.1773%;height: 10px\"><img decoding=\"async\" class=\"\" src=\"https:\/\/www.uern.br\/controledepaginas\/gestaoambiental-documentos\/imagens\/5934baixe_aqui_1.png\" width=\"112\" height=\"38\" \/><\/td>\n<\/tr>\n<\/tbody>\n<\/table>\n<p>&nbsp;<\/p>\n","protected":false},"excerpt":{"rendered":"<p>O Est\u00e1gio Curricular Supervisionado em Gest\u00e3o Ambiental \u00e9 de car\u00e1ter obrigat\u00f3rio, sendo indispens\u00e1vel \u00e0 integraliza\u00e7\u00e3o curricular e atende ao disposto na Lei Federal 11.788\/2008 e \u00e0 Resolu\u00e7\u00e3o N\u00ba 19\/2023 do Conselho Superior de Ensino, Pesquisa e Extens\u00e3o-CONSEPE, quando no Artigo 2\u00ba, diz que: O Est\u00e1gio Curricular Supervisionado Obrigat\u00f3rio dos cursos de gradua\u00e7\u00e3o, grau acad\u00eamico Bacharelado, [&hellip;]<\/p>\n","protected":false},"author":4,"featured_media":0,"parent":0,"menu_order":0,"comment_status":"closed","ping_status":"closed","template":"","meta":{"footnotes":""},"class_list":["post-812","page","type-page","status-publish","hentry"],"_links":{"self":[{"href":"https:\/\/portal.uern.br\/facem\/gestao-ambiental\/wp-json\/wp\/v2\/pages\/812","targetHints":{"allow":["GET"]}}],"collection":[{"href":"https:\/\/portal.uern.br\/facem\/gestao-ambiental\/wp-json\/wp\/v2\/pages"}],"about":[{"href":"https:\/\/portal.uern.br\/facem\/gestao-ambiental\/wp-json\/wp\/v2\/types\/page"}],"author":[{"embeddable":true,"href":"https:\/\/portal.uern.br\/facem\/gestao-ambiental\/wp-json\/wp\/v2\/users\/4"}],"replies":[{"embeddable":true,"href":"https:\/\/portal.uern.br\/facem\/gestao-ambiental\/wp-json\/wp\/v2\/comments?post=812"}],"version-history":[{"count":8,"href":"https:\/\/portal.uern.br\/facem\/gestao-ambiental\/wp-json\/wp\/v2\/pages\/812\/revisions"}],"predecessor-version":[{"id":996,"href":"https:\/\/portal.uern.br\/facem\/gestao-ambiental\/wp-json\/wp\/v2\/pages\/812\/revisions\/996"}],"wp:attachment":[{"href":"https:\/\/portal.uern.br\/facem\/gestao-ambiental\/wp-json\/wp\/v2\/media?parent=812"}],"curies":[{"name":"wp","href":"https:\/\/api.w.org\/{rel}","templated":true}]}}