{"id":1445,"date":"2024-08-26T10:01:43","date_gmt":"2024-08-26T13:01:43","guid":{"rendered":"https:\/\/portal.uern.br\/facem\/gestao-ambiental\/?page_id=1445"},"modified":"2024-08-26T10:13:40","modified_gmt":"2024-08-26T13:13:40","slug":"projetos-de-pesquisa","status":"publish","type":"page","link":"https:\/\/portal.uern.br\/facem\/gestao-ambiental\/projetos-de-pesquisa\/","title":{"rendered":"Projetos de Pesquisa"},"content":{"rendered":"<p align=\"justify\"><strong>I &#8211; Alfredo Marcelo Grigio<\/strong><\/p>\n<p class=\"western\" style=\"padding-left: 40px\" align=\"justify\"><span style=\"color: #000000;font-family: georgia, palatino, serif\">2021 \u2013 Atual &#8211; SUPORTE \u00c0 TOMADA DE DECIS\u00c3O PARA GEST\u00c3O H\u00cdDRICA E SANEAMENTO AMBIENTAL NA BACIA HIDROGR\u00c1FICA DO RIO APODI-MOSSOR\u00d3, RN \u2013 Colaborador<\/span><\/p>\n<p class=\"western\" style=\"padding-left: 40px\" align=\"justify\"><span style=\"color: #000000;font-family: georgia, palatino, serif\">2021 \u2013 Atual &#8211; GEOTECNOLOGIAS E AN\u00c1LISE QUANTITATIVA APLICADAS AO ORDENAMENTO TERRITORIAL NA BACIA HIDROGR\u00c1FICA DO RIO APODI-MOSSOR\u00d3 E NO LITORAL SETENTRIONAL DO RIO GRANDE DO NORTE \u2013 Colaborador<\/span><\/p>\n<p class=\"western\" style=\"padding-left: 40px\" align=\"justify\"><span style=\"color: #000000;font-family: georgia, palatino, serif\">2020 \u2013 Atual &#8211; GEST\u00c3O DE RISCOS, VULNERABILIDADES SOCIOAMBIENTAIS, SUSTENTABILIDADE E CAPACIDADE ADAPTATIVA CLIM\u00c1TICA EM CIDADES DO SEMI\u00c1RIDO DO NORDESTE \u2013 Colaborador<\/span><\/p>\n<p class=\"western\" style=\"padding-left: 40px\" align=\"justify\"><span style=\"color: #000000;font-family: georgia, palatino, serif\">2020 \u2013 Atual &#8211; SUSTENTABILIDADE, ADAPTA\u00c7\u00c3O CLIM\u00c1TICA, ENERGIAS E SOCIODIVERSIDADE DOS TERRIT\u00d3RIOS: UMA AN\u00c1LISE COMPARATIVA DE ESTUDOS DE CASOS DE GOVERNOS NO CONTEXTO DO NORDESTE BRASILEIRO \u2013 Colaborador<\/span><\/p>\n<p class=\"western\" style=\"padding-left: 40px\" align=\"justify\"><span style=\"color: #000000;font-family: georgia, palatino, serif\">2016 \u2013 Atual &#8211; AN\u00c1LISE ESPACIAL DA ARBOVIROSES E SEUS DETERMINANTES LIGADOS AS INFRAESTRUTURA DE SERVI\u00c7OS DE SANEAMENTO NO MUNIC\u00cdPIO DE MOSSOR\u00d3-RN. \u2013 Colaborador<\/span><\/p>\n<p class=\"western\" style=\"padding-left: 40px\" align=\"justify\"><span style=\"color: #000000;font-family: georgia, palatino, serif\">2016 \u2013 Atual &#8211; Geotecnologias livres na an\u00e1lise da conserva\u00e7\u00e3o do Pantanal \u2013 Colaborador<\/span><\/p>\n<p align=\"justify\"><strong>II &#8211; Anne Katherine de Holanda Bezerra Rosado<\/strong><\/p>\n<p class=\"western\" style=\"padding-left: 40px\" align=\"justify\"><span style=\"color: #000000;font-family: georgia, palatino, serif\"><span style=\"font-size: medium\">2023 \u2013 Atual: SIG, VANT; ferramentas para o invent\u00e1rio florestal do Parque Maur\u00edcio de Oliveira (Coordenadora).<\/span><\/span><\/p>\n<p class=\"western\" style=\"padding-left: 40px\" align=\"justify\"><span style=\"color: #000000;font-family: georgia, palatino, serif\"><span style=\"font-size: medium\">2020 \u2013 Atual: Impactos p\u00f3s Covid-19: Uma percep\u00e7\u00e3o segundo pequenos produtores agr\u00edcolas no munic\u00edpio de Mossor\u00f3 (Coordenadora).<\/span><\/span><\/p>\n<p align=\"justify\"><strong>III &#8211; Gabriela Cemirames de Sousa Gurgel<\/strong><\/p>\n<p class=\"western\" style=\"padding-left: 40px\" align=\"justify\"><span style=\"color: #000000;font-family: georgia, palatino, serif\"><span style=\"font-size: medium\">2020 \u2013 Atual: Parque Ecol\u00f3gico Maur\u00edcio de Oliveira, Mossor\u00f3, RN: Levantamentos para Subsidiar a Elabora\u00e7\u00e3o do Plano de Manejo (Coordenadora).<\/span><\/span><\/p>\n<p class=\"western\" style=\"padding-left: 40px\" align=\"justify\"><span style=\"color: #000000;font-family: georgia, palatino, serif\"><span style=\"font-size: medium\">2019 \u2013 2020: Projeto Mulheres em Rede: fortalecendo a auto-organiza\u00e7\u00e3o, produ\u00e7\u00e3o, comercializa\u00e7\u00e3o e autonomia socioecon\u00f4mica, destinado ao fortalecimento dos empreendimentos econ\u00f4micos solid\u00e1rios das mulheres da Rede Xique Xique (Coordenadora).<\/span><\/span><\/p>\n<p class=\"western\" style=\"padding-left: 40px\" align=\"left\"><span style=\"color: #000000;font-family: georgia, palatino, serif\"><span style=\"font-size: medium\">2021 \u2013 Atual: VII CONgest: Congresso de Economia &amp; Gest\u00e3o (Integrante).<\/span><\/span><\/p>\n<p class=\"western\" style=\"padding-left: 40px\" align=\"justify\"><span style=\"color: #000000;font-family: georgia, palatino, serif\"><span style=\"font-size: medium\">2020 \u2013 2021: A divulga\u00e7\u00e3o de pr\u00e1ticas sustent\u00e1veis: uma contribui\u00e7\u00e3o na busca pelo desenvolvimento humano e pela qualidade de vida (Coordenadora).<\/span><\/span><\/p>\n<p class=\"western\" style=\"padding-left: 40px\" align=\"justify\"><span style=\"color: #000000;font-family: georgia, palatino, serif\"><span style=\"font-size: medium\">2020 \u2013 2021: Turismo, PAISAGEM, Poesia e Prosa: uma proposta para discutir e refletir quest\u00f5es socioambientais e culturais, a partir da constru\u00e7\u00e3o de jardim de Turismo e a\u00e7\u00f5es em escolas p\u00fablicas de Mossor\u00f3 (Integrante).<\/span><\/span><\/p>\n<p class=\"western\" style=\"padding-left: 40px\" align=\"left\"><span style=\"color: #000000;font-family: georgia, palatino, serif\"><span style=\"font-size: medium\">2020 \u2013 2020: Conhecer para combater: produ\u00e7\u00e3o de conte\u00fados sobre a rela\u00e7\u00e3o ambiente-sociedade e a pandemia da Covid-19 (Integrante)<\/span><\/span><\/p>\n<p align=\"left\"><strong><span style=\"font-family: georgia, palatino, serif\">IV &#8211; M\u00e1rcia Regina Farias da Silva<\/span><\/strong><\/p>\n<p lang=\"pt-PT\" style=\"padding-left: 40px\" align=\"justify\"><span style=\"color: #000000;font-family: georgia, palatino, serif\"><span style=\"font-size: medium\">2024 \u2013 Atual: Increasing local preparedness to Sargassum tides in the Amazon and the Mexican Caribbean through enhanced monitoring and blue economies (Integrante).<\/span><\/span><\/p>\n<p lang=\"pt-PT\" style=\"padding-left: 40px\" align=\"justify\"><span style=\"color: #000000;font-family: georgia, palatino, serif\"><span style=\"font-size: medium\">2023 \u2013 Atual: Descarboniza\u00e7\u00e3o justa e desenvolvimento humano e social por meio das energias renov\u00e1veis no Rio Grande do Norte (Integrante).<\/span><\/span><\/p>\n<p lang=\"pt-PT\" style=\"padding-left: 40px\" align=\"justify\"><span style=\"color: #000000;font-family: georgia, palatino, serif\"><span style=\"font-size: medium\">2023 \u2013 Atual: An\u00e1lise da percep\u00e7\u00e3o ambiental dos moradores de macau, Rio Grande do Norte, em rela\u00e7\u00e3o as mudan\u00e7as clim\u00e1ticas (Coordenadora).<\/span><\/span><\/p>\n<p lang=\"pt-PT\" style=\"padding-left: 40px\" align=\"justify\"><span style=\"color: #000000;font-family: georgia, palatino, serif\"><span style=\"font-size: medium\">2022 \u2013 2023: Problemas socioambientais e a percep\u00e7\u00e3o da popula\u00e7\u00e3o de Ipangua\u00e7u (RN), acerca dos efeitos das mudan\u00e7as clim\u00e1ticas: um olhar a partir da Agenda 2030 (Coordenadora).<\/span><\/span><\/p>\n<p lang=\"pt-PT\" style=\"padding-left: 40px\" align=\"justify\"><span style=\"color: #000000;font-family: georgia, palatino, serif\"><span style=\"font-size: medium\"><span lang=\"pt-PT\">2022 \u2013 2023: <\/span>An\u00e1lise dos impactos socioambientais dos res\u00edduos s\u00f3lidos na zona rural do munic\u00edpio de Ipangua\u00e7u-RN <span lang=\"pt-PT\">(Coordenadora).<\/span><\/span><\/span><\/p>\n<p lang=\"pt-PT\" style=\"padding-left: 40px\" align=\"justify\"><span style=\"color: #000000;font-family: georgia, palatino, serif\"><span style=\"font-size: medium\">2022 \u2013 Atual: Geotecnologias e an\u00e1lise quantitativa aplicadas ao ordenamento territorial na bacia hidrogr\u00e1fica do rio Apodi-Mossor\u00f3 e no litoral setentrional do Rio Grande do Norte (Coordenadora).<\/span><\/span><\/p>\n<p lang=\"pt-PT\" style=\"padding-left: 40px\" align=\"justify\"><span style=\"color: #000000;font-family: georgia, palatino, serif\"><span style=\"font-size: medium\">2021 \u2013 2022: Os efeitos das mudan\u00e7as clim\u00e1ticas no semi\u00e1rido do Nordeste brasileiro: um estudo sobre a percep\u00e7\u00e3o da popula\u00e7\u00e3o do munic\u00edpio de Assu (RN) (Coordenadora).<\/span><\/span><\/p>\n<p lang=\"pt-PT\" style=\"padding-left: 40px\" align=\"justify\"><span style=\"color: #000000;font-family: georgia, palatino, serif\"><span style=\"font-size: medium\">2020 \u2013 2023: An\u00e1lise dos casos de tuberculose nos bairros Santo Ant\u00f4nio, Barrocas, Bom Jardim no munic\u00edpio de Mossor\u00f3 (RN) e sua rela\u00e7\u00e3o com a vulnerabilidade socioambiental e aplicabilidade em sa\u00fade (Coordenadora).<\/span><\/span><\/p>\n<p lang=\"pt-PT\" style=\"padding-left: 40px\" align=\"justify\"><span style=\"font-family: georgia, palatino, serif\"><span style=\"color: #000000\"><span style=\"font-size: medium\"><span lang=\"pt-PT\">2020 \u2013 2022: A Abrang\u00eancia das rela\u00e7\u00f5es sociedade\/natureza a partir da territorialidade e modifica\u00e7\u00f5es das paisagens da cidade de Tibau\u00a0<\/span><\/span><\/span><span style=\"color: #000000\"><span style=\"font-size: medium\"><span lang=\"pt-PT\">RN) (Coordenadora).<\/span><\/span><\/span><\/span><\/p>\n<p lang=\"pt-PT\" style=\"padding-left: 40px\" align=\"justify\"><span style=\"color: #000000;font-family: georgia, palatino, serif\"><span style=\"font-size: medium\">2020 \u2013 Atual: Gest\u00e3o de riscos, vulnerabilidades socioambientais, sustentabilidade e capacidade adaptativa clim\u00e1tica em cidades do semi\u00e1rido do Nordeste (Integrante).<\/span><\/span><\/p>\n<p lang=\"pt-PT\" align=\"justify\"><span style=\"font-family: georgia, palatino, serif\"><strong>V -Maria Bet\u00e2nia Ribeiro Torres<\/strong><\/span><\/p>\n<p lang=\"pt-PT\" style=\"padding-left: 40px\" align=\"justify\"><span style=\"color: #000000;font-family: georgia, palatino, serif\"><span style=\"font-size: medium\">2022 &#8211; 2023: Impactos da Pandemia da Covid19 Na Agricultura Familiar de Base Agroecol\u00f3gica No Munic\u00edpio de Mossor\u00f3\/RN: Desafios e Alternavas (Coordenadora).<\/span><\/span><\/p>\n<p lang=\"pt-PT\" style=\"padding-left: 40px\" align=\"justify\"><span style=\"color: #000000;font-family: georgia, palatino, serif\"><span style=\"font-size: medium\">2021 &#8211; 2022: Isolamento social e metamorfose do mundo: o que a pandemia do coronav\u00edrus tem a nos dizer dos efeitos colaterais dessa viv\u00eancia? (Coordenadora).<\/span><\/span><\/p>\n<p lang=\"pt-PT\" align=\"justify\"><strong><span style=\"font-family: georgia, palatino, serif\">VI &#8211; Rodrigo Guimar\u00e3es de Carvalho<\/span><\/strong><\/p>\n<p lang=\"pt-PT\" style=\"padding-left: 40px\" align=\"justify\"><span style=\"color: #000000;font-family: georgia, palatino, serif;font-size: 12pt\">2024 \u2013 Atual: Conflitos socioambientais, gest\u00e3o participativa e desenvolvimento sustent\u00e1vel na \u00c1rea de Prote\u00e7\u00e3o Ambiental Recifes de Corais (APARC-RN) (Coordenador).<\/span><\/p>\n<p lang=\"pt-PT\" style=\"padding-left: 40px\" align=\"justify\"><span style=\"color: #000000;font-family: georgia, palatino, serif;font-size: 12pt\">2023 \u2013 Atual: DESCARBONIZA\u00c7\u00c3O JUSTA E DESENVOLVIMENTO HUMANO E SOCIAL POR MEIO DAS ENERGIAS RENOV\u00c1VEIS NO RIO GRANDE DO NORTE (Coordenador).<\/span><\/p>\n<p lang=\"pt-PT\" style=\"padding-left: 40px\" align=\"justify\"><span style=\"color: #000000;font-family: georgia, palatino, serif;font-size: 12pt\">2023 \u2013 Atual: GEST\u00c3O DOS RECURSOS H\u00cdDRICOS: suporte a elabora\u00e7\u00e3o do Plano de Recursos H\u00eddricos da Bacia Hidrogr\u00e1fica do rio Apodi-Mossor\u00f3 (Integrante).<\/span><\/p>\n<p lang=\"pt-PT\" style=\"padding-left: 40px\" align=\"justify\"><span style=\"color: #000000;font-family: georgia, palatino, serif;font-size: 12pt\">2022 \u2013 Atual: GEOTECNOLOGIAS E AN\u00c1LISE QUANTITATIVA APLICADAS AO ORDENAMENTO TERRITORIAL NA BACIA HIDROGR\u00c1FICA DO RIO APODI-MOSSOR\u00d3 E NO LITORAL SETENTRIONAL DO RIO GRANDE DO NORTE (Integrante).<\/span><\/p>\n<p lang=\"pt-PT\" style=\"padding-left: 40px\" align=\"justify\"><span style=\"color: #000000;font-family: georgia, palatino, serif;font-size: 12pt\">2021 \u2013 Atual: Desafios Sociais e Ambientais da Transi\u00e7\u00e3o Energ\u00e9tica no Cear\u00e1: implica\u00e7\u00f5es da produ\u00e7\u00e3o do Hidrog\u00eanio Verde (FUNCAP\/ UFC\/ UNICAMP\/ UERN\/ Texas A&amp;M University\/ Le Mans Universit\u00e9\/ Universit\u00e0 de Salento\/ Universit\u00e9 D&#8217;Angers (Integrante).<\/span><\/p>\n<p lang=\"pt-PT\" style=\"padding-left: 40px\" align=\"justify\"><span style=\"font-size: 12pt;font-family: georgia, palatino, serif\"><span style=\"color: #000000\">2021 \u2013 Atual: A IMPORT\u00c2NCIA DAS \u00c1REAS VERDES URBANAS NA PROMO\u00c7\u00c3O DE SERVI\u00c7OS ECOSSIST\u00caMICOS CULTURAIS NO CONTEXTO DA\u00a0<\/span><span style=\"color: #000000\">PANDEMIA COVID 19 EM CIDADES DA REGI\u00c3O DO NORDESTE BRASILEIRO (Coordenador).<\/span><\/span><\/p>\n<p lang=\"pt-PT\" style=\"padding-left: 40px\" align=\"justify\"><span style=\"color: #000000;font-size: 12pt;font-family: georgia, palatino, serif\">2021 \u2013 Atual: SUPORTE \u00c0 TOMADA DE DECIS\u00c3O PARA GEST\u00c3O H\u00cdDRICA E SANEAMENTO AMBIENTAL NA BACIA HIDROGR\u00c1FICA DO RIO APODI-MOSSOR\u00d3, RN. (Coordenador).<\/span><\/p>\n<p lang=\"pt-PT\" style=\"padding-left: 40px\" align=\"justify\"><span style=\"color: #000000;font-size: 12pt;font-family: georgia, palatino, serif\">2020 \u2013 Atual: Energia renov\u00e1vel e Descarboniza\u00e7\u00e3o na Am\u00e9rica do Sul: caminhos e desafios que conectam o setor argentino de l\u00edtio e os parques e\u00f3licos brasileiros (EDITAL COOPBRAS\/ CAPES\/ SUL GLOBAL &#8211; UNICAMP\/ UNIVERSIDAD NACIONAL DE SALTA) (Integrante).<\/span><\/p>\n<p lang=\"pt-PT\" style=\"padding-left: 40px\" align=\"justify\"><span style=\"color: #000000;font-size: 12pt;font-family: georgia, palatino, serif\">2018 \u2013 Atual:\u00a0An\u00e1lise do planejamento e gest\u00e3o de unidades de conserva\u00e7\u00e3o no Brasil (Integrante).<\/span><\/p>\n<p lang=\"pt-PT\" align=\"justify\"><span style=\"font-family: georgia, palatino, serif\"><strong>VII &#8211; Roseano Medeiros da Silva<\/strong><\/span><\/p>\n<p class=\"western\" style=\"padding-left: 40px\" align=\"justify\"><span style=\"color: #000000;font-family: georgia, palatino, serif\"><span style=\"font-size: medium\">2022 \u2013 Atual: Res\u00edduos s\u00f3lidos org\u00e2nicos produzidos na feira da Central de Abastecimento (COBAL) em Mossor\u00f3, RN. Coordenador<\/span><\/span><\/p>\n<p class=\"western\" style=\"padding-left: 40px\" align=\"justify\"><span style=\"color: #000000;font-family: georgia, palatino, serif\"><span style=\"font-size: medium\">2022 atual: DESENVOLVIMENTO DA AGRICULTURA FAMILIAR NO RN: A TECNOLOGIA DE SEMENTES COMO FERRAMENTA PARA A INOVA\u00c7\u00c3O NO ESTADO Coordenador \/ Paulo Costa Ara\u00fajo (Integrante).<\/span><\/span><span style=\"color: #000000;font-family: georgia, palatino, serif\"><span style=\"font-size: medium\">2021 \u2013 2022: Percep\u00e7\u00e3o de risco do uso de inseticidas dom\u00e9sticos (Coordenador).<\/span><\/span><\/p>\n<p class=\"western\" style=\"padding-left: 40px\" align=\"justify\"><span style=\"color: #000000;font-family: georgia, palatino, serif\"><span style=\"font-size: medium\">2020 \u2013 2021: Estudo de Caso: Res\u00edduos s\u00f3lidos org\u00e2nicos produzidos nas lanchonetes do Campus Central da UERN (Coordenador).<\/span><\/span><\/p>\n<p class=\"western\" style=\"padding-left: 40px\" align=\"justify\"><span style=\"color: #000000;font-family: georgia, palatino, serif\"><span style=\"font-size: medium\">2019 &#8211; 2020: Frutas e Hortali\u00e7as minimamente processadas: percep\u00e7\u00e3o da viabilidade econ\u00f4mica, social e ambiental em Mossor\u00f3 (Coordenador).<\/span><\/span><\/p>\n<p class=\"western\" style=\"padding-left: 40px\" align=\"justify\"><span style=\"color: #000000;font-family: georgia, palatino, serif\"><span style=\"font-size: medium\">2018 &#8211; 2019: Potencial econ\u00f4mico e percep\u00e7\u00e3o ambiental da atividade agr\u00edcola da bacia do Rio Apodi-Mossor\u00f3 (Coordenador).<\/span><\/span><\/p>\n<p align=\"justify\"><strong>VIII &#8211; Welka Preston Leite Batista da Costa<\/strong><\/p>\n<p lang=\"pt-PT\" style=\"padding-left: 40px\" align=\"justify\"><span style=\"color: #000000;font-family: georgia, palatino, serif\"><span style=\"font-size: medium\">2022 \u2013 Atual: Utiliza\u00e7\u00e3o do Sensoriamento Remoto para Monitoramento dos Impactos Ambientais de Polui\u00e7\u00e3o, Desmatamento e Processos de Desertifica\u00e7\u00e3o sobre o Rio Mossor\u00f3 (Coordenadora).<\/span><\/span><\/p>\n<p lang=\"pt-PT\" style=\"padding-left: 40px\" align=\"justify\"><span style=\"color: #000000;font-family: georgia, palatino, serif\"><span style=\"font-size: medium\">2020 \u2013 2021: Diagn\u00f3stico do n\u00edvel de utiliza\u00e7\u00e3o e devolu\u00e7\u00e3o de embalagens vazias de agrot\u00f3xicos no Estado do Rio Grande do Norte (Integrante).<\/span><\/span><\/p>\n<p lang=\"pt-PT\" style=\"padding-left: 40px\" align=\"justify\"><span style=\"color: #000000;font-family: georgia, palatino, serif\"><span style=\"font-size: medium\">2015- Atual: Fracionamento, sor\u00e7\u00e3o e disponibilidade de f\u00f3sforo em solos\u00a0<\/span><\/span><span style=\"color: #000000;font-family: georgia, palatino, serif\"><span style=\"font-size: medium\">do Semi\u00e1rido (Integrante).<\/span><\/span><\/p>\n<p lang=\"pt-PT\" align=\"justify\"><strong>IX &#8211; Wendson Dantas de Ara\u00fajo Medeiros<\/strong><\/p>\n<p class=\"western\" style=\"padding-left: 40px\" align=\"justify\"><span style=\"font-family: georgia, palatino, serif\">Projeto PIBIC\/CNPq \u2013 An\u00e1lise de riscos ambientais no Litoral \u2013 Plano de Trabalho bolsista: An\u00e1lise de riscos ambientais no munic\u00edpio de Macau\/RN;<\/span><\/p>\n<p class=\"western\" style=\"padding-left: 40px\" align=\"justify\"><span style=\"font-family: georgia, palatino, serif\">2. Orienta\u00e7\u00e3o da pesquisa de mestrado de Valdemar Pereira da Silva \u2013 Uso e ocupa\u00e7\u00e3o do solo, \u00e1reas verdes e impactos ambientais no bairro de Nova Parnamirim (Parnamirim\/RN) \u2013 em andamento;<\/span><\/p>\n<p class=\"western\" style=\"padding-left: 40px\" align=\"justify\"><span style=\"font-family: georgia, palatino, serif\">3. Orienta\u00e7\u00e3o da pesquisa de mestrado de Di\u00f3genys da Silva Henriques &#8211; Geoformas em rochas cristalinas, Patrim\u00f4nio Geomorfol\u00f3gico e Geoturismo na Microrregi\u00e3o de Pau dos Ferros (RN, Brasil);<\/span><\/p>\n<p class=\"western\" style=\"padding-left: 40px\" align=\"justify\"><span style=\"font-family: Arial, serif\"><span style=\"font-family: georgia, palatino, serif\">4. Co-orienta\u00e7\u00e3o da pesquisa de mest<\/span>rado de Iracilda Nazareno Paiva de Medeiros \u2013 Percep\u00e7\u00e3o dos impactos socioambientais do lix\u00e3o no munic\u00edpio de Apodi\/RN.<\/span><\/p>\n","protected":false},"excerpt":{"rendered":"<p>I &#8211; Alfredo Marcelo Grigio 2021 \u2013 Atual &#8211; SUPORTE \u00c0 TOMADA DE DECIS\u00c3O PARA GEST\u00c3O H\u00cdDRICA E SANEAMENTO AMBIENTAL NA BACIA HIDROGR\u00c1FICA DO RIO APODI-MOSSOR\u00d3, RN \u2013 Colaborador 2021 \u2013 Atual &#8211; GEOTECNOLOGIAS E AN\u00c1LISE QUANTITATIVA APLICADAS AO ORDENAMENTO TERRITORIAL NA BACIA HIDROGR\u00c1FICA DO RIO APODI-MOSSOR\u00d3 E NO LITORAL SETENTRIONAL DO RIO GRANDE DO [&hellip;]<\/p>\n","protected":false},"author":4,"featured_media":0,"parent":0,"menu_order":0,"comment_status":"closed","ping_status":"closed","template":"","meta":{"footnotes":""},"class_list":["post-1445","page","type-page","status-publish","hentry"],"_links":{"self":[{"href":"https:\/\/portal.uern.br\/facem\/gestao-ambiental\/wp-json\/wp\/v2\/pages\/1445","targetHints":{"allow":["GET"]}}],"collection":[{"href":"https:\/\/portal.uern.br\/facem\/gestao-ambiental\/wp-json\/wp\/v2\/pages"}],"about":[{"href":"https:\/\/portal.uern.br\/facem\/gestao-ambiental\/wp-json\/wp\/v2\/types\/page"}],"author":[{"embeddable":true,"href":"https:\/\/portal.uern.br\/facem\/gestao-ambiental\/wp-json\/wp\/v2\/users\/4"}],"replies":[{"embeddable":true,"href":"https:\/\/portal.uern.br\/facem\/gestao-ambiental\/wp-json\/wp\/v2\/comments?post=1445"}],"version-history":[{"count":4,"href":"https:\/\/portal.uern.br\/facem\/gestao-ambiental\/wp-json\/wp\/v2\/pages\/1445\/revisions"}],"predecessor-version":[{"id":1449,"href":"https:\/\/portal.uern.br\/facem\/gestao-ambiental\/wp-json\/wp\/v2\/pages\/1445\/revisions\/1449"}],"wp:attachment":[{"href":"https:\/\/portal.uern.br\/facem\/gestao-ambiental\/wp-json\/wp\/v2\/media?parent=1445"}],"curies":[{"name":"wp","href":"https:\/\/api.w.org\/{rel}","templated":true}]}}