{"id":1278,"date":"2024-08-16T08:23:54","date_gmt":"2024-08-16T11:23:54","guid":{"rendered":"https:\/\/portal.uern.br\/facem\/gestao-ambiental\/?page_id=1278"},"modified":"2025-04-25T09:17:42","modified_gmt":"2025-04-25T12:17:42","slug":"horario-de-aulas","status":"publish","type":"page","link":"https:\/\/portal.uern.br\/facem\/gestao-ambiental\/horario-de-aulas\/","title":{"rendered":"Hor\u00e1rio de Aulas"},"content":{"rendered":"<table style=\"border-collapse: collapse;width: 100%;height: 210px\">\n<tbody>\n<tr style=\"height: 24px\">\n<td style=\"width: 18.1654%;height: 24px\"><strong>Hor\u00e1rio 2025.1<\/strong><\/td>\n<td style=\"width: 81.8346%;height: 24px\"><a href=\"https:\/\/drive.google.com\/file\/d\/1mUm4JCt0t_YHEqch2tIsHoZ3Wgd1CHgF\/view?usp=sharing\"><img decoding=\"async\" class=\"alignnone wp-image-998\" src=\"https:\/\/portal.uern.br\/facem\/gestao-ambiental\/wp-content\/uploads\/sites\/5\/2023\/11\/baixe_aqui_-300x102.png\" alt=\"\" width=\"135\" height=\"46\" srcset=\"https:\/\/portal.uern.br\/facem\/gestao-ambiental\/wp-content\/uploads\/sites\/5\/2023\/11\/baixe_aqui_-300x102.png 300w, https:\/\/portal.uern.br\/facem\/gestao-ambiental\/wp-content\/uploads\/sites\/5\/2023\/11\/baixe_aqui_.png 431w\" sizes=\"(max-width: 135px) 100vw, 135px\" \/><\/a><\/td>\n<\/tr>\n<tr style=\"height: 45px\">\n<td style=\"width: 18.1654%;height: 45px\"><strong>Hor\u00e1rio 2024.2<\/strong><\/td>\n<td style=\"width: 81.8346%;height: 45px\"><a href=\"https:\/\/drive.google.com\/file\/d\/1DP2lekRv9WU3w5Nt-_uJnmbaZKRvTnyK\/view?usp=sharing\"><img decoding=\"async\" class=\"alignnone wp-image-998\" src=\"https:\/\/portal.uern.br\/facem\/gestao-ambiental\/wp-content\/uploads\/sites\/5\/2023\/11\/baixe_aqui_-300x102.png\" alt=\"\" width=\"135\" height=\"46\" srcset=\"https:\/\/portal.uern.br\/facem\/gestao-ambiental\/wp-content\/uploads\/sites\/5\/2023\/11\/baixe_aqui_-300x102.png 300w, https:\/\/portal.uern.br\/facem\/gestao-ambiental\/wp-content\/uploads\/sites\/5\/2023\/11\/baixe_aqui_.png 431w\" sizes=\"(max-width: 135px) 100vw, 135px\" \/><\/a><\/td>\n<\/tr>\n<tr style=\"height: 45px\">\n<td style=\"width: 18.1654%;height: 45px\"><strong>Hor\u00e1rio 2024.1<\/strong><\/td>\n<td style=\"width: 81.8346%;height: 45px\"><a href=\"https:\/\/drive.google.com\/file\/d\/1E8ZdsY_2GqE14ihRP1l7sBubB8wq8gSc\/view?usp=sharing\"><img decoding=\"async\" class=\"alignnone wp-image-998\" src=\"https:\/\/portal.uern.br\/facem\/gestao-ambiental\/wp-content\/uploads\/sites\/5\/2023\/11\/baixe_aqui_-300x102.png\" alt=\"\" width=\"135\" height=\"46\" srcset=\"https:\/\/portal.uern.br\/facem\/gestao-ambiental\/wp-content\/uploads\/sites\/5\/2023\/11\/baixe_aqui_-300x102.png 300w, https:\/\/portal.uern.br\/facem\/gestao-ambiental\/wp-content\/uploads\/sites\/5\/2023\/11\/baixe_aqui_.png 431w\" sizes=\"(max-width: 135px) 100vw, 135px\" \/><\/a><\/td>\n<\/tr>\n<tr style=\"height: 24px\">\n<td style=\"width: 18.1654%;height: 24px\"><strong>Hor\u00e1rio 2023.2<\/strong><\/td>\n<td style=\"width: 81.8346%;height: 24px\"><a href=\"https:\/\/docs.google.com\/spreadsheets\/d\/1A_SYQMMvZfNvXHQC_xS4IyJzkRF5D5BX\/edit?usp=sharing&amp;ouid=113161043131724812264&amp;rtpof=true&amp;sd=true\"><img decoding=\"async\" class=\"alignnone wp-image-998\" src=\"https:\/\/portal.uern.br\/facem\/gestao-ambiental\/wp-content\/uploads\/sites\/5\/2023\/11\/baixe_aqui_-300x102.png\" alt=\"\" width=\"135\" height=\"46\" srcset=\"https:\/\/portal.uern.br\/facem\/gestao-ambiental\/wp-content\/uploads\/sites\/5\/2023\/11\/baixe_aqui_-300x102.png 300w, https:\/\/portal.uern.br\/facem\/gestao-ambiental\/wp-content\/uploads\/sites\/5\/2023\/11\/baixe_aqui_.png 431w\" sizes=\"(max-width: 135px) 100vw, 135px\" \/><\/a><\/td>\n<\/tr>\n<tr style=\"height: 24px\">\n<td style=\"width: 18.1654%;height: 24px\"><strong>Hor\u00e1rio 2023.1<\/strong><\/td>\n<td style=\"width: 81.8346%;height: 24px\"><a href=\"https:\/\/docs.google.com\/spreadsheets\/d\/10KZaXn3PUEKIGori5AGQkj4NEPKIFQwzEuQ4nHrP5GA\/edit?usp=sharing\"><img decoding=\"async\" class=\"alignnone wp-image-998\" src=\"https:\/\/portal.uern.br\/facem\/gestao-ambiental\/wp-content\/uploads\/sites\/5\/2023\/11\/baixe_aqui_-300x102.png\" alt=\"\" width=\"135\" height=\"46\" srcset=\"https:\/\/portal.uern.br\/facem\/gestao-ambiental\/wp-content\/uploads\/sites\/5\/2023\/11\/baixe_aqui_-300x102.png 300w, https:\/\/portal.uern.br\/facem\/gestao-ambiental\/wp-content\/uploads\/sites\/5\/2023\/11\/baixe_aqui_.png 431w\" sizes=\"(max-width: 135px) 100vw, 135px\" \/><\/a><\/td>\n<\/tr>\n<tr style=\"height: 24px\">\n<td style=\"width: 18.1654%;height: 24px\"><strong>Hor\u00e1rio 2022.2<\/strong><\/td>\n<td style=\"width: 81.8346%;height: 24px\"><a href=\"https:\/\/drive.google.com\/file\/d\/1j1_m2KT_7xA1e-NHuD4eromRrBmdBdbH\/view?usp=drive_link\"><img decoding=\"async\" class=\"alignnone wp-image-998\" src=\"https:\/\/portal.uern.br\/facem\/gestao-ambiental\/wp-content\/uploads\/sites\/5\/2023\/11\/baixe_aqui_-300x102.png\" alt=\"\" width=\"135\" height=\"46\" srcset=\"https:\/\/portal.uern.br\/facem\/gestao-ambiental\/wp-content\/uploads\/sites\/5\/2023\/11\/baixe_aqui_-300x102.png 300w, https:\/\/portal.uern.br\/facem\/gestao-ambiental\/wp-content\/uploads\/sites\/5\/2023\/11\/baixe_aqui_.png 431w\" sizes=\"(max-width: 135px) 100vw, 135px\" \/><\/a><\/td>\n<\/tr>\n<tr style=\"height: 24px\">\n<td style=\"width: 18.1654%;height: 24px\"><strong>Hor\u00e1rio 2022.1<\/strong><\/td>\n<td style=\"width: 81.8346%;height: 24px\"><a href=\"https:\/\/drive.google.com\/file\/d\/1fxLHba9oT5hhcjPSxIsmdlpzXuMoHw8k\/view?usp=sharing\"><img decoding=\"async\" class=\"alignnone wp-image-998\" src=\"https:\/\/portal.uern.br\/facem\/gestao-ambiental\/wp-content\/uploads\/sites\/5\/2023\/11\/baixe_aqui_-300x102.png\" alt=\"\" width=\"135\" height=\"46\" srcset=\"https:\/\/portal.uern.br\/facem\/gestao-ambiental\/wp-content\/uploads\/sites\/5\/2023\/11\/baixe_aqui_-300x102.png 300w, https:\/\/portal.uern.br\/facem\/gestao-ambiental\/wp-content\/uploads\/sites\/5\/2023\/11\/baixe_aqui_.png 431w\" sizes=\"(max-width: 135px) 100vw, 135px\" \/><\/a><\/td>\n<\/tr>\n<\/tbody>\n<\/table>\n","protected":false},"excerpt":{"rendered":"<p>Hor\u00e1rio 2025.1 Hor\u00e1rio 2024.2 Hor\u00e1rio 2024.1 Hor\u00e1rio 2023.2 Hor\u00e1rio 2023.1 Hor\u00e1rio 2022.2 Hor\u00e1rio 2022.1<\/p>\n","protected":false},"author":4,"featured_media":0,"parent":0,"menu_order":0,"comment_status":"closed","ping_status":"closed","template":"","meta":{"footnotes":""},"class_list":["post-1278","page","type-page","status-publish","hentry"],"_links":{"self":[{"href":"https:\/\/portal.uern.br\/facem\/gestao-ambiental\/wp-json\/wp\/v2\/pages\/1278","targetHints":{"allow":["GET"]}}],"collection":[{"href":"https:\/\/portal.uern.br\/facem\/gestao-ambiental\/wp-json\/wp\/v2\/pages"}],"about":[{"href":"https:\/\/portal.uern.br\/facem\/gestao-ambiental\/wp-json\/wp\/v2\/types\/page"}],"author":[{"embeddable":true,"href":"https:\/\/portal.uern.br\/facem\/gestao-ambiental\/wp-json\/wp\/v2\/users\/4"}],"replies":[{"embeddable":true,"href":"https:\/\/portal.uern.br\/facem\/gestao-ambiental\/wp-json\/wp\/v2\/comments?post=1278"}],"version-history":[{"count":9,"href":"https:\/\/portal.uern.br\/facem\/gestao-ambiental\/wp-json\/wp\/v2\/pages\/1278\/revisions"}],"predecessor-version":[{"id":1489,"href":"https:\/\/portal.uern.br\/facem\/gestao-ambiental\/wp-json\/wp\/v2\/pages\/1278\/revisions\/1489"}],"wp:attachment":[{"href":"https:\/\/portal.uern.br\/facem\/gestao-ambiental\/wp-json\/wp\/v2\/media?parent=1278"}],"curies":[{"name":"wp","href":"https:\/\/api.w.org\/{rel}","templated":true}]}}