{"id":779,"date":"2023-10-18T10:06:38","date_gmt":"2023-10-18T13:06:38","guid":{"rendered":"https:\/\/portal.uern.br\/facem\/detur\/?page_id=779"},"modified":"2025-05-22T08:45:43","modified_gmt":"2025-05-22T11:45:43","slug":"comissao-setorial-de-avaliacao-cose","status":"publish","type":"page","link":"https:\/\/portal.uern.br\/facem\/detur\/comissao-setorial-de-avaliacao-cose\/","title":{"rendered":"Comiss\u00e3o Setorial de Avalia\u00e7\u00e3o &#8211; COSE"},"content":{"rendered":"<p>Compete a Comiss\u00e3o Setorial de Avalia\u00e7\u00e3o &#8211; COSE:<\/p>\n<p>I.\u00a0 \u00a0 \u00a0 \u00a0 \u00a0Sensibilizar a comunidade acad\u00eamica do registro \u00f3rg\u00e3o para os processos de avalia\u00e7\u00e3o institucional;<\/p>\n<p>II.\u00a0 \u00a0 \u00a0 \u00a0 Desenvolver o processo de autoavalia\u00e7\u00e3o no \u00f3rg\u00e3o, conforme o\u00a0 projeto de autoavalia\u00e7\u00e3o da Unidade e orienta\u00e7\u00f5es da Comiss\u00e3o Pr\u00f3pria de Avalia\u00e7\u00e3o &#8211; CPA\/UERN;<\/p>\n<p>III.\u00a0 \u00a0 \u00a0 \u00a0 Organizar reuni\u00f5es sistem\u00e1ticas para desenvolver suas atividades;<\/p>\n<p>IV.\u00a0 \u00a0 \u00a0 \u00a0 Sistematizar e prestar as informa\u00e7\u00f5es solicitadas pela Comiss\u00e3o Pr\u00f3pria de Avalia\u00e7\u00e3o &#8211; CPA\/UERN;<\/p>\n<p>V.\u00a0\u00a0\u00a0\u00a0\u00a0\u00a0\u00a0\u00a0\u00a0 Ao fim de cada semestre, a COSE dever\u00e1 apresentar \u00e0 CPA\/UERN relat\u00f3rio das atividades realizadas, conforme modelo procedente da pr\u00f3pria CPA\/UERN.<\/p>\n<p>&nbsp;<\/p>\n<p><strong>EQUIPE DA COSE DETUR (<a href=\"https:\/\/portal.uern.br\/facem\/detur\/wp-content\/uploads\/sites\/11\/2025\/05\/Portaria-COSE-2025.pdf\" target=\"_blank\" rel=\"noopener\">Portaria N\u00b0 003\/2025 &#8211; GD\/FACEM<\/a>)<\/strong>:<\/p>\n<table style=\"width: 57.1393%;height: 229px\">\n<tbody>\n<tr style=\"height: 24px\">\n<td style=\"height: 24px;width: 78.8198%\"><b>Servidor<\/b><\/td>\n<td style=\"height: 24px;width: 60.6111%\"><strong>Categoria<\/strong><\/td>\n<\/tr>\n<tr style=\"height: 24px\">\n<td style=\"height: 24px;width: 78.8198%\"><span style=\"font-weight: 400\">Cl\u00e1udia Regina Tavares do Nascimento<\/span><\/td>\n<td style=\"height: 24px;width: 60.6111%\">Docente<\/td>\n<\/tr>\n<tr style=\"height: 24px\">\n<td style=\"height: 24px;width: 78.8198%\"><span style=\"font-weight: 400\">Salete Gon\u00e7alves<\/span><\/td>\n<td style=\"height: 24px;width: 60.6111%\">Docente<\/td>\n<\/tr>\n<tr style=\"height: 24px\">\n<td style=\"height: 24px;width: 78.8198%\"><span style=\"font-weight: 400\">Roberto Rangel Pereira<\/span><\/td>\n<td style=\"height: 24px;width: 60.6111%\">Docente<\/td>\n<\/tr>\n<tr style=\"height: 24px\">\n<td style=\"height: 24px;width: 78.8198%\">Arit\u00e2nia Alves Vieira<\/td>\n<td style=\"height: 24px;width: 60.6111%\">T\u00e9cnico Administrativo<\/td>\n<\/tr>\n<tr style=\"height: 24px\">\n<td style=\"height: 24px;width: 78.8198%\">Maria Vanessa Mendes de Oliveira<\/td>\n<td style=\"height: 24px;width: 60.6111%\">Discente<\/td>\n<\/tr>\n<\/tbody>\n<\/table>\n<p>Para mais informa\u00e7\u00f5es sobre a COSE e a CPA, consulte a p\u00e1gina da Assessoria de Avalia\u00e7\u00e3o Institucional &#8211; AAI (<a href=\"https:\/\/portal.uern.br\/aai\/\" target=\"_blank\" rel=\"noopener\">P\u00e1gina AAI<\/a>)<\/p>\n","protected":false},"excerpt":{"rendered":"<p>Compete a Comiss\u00e3o Setorial de Avalia\u00e7\u00e3o &#8211; COSE: I.\u00a0 \u00a0 \u00a0 \u00a0 \u00a0Sensibilizar a comunidade acad\u00eamica do registro \u00f3rg\u00e3o para os processos de avalia\u00e7\u00e3o institucional; II.\u00a0 \u00a0 \u00a0 \u00a0 Desenvolver o processo de autoavalia\u00e7\u00e3o no \u00f3rg\u00e3o, conforme o\u00a0 projeto de autoavalia\u00e7\u00e3o da Unidade e orienta\u00e7\u00f5es da Comiss\u00e3o Pr\u00f3pria de Avalia\u00e7\u00e3o &#8211; CPA\/UERN; III.\u00a0 \u00a0 \u00a0 [&hellip;]<\/p>\n","protected":false},"author":2,"featured_media":0,"parent":0,"menu_order":0,"comment_status":"closed","ping_status":"closed","template":"","meta":{"footnotes":""},"class_list":["post-779","page","type-page","status-publish","hentry"],"_links":{"self":[{"href":"https:\/\/portal.uern.br\/facem\/detur\/wp-json\/wp\/v2\/pages\/779","targetHints":{"allow":["GET"]}}],"collection":[{"href":"https:\/\/portal.uern.br\/facem\/detur\/wp-json\/wp\/v2\/pages"}],"about":[{"href":"https:\/\/portal.uern.br\/facem\/detur\/wp-json\/wp\/v2\/types\/page"}],"author":[{"embeddable":true,"href":"https:\/\/portal.uern.br\/facem\/detur\/wp-json\/wp\/v2\/users\/2"}],"replies":[{"embeddable":true,"href":"https:\/\/portal.uern.br\/facem\/detur\/wp-json\/wp\/v2\/comments?post=779"}],"version-history":[{"count":12,"href":"https:\/\/portal.uern.br\/facem\/detur\/wp-json\/wp\/v2\/pages\/779\/revisions"}],"predecessor-version":[{"id":986,"href":"https:\/\/portal.uern.br\/facem\/detur\/wp-json\/wp\/v2\/pages\/779\/revisions\/986"}],"wp:attachment":[{"href":"https:\/\/portal.uern.br\/facem\/detur\/wp-json\/wp\/v2\/media?parent=779"}],"curies":[{"name":"wp","href":"https:\/\/api.w.org\/{rel}","templated":true}]}}