{"id":617,"date":"2023-07-21T12:41:56","date_gmt":"2023-07-21T15:41:56","guid":{"rendered":"https:\/\/portal.uern.br\/facem\/detur\/?page_id=617"},"modified":"2023-07-21T12:41:56","modified_gmt":"2023-07-21T15:41:56","slug":"biblioteca-virtual","status":"publish","type":"page","link":"https:\/\/portal.uern.br\/facem\/detur\/biblioteca-virtual\/","title":{"rendered":"Biblioteca Virtual"},"content":{"rendered":"<p><strong><img fetchpriority=\"high\" decoding=\"async\" class=\"aligncenter\" src=\"https:\/\/www.uern.br\/controledepaginas\/depto-turismo-biblioteca-virtual\/imagens\/0436biblioteca_virtual.jpg\" alt=\"\" width=\"576\" height=\"251\" \/><\/strong><\/p>\n<hr \/>\n<p><strong>SITES RECOMENDADOS<\/strong><\/p>\n<p>Minist\u00e9rio do Turismo<br \/>\n<a title=\"Minist\u00e9rio do Turismo\" href=\"http:\/\/www.turismo.gov.br\/turismo\/home.html\" target=\"_blank\" rel=\"noopener\">http:\/\/www.turismo.gov.br\/turismo\/home.html<\/a><\/p>\n<p>Portal Copa 2014<br \/>\n<a title=\"COPA 2014\" href=\"http:\/\/www.copa2014.natal.rn.gov.br\/\" target=\"_blank\" rel=\"noopener\">http:\/\/www.copa2014.natal.rn.gov.br\/<\/a><\/p>\n<p>Portal de Peri\u00f3dicos da CAPES<br \/>\n<a title=\"Peri\u00f3dico CAPES\" href=\"http:\/\/periodicos.capes.gov.br\/\" target=\"_blank\" rel=\"noopener\">http:\/\/periodicos.capes.gov.br\/<\/a><\/p>\n<p>Revista de Turismo: Estudos e Pr\u00e1ticas<br \/>\n<a title=\"Revista de Turismo\" href=\"http:\/\/periodicos.uern.br\/index.php\/turismo\" target=\"_blank\" rel=\"noopener\">http:\/\/periodicos.uern.br\/index.php\/turismo<\/a><\/p>\n<p>Revista Eletr\u00f4nica de Turismo Cultural<br \/>\n<a title=\"Turismo Cultural\" href=\"http:\/\/www.eca.usp.br\/turismocultural\/\" target=\"_blank\" rel=\"noopener\">http:\/\/www.eca.usp.br\/turismocultural\/<\/a><\/p>\n<p>Revista Cient\u00edfica Eletr\u00f4nica de Turismo<br \/>\n<a title=\"Revista Ci\u00eant\u00edfica Eletr\u00f4nica\" href=\"http:\/\/www.revista.inf.br\/turismo\/\">http:\/\/www.revista.inf.br\/turismo\/<\/a><\/p>\n<p>Caderno Virtual de Turismo<br \/>\n<a title=\"Caderno Virtual\" href=\"http:\/\/www.ivt.coppe.ufrj.br\/caderno\/index.php?journal=caderno\" target=\"_blank\" rel=\"noopener\">http:\/\/www.ivt.coppe.ufrj.br\/caderno\/index.php?journal=caderno<\/a><\/p>\n<p>Estudios y perspectivas em turismo<br \/>\n<a href=\"http:\/\/www.estudiosenturismo.com.ar\/\" target=\"_blank\" rel=\"noopener\">http:\/\/www.estudiosenturismo.com.ar\/<\/a><\/p>\n<p>PASOS: Revista de Turismo y Patrimonio Cultural<br \/>\n<a href=\"http:\/\/www.pasosonline.org\/\">http:\/\/www.pasosonline.org\/<\/a><\/p>\n<p>Revista Acad\u00eamica Observat\u00f3rio de Inova\u00e7\u00e3o do Turismo<br \/>\n<a href=\"http:\/\/app.ebape.fgv.br\/revistaoit\/asp\/dsp_lst_artigos_edicao.asp\">http:\/\/app.ebape.fgv.br\/revistaoit\/asp\/dsp_lst_artigos_edicao.asp<\/a><\/p>\n<p>Revista Eletr\u00f4nica Patrim\u00f4nio: Lazer &amp; Turismo<br \/>\n<a href=\"http:\/\/www.unisantos.br\/pos\/revistapatrimonio\/index.php\">http:\/\/www.unisantos.br\/pos\/revistapatrimonio\/index.php<\/a><\/p>\n<p>Revista Iberoamericana de Turismo<br \/>\n<a href=\"http:\/\/www.seer.ufal.br\/index.php\/ritur\">http:\/\/www.seer.ufal.br\/index.php\/ritur<\/a><\/p>\n<p>Turismo y Sociedad<br \/>\n<a href=\"http:\/\/foros.uexternado.edu.co\/ecoinstitucional\/index.php\/tursoc\">http:\/\/foros.uexternado.edu.co\/ecoinstitucional\/index.php\/tursoc<\/a><\/p>\n<p>TURyDES<br \/>\n<a href=\"http:\/\/www.eumed.net\/rev\/turydes\/index.htm\">http:\/\/www.eumed.net\/rev\/turydes\/index.htm<\/a><\/p>\n<p>Biblioteca virtual do Natal<\/p>\n<p><a href=\"http:\/\/www.natal.rn.gov.br\/bvn\/\" target=\"_blank\" rel=\"noopener\">http:\/\/www.natal.rn.gov.br\/bvn\/<\/a><\/p>\n<p>Links acad\u00eamicos<\/p>\n<p><a href=\"https:\/\/www.uern.br\/biblioteca\/default.asp?item=linksacad\" target=\"_blank\" rel=\"noopener\">http:\/\/www.uern.br\/biblioteca\/default.asp?item=linksacad<\/a><\/p>\n<p>Biblioteca UERN<\/p>\n<p><a href=\"https:\/\/www.uern.br\/biblioteca\/default.asp?item=biblioteca-apresentacao\" target=\"_blank\" rel=\"noopener\">http:\/\/www.uern.br\/biblioteca\/default.asp?item=biblioteca-apresentacao<\/a><\/p>\n<p>&nbsp;<\/p>\n<p><strong>LIVROS ELETR\u00d4NICOS<\/strong><\/p>\n<p>E-book da Prof\u00aa Me. Cl\u00e1udia Regina Tavares do Nascimento<\/p>\n<p><a title=\"E-book Cl\u00e1udia Regina\" href=\"https:\/\/www.uern.br\/default.asp?item=edicoes-uern-ISBN9788576210382\" target=\"_blank\" rel=\"noopener\">http:\/\/www.uern.br\/default.asp?item=edicoes-uern-ISBN9788576210382<\/a><\/p>\n<p>Turismo em perspectiva: Ensaios multidisciplinares. Org:\u00a0Prof. Dr. Saulo Gomes Batista<\/p>\n<p><a href=\"http:\/\/editoraprismas.com.br\/turismo-em-perspectiva-ensaios-multidisciplinares#\" target=\"_blank\" rel=\"noopener\">http:\/\/editoraprismas.com.br\/turismo-em-perspectiva-ensaios-multidisciplinares#<\/a><\/p>\n","protected":false},"excerpt":{"rendered":"<p>SITES RECOMENDADOS Minist\u00e9rio do Turismo http:\/\/www.turismo.gov.br\/turismo\/home.html Portal Copa 2014 http:\/\/www.copa2014.natal.rn.gov.br\/ Portal de Peri\u00f3dicos da CAPES http:\/\/periodicos.capes.gov.br\/ Revista de Turismo: Estudos e Pr\u00e1ticas http:\/\/periodicos.uern.br\/index.php\/turismo Revista Eletr\u00f4nica de Turismo Cultural http:\/\/www.eca.usp.br\/turismocultural\/ Revista Cient\u00edfica Eletr\u00f4nica de Turismo http:\/\/www.revista.inf.br\/turismo\/ Caderno Virtual de Turismo http:\/\/www.ivt.coppe.ufrj.br\/caderno\/index.php?journal=caderno Estudios y perspectivas em turismo http:\/\/www.estudiosenturismo.com.ar\/ PASOS: Revista de Turismo y Patrimonio Cultural http:\/\/www.pasosonline.org\/ Revista [&hellip;]<\/p>\n","protected":false},"author":2,"featured_media":0,"parent":0,"menu_order":0,"comment_status":"closed","ping_status":"closed","template":"","meta":{"footnotes":""},"class_list":["post-617","page","type-page","status-publish","hentry"],"_links":{"self":[{"href":"https:\/\/portal.uern.br\/facem\/detur\/wp-json\/wp\/v2\/pages\/617","targetHints":{"allow":["GET"]}}],"collection":[{"href":"https:\/\/portal.uern.br\/facem\/detur\/wp-json\/wp\/v2\/pages"}],"about":[{"href":"https:\/\/portal.uern.br\/facem\/detur\/wp-json\/wp\/v2\/types\/page"}],"author":[{"embeddable":true,"href":"https:\/\/portal.uern.br\/facem\/detur\/wp-json\/wp\/v2\/users\/2"}],"replies":[{"embeddable":true,"href":"https:\/\/portal.uern.br\/facem\/detur\/wp-json\/wp\/v2\/comments?post=617"}],"version-history":[{"count":1,"href":"https:\/\/portal.uern.br\/facem\/detur\/wp-json\/wp\/v2\/pages\/617\/revisions"}],"predecessor-version":[{"id":618,"href":"https:\/\/portal.uern.br\/facem\/detur\/wp-json\/wp\/v2\/pages\/617\/revisions\/618"}],"wp:attachment":[{"href":"https:\/\/portal.uern.br\/facem\/detur\/wp-json\/wp\/v2\/media?parent=617"}],"curies":[{"name":"wp","href":"https:\/\/api.w.org\/{rel}","templated":true}]}}