{"id":614,"date":"2023-07-21T12:39:59","date_gmt":"2023-07-21T15:39:59","guid":{"rendered":"https:\/\/portal.uern.br\/facem\/detur\/?page_id=614"},"modified":"2025-08-04T11:49:16","modified_gmt":"2025-08-04T14:49:16","slug":"noticias-avisos-e-eventos","status":"publish","type":"page","link":"https:\/\/portal.uern.br\/facem\/detur\/noticias-avisos-e-eventos\/","title":{"rendered":"Editais, Not\u00edcias, Avisos e Eventos"},"content":{"rendered":"<p><strong>EDITAL DE ABERTURA PARA ELEI\u00c7\u00c3O DE CHEFIA E SUBCHEFIA DO DEPARTAMENTO DE TURISMO<\/strong><\/p>\n<div>A Comiss\u00e3o Eleitoral institu\u00edda por meio de Portaria SEI 51\/2025 DETUR\/FACEM, torna p\u00fablico o edital 01\/2025 &#8211; CE\/DETUR\/FACEM para efeito de elei\u00e7\u00e3o para chefe e subchefe do Departamento de Turismo, da Faculdade de Ci\u00eancias Econ\u00f4micas FACEM\/UERN Campus Central, no bi\u00eanio 2025\/2027.<\/div>\n<div>Para mais informa\u00e7\u00f5es acessar o edital pelo link:\u00a0<a href=\"https:\/\/portal.uern.br\/facem\/detur\/wp-content\/uploads\/sites\/11\/2025\/05\/6-EDITAL-DE-ABERTURA-DO-PROCESSO-ELEITORAL-DO-DETUR-2025_2027.pdf\" target=\"_blank\" rel=\"noopener\">EDITAL DE ABERTURA PARA ELEI\u00c7\u00c3O DEPARTAMENTAL<\/a><\/div>\n<p><strong>\u00a0\u00a0<\/strong><\/p>\n<p><strong>EDITAL DE REGISTRO DE CANDUTADURAS PARA O CARGO DE CHEFE E SUBCHEFE DO DEPARTAMENTO DE TURISMO<\/strong><\/p>\n<p>Para mais informa\u00e7\u00f5es acessar o edital pelo link:\u00a0<a href=\"https:\/\/portal.uern.br\/facem\/detur\/wp-content\/uploads\/sites\/11\/2025\/05\/11-Edital_03_homologacao_de_registros_de_candidaturas.pdf\" target=\"_blank\" rel=\"noopener\">EDITAL DE REGISTRO DAS CANDIDATURAS<\/a><\/p>\n<p>&nbsp;<\/p>\n<p><strong>EDITAL DE RESULTADO DA ELEI\u00c7\u00c3O DEPARTAMENTAL (BI\u00caNIO 2025-2027)<\/strong>\u00a0(<a href=\"https:\/\/portal.uern.br\/facem\/detur\/wp-content\/uploads\/sites\/11\/2025\/08\/14-Edital-06_2025-homologacao-da-eleicao-departamental-JOUERN.pdf\">ACESSE AQUI<\/a>)<\/p>\n<hr \/>\n<h5>EDITAL PCPTUR 2024 &#8211; <strong>SELE\u00c7\u00c3O DE ALUNO BOLSISTA E VOLUNT\u00c1RIO \u2013 PCPTUR<\/strong><\/h5>\n<p>Est\u00e1 dispon\u00edveis 01 (uma) vaga para o PCPTUR com in\u00edcio previsto para o semestre 2024.1e t\u00e9rmino previsto 2024.2 conforme calend\u00e1rio acad\u00eamico. Para mais informa\u00e7\u00f5es sobre o processo seletivo, clique no link abaixo para acessar o edital.<\/p>\n<p><a href=\"https:\/\/portal.uern.br\/facem\/detur\/wp-content\/uploads\/sites\/11\/2024\/04\/Edital-Divulgacao-PIBEX-2024-DETUR-1.pdf\">Edital PCPTUR 2024<\/a><\/p>\n<hr \/>\n<h5>Jornada de Estudos Tur\u00edsticos 2022<\/h5>\n<p>A VIII Jornada de Estudos Tur\u00edsticos da Universidade do Estado do Rio Grande do Norte (Uern) ser\u00e1 realizada entre os dias 03 e 04 de abril de 2023 pelo Departamento de Turismo do Campus de Mossor\u00f3. A programa\u00e7\u00e3o do evento contar\u00e1 com mesas tem\u00e1ticas, debates, oficinas, grupos de trabalho e apresenta\u00e7\u00f5es culturais.<\/p>\n<p>\u201cO papel da governan\u00e7a no fortalecimento da regionaliza\u00e7\u00e3o tur\u00edstica\u201d \u00e9 o tema do evento cujo objetivo geral \u00e9 propor um di\u00e1logo entre pesquisadores, estudantes, representantes do poder p\u00fablico, da iniciativa privada e da comunidade, sobre o papel da governan\u00e7a no fortalecimento das regi\u00f5es tur\u00edsticas.<\/p>\n<p>Para maiores informa\u00e7\u00f5es sobre o evento, acessar a p\u00e1gina principal (<a href=\"https:\/\/jetuern.blogspot.com\/\" target=\"_blank\" rel=\"noopener\">AQUI<\/a>)<\/p>\n<p><img fetchpriority=\"high\" decoding=\"async\" class=\"\" src=\"http:\/\/www.uern.br\/controledepaginas\/depto-turismo-avisos\/imagens\/0435logo_jet_2022_compressed.png\" alt=\"\" width=\"465\" height=\"276\" \/><\/p>\n<hr \/>\n<h5>Elei\u00e7\u00e3o Departamental<\/h5>\n<hr \/>\n<p><strong>EDITAL DE ABERTURA PARA ELEI\u00c7\u00c3O DE CHEFIA E SUBCHEFIA DO DEPARTAMENTO DE TURISMO<\/strong><\/p>\n<div>A Comiss\u00e3o Eleitoral institu\u00edda por meio de Portaria SEI 241\/2022 DETUR\/FACEM, torna p\u00fablico o edital 01\/2022 &#8211; CE\/DETUR\/FACEM para efeito de elei\u00e7\u00e3o para chefe e subchefe do Departamento de Turismo, da Faculdade de Ci\u00eancias Econ\u00f4micas FACEM\/UERN Campus Central, no bi\u00eanio 2023\/2024.<\/div>\n<div>Para mais informa\u00e7\u00f5es acessar o edital pelo link:\u00a0<a href=\"http:\/\/www.uern.br\/controledepaginas\/depto-turismo-avisos\/arquivos\/04358_edital_final.pdf\" target=\"_blank\" rel=\"noopener\">EDITAL DE ABERTURA PARA ELEI\u00c7\u00c3O DEPARTAMENTAL<\/a><\/div>\n<p><strong>\u00a0\u00a0<\/strong><\/p>\n<p><strong>EDITAL DE REGISTRO DE CANDUTADURAS PARA O CARGO DE CHEFE E SUBCHEFE DO DEPARTAMENTO DE TURISMO<\/strong><\/p>\n<p>Para mais informa\u00e7\u00f5es acessar o edital pelo link:\u00a0<a href=\"http:\/\/www.uern.br\/controledepaginas\/depto-turismo-avisos\/arquivos\/043510_edital_02_publicacao_de_registros_de_candidatura.pdf\" target=\"_blank\" rel=\"noopener\">EDITAL DE REGISTRO DAS CANDIDATURAS<\/a><\/p>\n<p>&nbsp;<\/p>\n<p><strong>EDITAL DE RESULTADO DA ELEI\u00c7\u00c3O DEPARTAMENTAL (BI\u00caNIO 2020-2022)<\/strong>\u00a0(<a href=\"http:\/\/www.uern.br\/controledepaginas\/depto-turismo-avisos\/arquivos\/043521_edital_06_2022_homologaa%C2%A7ao_da_eleia%C2%A7a%C2%A3o_departamental_jouern.pdf\" target=\"_blank\" rel=\"noopener\">ACESSE AQUI<\/a>)<\/p>\n<hr \/>\n<h5>Jornada de Estudos Tur\u00edsticos 2018<\/h5>\n<hr \/>\n<p><strong>VI JORNADA DE ESTUDOS TUR\u00cdSTICOS<\/strong><\/p>\n<p>Entre os dias 07 e 09 de novembro de 2018 ser\u00e1 realizada a VI Jornada de Estudos Tur\u00edsticos, com o tema: &#8220;<strong>Inova\u00e7\u00f5es tecnol\u00f3gicas e turismo: desafios e tend\u00eancias no mundo global<\/strong>&#8221; organizada pelo Departamento de Turismo da Universidade do Estado do Rio Grande do Norte (UERN).<\/p>\n<p>As atividades ser\u00e3o realizadas no Campus Central da UERN. O p\u00fablico alvo ser\u00e1 composto por discentes e docentes do Curso de Turismo e cursos afins, representantes do poder p\u00fablico, da iniciativa privada e da comunidade local. A programa\u00e7\u00e3o do evento contar\u00e1 com palestras, debates, minicursos, grupos de trabalhos e apresenta\u00e7\u00f5es culturais, estando dispon\u00edvel no site do evento:\u00a0<a href=\"https:\/\/jornadadeturismouern.blogspot.com\/2018\/09\/programacao.html\" target=\"_blank\" rel=\"noopener\">CLICANDO AQUI<\/a>.<\/p>\n<p>Na ocasi\u00e3o, tamb\u00e9m acontecer\u00e1 lan\u00e7amento de livros. Maiores informa\u00e7\u00f5es podem ser esclarecidas atrav\u00e9s do\u00a0<span lang=\"zxx\"><a href=\"mailto:contatojornadadeturismo@gmail.com\">contatojornadadeturismo@gmail.com<\/a><\/span>\u00a0ou (84) 98748-2666.<\/p>\n<p><strong><img decoding=\"async\" class=\"\" src=\"https:\/\/www.uern.br\/controledepaginas\/depto-turismo-avisos\/imagens\/0435whatsapp_image_2018_09_05_at_13.23.07.jpeg\" alt=\"\" width=\"475\" height=\"518\" \/><\/strong><\/p>\n<hr \/>\n<h5><strong>VII JORNADA DE ESTUDOS TUR\u00cdSTICOS 2020<\/strong><\/h5>\n<p>A VII Jornada de Estudos Tur\u00edsticos ser\u00e1 realizada nos dias 18, 19 e 20 de novembro de 2020, com o tema: \u201cConectando saberes e realidades do turismo em tempos da Covid-19\u201d. O evento \u00e9 organizado pelo Departamento de Turismo do Campus Central da Universidade do Estado do Rio Grande do Norte \u2013 Uern.<\/p>\n<p>Em sua s\u00e9tima edi\u00e7\u00e3o, o evento tem como objetivo geral propor um di\u00e1logo entre pesquisadores, estudantes, representantes do poder p\u00fablico, da iniciativa privada e da comunidade, sobre os impactos da pandemia da Covid-19 na atividade tur\u00edstica e os desafios na sua retomada.<\/p>\n<p>As atividades ser\u00e3o realizadas on-line e a programa\u00e7\u00e3o do evento contar\u00e1 com mesas tem\u00e1ticas, debates, minicursos, grupos de trabalho e apresenta\u00e7\u00f5es culturais. Os participantes que assistirem 70% da programa\u00e7\u00e3o ter\u00e3o direito a certificado.<\/p>\n<p>Acesse a p\u00e1gina do evento e veja outras informa\u00e7\u00f5es:\u00a0<a href=\"https:\/\/jetuern.blogspot.com\/\" target=\"_blank\" rel=\"noopener\">https:\/\/jetuern.blogspot.com\/<\/a><\/p>\n<p><img decoding=\"async\" src=\"http:\/\/www.uern.br\/controledepaginas\/depto-turismo-avisos\/imagens\/043501.png\" alt=\"VII JORNADA\" width=\"500\" height=\"302\" \/><\/p>\n","protected":false},"excerpt":{"rendered":"<p>EDITAL DE ABERTURA PARA ELEI\u00c7\u00c3O DE CHEFIA E SUBCHEFIA DO DEPARTAMENTO DE TURISMO A Comiss\u00e3o Eleitoral institu\u00edda por meio de Portaria SEI 51\/2025 DETUR\/FACEM, torna p\u00fablico o edital 01\/2025 &#8211; CE\/DETUR\/FACEM para efeito de elei\u00e7\u00e3o para chefe e subchefe do Departamento de Turismo, da Faculdade de Ci\u00eancias Econ\u00f4micas FACEM\/UERN Campus Central, no bi\u00eanio 2025\/2027. Para [&hellip;]<\/p>\n","protected":false},"author":2,"featured_media":0,"parent":0,"menu_order":0,"comment_status":"closed","ping_status":"closed","template":"","meta":{"footnotes":""},"class_list":["post-614","page","type-page","status-publish","hentry"],"_links":{"self":[{"href":"https:\/\/portal.uern.br\/facem\/detur\/wp-json\/wp\/v2\/pages\/614","targetHints":{"allow":["GET"]}}],"collection":[{"href":"https:\/\/portal.uern.br\/facem\/detur\/wp-json\/wp\/v2\/pages"}],"about":[{"href":"https:\/\/portal.uern.br\/facem\/detur\/wp-json\/wp\/v2\/types\/page"}],"author":[{"embeddable":true,"href":"https:\/\/portal.uern.br\/facem\/detur\/wp-json\/wp\/v2\/users\/2"}],"replies":[{"embeddable":true,"href":"https:\/\/portal.uern.br\/facem\/detur\/wp-json\/wp\/v2\/comments?post=614"}],"version-history":[{"count":9,"href":"https:\/\/portal.uern.br\/facem\/detur\/wp-json\/wp\/v2\/pages\/614\/revisions"}],"predecessor-version":[{"id":1055,"href":"https:\/\/portal.uern.br\/facem\/detur\/wp-json\/wp\/v2\/pages\/614\/revisions\/1055"}],"wp:attachment":[{"href":"https:\/\/portal.uern.br\/facem\/detur\/wp-json\/wp\/v2\/media?parent=614"}],"curies":[{"name":"wp","href":"https:\/\/api.w.org\/{rel}","templated":true}]}}