{"id":594,"date":"2023-07-21T12:14:07","date_gmt":"2023-07-21T15:14:07","guid":{"rendered":"https:\/\/portal.uern.br\/facem\/detur\/?page_id=594"},"modified":"2025-05-22T09:44:43","modified_gmt":"2025-05-22T12:44:43","slug":"trabalho-de-conclusao-de-curso-tcc","status":"publish","type":"page","link":"https:\/\/portal.uern.br\/facem\/detur\/trabalho-de-conclusao-de-curso-tcc\/","title":{"rendered":"Trabalho de Conclus\u00e3o de Curso &#8211; TCC"},"content":{"rendered":"<p><strong>PARA ACESSAR AS MONOGRAFIAS DOS SEMESTRES PASSADOS -&gt; <\/strong><a href=\"https:\/\/drive.google.com\/drive\/u\/1\/folders\/1Dgas215CF-U1vw2ErhO8cYK1oIsvyxV2\" target=\"_blank\" rel=\"noopener\">(CLIQUE AQUI)<\/a><\/p>\n<p><strong>FOLDER MONOGR\u00c1FICO 2024.1<\/strong>\u00a0(<a href=\"https:\/\/portal.uern.br\/facem\/detur\/wp-content\/uploads\/sites\/11\/2024\/04\/Folder-Monografico-2024.1-Final.pdf\" target=\"_blank\" rel=\"noopener\">ACESSE AQUI<\/a>)<\/p>\n<hr \/>\n<p>&nbsp;<\/p>\n<p style=\"text-align: center\"><span style=\"font-size: 14pt\"><strong>TRABALHO DE CONCLUS\u00c3O DE CURSO &#8211; TCC<\/strong><\/span><\/p>\n<p>O Trabalho de Conclus\u00e3o de Curso (TCC) \u00e9 o componente curricular obrigat\u00f3rio do Curso de Gradua\u00e7\u00e3o em Turismo. S\u00e3o consideradas duas modalidades de trabalhos de conclus\u00e3o de curso, a saber: artigo cient\u00edfico e monografia.<\/p>\n<p>Por sua vez, a elabora\u00e7\u00e3o do TCC deve ser desenvolvida sob a orienta\u00e7\u00e3o t\u00e9cnica e te\u00f3rico-metodol\u00f3gica do professor orientador. O TCC ainda dever\u00e1 ser avaliado por uma comiss\u00e3o de 03 (tr\u00eas) professores, sendo um deles o professor orientador.<\/p>\n<p>O TCC do Curso de Turismo caracterizar-se-\u00e1 por um trabalho de inicia\u00e7\u00e3o cient\u00edfica, individual, estruturado e desenvolvido em torno de um tema espec\u00edfico de relev\u00e2ncia para o estudo do turismo, objeto resultante de um processo investigativo, origin\u00e1rio de uma indaga\u00e7\u00e3o te\u00f3rica, a partir da realidade emp\u00edrica, abordado com precis\u00e3o, clareza e encadeamento l\u00f3gico, com rigorosa metodologia cient\u00edfica.<\/p>\n<p>No TCC o aluno dever\u00e1 demonstrar conhecimento e dom\u00ednio do assunto nele versado, n\u00e3o sendo exigido posicionamentos ou an\u00e1lises que o configurem como monografia de especializa\u00e7\u00e3o, disserta\u00e7\u00e3o de mestrado ou tese de doutorado.<\/p>\n<p>O Trabalho de Conclus\u00e3o de Curso deve seguir \u00e0s normas do Sistema Integrado de Bibliotecas da UERN &#8211; SIB\/UERN, (INSTRU\u00c7\u00c3O NORMATIVA N\u00ba 01\/2018-SIB\/UERN), o qual define normas para entrega, recebimento e armazenamento dos Trabalhos de Conclus\u00e3o de Cursos da UERN nas bibliotecas.<\/p>\n<p>Segundo o Art. 3\u00ba da Instru\u00e7\u00e3o Normativa &#8220;Para que o trabalho possa ficar dispon\u00edvel dever\u00e1 ter a assinatura no Termo de Autoriza\u00e7\u00e3o&#8221;.<\/p>\n<p>O cap\u00edtulo IV da Instru\u00e7\u00e3o Normativa 01\/2018-SIB\/UERN, trata da apresenta\u00e7\u00e3o e formata\u00e7\u00e3o dos trabalhos. Sendo assim, se faz mister conhecer o teor dos artigos sobre esse assunto.<\/p>\n<p>O artigo 13 trata da apresenta\u00e7\u00e3o dos trabalhos acad\u00eamicos, os quais devem seguir o que \u00e9 recomendado no Manual para elabora\u00e7\u00e3o de trabalhos acad\u00eamicos da UERN. O manual se encontra dispon\u00edvel na p\u00e1gina da biblioteca, no Portal da UERN.<\/p>\n<p>O artigo 14 expressa a forma que os trabalhos devem ser entregues, em DVD, num \u00fanico arquivo e no formato PDF.<\/p>\n<p>Os artigos 15 e 16 tratam da responsabilidade dos autores no que diz respeito<br \/>\n\u00e0 originalidade do trabalho e sobre a responsabilidade administrativa, civil e penal<br \/>\nem caso de pl\u00e1gio.<\/p>\n<p style=\"text-align: center\"><strong>I &#8211; Do Projeto de TCC<\/strong><\/p>\n<p>O projeto de TCC dever\u00e1 ser elaborado no 6\u00b0 per\u00edodo do curso, como atividade da disciplina de Trabalho de Conclus\u00e3o de Curso I. Nesse sentido, o projeto de TCC ainda dever\u00e1 ser estruturado de acordo com as orienta\u00e7\u00f5es t\u00e9cnico-metodol\u00f3gicas oferecidas pelo professor da disciplina acima referida e deve conter, estruturalmente, os seguintes requisitos:<\/p>\n<p>I. T\u00edtulo;<\/p>\n<p>II. Justificativa;<\/p>\n<p>III. Problem\u00e1tica;<\/p>\n<p>IV. Objetivos;<\/p>\n<p>V. Procedimentos metodol\u00f3gicos;<\/p>\n<p>VI. Referencial te\u00f3rico;<\/p>\n<p>VII. Cronograma de execu\u00e7\u00e3o;<\/p>\n<p>VIII. Refer\u00eancias;<\/p>\n<p>IX. Anexo;<\/p>\n<p>X. Ap\u00eandice.<\/p>\n<p>O discente dever\u00e1 entregar o projeto de TCC ao professor da disciplina, em data previamente estabelecida. Ser\u00e1 aprovado na disciplina Trabalho de Conclus\u00e3o de Curso I o aluno que obtiver m\u00e9dia igual ou superior a 7,0 (sete v\u00edrgula zero) na m\u00e9dia parcial ou aquele que, ap\u00f3s os ajustes necess\u00e1rios depois da avalia\u00e7\u00e3o do professor da disciplina, obtenha m\u00e9dia igual ou superior a 6,0 (seis v\u00edrgula zero) na<br \/>\nm\u00e9dia final. Ser\u00e1 reprovado o discente que deixar de cumprir os crit\u00e9rios avaliativos da disciplina, bem como o discente cujo trabalho seja constatado pl\u00e1gio.<\/p>\n<p style=\"text-align: center\"><strong>II &#8211; Da Elabora\u00e7\u00e3o do TCC<\/strong><\/p>\n<p>I. S\u00e3o requisitos para elabora\u00e7\u00e3o do TCC: Respeito \u00e0s normas estabelecidas pela Associa\u00e7\u00e3o Brasileira de Normas T\u00e9cnicas (ABNT);<\/p>\n<p>II. Respeito \u00e0s orienta\u00e7\u00f5es do material disponibilizado pelo Coordenador de TCC (esqueleto para o artigo e para a monografia);<\/p>\n<p>III. Ser redigida em l\u00edngua portuguesa e submetida a uma revis\u00e3o ortogr\u00e1fica e gramatical.<\/p>\n<p style=\"text-align: center\"><strong>III &#8211; Da Avalia\u00e7\u00e3o do TCC<\/strong><\/p>\n<p>A avalia\u00e7\u00e3o do TCC obedece aos seguintes procedimentos:<\/p>\n<p>I. Dever\u00e1 ser entregue uma vers\u00e3o preliminar do TCC ao professor orientador no prazo m\u00e1ximo de at\u00e9 30 (trinta) dias antes do t\u00e9rmino do semestre letivo, que dispor\u00e1 de 15 (quinze) dias para recomendar as adapta\u00e7\u00f5es que entender necess\u00e1rias, tanto sob o aspecto de conte\u00fado, quanto de forma ou de acordo com o cronograma da disciplina estabelecido pelo Coordenador de<br \/>\nTCC;<\/p>\n<p>II. Ap\u00f3s a anu\u00eancia do professor orientador, o aluno dever\u00e1 entregar, at\u00e9 no m\u00e1ximo 15 (quinze) dias antes do t\u00e9rmino do semestre letivo, 03 (tr\u00eas) c\u00f3pias do TCC ao Coordenador para que este distribua aos membros da Banca Examinadora;<\/p>\n<p>III. Ap\u00f3s a entrega do TCC, a Coordena\u00e7\u00e3o estabelecer\u00e1 as datas e hor\u00e1rios para defesa dos trabalhos e tornar\u00e1 p\u00fablico documento com as respectivas bancas examinadoras;<\/p>\n<p>IV. No caso da Banca Examinadora sugerir reformula\u00e7\u00f5es no texto do TCC, o aluno ter\u00e1 prazo estabelecido pelo Coordenador, para fazer os ajustes sob o acompanhamento do professor orientador e apresentar o trabalho final \u00e0 Coordena\u00e7\u00e3o de TCC de acordo com manual de padroniza\u00e7\u00e3o vigente na UERN;<\/p>\n<p>V. O TCC ser\u00e1 apresentado pelo graduando perante uma Banca constitu\u00edda por 03 (tr\u00eas) professores, sendo o orientador e 02 (dois) professores convidados pelo discente em comum acordo com o orientador ou, caso preciso, pelo Coordenador de TCC, ap\u00f3s a anu\u00eancia do orientador, devendo ser levadas em considera\u00e7\u00e3o as \u00e1reas de conhecimento dos membros em rela\u00e7\u00e3o ao tema do TCC;<\/p>\n<p>VI. A defesa do TCC ser\u00e1 p\u00fablica e ter\u00e1 um prazo m\u00e1ximo de 60 (sessenta) minutos, distribu\u00eddos da seguinte forma: apresenta\u00e7\u00e3o da monografia pelo aluno (a) em um prazo m\u00ednimo de 10 (dez) e m\u00e1ximo de 20 (vinte) minutos e o tempo restante reservado a questionamentos e considera\u00e7\u00f5es dos membros da Banca e, tamb\u00e9m, destinados \u00e0s respostas por parte do aluno;<\/p>\n<p>VII. A avalia\u00e7\u00e3o final do TCC dever\u00e1 ser registrada na Ficha de Avalia\u00e7\u00e3o, na qual cada membro da Banca atribuir\u00e1 uma nota pelo conte\u00fado com varia\u00e7\u00e3o de 0,0<br \/>\n(zero) a 10,0 (dez);<\/p>\n<p>VIII. A nota final constitui-se na m\u00e9dia aritm\u00e9tica das notas atribu\u00eddas pelos membros da Banca conforme previsto no item anterior;<\/p>\n<p>IX. \u00c9 considerada aprovada a monografia que obtiver m\u00e9dia igual ou superior a 7,0 (sete v\u00edrgula zero);<\/p>\n<p>X. Ser\u00e1 reprovado, automaticamente, o discente cujo trabalho seja constatado pl\u00e1gio.<\/p>\n<p style=\"text-align: center\"><strong>IV &#8211; Da Coordena\u00e7\u00e3o do TCC<\/strong><\/p>\n<p>O Coordenador do TCC ser\u00e1 escolhido pela plen\u00e1ria departamental seguindo o crit\u00e9rio de distribui\u00e7\u00e3o de carga hor\u00e1ria\/disciplinas. O docente que ministrar as disciplinas de TCC I e TCC II ser\u00e1 o Coordenador de TCC. Dentre outras atribui\u00e7\u00f5es, compete ao Coordenador de TCC:<\/p>\n<p>I. Definir datas, no in\u00edcio de cada per\u00edodo, para:<\/p>\n<p>a) Entrega de vers\u00e3o preliminar do TCC ao orientador;<br \/>\nb) Dep\u00f3sito do TCC junto \u00e0 Coordena\u00e7\u00e3o;<br \/>\nc) An\u00e1lise e emiss\u00e3o do parecer pela Banca;<br \/>\nd) Entrega da vers\u00e3o definitiva;<br \/>\ne) Realiza\u00e7\u00e3o da defesa oral da monografia perante a Banca Examinadora.<\/p>\n<p>II. Constituir em conjunto com o professor orientador, Banca Examinadora de acordo com as \u00e1reas tem\u00e1ticas e as linhas de pesquisa dos docentes do Curso de Turismo \u2013 Campus Central;<\/p>\n<p>III. Publicar as normas relativas \u00e0 elabora\u00e7\u00e3o do TCC;<\/p>\n<p>IV. Convocar e dirigir reuni\u00f5es com os professores-orientadores e os alunos para tratar dos assuntos pertinentes ao desenvolvimento do TCC.<\/p>\n<p style=\"text-align: center\"><strong>V \u2013 Do Professor orientador<\/strong><\/p>\n<p>O professor orientador ser\u00e1 de livre escolha do orientando dentre aqueles do quadro docente do Curso de Turismo, de acordo com as \u00e1reas de estudo de cada professor e as disponibilidades semestralmente definidas. Poder\u00e3o ser aceitos como orientadores professores de outros Departamentos da UERN, desde que desenvolvam estudos em \u00e1reas afins ao Curso de Turismo e haja pertin\u00eancia com o<br \/>\ntema do TCC.<\/p>\n<p>Poder\u00e1 haver mudan\u00e7a de orientador de TCC, desde que haja solicita\u00e7\u00e3o escrita e devidamente justificada pelo aluno perante a Coordena\u00e7\u00e3o de TCC. Bem como, poder\u00e1 haver desist\u00eancia de orienta\u00e7\u00e3o por parte do professor orientador, o que deve ser comunicado e justificado ao Coordenador da disciplina. Compete ao professor orientador:<\/p>\n<p>\u2022 Avaliar a relev\u00e2ncia do tema;<\/p>\n<p>\u2022 Orientar o aluno nas diferentes etapas do trabalho de elabora\u00e7\u00e3o do TCC, inclusive na elabora\u00e7\u00e3o do projeto;<\/p>\n<p>\u2022 Acompanhar o orientando em conson\u00e2ncia com cronogramas definidos e publicados pela Coordena\u00e7\u00e3o de TCC;<\/p>\n<p>\u2022 Sugerir \u00e0 Coordena\u00e7\u00e3o de TCC os componentes da Banca Examinadora, levando-se em considera\u00e7\u00e3o as \u00e1reas de estudo dos mesmos;<\/p>\n<p>\u2022 Presidir os trabalhos da Banca Examinadora e encaminhar o resultado da avalia\u00e7\u00e3o \u00e0 Coordena\u00e7\u00e3o de TCC, nos prazos fixados em calend\u00e1rio e em conformidade com este regulamento.<\/p>\n<p style=\"text-align: center\"><strong>VI \u2013 Do Orientando<\/strong><\/p>\n<p>Constituem-se deveres do orientando do Curso de Turismo:<\/p>\n<p>I. Desenvolver atividades relativas \u00e0 elabora\u00e7\u00e3o do TCC sob a orienta\u00e7\u00e3o do professor;<\/p>\n<p>II. Elaborar o projeto de TCC na disciplina TCC I e cumprir os prazos previstos no calend\u00e1rio letivo, neste regulamento e outros que venham a ser fixados pela Coordena\u00e7\u00e3o da disciplina;<\/p>\n<p>III. Cumprir o cronograma de trabalho previsto no projeto de TCC;<\/p>\n<p>IV. Providenciar, ap\u00f3s cumprimento das etapas previstas na avalia\u00e7\u00e3o do TCC, conforme cronograma estabelecido pela Coordena\u00e7\u00e3o da disciplina.<\/p>\n<p style=\"text-align: center\"><strong>VII &#8211; Da Banca examinadora<\/strong><\/p>\n<p>A banca, designada pelo Coordenador de TCC ou pelo discente em concord\u00e2ncia com o orientador, ser\u00e1 constitu\u00edda de, no m\u00ednimo 03 (tr\u00eas) professores. O professor orientador ser\u00e1 o presidente da banca.<\/p>\n<p>Em casos especiais, a crit\u00e9rio do Coordenador de TCC, poder\u00e1 ser aceito membro n\u00e3o pertencente ao corpo docente da UERN para compor a Banca Examinadora, desde que n\u00e3o acarrete \u00f4nus para a UERN e que o mesmo tenha titula\u00e7\u00e3o m\u00ednima de mestre.<\/p>\n<p>Compete \u00e0 Banca examinadora:<\/p>\n<p>I. Efetivar o processo de avalia\u00e7\u00e3o do TCC de acordo com os requisitos definidos pela Coordena\u00e7\u00e3o de TCC;<\/p>\n<p>II. Entregar as c\u00f3pias corrigidas e a ficha de avalia\u00e7\u00e3o do trabalho ao professor orientador ap\u00f3s o t\u00e9rmino da defesa.<\/p>\n<p style=\"text-align: center\"><strong>VIII &#8211; Das Disposi\u00e7\u00f5es gerais e transit\u00f3rias<\/strong><\/p>\n<p>Os casos omissos ser\u00e3o decididos pela plen\u00e1ria departamental do Curso de Turismo. Compete \u00e0 plen\u00e1ria dirimir d\u00favidas referentes \u00e0 interpreta\u00e7\u00e3o deste regulamento, expedindo os atos complementares que se fizerem necess\u00e1rios.<\/p>\n<p>(FONTE: PPC DETUR\/2023)<\/p>\n<hr \/>\n<p><strong>DOCUMENTOS NORMATIVOS DE TCC INSTITUCIONAL<\/strong><\/p>\n<ul>\n<li>PORTARIA 01\/2018 &#8211; SIB\/UERN (<a href=\"https:\/\/www.uern.br\/controledepaginas\/depto-turismo-downloads\/arquivos\/1338portaria_01_2018sib_uern.pdf\" target=\"_blank\" rel=\"noopener\">BAIXE AQUI<\/a>)<\/li>\n<li>INSTRU\u00c7\u00c3O NORMATIVA N\u00ba 01\/2018 &#8211; SIB\/UERN\u00a0(<a href=\"https:\/\/www.uern.br\/controledepaginas\/depto-turismo-downloads\/arquivos\/1338instrua%C2%A7a%C2%A3o_normativa_01_2018.pdf\" target=\"_blank\" rel=\"noopener\">BAIXE AQUI<\/a>)<\/li>\n<li>MANUAL NORMATIVO DE TRABALHO DE CONCLUS\u00c3O DE CURSO DA UERN 2022 (<a href=\"http:\/\/www.uern.br\/controledepaginas\/depto-turismo-downloads\/arquivos\/1338manual_de_tcc_uern_2022.pdf\" target=\"_blank\" rel=\"noopener\">BAIXE AQUI<\/a>)<\/li>\n<li>TERMO DE AUTORIZA\u00c7\u00c3O PARA PUBLICA\u00c7\u00c3O ELETR\u00d4NICA PELA BIBLIOTECA (<a href=\"http:\/\/www.uern.br\/controledepaginas\/depto-turismo-downloads\/arquivos\/13385._termo_de_autorizacao_para_publicacao_eletronica_biblioteca.pdf\" target=\"_blank\" rel=\"noopener\">BAIXE AQUI<\/a>)<\/li>\n<\/ul>\n<p>&nbsp;<\/p>\n<p><strong>DOCUMENTOS NORMATIVOS DE MONOGRAFIA\/TCC DO CURSO DE TURISMO<\/strong><\/p>\n<p>1) TERMO DE ACEITE PARA ORIENTA\u00c7\u00c3O DE MONOGRAFIA\u00a0(<a href=\"http:\/\/www.uern.br\/controledepaginas\/depto-turismo-downloads\/arquivos\/13381._termo_de_aceite_do_orientador_2022.2.pdf\" target=\"_blank\" rel=\"noopener\">BAIXE AQUI<\/a>)<\/p>\n<p>2) TERMO DE AUTORIZA\u00c7\u00c3O PARA DEFESA\u00a0(<a href=\"http:\/\/www.uern.br\/controledepaginas\/depto-turismo-downloads\/arquivos\/13382._autorizacao_para_defesa_2022.2.pdf\" target=\"_blank\" rel=\"noopener\">BAIXE AQUI<\/a>)<\/p>\n<p>3) CARTA DE ANU\u00caNCIA\u00a0(<a href=\"http:\/\/www.uern.br\/controledepaginas\/depto-turismo-downloads\/arquivos\/13383._carta_de_anuencia_2022.2.pdf\" target=\"_blank\" rel=\"noopener\">BAIXE AQUI<\/a>)<\/p>\n<p>4) CONTROLE DE FREQU\u00caNCIA DE ORIENTA\u00c7\u00c3O\u00a0(<a href=\"http:\/\/www.uern.br\/controledepaginas\/depto-turismo-downloads\/arquivos\/13384._controle_de_frequencia_de_orientacao_uern.pdf\" target=\"_blank\" rel=\"noopener\">BAIXE AQUI<\/a>)<\/p>\n<p>5) MANUAL NORMATIVO DE TRABALHO DE CONCLUS\u00c3O DE CURSO DA UERN\u00a0(<a href=\"http:\/\/www.uern.br\/controledepaginas\/depto-turismo-downloads\/arquivos\/1338manual_de_tcc_uern_2022.pdf\" target=\"_blank\" rel=\"noopener\">BAIXE AQUI<\/a>)<\/p>\n<hr \/>\n<p><strong>PARA ACESSAR AS MONOGRAFIAS DOS SEMESTRES PASSADOS -&gt;<\/strong>\u00a0<a href=\"https:\/\/drive.google.com\/drive\/folders\/1Dgas215CF-U1vw2ErhO8cYK1oIsvyxV2?usp=sharing\" target=\"_blank\" rel=\"noopener\">CLIQUE AQUI<\/a><\/p>\n<hr \/>\n<p><strong>FOLDER MONOGR\u00c1FICO 2024.1<\/strong>\u00a0(<a href=\"https:\/\/portal.uern.br\/facem\/detur\/wp-content\/uploads\/sites\/11\/2024\/04\/Folder-Monografico-2024.1-Final.pdf\" target=\"_blank\" rel=\"noopener\">ACESSE AQUI<\/a>)<\/p>\n","protected":false},"excerpt":{"rendered":"<p>PARA ACESSAR AS MONOGRAFIAS DOS SEMESTRES PASSADOS -&gt; (CLIQUE AQUI) FOLDER MONOGR\u00c1FICO 2024.1\u00a0(ACESSE AQUI) &nbsp; TRABALHO DE CONCLUS\u00c3O DE CURSO &#8211; TCC O Trabalho de Conclus\u00e3o de Curso (TCC) \u00e9 o componente curricular obrigat\u00f3rio do Curso de Gradua\u00e7\u00e3o em Turismo. S\u00e3o consideradas duas modalidades de trabalhos de conclus\u00e3o de curso, a saber: artigo cient\u00edfico e [&hellip;]<\/p>\n","protected":false},"author":2,"featured_media":0,"parent":0,"menu_order":0,"comment_status":"closed","ping_status":"closed","template":"","meta":{"footnotes":""},"class_list":["post-594","page","type-page","status-publish","hentry"],"_links":{"self":[{"href":"https:\/\/portal.uern.br\/facem\/detur\/wp-json\/wp\/v2\/pages\/594","targetHints":{"allow":["GET"]}}],"collection":[{"href":"https:\/\/portal.uern.br\/facem\/detur\/wp-json\/wp\/v2\/pages"}],"about":[{"href":"https:\/\/portal.uern.br\/facem\/detur\/wp-json\/wp\/v2\/types\/page"}],"author":[{"embeddable":true,"href":"https:\/\/portal.uern.br\/facem\/detur\/wp-json\/wp\/v2\/users\/2"}],"replies":[{"embeddable":true,"href":"https:\/\/portal.uern.br\/facem\/detur\/wp-json\/wp\/v2\/comments?post=594"}],"version-history":[{"count":7,"href":"https:\/\/portal.uern.br\/facem\/detur\/wp-json\/wp\/v2\/pages\/594\/revisions"}],"predecessor-version":[{"id":1000,"href":"https:\/\/portal.uern.br\/facem\/detur\/wp-json\/wp\/v2\/pages\/594\/revisions\/1000"}],"wp:attachment":[{"href":"https:\/\/portal.uern.br\/facem\/detur\/wp-json\/wp\/v2\/media?parent=594"}],"curies":[{"name":"wp","href":"https:\/\/api.w.org\/{rel}","templated":true}]}}