{"id":583,"date":"2023-07-21T11:31:13","date_gmt":"2023-07-21T14:31:13","guid":{"rendered":"https:\/\/portal.uern.br\/facem\/detur\/?page_id=583"},"modified":"2025-05-22T09:34:35","modified_gmt":"2025-05-22T12:34:35","slug":"egressos","status":"publish","type":"page","link":"https:\/\/portal.uern.br\/facem\/detur\/egressos\/","title":{"rendered":"Egressos"},"content":{"rendered":"<p><strong><img fetchpriority=\"high\" decoding=\"async\" class=\"aligncenter\" src=\"https:\/\/www.uern.br\/controledepaginas\/depto-turismo-egressos\/imagens\/1336egressos.jpg\" alt=\"\" width=\"576\" height=\"251\" \/><\/strong><\/p>\n<hr \/>\n<p><strong>PERFIL DE COMPET\u00caNCIAS E HABILIDADES DO EGRESSO DE TURISMO<\/strong><\/p>\n<p><strong>PERFIL DO EGRESSO<\/strong><\/p>\n<p>Os egressos do Curso de Turismo da UERN ser\u00e3o profissionais capazes e aptos a ter uma compreens\u00e3o das quest\u00f5es cient\u00edficas, t\u00e9cnicas, sociais, econ\u00f4micas e culturais que se configuram na atividade tur\u00edstica, bem como egressos habilitados para o planejamento e gest\u00e3o dos v\u00e1rios segmentos de atua\u00e7\u00e3o do mercado tur\u00edstico, tanto do setor p\u00fablico como privado, estando assim preparados para o desenvolvimento do turismo com \u00eanfase no local, al\u00e9m de poder atuar tamb\u00e9m na \u00e1rea da doc\u00eancia e pesquisa.<\/p>\n<p>Assim, o bacharel em turismo dever\u00e1 apresentar habilidade de trabalhar de forma interdisciplinar e utilizar metodologias adequadas na elabora\u00e7\u00e3o de programas, projetos e planos de desenvolvimento do turismo em munic\u00edpios e outros espa\u00e7os, contribuindo para a melhoria da qualidade de vida, valoriza\u00e7\u00e3o e preserva\u00e7\u00e3o dos recursos naturais, culturais e humanos.<\/p>\n<p>Sendo assim, a forma\u00e7\u00e3o proposta \u00e9 generalista, tendo em vista que a matriz curricular abrange disciplinas das ci\u00eancias humanas, sociais e econ\u00f4micas, interagindo com a geografia, hist\u00f3ria, sociologia, antropologia, filosofia, bem como, \u00e9 tamb\u00e9m especializada, no que diz respeito \u00e0s disciplinas de forma\u00e7\u00e3o espec\u00edfica como administra\u00e7\u00e3o, economia, direito, l\u00edngua estrangeira, eventos, agenciamento, transportes, planejamento e organiza\u00e7\u00e3o. Objetiva, ainda, contribuir para que o profissional atue, com compet\u00eancia, nas discrep\u00e2ncias existentes entre conhecimentos te\u00f3ricos e pr\u00e1ticos pertinentes \u00e0 profiss\u00e3o com as disciplinas dos conte\u00fados te\u00f3rico-pr\u00e1ticos, por meio de treinamento em empresas juniores, visitas t\u00e9cnicas, congressos, semin\u00e1rios, projetos de extens\u00e3o e dos est\u00e1gios curriculares supervisionados, sendo os egressos do curso capazes de agir com efic\u00e1cia diante do manejo de t\u00e9cnicas e instrumentos em condi\u00e7\u00f5es novas e desafiadoras.<\/p>\n<p>Diante disto, pretende-se que o egresso re\u00fana em suas atitudes, quando este estiver atuando no mercado, consci\u00eancia da cidadania e princ\u00edpios \u00e9ticos no relacionamento com os agentes envolvidos com a atividade tur\u00edstica nos diversos aspectos. Deve apresentar ainda, capacidade de comunica\u00e7\u00e3o, senso de observa\u00e7\u00e3o e lideran\u00e7a, al\u00e9m de iniciativa empreendedora; capacidade de apreens\u00e3o, transmiss\u00e3o cr\u00edtica e produ\u00e7\u00e3o criativa para o turismo, aliada ao racioc\u00ednio l\u00f3gico e \u00e0 consci\u00eancia da necessidade permanente de atualiza\u00e7\u00e3o, n\u00e3o deixando de contemplar o compromisso com a responsabilidade social e ambiental que envolvem o desenvolvimento do turismo.<\/p>\n<p><strong>\u00c1REAS DE ATUA\u00c7\u00c3O\u00a0<\/strong><\/p>\n<ul>\n<li>Hot\u00e9is, flats, campings, resorts, albergues, pousadas;<\/li>\n<li>Empresas e espa\u00e7os de lazer e turismo, centros culturais;<\/li>\n<li>Parques tem\u00e1ticos;<\/li>\n<li>Ag\u00eancias de viagens e turismo;<\/li>\n<li>Transportadoras tur\u00edsticas;<\/li>\n<li>Centros de conven\u00e7\u00f5es e empresas organizadoras de feiras e congressos;<\/li>\n<li>Casas de espet\u00e1culos, bares, danceterias;<\/li>\n<li>Estabelecimentos de alimentos e bebidas;<\/li>\n<li>Empresas de informa\u00e7\u00e3o, divulga\u00e7\u00e3o e documenta\u00e7\u00e3o tur\u00edstica;<\/li>\n<li>Empresas e \u00f3rg\u00e3os p\u00fablicos que desenvolvem atividades de planejamento e organiza\u00e7\u00e3o para o turismo;<\/li>\n<li>Empresas \/ Entidades de forma\u00e7\u00e3o e treinamento de recursos humanos para o mercado.<\/li>\n<\/ul>\n<p><strong>COMPET\u00caNCIAS E HABILIDADES<\/strong><\/p>\n<p>Os egressos do Curso de Turismo estar\u00e3o aptos a apresentar as seguintes compet\u00eancias e habilidades:<\/p>\n<ol>\n<li>Compreender as pol\u00edticas nacionais e regionais sobre turismo;<\/li>\n<li>Aplicar a metodologia do planejamento em projetos, planos e programas;<\/li>\n<li>Planejar e operacionalizar de forma respons\u00e1vel o invent\u00e1rio tur\u00edstico para detectar \u00e1reas novas e emergentes de neg\u00f3cios;<\/li>\n<li>Planejar e operacionalizar estudos de viabilidade econ\u00f4mico-financeira de empreendimentos e projetos tur\u00edsticos;<\/li>\n<li>Interpretar a legisla\u00e7\u00e3o pertinente;<\/li>\n<li>Planejar, executar e gerir projetos e programas estrat\u00e9gicos em empreendimentos tur\u00edsticos;<\/li>\n<li>Empreender e analisar criticamente as organiza\u00e7\u00f5es tur\u00edsticas, antecipando e promovendo suas transforma\u00e7\u00f5es necess\u00e1rias para a sua melhoria continuada;<\/li>\n<li>Interpretar, avaliar e selecionar informa\u00e7\u00f5es geogr\u00e1ficas, hist\u00f3ricas, art\u00edsticas, esportivas, recreativas e de entretenimento, entre outras;<\/li>\n<li>Identificar, analisar e avaliar os poss\u00edveis efeitos positivos e negativos provocados pelas atividades em determinados espa\u00e7os e comunidades;<\/li>\n<li>Pesquisar para a formata\u00e7\u00e3o do produto tur\u00edstico com rela\u00e7\u00e3o ao dimensionamento da oferta e cria\u00e7\u00e3o de banco de dados;<\/li>\n<li>Selecionar os locais do mercado emissor onde dever\u00e1 centralizar as promo\u00e7\u00f5es dos pacotes e servi\u00e7os;<\/li>\n<li>Analisar os mercados receptivos e definir a imagem tur\u00edstica que se projetar\u00e1 em cada um deles;<\/li>\n<li>Aplicar a metodologia cient\u00edfica no desenvolvimento de estudos e pesquisas b\u00e1sicas e aplicadas;<\/li>\n<li>Planejar e ministrar cursos e treinamentos nos v\u00e1rios segmentos do mercado;<\/li>\n<li>Integrar-se e contribuir para a a\u00e7\u00e3o de equipes interdisciplinares e multidisciplinares e interagir criativamente face aos diferentes contextos sociais, bem como resolver situa\u00e7\u00f5es com flexibilidade e adaptabilidade diante de problemas organizacionais;<\/li>\n<li>Habilidade no manejo com a inform\u00e1tica e com outros recursos tecnol\u00f3gicos;<\/li>\n<li>Comunica\u00e7\u00e3o interpessoal, intelectual e express\u00e3o correta nos documentos t\u00e9cnicos espec\u00edficos e de interpreta\u00e7\u00e3o da realidade das organiza\u00e7\u00f5es;<\/li>\n<li>Cultivar uma personalidade \u00edntegra, dignificante \u00e0 profiss\u00e3o atrav\u00e9s de uma postura de um equil\u00edbrio moral e \u00e9tico;<\/li>\n<li>Ser um profissional atuante, respons\u00e1vel e plenamente qualificado para o exerc\u00edcio do turismo, utilizando-se dos recursos tur\u00edsticos como forma de educar, orientar, assessorar, planejar e administrar a satisfa\u00e7\u00e3o das necessidades dos turistas, das empresas e institui\u00e7\u00f5es p\u00fablicas e privadas e da popula\u00e7\u00e3o residente;<\/li>\n<li>Perceber a necessidade constante de aperfei\u00e7oamento profissional acompanhando a evolu\u00e7\u00e3o cient\u00edfica e tecnol\u00f3gica;<\/li>\n<li>Entender a complexidade do mundo globalizado e das sociedades p\u00f3s-industriais, onde os setores de turismo e entretenimento na atualidade encontram ambientes prop\u00edcios para se desenvolver.<\/li>\n<\/ol>\n<p><strong>ACOMPANHAMENTO DOS EGRESSOS<\/strong><\/p>\n<p>O Curso de Turismo do Campus Central da Universidade do Estado do Rio Grande do Norte est\u00e1 completando, efetivamente, 16 anos de exist\u00eancia.\u00a0 Criado em 08 de agosto de 2008, em 2024 contabiliza, portanto, um total de 16 entradas. No ano de 2024 formou a sua vig\u00e9sima quarta turma (turmas formadas por semestres), totalizando um n\u00famero de 154 diplomados.<\/p>\n<p>Para acompanhar os egressos da UERN, a universidade disponibilizou um formul\u00e1rio que consta no link abaixo:<\/p>\n<p><a href=\"https:\/\/docs.google.com\/forms\/d\/e\/1FAIpQLSfJYePQ_RGF1tAoBBmwtExYwuAocA9vaNBx7GqEynMalWPtjw\/viewform\" target=\"_blank\" rel=\"noopener\">FORMUL\u00c1RIO DE COMPANHAMENTO DE EGRESSOS<\/a><\/p>\n<p>Tal instrumento foi pensado para fazer o acompanhamento cont\u00ednuo e ininterrupto de como est\u00e1 o egresso de turismo da UERN\/Mossor\u00f3.<\/p>\n<p>Conhe\u00e7a, tamb\u00e9m, o portal do egresso da nossa universidade atrav\u00e9z do link:\u00a0<a href=\"http:\/\/portal.uern.br\/egressos\/\">PORTAL DO EGRESSO<\/a><a href=\"http:\/\/portal.uern.br\/egressos\/\"><br \/>\n<\/a><\/p>\n","protected":false},"excerpt":{"rendered":"<p>PERFIL DE COMPET\u00caNCIAS E HABILIDADES DO EGRESSO DE TURISMO PERFIL DO EGRESSO Os egressos do Curso de Turismo da UERN ser\u00e3o profissionais capazes e aptos a ter uma compreens\u00e3o das quest\u00f5es cient\u00edficas, t\u00e9cnicas, sociais, econ\u00f4micas e culturais que se configuram na atividade tur\u00edstica, bem como egressos habilitados para o planejamento e gest\u00e3o dos v\u00e1rios segmentos [&hellip;]<\/p>\n","protected":false},"author":2,"featured_media":0,"parent":0,"menu_order":0,"comment_status":"closed","ping_status":"closed","template":"","meta":{"footnotes":""},"class_list":["post-583","page","type-page","status-publish","hentry"],"_links":{"self":[{"href":"https:\/\/portal.uern.br\/facem\/detur\/wp-json\/wp\/v2\/pages\/583","targetHints":{"allow":["GET"]}}],"collection":[{"href":"https:\/\/portal.uern.br\/facem\/detur\/wp-json\/wp\/v2\/pages"}],"about":[{"href":"https:\/\/portal.uern.br\/facem\/detur\/wp-json\/wp\/v2\/types\/page"}],"author":[{"embeddable":true,"href":"https:\/\/portal.uern.br\/facem\/detur\/wp-json\/wp\/v2\/users\/2"}],"replies":[{"embeddable":true,"href":"https:\/\/portal.uern.br\/facem\/detur\/wp-json\/wp\/v2\/comments?post=583"}],"version-history":[{"count":6,"href":"https:\/\/portal.uern.br\/facem\/detur\/wp-json\/wp\/v2\/pages\/583\/revisions"}],"predecessor-version":[{"id":999,"href":"https:\/\/portal.uern.br\/facem\/detur\/wp-json\/wp\/v2\/pages\/583\/revisions\/999"}],"wp:attachment":[{"href":"https:\/\/portal.uern.br\/facem\/detur\/wp-json\/wp\/v2\/media?parent=583"}],"curies":[{"name":"wp","href":"https:\/\/api.w.org\/{rel}","templated":true}]}}