{"id":571,"date":"2023-07-21T11:21:19","date_gmt":"2023-07-21T14:21:19","guid":{"rendered":"https:\/\/portal.uern.br\/facem\/detur\/?page_id=571"},"modified":"2025-08-04T11:46:52","modified_gmt":"2025-08-04T14:46:52","slug":"horario-do-semestre","status":"publish","type":"page","link":"https:\/\/portal.uern.br\/facem\/detur\/horario-do-semestre\/","title":{"rendered":"Hor\u00e1rio do Semestre"},"content":{"rendered":"<ul>\n<li><strong>Hor\u00e1rio do semestre letivo 2024.2 MATUTINO<\/strong> (<a href=\"https:\/\/portal.uern.br\/facem\/detur\/wp-content\/uploads\/sites\/11\/2024\/09\/Horario-Matutino-2024.2.pdf\" target=\"_blank\" rel=\"noopener\">CLIQUE AQUI<\/a>)<\/li>\n<li><strong>Hor\u00e1rio do semestre letivo 2024.2 NOTURNO <\/strong>(<a href=\"https:\/\/portal.uern.br\/facem\/detur\/wp-content\/uploads\/sites\/11\/2024\/09\/Horario-Noturno-2024.2.pdf\" target=\"_blank\" rel=\"noopener\">CLIQUE AQUI<\/a>)<\/li>\n<li><strong>Hor\u00e1rio do semestre letivo 2025.1 MATUTINO<\/strong> (<a href=\"https:\/\/portal.uern.br\/facem\/detur\/wp-content\/uploads\/sites\/11\/2025\/05\/Hora\u0301rio-Matutino-2025.1.pdf\" target=\"_blank\" rel=\"noopener\">CLIQUE AQUI<\/a>)<\/li>\n<li><strong>Hor\u00e1rio do semestre letivo 2025.1 NOTURNO <\/strong>(<a href=\"https:\/\/portal.uern.br\/facem\/detur\/wp-content\/uploads\/sites\/11\/2025\/05\/Hora\u0301rio-Noturno-2025.1.pdf\" target=\"_blank\" rel=\"noopener\">CLIQUE AQUI<\/a>)<\/li>\n<li><strong>Hor\u00e1rio do semestre letivo 2025.2 MATUTINO<\/strong> (<a href=\"https:\/\/portal.uern.br\/facem\/detur\/wp-content\/uploads\/sites\/11\/2025\/08\/Hora\u0301rio-Matutino-2025.2.pdf\" target=\"_blank\" rel=\"noopener\">CLIQUE AQUI<\/a>)<\/li>\n<li><strong>Hor\u00e1rio do semestre letivo 2025.2 NOTURNO <\/strong>(<a href=\"https:\/\/portal.uern.br\/facem\/detur\/wp-content\/uploads\/sites\/11\/2025\/08\/Hora\u0301rio-Noturno-2025.2.pdf\" target=\"_blank\" rel=\"noopener\">CLIQUE AQUI<\/a>)<\/li>\n<\/ul>\n","protected":false},"excerpt":{"rendered":"<p>Hor\u00e1rio do semestre letivo 2024.2 MATUTINO (CLIQUE AQUI) Hor\u00e1rio do semestre letivo 2024.2 NOTURNO (CLIQUE AQUI) Hor\u00e1rio do semestre letivo 2025.1 MATUTINO (CLIQUE AQUI) Hor\u00e1rio do semestre letivo 2025.1 NOTURNO (CLIQUE AQUI) Hor\u00e1rio do semestre letivo 2025.2 MATUTINO (CLIQUE AQUI) Hor\u00e1rio do semestre letivo 2025.2 NOTURNO (CLIQUE AQUI)<\/p>\n","protected":false},"author":2,"featured_media":0,"parent":0,"menu_order":0,"comment_status":"closed","ping_status":"closed","template":"","meta":{"footnotes":""},"class_list":["post-571","page","type-page","status-publish","hentry"],"_links":{"self":[{"href":"https:\/\/portal.uern.br\/facem\/detur\/wp-json\/wp\/v2\/pages\/571","targetHints":{"allow":["GET"]}}],"collection":[{"href":"https:\/\/portal.uern.br\/facem\/detur\/wp-json\/wp\/v2\/pages"}],"about":[{"href":"https:\/\/portal.uern.br\/facem\/detur\/wp-json\/wp\/v2\/types\/page"}],"author":[{"embeddable":true,"href":"https:\/\/portal.uern.br\/facem\/detur\/wp-json\/wp\/v2\/users\/2"}],"replies":[{"embeddable":true,"href":"https:\/\/portal.uern.br\/facem\/detur\/wp-json\/wp\/v2\/comments?post=571"}],"version-history":[{"count":16,"href":"https:\/\/portal.uern.br\/facem\/detur\/wp-json\/wp\/v2\/pages\/571\/revisions"}],"predecessor-version":[{"id":1053,"href":"https:\/\/portal.uern.br\/facem\/detur\/wp-json\/wp\/v2\/pages\/571\/revisions\/1053"}],"wp:attachment":[{"href":"https:\/\/portal.uern.br\/facem\/detur\/wp-json\/wp\/v2\/media?parent=571"}],"curies":[{"name":"wp","href":"https:\/\/api.w.org\/{rel}","templated":true}]}}