{"id":567,"date":"2023-07-21T11:14:22","date_gmt":"2023-07-21T14:14:22","guid":{"rendered":"https:\/\/portal.uern.br\/facem\/detur\/?page_id=567"},"modified":"2025-05-22T09:19:20","modified_gmt":"2025-05-22T12:19:20","slug":"extensao","status":"publish","type":"page","link":"https:\/\/portal.uern.br\/facem\/detur\/extensao\/","title":{"rendered":"Extens\u00e3o"},"content":{"rendered":"<p><strong><img fetchpriority=\"high\" decoding=\"async\" class=\"aligncenter\" src=\"https:\/\/www.uern.br\/controledepaginas\/depto-turismo-extensao-apresentacao\/imagens\/0431extens%C3%A3%C6%92o.jpg\" alt=\"\" width=\"576\" height=\"251\" \/><\/strong><\/p>\n<hr \/>\n<p><strong>POL\u00cdTICA DE EXTENS\u00c3O<\/strong><\/p>\n<p>A Extens\u00e3o Universit\u00e1ria, entendida como uma das fun\u00e7\u00f5es que comp\u00f5em os pilares da Universidade tem por objetivo favorecer uma din\u00e2mica entre a sociedade e comunidade acad\u00eamica, a partir da rela\u00e7\u00e3o teoria e pr\u00e1tica possibilitando melhor forma\u00e7\u00e3o do ser humano, enquanto sujeito ativo no processo de integra\u00e7\u00e3o social e de dissemina\u00e7\u00e3o do conhecimento.<\/p>\n<p>A extens\u00e3o universit\u00e1ria \u00e9 a possibilidade que o estudante tem de colaborar com a na\u00e7\u00e3o, socializando o conhecimento, estreitando as barreiras existentes entre a comunidade e a universidade. Trata-se do relacionamento entre a teoria e a pr\u00e1tica, ou seja, faz com que o conhecimento ultrapasse as salas de aula, indo al\u00e9m, permitindo o aprendizado tamb\u00e9m pela aplica\u00e7\u00e3o, fazendo e praticando.<\/p>\n<p>A universidade pode planejar e executar as atividades de extens\u00e3o respeitando e n\u00e3o violando esses valores e cultura. A universidade, atrav\u00e9s da Extens\u00e3o, influencia e tamb\u00e9m \u00e9 influenciada pela comunidade, ou seja, possibilita uma troca de valores entre a universidade e o meio.<\/p>\n<p>A extens\u00e3o universit\u00e1ria revela-se como uma obrigatoriedade constitucional disposta no artigo 207, da Constitui\u00e7\u00e3o Brasileira. Declara que \u201cas universidades gozam de autonomia did\u00e1tico-cient\u00edfica, administrativa e da gest\u00e3o financeira e patrimonial e obedecer\u00e3o ao princ\u00edpio da indissociabilidade entre ensino, pesquisa e extens\u00e3o\u201d.<\/p>\n<p>O conceito de Extens\u00e3o definido pelo F\u00f3rum de Pr\u00f3-Reitores de Extens\u00e3o das Universidades P\u00fablicas Brasileiras de 2001 sobressai que: a extens\u00e3o universit\u00e1ria \u00e9 o processo educativo que articula o ensino e a pesquisa de forma indissoci\u00e1vel e viabiliza a rela\u00e7\u00e3o transformadora entre universidade e a sociedade. A extens\u00e3o \u00e9 uma via de m\u00e3o dupla com tr\u00e2nsito assegurado \u00e0 comunidade acad\u00eamica, que encontrar\u00e1 na sociedade a oportunidade da elabora\u00e7\u00e3o da pr\u00e1xis de um conhecimento acad\u00eamico.<\/p>\n<p>O objetivo da Extens\u00e3o Universit\u00e1ria \u00e9 firmar a sua import\u00e2ncia, como articuladora privilegiada da pesquisa e do ensino, no di\u00e1logo efetivo com a sociedade, contribuindo para o desenvolvimento de a\u00e7\u00f5es que possam proporcionar a inclus\u00e3o social e a dissemina\u00e7\u00e3o da cultura, entendidas como condi\u00e7\u00f5es b\u00e1sicas necess\u00e1rias no universo acad\u00eamico.<\/p>\n<p>Reafirma-se, cada vez mais, a necessidade de se articular o espa\u00e7o universit\u00e1rio com a sociedade, numa din\u00e2mica constante que possibilite ao docente a capacita\u00e7\u00e3o, ao aluno o contato direto com as realidades e \u00e0 comunidade o direito ao exerc\u00edcio da cidadania.<\/p>\n<p>Nessa perspectiva, a Extens\u00e3o Universit\u00e1ria pode e deve contribuir para a eleva\u00e7\u00e3o do senso cr\u00edtico, para a amplia\u00e7\u00e3o de novos horizontes e sinalizar para a constru\u00e7\u00e3o de outros referenciais importantes para o desenvolvimento social e de qualidade de vida da popula\u00e7\u00e3o.<\/p>\n<p>O DETUR por meio dos projetos de extens\u00e3o vem desenvolvendo projetos que visam a\u00e7\u00f5es interdisciplinares nas diferentes esferas do conhecimento, atrav\u00e9s da promo\u00e7\u00e3o de a\u00e7\u00f5es reflexivas, inovadoras e transformadoras no contexto social.<\/p>\n<p>O Departamento desenvolve atividades de extens\u00e3o desde o ano de 2009. Os projetos envolvem docentes e discentes de diferentes per\u00edodos e gradua\u00e7\u00f5es.<\/p>\n<p>Ressalta-se que o objetivo dessas a\u00e7\u00f5es \u00e9 possibilitar um contato com o mercado e com as demandas sociais, capacitando o aluno para a vida profissional com princ\u00edpios de \u00e9tica, cidadania e participa\u00e7\u00e3o e sua responsabilidade com a sociedade em que vive.<\/p>\n<hr \/>\n<p><strong>PROJETOS DE EXTENS\u00c3O<\/strong><\/p>\n<p><a href=\"https:\/\/www.uern.br\/controledepaginas\/depto-turismo-extensao-apresentacao\/arquivos\/0431projetos_de_extensa%C6%92o.pdf\" target=\"_blank\" rel=\"noopener\">PROJETOS DE EXTENS\u00c3O DESENVOLVIDOS PELO DETUR AT\u00c9 2018<\/a><\/p>\n<p>PROJETOS DE EXTENS\u00c3O DESENVOLVIDOS PELO DETUR EM 2025<\/p>\n<ul>\n<li>Programa de Capacita\u00e7\u00e3o Profissional em Turismo &#8211; PCPTUR<\/li>\n<li>ADELANTE: Programa de Educa\u00e7\u00e3o Ambiental em Escolas P\u00fablicas de Mossor\u00f3<\/li>\n<\/ul>\n<p>&nbsp;<\/p>\n<hr \/>\n<p><strong>PARA MAIS INFORMA\u00c7\u00d5ES SOBRE O PROGRAMA DE EXTENS\u00c3O<\/strong>\u00a0<a href=\"https:\/\/portal.uern.br\/proex\/\" target=\"_blank\" rel=\"noopener\">CLIQUE AQUI<\/a><\/p>\n","protected":false},"excerpt":{"rendered":"<p>POL\u00cdTICA DE EXTENS\u00c3O A Extens\u00e3o Universit\u00e1ria, entendida como uma das fun\u00e7\u00f5es que comp\u00f5em os pilares da Universidade tem por objetivo favorecer uma din\u00e2mica entre a sociedade e comunidade acad\u00eamica, a partir da rela\u00e7\u00e3o teoria e pr\u00e1tica possibilitando melhor forma\u00e7\u00e3o do ser humano, enquanto sujeito ativo no processo de integra\u00e7\u00e3o social e de dissemina\u00e7\u00e3o do conhecimento. [&hellip;]<\/p>\n","protected":false},"author":2,"featured_media":0,"parent":0,"menu_order":0,"comment_status":"closed","ping_status":"closed","template":"","meta":{"footnotes":""},"class_list":["post-567","page","type-page","status-publish","hentry"],"_links":{"self":[{"href":"https:\/\/portal.uern.br\/facem\/detur\/wp-json\/wp\/v2\/pages\/567","targetHints":{"allow":["GET"]}}],"collection":[{"href":"https:\/\/portal.uern.br\/facem\/detur\/wp-json\/wp\/v2\/pages"}],"about":[{"href":"https:\/\/portal.uern.br\/facem\/detur\/wp-json\/wp\/v2\/types\/page"}],"author":[{"embeddable":true,"href":"https:\/\/portal.uern.br\/facem\/detur\/wp-json\/wp\/v2\/users\/2"}],"replies":[{"embeddable":true,"href":"https:\/\/portal.uern.br\/facem\/detur\/wp-json\/wp\/v2\/comments?post=567"}],"version-history":[{"count":6,"href":"https:\/\/portal.uern.br\/facem\/detur\/wp-json\/wp\/v2\/pages\/567\/revisions"}],"predecessor-version":[{"id":996,"href":"https:\/\/portal.uern.br\/facem\/detur\/wp-json\/wp\/v2\/pages\/567\/revisions\/996"}],"wp:attachment":[{"href":"https:\/\/portal.uern.br\/facem\/detur\/wp-json\/wp\/v2\/media?parent=567"}],"curies":[{"name":"wp","href":"https:\/\/api.w.org\/{rel}","templated":true}]}}