{"id":550,"date":"2023-07-21T09:28:37","date_gmt":"2023-07-21T12:28:37","guid":{"rendered":"https:\/\/portal.uern.br\/facem\/detur\/?page_id=550"},"modified":"2025-05-22T10:17:19","modified_gmt":"2025-05-22T13:17:19","slug":"grupos-de-pesquisa","status":"publish","type":"page","link":"https:\/\/portal.uern.br\/facem\/detur\/grupos-de-pesquisa\/","title":{"rendered":"Grupos de Pesquisa"},"content":{"rendered":"<p><img fetchpriority=\"high\" decoding=\"async\" class=\"aligncenter\" src=\"https:\/\/www.uern.br\/controledepaginas\/depto-turismo-grupos-pesquisa\/imagens\/0425grupos_de_pesquisa.jpg\" alt=\"\" width=\"576\" height=\"251\" \/><\/p>\n<hr \/>\n<p><strong>PROJETO DE PESQUISA DESENVOLVIDO EM 2019\/2020<\/strong><\/p>\n<ul>\n<li>Criminalidade, Seguran\u00e7a P\u00fablica e Viol\u00eancia Urbana Em Destinos Tur\u00edsticos: Um Estudo Bibliogr\u00e1fico Acerca da Produ\u00e7\u00e3o Acad\u00eamica Brasileira (<a href=\"https:\/\/www.uern.br\/controledepaginas\/propeg-iniciacao-cientifica-pibic\/arquivos\/15952019_2020_memorando_circular_011_2019_resultado_final.pdf\" target=\"_blank\" rel=\"noopener\">CLIQUE AQUI<\/a>)<\/li>\n<\/ul>\n<p><strong>PROJETO DE PESQUISA DESENVOLVIDO EM 2020\/2021<\/strong><\/p>\n<ul>\n<li>TURISMO EM TEMPOS DE COVID-19: Um Panorama do Rio Grande do Norte (<a href=\"http:\/\/portal.uern.br\/blog\/uern-elabora-estudo-sobre-comportamento-do-setor-do-turismo-no-rn-na-pandemia\/\" target=\"_blank\" rel=\"noopener\">CLIQUE AQUI<\/a>)<\/li>\n<\/ul>\n<p><strong>PROJETO DE PESQUISA DESENVOLVIDO EM 2021\/2022<\/strong><\/p>\n<ul>\n<li>A Din\u00e2mica do Turismo Potiguar No Contexto da Pandemia da Covid19. (<a href=\"https:\/\/www.uern.br\/controledepaginas\/propeg-iniciacao-cientifica-pibic\/arquivos\/15952021_2022_edital_018_2021_propeg_uern_resultado_final.pdf\" target=\"_blank\" rel=\"noopener\">CLIQUE AQUI<\/a>)<\/li>\n<li>Cinema e Narrativas Ideol\u00f3gicas: Clich\u00eas e Estere\u00f3tipos Sobre O Brasil No Filme \u201cturistas\u201d, de John Stockwell\u00a0 (<a href=\"https:\/\/www.uern.br\/controledepaginas\/propeg-iniciacao-cientifica-pibic\/arquivos\/15952021_2022_edital_018_2021_propeg_uern_resultado_final.pdf\" target=\"_blank\" rel=\"noopener\">CLIQUE AQUI<\/a>)<\/li>\n<\/ul>\n<p><strong>PROJETO DE PESQUISA DESENVOLVIDO EM 2022\/2023<\/strong><\/p>\n<ul>\n<li>Governan\u00e7a Tur\u00edstica Na Perspectiva do Desenvolvimento Regional do Polo Costa Branca\/rn\/brasil. (<a href=\"https:\/\/www.uern.br\/controledepaginas\/propeg-iniciacao-cientifica-pibic\/arquivos\/15952022_2023_edital_na_022.2022_divulga_resultado_final_pibic_pibiti_e_pibic_em.pdf\" target=\"_blank\" rel=\"noopener\">CLIQUE AQUI<\/a>)<\/li>\n<li>Cinema, Estigma e Ideologia: Perspectivas N\u00e3o Autorizadas Sobre O Brasil Nos Curtas-metragens Al\u00f4 Amigos: Aquarela (1942) e Voc\u00ea J\u00e1 Foi \u00c0 Bahia? (1944) (<a href=\"https:\/\/www.uern.br\/controledepaginas\/propeg-iniciacao-cientifica-pibic\/arquivos\/15952022_2023_edital_na_022.2022_divulga_resultado_final_pibic_pibiti_e_pibic_em.pdf\" target=\"_blank\" rel=\"noopener\">CLIQUE AQUI<\/a>)<\/li>\n<\/ul>\n<p><strong>PROJETO DE PESQUISA DESENVOLVIDO EM 2023\/2024<\/strong><\/p>\n<ul>\n<li>Governan\u00e7a Tur\u00edstica Na Perspectiva do Desenvolvimento Regional do Polo Costa Branca\/rn\/brasil. (<a href=\"https:\/\/portal.uern.br\/propeg\/wp-content\/uploads\/2023\/07\/RESULTADO-FINAL-PIBIC-23.24.pdf\" target=\"_blank\" rel=\"noopener\">CLIQUE AQUI<\/a>)<\/li>\n<li>Turismo, Mercado de Trabalho e Desigualdades de G\u00eanero: Discutindo O Capital Er\u00f3tico Em Meios de Hospedagem Na Cidade de Mossor\u00f3\/rn (<a href=\"https:\/\/portal.uern.br\/propeg\/wp-content\/uploads\/2023\/07\/RESULTADO-FINAL-PIBIC-23.24.pdf\" target=\"_blank\" rel=\"noopener\">CLIQUE AQUI<\/a>)<\/li>\n<\/ul>\n<p>&nbsp;<\/p>\n<hr \/>\n<p>Na Lei de Diretrizes e Bases da Educa\u00e7\u00e3o Nacional para o Ensino Superior consta que \u00e9 tarefa das Institui\u00e7\u00f5es de Ensino Superior (IES) incentivar o trabalho de pesquisa e investiga\u00e7\u00e3o cient\u00edfica. Destarte, a produ\u00e7\u00e3o cient\u00edfica \u00e9 condi\u00e7\u00e3o\u00a0<em>sine qua non<\/em>\u00a0ao desenvolvimento das atividades acad\u00eamicas de uma Universidade.<\/p>\n<p>Genericamente a pesquisa deve estar vinculada a \u00eanfase do Curso de Turismo, isto \u00e9, a gest\u00e3o da atividade com base local (sustent\u00e1vel). Todavia, n\u00e3o impede o acesso a outras \u00e1reas do conhecimento, tanto do ponto de vista te\u00f3rico, quanto da empiria.<\/p>\n<p>A presente pol\u00edtica de pesquisa tamb\u00e9m deve estar atrelada a realidade regional, as necessidades do espa\u00e7o no qual est\u00e1 localizada a UERN e ao perfil do egresso.<\/p>\n<p>Nos \u00faltimos anos o Departamento de Turismo do Campus Central\/Mossor\u00f3 vem investindo esfor\u00e7os no desenvolvimento e consolida\u00e7\u00e3o do Grupo de Estudos Tur\u00edsticos \u2013 GET\/UERN, onde estabeleceu novos par\u00e2metros para suas atividades acad\u00eamicas. A Comiss\u00e3o de Pesquisa, respons\u00e1vel por sua formula\u00e7\u00e3o, implanta\u00e7\u00e3o, acompanhamento e avalia\u00e7\u00e3o j\u00e1 desenvolveu a\u00e7\u00f5es neste sentido, dentre elas, a defini\u00e7\u00e3o das linhas de pesquisas a partir da \u00e1rea de atua\u00e7\u00e3o dos interesses dos docentes e o incentivo e apoio para a proposi\u00e7\u00e3o de novos projetos de pesquisa.<\/p>\n<p>O Grupo de Estudos Tur\u00edsticos &#8211; GET\/UERN foi registrado junto ao\u00a0Conselho Nacional de Desenvolvimento Cient\u00edfico e Tecnol\u00f3gico\u00a0(CNPq) no ano de 2008, realizando a\u00e7\u00f5es que j\u00e1 resultaram em diversos avan\u00e7os no que se refere \u00e0 amplia\u00e7\u00e3o de op\u00e7\u00f5es oferecidas aos alunos para a pr\u00e1tica da pesquisa acad\u00eamica, bem como v\u00eam contribuindo decisivamente para a consolida\u00e7\u00e3o de uma cultura de pesquisa entre os professores e alunos do Departamento.<\/p>\n<p>Atualmente o GET\/UERN tem como objetivo desenvolver estudos e pesquisas acerca da atividade tur\u00edstica e de sua repercuss\u00e3o no espa\u00e7o e na sociedade, no intuito de produzir conhecimentos que possam contribuir para uma melhor reflex\u00e3o e compreens\u00e3o do turismo como atividade social.<\/p>\n<p>O GET\/UERN conta com tr\u00eas pesquisas conclu\u00eddas e cinco pesquisas em andamento. Estas \u00faltimas envolvem dois docentes do Curso de Turismo e um docente do Curso de Administra\u00e7\u00e3o, al\u00e9m de discentes de diferentes per\u00edodos da gradua\u00e7\u00e3o.<\/p>\n<p><strong>L\u00edderes do GET: Profa. Dra. Rosa Maria Rodrigues Lopes &amp; Prof. Dr. Sidcley D\u00b4Sordi Alves Alegrini<\/strong><\/p>\n<p>A expans\u00e3o da pesquisa no \u00e2mbito do DETUR\/UERN, no ano de 2013 foi criado o\u00a0<em>Grupo de Pesquisas em Lazer, Turismo e Trabalho (GEPLAT\/UERN)<\/em>, grupo registrado junto ao\u00a0Conselho Nacional de Desenvolvimento Cient\u00edfico e Tecnol\u00f3gico\u00a0(CNPq) e certificado pela UERN.<\/p>\n<p>A Revista Turismo Estudos e Pr\u00e1ticas (RTEP) \u00e9 editada pelo Grupo de Pesquisas em Lazer, Turismo e Trabalho (GEPLAT\/UERN), tendo como editor o prof. Dr. Jean Henrique Costa, fundador e l\u00edder institucional do grupo.<\/p>\n<p>Atualmente, a Revista possui avalia\u00e7\u00e3o Qualis Capes B2 na \u00e1rea interdisciplinar e B4 na \u00e1rea de turismo. Embora seja um peri\u00f3dico recente e de abrang\u00eancia local\/regional, j\u00e1 possui significativa circula\u00e7\u00e3o nacional, tendo fluxo regular de trabalhos de diversos estados do Brasil. Tamb\u00e9m j\u00e1 se encontra em cont\u00ednuo processo de internacionaliza\u00e7\u00e3o, fato que pode ser comprovado no n\u00famero de autores estrangeiros que publicam regularmente no peri\u00f3dico.<\/p>\n<p><strong>\u00a0 \u00a0 \u00a0 \u00a0L\u00edderes do GEPLAT\/UERN: Prof. Dr. Jean Henrique Costa e Prof. Me. Roberto Rangel Pereira<\/strong><\/p>\n<p>Logo, com fins de fomentar a produ\u00e7\u00e3o cient\u00edfica do corpo discente, o Curso de Turismo da UERN tem as seguintes prioridades:<\/p>\n<ol>\n<li>Incentivar a capacita\u00e7\u00e3o docente, objetivando o fomento de bolsas de inicia\u00e7\u00e3o cient\u00edfica;<\/li>\n<li>Incentivar a produ\u00e7\u00e3o docente, envolvendo a participa\u00e7\u00e3o discente em cada projeto de pesquisa;<\/li>\n<li>Fomentar a capta\u00e7\u00e3o de bolsas para os discentes;<\/li>\n<li>Criar, atrav\u00e9s do GET\/UERN, se\u00e7\u00f5es de leituras selecionadas com o corpo discente;<\/li>\n<li>Estimular a participa\u00e7\u00e3o dos discentes em eventos t\u00e9cnico-cient\u00edficos;<\/li>\n<li>Instituir uma revista cient\u00edfica para o Curso de Turismo, inicialmente no formato digital (on line);<\/li>\n<li>Buscar parcerias com outras IES;<\/li>\n<li>Criar um espa\u00e7o espec\u00edfico (laborat\u00f3rio de estudos) para a pesquisa;<\/li>\n<li>Divulgar a produ\u00e7\u00e3o cient\u00edfica realizada, atrav\u00e9s de eventos, livros e peri\u00f3dicos cient\u00edficos.<\/li>\n<\/ol>\n<p>A pol\u00edtica de p\u00f3s-gradua\u00e7\u00e3o segue a pol\u00edtica de pesquisa no fortalecimento do grupo de pesquisa e atividades desenvolvidas pelo mesmo, no intuito de propiciar a capacita\u00e7\u00e3o docente em n\u00edvel de mestrado e doutorado para a implementa\u00e7\u00e3o de um curso de p\u00f3s-gradua\u00e7\u00e3o\u00a0<em>latu senso\u00a0<\/em>para alunos egressos do curso de turismo e \u00e1reas afins<\/p>\n<hr \/>\n<p><strong>PROJETOS DE PESQUISA<\/strong><\/p>\n<p><a href=\"https:\/\/www.uern.br\/controledepaginas\/depto-turismo-grupos-pesquisa\/arquivos\/0425pesquisas_realizadas_pelo_detur.pdf\" target=\"_blank\" rel=\"noopener\">PROJETOS DE PESQUISA DESENVOLVIDOS PELO DETUR<\/a><\/p>\n","protected":false},"excerpt":{"rendered":"<p>PROJETO DE PESQUISA DESENVOLVIDO EM 2019\/2020 Criminalidade, Seguran\u00e7a P\u00fablica e Viol\u00eancia Urbana Em Destinos Tur\u00edsticos: Um Estudo Bibliogr\u00e1fico Acerca da Produ\u00e7\u00e3o Acad\u00eamica Brasileira (CLIQUE AQUI) PROJETO DE PESQUISA DESENVOLVIDO EM 2020\/2021 TURISMO EM TEMPOS DE COVID-19: Um Panorama do Rio Grande do Norte (CLIQUE AQUI) PROJETO DE PESQUISA DESENVOLVIDO EM 2021\/2022 A Din\u00e2mica do Turismo [&hellip;]<\/p>\n","protected":false},"author":2,"featured_media":0,"parent":0,"menu_order":0,"comment_status":"closed","ping_status":"closed","template":"","meta":{"footnotes":""},"class_list":["post-550","page","type-page","status-publish","hentry"],"_links":{"self":[{"href":"https:\/\/portal.uern.br\/facem\/detur\/wp-json\/wp\/v2\/pages\/550","targetHints":{"allow":["GET"]}}],"collection":[{"href":"https:\/\/portal.uern.br\/facem\/detur\/wp-json\/wp\/v2\/pages"}],"about":[{"href":"https:\/\/portal.uern.br\/facem\/detur\/wp-json\/wp\/v2\/types\/page"}],"author":[{"embeddable":true,"href":"https:\/\/portal.uern.br\/facem\/detur\/wp-json\/wp\/v2\/users\/2"}],"replies":[{"embeddable":true,"href":"https:\/\/portal.uern.br\/facem\/detur\/wp-json\/wp\/v2\/comments?post=550"}],"version-history":[{"count":7,"href":"https:\/\/portal.uern.br\/facem\/detur\/wp-json\/wp\/v2\/pages\/550\/revisions"}],"predecessor-version":[{"id":1015,"href":"https:\/\/portal.uern.br\/facem\/detur\/wp-json\/wp\/v2\/pages\/550\/revisions\/1015"}],"wp:attachment":[{"href":"https:\/\/portal.uern.br\/facem\/detur\/wp-json\/wp\/v2\/media?parent=550"}],"curies":[{"name":"wp","href":"https:\/\/api.w.org\/{rel}","templated":true}]}}