{"id":510,"date":"2023-07-07T08:50:05","date_gmt":"2023-07-07T11:50:05","guid":{"rendered":"https:\/\/portal.uern.br\/facem\/detur\/?page_id=510"},"modified":"2025-05-22T09:03:46","modified_gmt":"2025-05-22T12:03:46","slug":"graduacao","status":"publish","type":"page","link":"https:\/\/portal.uern.br\/facem\/detur\/graduacao\/","title":{"rendered":"Gradua\u00e7\u00e3o"},"content":{"rendered":"<h2 class=\"western\"><strong><span lang=\"en-US\"><img fetchpriority=\"high\" decoding=\"async\" class=\"aligncenter\" src=\"https:\/\/www.uern.br\/controledepaginas\/depto-turismo-cursos-graduacao\/imagens\/0422gradua%C3%A3%E2%80%A1%C3%A3%C6%92o.jpg\" alt=\"\" width=\"576\" height=\"251\" \/><\/span><\/strong><\/h2>\n<hr \/>\n<h2 class=\"western\"><span style=\"font-size: 14pt\"><strong><span lang=\"en-US\">\u00c1REA DE CONHECIMENTO<\/span><\/strong><\/span><\/h2>\n<p>Turismo<\/p>\n<h2 class=\"western\" lang=\"en-US\"><strong><span style=\"font-size: 14pt\">DENOMINA\u00c7\u00c3O DO CURSO<\/span><\/strong><\/h2>\n<p>Curso de Gradua\u00e7\u00e3o em Turismo<\/p>\n<p>C\u00f3digo e-MEC: 117110<\/p>\n<p>Grau acad\u00eamico: Bacharelado.<\/p>\n<p>Modalidade: Educa\u00e7\u00e3o Presencial<\/p>\n<h2 class=\"western\" lang=\"en-US\"><strong><span style=\"font-size: 14pt\">ATO DE AUTORIZA\u00c7\u00c3O<\/span><\/strong><\/h2>\n<p>Documento Legal: Decreto estadual N\u00ba 30.680 (23 de junho de 2021)<\/p>\n<p>Resolu\u00e7\u00e3o de cria\u00e7\u00e3o do curso: Resolu\u00e7\u00e3o CONSEPE N. 51\/2007 (19\/10\/2007)<\/p>\n<h2 class=\"western\" lang=\"en-US\"><strong><span style=\"font-size: 14pt\">DATA DO IN\u00cdCIO DE FUNCIONAMENTO<\/span><\/strong><\/h2>\n<p>Campus Central em Mossor\u00f3: 27\/10\/2008.<\/p>\n<h2 class=\"western\" lang=\"pt-BR\"><strong><span style=\"font-size: 14pt\">N\u00daMERO DE VAGAS OFERTADAS NO PROCESSO SELETIVO VOCACIONADO (PSV)<\/span><\/strong><\/h2>\n<p>40 vagas<\/p>\n<h2 class=\"western\" lang=\"en-US\"><strong><span style=\"font-size: 14pt\">REGIME DE CURSO<\/span><\/strong><\/h2>\n<p>Hora-aula<\/p>\n<h2 class=\"western\" lang=\"en-US\"><strong><span style=\"font-size: 14pt\">N\u00daMERO DE ALUNOS POR TURMA<\/span><\/strong><\/h2>\n<p>M\u00e1ximo: 50 alunos<\/p>\n<h2 class=\"western\" lang=\"en-US\"><strong><span style=\"font-size: 14pt\">REGIME DE MATR\u00cdCULA<\/span><\/strong><\/h2>\n<p>Semestral<\/p>\n<h2 class=\"western\" lang=\"pt-BR\"><strong><span style=\"font-size: 14pt\">TURNO DE FUNCIONAMENTO<\/span><\/strong><\/h2>\n<p>Turno: Matutino (matriz 2008.2)<\/p>\n<p>Turno: Noturno (matriz 2023.1)<\/p>\n<h2 class=\"western\" lang=\"en-US\"><strong><span style=\"font-size: 14pt\">LOCAL DE FUNCIONAMENTO<\/span><\/strong><\/h2>\n<p>Campus Universit\u00e1rio Central<\/p>\n<p>BR 110 \u2013 KM 46 \u2013 Rua Professor Antonio Campos S\/N<\/p>\n<p>Bairro Costa e Silva \u2013 Mossor\u00f3-RN<\/p>\n<p>Site:\u00a0<a href=\"https:\/\/www.uern.br\/\"><span lang=\"pt-BR\">www.uern.br<\/span><\/a>\u00a0&#8211; E-mail:\u00a0<a href=\"mailto:reitoria@uern.br\"><span lang=\"pt-BR\">reitoria@uern.br<\/span><\/a>\u00a0|\u00a0<a href=\"mailto:detur@uern.br\">detur@uern.br\u00a0<\/a><\/p>\n<h2 class=\"western\" lang=\"pt-BR\"><strong><span style=\"font-size: 14pt\">CARGA HOR\u00c1RIA TOTAL PARA INTEGRALIZA\u00c7\u00c3O DO CURR\u00cdCULO<\/span><\/strong><\/h2>\n<table style=\"border-collapse: collapse;width: 100%;height: 230px\">\n<tbody>\n<tr style=\"height: 23px\">\n<td style=\"width: 50%;height: 23px;text-align: center\"><strong>Matriz 2008.2<\/strong><\/td>\n<td style=\"width: 50%;height: 23px;text-align: center\"><strong>Matriz 2023.1<\/strong><\/td>\n<\/tr>\n<tr style=\"height: 23px\">\n<td style=\"width: 50%;height: 23px;text-align: center\">Componentes curriculares obrigat\u00f3rios: 2460h<\/td>\n<td style=\"width: 50%;height: 23px;text-align: center\">Componentes curriculares obrigat\u00f3rios: 1770h<\/td>\n<\/tr>\n<tr style=\"height: 23px\">\n<td style=\"width: 50%;height: 23px;text-align: center\">Est\u00e1gio Supervisionado: 360h<\/td>\n<td style=\"width: 50%;height: 23px;text-align: center\">Est\u00e1gio Supervisionado: 180h<\/td>\n<\/tr>\n<tr style=\"height: 23px\">\n<td style=\"width: 50%;height: 23px;text-align: center\">Componentes Curriculares Optativos: 180h<\/td>\n<td style=\"width: 50%;height: 23px;text-align: center\">Componentes Curriculares Optativos: 120h<\/td>\n<\/tr>\n<tr style=\"height: 23px\">\n<td style=\"width: 50%;height: 23px;text-align: center\">Atividades Complementares: 200h<\/td>\n<td style=\"width: 50%;height: 23px;text-align: center\">Atividades Complementares: 100h<\/td>\n<\/tr>\n<tr style=\"height: 23px\">\n<td style=\"width: 50%;height: 23px;text-align: center\">Tempo M\u00e9dio para integraliza\u00e7\u00e3o: 4 anos (8 semestres)<\/td>\n<td style=\"width: 50%;height: 23px;text-align: center\">Tempo M\u00e9dio para integraliza\u00e7\u00e3o: 3 anos e 6 meses (7 semestres)<\/td>\n<\/tr>\n<tr style=\"height: 23px\">\n<td style=\"width: 50%;height: 23px;text-align: center\">Tempo M\u00e1ximo: 6 anos<\/td>\n<td style=\"width: 50%;height: 23px;text-align: center\">Tempo M\u00e1ximo: 5 anos e 6 meses<\/td>\n<\/tr>\n<tr>\n<td style=\"width: 50%;text-align: center\">Carga Hor\u00e1ria Total: 2960h<\/td>\n<td style=\"width: 50%;text-align: center\">Carga Hor\u00e1ria Total: 2635h<\/td>\n<\/tr>\n<\/tbody>\n<\/table>\n<h2 class=\"western\" lang=\"en-US\"><strong><span style=\"font-size: 14pt\">MECANISMOS DE INGRESSO NO CURSO<\/span><\/strong><\/h2>\n<ul>\n<li>Sistema de Sele\u00e7\u00e3o Unificada (SISU) &#8211; Exame Nacional do Ensino M\u00e9dio (ENEM);<\/li>\n<li>Processo Seletivo de Vagas Iniciais &#8211; PSVI<\/li>\n<li>Processo Seletivo de Vagas Ociosas &#8211; PSVNO<\/li>\n<li>Processo Seletivo de Vagas N\u00e3o Iniciais &#8211; PSVNI (transfer\u00eancia interna, transfer\u00eancia externa e retorno de graduado)<\/li>\n<li>Transfer\u00eancia Compuls\u00f3ria<\/li>\n<li>Aluno Especial<\/li>\n<\/ul>\n<p>&nbsp;<\/p>\n<p><strong>MATRIZ CURRICULAR\u00a0<\/strong>(<a href=\"https:\/\/www.uern.br\/cursos\/servico.asp?fac=FACEM&amp;cur_cd=1023100&amp;grd_cd=20132&amp;cur_nome=Turismo&amp;grd_medint=8&amp;item=grade\" target=\"_blank\" rel=\"noopener\">ACESSE AQUI<\/a>)<\/p>\n<p><strong>CALEND\u00c1RIO UNIVERSIT\u00c1RIO<\/strong>\u00a0(<a href=\"https:\/\/proeg.uern.br\/default.asp?item=proeg-calendario\" target=\"_blank\" rel=\"noopener\">ACESSE AQUI<\/a>)<\/p>\n<p><strong>GUIA DO ESTUDANTE UERN<\/strong>\u00a0(<a href=\"https:\/\/www.uern.br\/default.asp?item=comunidadeinterna-alunos-manualdoestudante\" target=\"_blank\" rel=\"noopener\">ACESSE AQUI<\/a>)<\/p>\n<p><strong>COLA\u00c7\u00c3O DE GRAU<\/strong>\u00a0(<a href=\"https:\/\/portal.uern.br\/dice\/calendario-de-colacao-de-grau\/\" target=\"_blank\" rel=\"noopener\">ACESSE AQUI<\/a>)<\/p>\n<p><strong>PROJETO PEDAG\u00d3GICO DO CURSO DE TURISMO 2018.2<\/strong>\u00a0(<a href=\"https:\/\/www.uern.br\/controledepaginas\/depto-turismo-cursos-graduacao\/arquivos\/0422ppc_atualizando_2018_versai%C6%92o_final_(2).pdf\" target=\"_blank\" rel=\"noopener\">ACESSE AQUI<\/a>)<\/p>\n<p><strong>PROJETO PEDAG\u00d3GICO DO CURSO DE TURISMO 2023.1<\/strong>\u00a0(<a href=\"https:\/\/www.uern.br\/controledepaginas\/proeg-projetos-pedagogicos-central\/arquivos\/4226ppc_turismo_campus_central_2023__(alterado_em_dezembro_de_2022).pdf\" target=\"_blank\" rel=\"noopener\">ACESSE AQUI<\/a>)<\/p>\n<p><strong>RELA\u00c7\u00c3O DE EQUIVAL\u00caNCIA DAS ATIVIDADES COMPLEMENTARES &#8211; Matriz 2008.2 <\/strong>(<a href=\"https:\/\/www.uern.br\/controledepaginas\/depto-turismo-cursos-graduacao\/arquivos\/0422planilha_de_atividades_complementares.pdf\" target=\"_blank\" rel=\"noopener\">ACESSE AQUI<\/a>)<\/p>\n<p><strong>RELA\u00c7\u00c3O DE EQUIVAL\u00caNCIA DAS ATIVIDADES COMPLEMENTARES &#8211; Matriz 2023.1 <\/strong>(<a href=\"https:\/\/portal.uern.br\/facem\/detur\/wp-content\/uploads\/sites\/11\/2023\/07\/TABELA-ATIVIDADES-COMPLEMENTARES-2023.1.pdf\" target=\"_blank\" rel=\"noopener\">ACESSE AQUI<\/a>)<\/p>\n<p><strong>FOLDER DO CURSO DE TURISMO &#8211; UERN\/MOSSOR\u00d3<\/strong>\u00a0(<a href=\"http:\/\/www.uern.br\/controledepaginas\/depto-turismo-cursos-graduacao\/arquivos\/0422folder_detur.pdf\" target=\"_blank\" rel=\"noopener\">ACESSE AQUI<\/a>)<\/p>\n","protected":false},"excerpt":{"rendered":"<p>\u00c1REA DE CONHECIMENTO Turismo DENOMINA\u00c7\u00c3O DO CURSO Curso de Gradua\u00e7\u00e3o em Turismo C\u00f3digo e-MEC: 117110 Grau acad\u00eamico: Bacharelado. Modalidade: Educa\u00e7\u00e3o Presencial ATO DE AUTORIZA\u00c7\u00c3O Documento Legal: Decreto estadual N\u00ba 30.680 (23 de junho de 2021) Resolu\u00e7\u00e3o de cria\u00e7\u00e3o do curso: Resolu\u00e7\u00e3o CONSEPE N. 51\/2007 (19\/10\/2007) DATA DO IN\u00cdCIO DE FUNCIONAMENTO Campus Central em Mossor\u00f3: 27\/10\/2008. [&hellip;]<\/p>\n","protected":false},"author":2,"featured_media":0,"parent":0,"menu_order":0,"comment_status":"closed","ping_status":"closed","template":"","meta":{"footnotes":""},"class_list":["post-510","page","type-page","status-publish","hentry"],"_links":{"self":[{"href":"https:\/\/portal.uern.br\/facem\/detur\/wp-json\/wp\/v2\/pages\/510","targetHints":{"allow":["GET"]}}],"collection":[{"href":"https:\/\/portal.uern.br\/facem\/detur\/wp-json\/wp\/v2\/pages"}],"about":[{"href":"https:\/\/portal.uern.br\/facem\/detur\/wp-json\/wp\/v2\/types\/page"}],"author":[{"embeddable":true,"href":"https:\/\/portal.uern.br\/facem\/detur\/wp-json\/wp\/v2\/users\/2"}],"replies":[{"embeddable":true,"href":"https:\/\/portal.uern.br\/facem\/detur\/wp-json\/wp\/v2\/comments?post=510"}],"version-history":[{"count":10,"href":"https:\/\/portal.uern.br\/facem\/detur\/wp-json\/wp\/v2\/pages\/510\/revisions"}],"predecessor-version":[{"id":987,"href":"https:\/\/portal.uern.br\/facem\/detur\/wp-json\/wp\/v2\/pages\/510\/revisions\/987"}],"wp:attachment":[{"href":"https:\/\/portal.uern.br\/facem\/detur\/wp-json\/wp\/v2\/media?parent=510"}],"curies":[{"name":"wp","href":"https:\/\/api.w.org\/{rel}","templated":true}]}}